{"id":961,"date":"2017-02-22T10:36:24","date_gmt":"2017-02-22T09:36:24","guid":{"rendered":"https:\/\/www.ecovis.com\/tech-law\/?page_id=961"},"modified":"2020-11-13T10:22:40","modified_gmt":"2020-11-13T09:22:40","slug":"start-ups-entrepreneure","status":"publish","type":"page","link":"https:\/\/www.ecovis.com\/tech-law\/leistungen\/start-ups-entrepreneure\/","title":{"rendered":"StartUps &#038; Entrepreneure"},"content":{"rendered":"<p>Junge, wie auch bereits etablierte Unternehmen sind mit besonderen rechtlichen Herausforderungen konfrontiert. Die fr\u00fchzeitige Inanspruchnahme rechtlicher Beratung vermeidet Fehler und erh\u00f6ht die Erfolgsaussichten f\u00fcr StartUps und Fortgeschrittene.<br \/>\nWir freuen uns, Ihnen bei der <a href=\"https:\/\/www.ecovis.com\/berlin-gruendung\/faq\/\" target=\"_blank\" rel=\"noopener noreferrer\">Gr\u00fcndung Ihres Unternehmens zur Seite zu stehen<\/a> und gemeinsam mit Ihnen Erfolgskonzepte zu erarbeiten, die Ihrem Vorhaben den Weg<br \/>\nebnen.<\/p>\n<h3>Unsere Leistungen:<\/h3>\n<ul>\n<li>Vorpr\u00fcfung und Beratung bez\u00fcglich der <strong>passenden Gesellschaftsform<img loading=\"lazy\" decoding=\"async\" class=\"alignright wp-image-2914\" src=\"https:\/\/www.ecovis.com\/tech-law\/wp-content\/uploads\/2019\/10\/start-918x1024.png\" alt=\"StartUps\" width=\"342\" height=\"382\" srcset=\"https:\/\/www.ecovis.com\/tech-law\/wp-content\/uploads\/2019\/10\/start-918x1024.png 918w, https:\/\/www.ecovis.com\/tech-law\/wp-content\/uploads\/2019\/10\/start-269x300.png 269w, https:\/\/www.ecovis.com\/tech-law\/wp-content\/uploads\/2019\/10\/start-768x856.png 768w, https:\/\/www.ecovis.com\/tech-law\/wp-content\/uploads\/2019\/10\/start.png 1061w\" sizes=\"auto, (max-width: 342px) 100vw, 342px\" \/><\/strong><\/li>\n<li>Erstellung von <strong>Businesspl\u00e4ne<\/strong>, Proof of Concept<\/li>\n<li>Erstellung &amp; \u00dcberpr\u00fcfung von Gesellschaftsvereinbarungen, <strong>Gesellschaftsvertr\u00e4gen und AGBs<\/strong><\/li>\n<li>Beratung und Gestaltung von <strong>Finanzierungen<\/strong> (Venture Capital, virtuelle Beteiligung, Mezzanine, Mitarbeiterbeteiligung, Crowdfunding etc.)<\/li>\n<li><strong>Steuerrechtliche Beratung<\/strong> (Buchhaltung, Jahresabschluss, Gestaltungsberatung etc.)<\/li>\n<li>Unterst\u00fctzung in<strong> Exit-Szenarien<\/strong> und bei der <strong>Restrukturierung<\/strong> (Merger and Acquisition, Rechtsformwechsel, etc.)<\/li>\n<li>au\u00dfergerichtliche &amp; gerichtliche Vertretung<\/li>\n<\/ul>\n<p><em>Die Gr\u00fcndung ist der erste Schritt in eine neue Zukunft! Setzten Sie auf langj\u00e4hrige Erfahrungen und Expertise. <a href=\"https:\/\/www.ecovis.com\/tech-law\/anwaelte\/\">Wir sind ihre Begleiter<\/a> f\u00fcr alle F\u00e4lle.<\/em><\/p>\n","protected":false},"excerpt":{"rendered":"<p>Junge, wie auch bereits etablierte Unternehmen sind mit besonderen rechtlichen Herausforderungen konfrontiert. Die fr\u00fchzeitige Inanspruchnahme rechtlicher Beratung vermeidet Fehler und erh\u00f6ht die Erfolgsaussichten f\u00fcr StartUps und Fortgeschrittene. Wir freuen uns, Ihnen bei der Gr\u00fcndung Ihres Unternehmens zur Seite zu stehen und gemeinsam mit Ihnen Erfolgskonzepte zu erarbeiten, die Ihrem Vorhaben den Weg ebnen. Unsere Leistungen: [&hellip;]<\/p>\n","protected":false},"author":1,"featured_media":0,"parent":724,"menu_order":3,"comment_status":"closed","ping_status":"closed","template":"","meta":{"_acf_changed":false,"footnotes":""},"class_list":["post-961","page","type-page","status-publish","hentry"],"acf":[],"yoast_head":"<!-- This site is optimized with the Yoast SEO plugin v27.3 - https:\/\/yoast.com\/product\/yoast-seo-wordpress\/ -->\n<title>StartUps &amp; Entrepreneure - Tech Lawyer Berlin, Germany<\/title>\n<meta name=\"description\" content=\"Ecovis Berlin - Ihr Partner bei der Gr\u00fcndung von StartUps und fortgeschrittenen Unternehmen allgemein und im Technologierecht. Kontaktieren Sie uns!\" \/>\n<meta name=\"robots\" content=\"index, follow, max-snippet:-1, max-image-preview:large, max-video-preview:-1\" \/>\n<link rel=\"canonical\" href=\"https:\/\/www.ecovis.com\/tech-law\/leistungen\/start-ups-entrepreneure\/\" \/>\n<meta property=\"og:locale\" content=\"de_DE\" \/>\n<meta property=\"og:type\" content=\"article\" \/>\n<meta property=\"og:title\" content=\"StartUps &amp; Entrepreneure - Tech Lawyer Berlin, Germany\" \/>\n<meta property=\"og:description\" content=\"Ecovis Berlin - Ihr Partner bei der Gr\u00fcndung von StartUps und fortgeschrittenen Unternehmen allgemein und im Technologierecht. Kontaktieren Sie uns!\" \/>\n<meta property=\"og:url\" content=\"https:\/\/www.ecovis.com\/tech-law\/leistungen\/start-ups-entrepreneure\/\" \/>\n<meta property=\"og:site_name\" content=\"Technology &amp; Law\" \/>\n<meta property=\"article:modified_time\" content=\"2020-11-13T09:22:40+00:00\" \/>\n<meta property=\"og:image\" content=\"https:\/\/www.ecovis.com\/tech-law\/wp-content\/uploads\/2019\/10\/start-918x1024.png\" \/>\n<meta name=\"twitter:card\" content=\"summary_large_image\" \/>\n<meta name=\"twitter:label1\" content=\"Gesch\u00e4tzte Lesezeit\" \/>\n\t<meta name=\"twitter:data1\" content=\"1\u00a0Minute\" \/>\n<script type=\"application\/ld+json\" class=\"yoast-schema-graph\">{\"@context\":\"https:\\\/\\\/schema.org\",\"@graph\":[{\"@type\":\"WebPage\",\"@id\":\"https:\\\/\\\/www.ecovis.com\\\/tech-law\\\/leistungen\\\/start-ups-entrepreneure\\\/\",\"url\":\"https:\\\/\\\/www.ecovis.com\\\/tech-law\\\/leistungen\\\/start-ups-entrepreneure\\\/\",\"name\":\"StartUps & Entrepreneure - Tech Lawyer Berlin, Germany\",\"isPartOf\":{\"@id\":\"https:\\\/\\\/www.ecovis.com\\\/tech-law\\\/#website\"},\"primaryImageOfPage\":{\"@id\":\"https:\\\/\\\/www.ecovis.com\\\/tech-law\\\/leistungen\\\/start-ups-entrepreneure\\\/#primaryimage\"},\"image\":{\"@id\":\"https:\\\/\\\/www.ecovis.com\\\/tech-law\\\/leistungen\\\/start-ups-entrepreneure\\\/#primaryimage\"},\"thumbnailUrl\":\"https:\\\/\\\/www.ecovis.com\\\/tech-law\\\/wp-content\\\/uploads\\\/2019\\\/10\\\/start-918x1024.png\",\"datePublished\":\"2017-02-22T09:36:24+00:00\",\"dateModified\":\"2020-11-13T09:22:40+00:00\",\"description\":\"Ecovis Berlin - Ihr Partner bei der Gr\u00fcndung von StartUps und fortgeschrittenen Unternehmen allgemein und im Technologierecht. Kontaktieren Sie uns!\",\"breadcrumb\":{\"@id\":\"https:\\\/\\\/www.ecovis.com\\\/tech-law\\\/leistungen\\\/start-ups-entrepreneure\\\/#breadcrumb\"},\"inLanguage\":\"de\",\"potentialAction\":[{\"@type\":\"ReadAction\",\"target\":[\"https:\\\/\\\/www.ecovis.com\\\/tech-law\\\/leistungen\\\/start-ups-entrepreneure\\\/\"]}]},{\"@type\":\"ImageObject\",\"inLanguage\":\"de\",\"@id\":\"https:\\\/\\\/www.ecovis.com\\\/tech-law\\\/leistungen\\\/start-ups-entrepreneure\\\/#primaryimage\",\"url\":\"https:\\\/\\\/www.ecovis.com\\\/tech-law\\\/wp-content\\\/uploads\\\/2019\\\/10\\\/start.png\",\"contentUrl\":\"https:\\\/\\\/www.ecovis.com\\\/tech-law\\\/wp-content\\\/uploads\\\/2019\\\/10\\\/start.png\",\"width\":1061,\"height\":1183,\"caption\":\"StartUp\"},{\"@type\":\"BreadcrumbList\",\"@id\":\"https:\\\/\\\/www.ecovis.com\\\/tech-law\\\/leistungen\\\/start-ups-entrepreneure\\\/#breadcrumb\",\"itemListElement\":[{\"@type\":\"ListItem\",\"position\":1,\"name\":\"Ecovis Global\",\"item\":\"https:\\\/\\\/www.ecovis.com\\\/\"},{\"@type\":\"ListItem\",\"position\":2,\"name\":\"Startseite\",\"item\":\"https:\\\/\\\/www.ecovis.com\\\/tech-law\\\/\"},{\"@type\":\"ListItem\",\"position\":3,\"name\":\"Leistungen\",\"item\":\"https:\\\/\\\/www.ecovis.com\\\/tech-law\\\/leistungen\\\/\"},{\"@type\":\"ListItem\",\"position\":4,\"name\":\"StartUps &#038; Entrepreneure\"}]},{\"@type\":\"WebSite\",\"@id\":\"https:\\\/\\\/www.ecovis.com\\\/tech-law\\\/#website\",\"url\":\"https:\\\/\\\/www.ecovis.com\\\/tech-law\\\/\",\"name\":\"Ecovis.com\",\"description\":\"\",\"potentialAction\":[{\"@type\":\"SearchAction\",\"target\":{\"@type\":\"EntryPoint\",\"urlTemplate\":\"https:\\\/\\\/www.ecovis.com\\\/tech-law\\\/?s={search_term_string}\"},\"query-input\":{\"@type\":\"PropertyValueSpecification\",\"valueRequired\":true,\"valueName\":\"search_term_string\"}}],\"inLanguage\":\"de\"}]}<\/script>\n<!-- \/ Yoast SEO plugin. -->","yoast_head_json":{"title":"StartUps & Entrepreneure - Tech Lawyer Berlin, Germany","description":"Ecovis Berlin - Ihr Partner bei der Gr\u00fcndung von StartUps und fortgeschrittenen Unternehmen allgemein und im Technologierecht. Kontaktieren Sie uns!","robots":{"index":"index","follow":"follow","max-snippet":"max-snippet:-1","max-image-preview":"max-image-preview:large","max-video-preview":"max-video-preview:-1"},"canonical":"https:\/\/www.ecovis.com\/tech-law\/leistungen\/start-ups-entrepreneure\/","og_locale":"de_DE","og_type":"article","og_title":"StartUps & Entrepreneure - Tech Lawyer Berlin, Germany","og_description":"Ecovis Berlin - Ihr Partner bei der Gr\u00fcndung von StartUps und fortgeschrittenen Unternehmen allgemein und im Technologierecht. Kontaktieren Sie uns!","og_url":"https:\/\/www.ecovis.com\/tech-law\/leistungen\/start-ups-entrepreneure\/","og_site_name":"Technology &amp; Law","article_modified_time":"2020-11-13T09:22:40+00:00","og_image":[{"url":"https:\/\/www.ecovis.com\/tech-law\/wp-content\/uploads\/2019\/10\/start-918x1024.png","type":"","width":"","height":""}],"twitter_card":"summary_large_image","twitter_misc":{"Gesch\u00e4tzte Lesezeit":"1\u00a0Minute"},"schema":{"@context":"https:\/\/schema.org","@graph":[{"@type":"WebPage","@id":"https:\/\/www.ecovis.com\/tech-law\/leistungen\/start-ups-entrepreneure\/","url":"https:\/\/www.ecovis.com\/tech-law\/leistungen\/start-ups-entrepreneure\/","name":"StartUps & Entrepreneure - Tech Lawyer Berlin, Germany","isPartOf":{"@id":"https:\/\/www.ecovis.com\/tech-law\/#website"},"primaryImageOfPage":{"@id":"https:\/\/www.ecovis.com\/tech-law\/leistungen\/start-ups-entrepreneure\/#primaryimage"},"image":{"@id":"https:\/\/www.ecovis.com\/tech-law\/leistungen\/start-ups-entrepreneure\/#primaryimage"},"thumbnailUrl":"https:\/\/www.ecovis.com\/tech-law\/wp-content\/uploads\/2019\/10\/start-918x1024.png","datePublished":"2017-02-22T09:36:24+00:00","dateModified":"2020-11-13T09:22:40+00:00","description":"Ecovis Berlin - Ihr Partner bei der Gr\u00fcndung von StartUps und fortgeschrittenen Unternehmen allgemein und im Technologierecht. Kontaktieren Sie uns!","breadcrumb":{"@id":"https:\/\/www.ecovis.com\/tech-law\/leistungen\/start-ups-entrepreneure\/#breadcrumb"},"inLanguage":"de","potentialAction":[{"@type":"ReadAction","target":["https:\/\/www.ecovis.com\/tech-law\/leistungen\/start-ups-entrepreneure\/"]}]},{"@type":"ImageObject","inLanguage":"de","@id":"https:\/\/www.ecovis.com\/tech-law\/leistungen\/start-ups-entrepreneure\/#primaryimage","url":"https:\/\/www.ecovis.com\/tech-law\/wp-content\/uploads\/2019\/10\/start.png","contentUrl":"https:\/\/www.ecovis.com\/tech-law\/wp-content\/uploads\/2019\/10\/start.png","width":1061,"height":1183,"caption":"StartUp"},{"@type":"BreadcrumbList","@id":"https:\/\/www.ecovis.com\/tech-law\/leistungen\/start-ups-entrepreneure\/#breadcrumb","itemListElement":[{"@type":"ListItem","position":1,"name":"Ecovis Global","item":"https:\/\/www.ecovis.com\/"},{"@type":"ListItem","position":2,"name":"Startseite","item":"https:\/\/www.ecovis.com\/tech-law\/"},{"@type":"ListItem","position":3,"name":"Leistungen","item":"https:\/\/www.ecovis.com\/tech-law\/leistungen\/"},{"@type":"ListItem","position":4,"name":"StartUps &#038; Entrepreneure"}]},{"@type":"WebSite","@id":"https:\/\/www.ecovis.com\/tech-law\/#website","url":"https:\/\/www.ecovis.com\/tech-law\/","name":"Ecovis.com","description":"","potentialAction":[{"@type":"SearchAction","target":{"@type":"EntryPoint","urlTemplate":"https:\/\/www.ecovis.com\/tech-law\/?s={search_term_string}"},"query-input":{"@type":"PropertyValueSpecification","valueRequired":true,"valueName":"search_term_string"}}],"inLanguage":"de"}]}},"_links":{"self":[{"href":"https:\/\/www.ecovis.com\/tech-law\/wp-json\/wp\/v2\/pages\/961","targetHints":{"allow":["GET"]}}],"collection":[{"href":"https:\/\/www.ecovis.com\/tech-law\/wp-json\/wp\/v2\/pages"}],"about":[{"href":"https:\/\/www.ecovis.com\/tech-law\/wp-json\/wp\/v2\/types\/page"}],"author":[{"embeddable":true,"href":"https:\/\/www.ecovis.com\/tech-law\/wp-json\/wp\/v2\/users\/1"}],"replies":[{"embeddable":true,"href":"https:\/\/www.ecovis.com\/tech-law\/wp-json\/wp\/v2\/comments?post=961"}],"version-history":[{"count":4,"href":"https:\/\/www.ecovis.com\/tech-law\/wp-json\/wp\/v2\/pages\/961\/revisions"}],"predecessor-version":[{"id":4809,"href":"https:\/\/www.ecovis.com\/tech-law\/wp-json\/wp\/v2\/pages\/961\/revisions\/4809"}],"up":[{"embeddable":true,"href":"https:\/\/www.ecovis.com\/tech-law\/wp-json\/wp\/v2\/pages\/724"}],"wp:attachment":[{"href":"https:\/\/www.ecovis.com\/tech-law\/wp-json\/wp\/v2\/media?parent=961"}],"curies":[{"name":"wp","href":"https:\/\/api.w.org\/{rel}","templated":true}]}}