{"id":724,"date":"2010-03-03T12:53:56","date_gmt":"2010-03-03T11:53:56","guid":{"rendered":"http:\/\/2010.dr-lask.de\/leistungen\/"},"modified":"2020-09-21T15:02:07","modified_gmt":"2020-09-21T13:02:07","slug":"leistungen","status":"publish","type":"page","link":"https:\/\/www.ecovis.com\/tech-law\/leistungen\/","title":{"rendered":"Leistungen"},"content":{"rendered":"<ul>\n<li>Wir begleiten Sie bei der<a href=\"https:\/\/www.ecovis.com\/berlin-gruendung\/gruendungstool\" target=\"_blank\" rel=\"noopener noreferrer\"><strong> Gr\u00fcndung Ihres Unternehmens<\/strong><\/a>, als Einzelunternehmen, UG (Unternehmergesellschaft) oder GmbH. In jeder Lebensphase Ihres Unternehmens<a href=\"https:\/\/www.ecovis.com\/berlin-gruendung\/faq\/\" target=\"_blank\" rel=\"noopener noreferrer\"> unterst\u00fctzen wir Sie, die richtige Rechtsform und Struktur zu finden<\/a>.<\/li>\n<li>Wir beraten Sie in Fragen der <strong>Finanzierung und der Beteiligung von Investoren<\/strong>.<\/li>\n<\/ul>\n<p>Besonders wichtig ist uns nat\u00fcrlich der <strong>Schutz Ihres Know-How und ihres geistigen Eigentums<\/strong>, der Schutz vor rechtswidrigen Handlungen Ihrer Wettbewerber (Wettbewerbsrecht). Unternehmen jeder Gr\u00f6\u00dfe und Branche verwalten personenbezogene Daten und tragen die Verantwortung f\u00fcr diese. Wir unterst\u00fctzen Sie mit der gesetzeskonformen Behandlung der Ihnen anvertrauten Daten. Dieser rechtskonforme Umgang sorgt f\u00fcr mehr Vertrauen von Seiten Ihrer Klienten und Kunden. Damit Sie im Gestr\u00fcpp <strong>datenschutzrechtlicher Regeln<\/strong> nicht verloren gehen, unterst\u00fctzen wir Sie auch als externe Datenschutzbeauftragte.<\/p>\n<p>Aufgrund der rasanten \u00c4nderungen in der Rechtsprechung, sind die rechtlichen Rahmenbedingungen f\u00fcr den Betrieb von Online-Shops und Webseiten un\u00fcberschaubar. Gerne beraten wir Sie auch bez\u00fcglich Erstellung und Betrieb von Webseiten und Online-Shops.<\/p>\n<ul>\n<li>Wir helfen Ihnen bei der rechtssicheren<strong> Gestaltung Ihrer Liefer- und Kundenbeziehungen und Ihrer Vertriebsstrukturen (Vertragsrecht, Franchiserecht)<\/strong>. Der Internethandel stellt aufgrund des strengen Verbraucherschutzes besondere Anforderungen an die rechtssichere Gestaltung von AGB, die wir Ihnen ma\u00dfgeschneidert f\u00fcr Ihr Produkt oder Ihre Dienstleistung erstellen.<\/li>\n<\/ul>\n<p>Die Entwicklung und kreative Anwendung von Spitzentechnologien stellt auch besondere Anforderungen an die Gestaltung der Arbeitsverh\u00e4ltnisse in Ihrem Unternehmen. Wir unterst\u00fctzen Sie mit flexiblen Arbeitszeit- und Arbeitnehmerbeteiligungsmodellen (Arbeitsrecht).<\/p>\n<p>Wollen Sie Ihr Unternehmen oder Beteiligungen daran verkaufen oder sich selbst an anderen Unternehmen beteiligen, begleiten wir den gesamten Transaktionsprozess \u2013 von der Geheimhaltungsvereinbarung \u00fcber die Due Diligence und die Vertragsgestaltung und Vertragsverhandlung bis hin zur Durchf\u00fchrung und \u00dcberwachung des Vollzuges der Transaktion.<\/p>\n<p>Entwicklung und Anwendung neuer Technologien ist auch mit besonderen steuerrechtlichen Herausforderungen verbunden. Aufgrund unserer Erfahrungen im Steuerrecht helfen wir Ihnen, diese Herausforderungen zu meistern.<\/p>\n<p><strong>Fr\u00fchzeitige Einschaltung eines IT-Anwalts im IT-Projekt ist der halbe Weg zum Erfolg.<\/strong> Wir sorgen f\u00fcr das Gelingen Ihres IT-Projektes und bieten eine rechtliche Begleitung, von der Erstellung und Pr\u00fcfung der Pflichtenhefte bis zur Abnahme und anschlie\u00dfenden Software \u2013 Pflege. Wir helfen Ihnen kompetent, Abmahnungen im Gesch\u00e4ftsverkehr und im privaten Bereich kurzfristig zu bearbeiten, Unterlassungserkl\u00e4rungen im notwendigen Umfang abzugeben, unberechtigte Anspr\u00fcche zur\u00fcckzuweisen- und Erstattungsanspr\u00fcche zu pr\u00fcfen.<\/p>\n<p>Selbstverst\u00e4ndlich, bieten wir auch au\u00dfergerichtliche und gerichtliche Vertretung in allen Streitigkeiten aus dem Technologierecht.<\/p>\n<ul>\n<li>Rechtliche Beratung im Bereich Tech-Law setzt nicht nur juristisches Fachwissen voraus, sondern muss auch immer mit technischem Sachverstand erfolgen. Wir blicken auf langj\u00e4hrige Erfahrung und Expertise nicht nur im Recht sondern auch im Bereich innovativer Technologien zur\u00fcck. Dies bef\u00e4higt uns zuk\u00fcnftige Trends und auch Gefahren vorherzusehen und zeitnah darauf zu reagieren, bzw. Gefahren von Vorneherein zu erkennen und vorzubeugen.<\/li>\n<\/ul>\n<p><strong>Unsere langj\u00e4hrige Erfahrung und unser Fachwissen qualifizieren uns als starken Partner an Ihrer Seite!<\/strong><\/p>\n<p><strong>We offer legal advice &amp; services in English!<\/strong><\/p>\n<p><strong><\/strong><\/p>\n<p>IT-Recht oder auch Informationstechnologierecht widmet sich der rechtlichen Beratung bez\u00fcglich Sachverhalten aus der Informationstechnologie.<br \/>\nEs umfasst Rechtsfragen rund um elektronische Datenverarbeitung. Das IT-Recht umfasst einen Querschnitt rechtlicher Fragestellungen aus verschiedenen Rechtsgebieten, wie z.B. dem Zivil-, Urheber- und Medienrecht, dem Datenschutzrecht und Strafrecht im Zusammenhang mit der Entwicklung, Implementierung und Nutzung von Internettechnologien.<\/p>\n<p>Mit Ecovis haben Sie einen starken Partner an Ihrer Seite, der mittels fach- und l\u00e4nder\u00fcbergreifender rechtlicher Expertise im IT-Recht Ihre Interessen umfassend vertreten wird.<\/p>\n<h3>Weitere Leistungen:<\/h3>\n<ul>\n<li>Erstellung &amp; \u00dcberpr\u00fcfung von IT-Vertr\u00e4gen und AGBs<\/li>\n<li>Rechtliche Betreuung von IT-Projekten<\/li>\n<li>Haftung bei WLAN-Nutzung, Abmahnungen<\/li>\n<li>Websitechecks; \u00dcberpr\u00fcfung der Internetauftritte (Werbeaussagen &amp; Werbema\u00dfnahmen)<\/li>\n<li>Elektronischer Zahlungsverkehr (E-Payment)<\/li>\n<li>Domainrecht: Herausgabe, Verteidigung und Handel<\/li>\n<li>Beratung bei allen Fragen rund um das Internet und E-Mail<\/li>\n<li>Au\u00dfergerichtliche &amp; gerichtliche Vertretung<\/li>\n<\/ul>\n","protected":false},"excerpt":{"rendered":"<p>Wir begleiten Sie bei der Gr\u00fcndung Ihres Unternehmens, als Einzelunternehmen, UG (Unternehmergesellschaft) oder GmbH. In jeder Lebensphase Ihres Unternehmens unterst\u00fctzen wir Sie, die richtige Rechtsform und Struktur zu finden. Wir beraten Sie in Fragen der Finanzierung und der Beteiligung von Investoren. Besonders wichtig ist uns nat\u00fcrlich der Schutz Ihres Know-How und ihres geistigen Eigentums, der [&hellip;]<\/p>\n","protected":false},"author":1,"featured_media":1000,"parent":0,"menu_order":4,"comment_status":"open","ping_status":"open","template":"page-overview.php","meta":{"_acf_changed":false,"footnotes":""},"class_list":["post-724","page","type-page","status-publish","has-post-thumbnail","hentry"],"acf":[],"yoast_head":"<!-- This site is optimized with the Yoast SEO plugin v27.3 - https:\/\/yoast.com\/product\/yoast-seo-wordpress\/ -->\n<title>Leistungen - Tech Lawyer Berlin, Germany<\/title>\n<meta name=\"description\" content=\"Unsere anwaltlichen Leistungen im \u00dcberblick! Wir beraten Unternehmen speziell aus dem Technologiebereich mit der notwendigen Expertise. Erfahren Sie mehr!\" \/>\n<meta name=\"robots\" content=\"index, follow, max-snippet:-1, max-image-preview:large, max-video-preview:-1\" \/>\n<link rel=\"canonical\" href=\"https:\/\/www.ecovis.com\/tech-law\/leistungen\/\" \/>\n<meta property=\"og:locale\" content=\"de_DE\" \/>\n<meta property=\"og:type\" content=\"article\" \/>\n<meta property=\"og:title\" content=\"Leistungen - Tech Lawyer Berlin, Germany\" \/>\n<meta property=\"og:description\" content=\"Unsere anwaltlichen Leistungen im \u00dcberblick! Wir beraten Unternehmen speziell aus dem Technologiebereich mit der notwendigen Expertise. Erfahren Sie mehr!\" \/>\n<meta property=\"og:url\" content=\"https:\/\/www.ecovis.com\/tech-law\/leistungen\/\" \/>\n<meta property=\"og:site_name\" content=\"Technology &amp; Law\" \/>\n<meta property=\"article:modified_time\" content=\"2020-09-21T13:02:07+00:00\" \/>\n<meta property=\"og:image\" content=\"https:\/\/www.ecovis.com\/tech-law\/wp-content\/uploads\/2010\/03\/tech-law-leistungen-1.jpg\" \/>\n\t<meta property=\"og:image:width\" content=\"560\" \/>\n\t<meta property=\"og:image:height\" content=\"260\" \/>\n\t<meta property=\"og:image:type\" content=\"image\/jpeg\" \/>\n<meta name=\"twitter:card\" content=\"summary_large_image\" \/>\n<meta name=\"twitter:label1\" content=\"Gesch\u00e4tzte Lesezeit\" \/>\n\t<meta name=\"twitter:data1\" content=\"3\u00a0Minuten\" \/>\n<script type=\"application\/ld+json\" class=\"yoast-schema-graph\">{\"@context\":\"https:\\\/\\\/schema.org\",\"@graph\":[{\"@type\":\"WebPage\",\"@id\":\"https:\\\/\\\/www.ecovis.com\\\/tech-law\\\/leistungen\\\/\",\"url\":\"https:\\\/\\\/www.ecovis.com\\\/tech-law\\\/leistungen\\\/\",\"name\":\"Leistungen - Tech Lawyer Berlin, Germany\",\"isPartOf\":{\"@id\":\"https:\\\/\\\/www.ecovis.com\\\/tech-law\\\/#website\"},\"primaryImageOfPage\":{\"@id\":\"https:\\\/\\\/www.ecovis.com\\\/tech-law\\\/leistungen\\\/#primaryimage\"},\"image\":{\"@id\":\"https:\\\/\\\/www.ecovis.com\\\/tech-law\\\/leistungen\\\/#primaryimage\"},\"thumbnailUrl\":\"https:\\\/\\\/www.ecovis.com\\\/tech-law\\\/wp-content\\\/uploads\\\/2010\\\/03\\\/tech-law-leistungen-1.jpg\",\"datePublished\":\"2010-03-03T11:53:56+00:00\",\"dateModified\":\"2020-09-21T13:02:07+00:00\",\"description\":\"Unsere anwaltlichen Leistungen im \u00dcberblick! Wir beraten Unternehmen speziell aus dem Technologiebereich mit der notwendigen Expertise. Erfahren Sie mehr!\",\"breadcrumb\":{\"@id\":\"https:\\\/\\\/www.ecovis.com\\\/tech-law\\\/leistungen\\\/#breadcrumb\"},\"inLanguage\":\"de\",\"potentialAction\":[{\"@type\":\"ReadAction\",\"target\":[\"https:\\\/\\\/www.ecovis.com\\\/tech-law\\\/leistungen\\\/\"]}]},{\"@type\":\"ImageObject\",\"inLanguage\":\"de\",\"@id\":\"https:\\\/\\\/www.ecovis.com\\\/tech-law\\\/leistungen\\\/#primaryimage\",\"url\":\"https:\\\/\\\/www.ecovis.com\\\/tech-law\\\/wp-content\\\/uploads\\\/2010\\\/03\\\/tech-law-leistungen-1.jpg\",\"contentUrl\":\"https:\\\/\\\/www.ecovis.com\\\/tech-law\\\/wp-content\\\/uploads\\\/2010\\\/03\\\/tech-law-leistungen-1.jpg\",\"width\":560,\"height\":260},{\"@type\":\"BreadcrumbList\",\"@id\":\"https:\\\/\\\/www.ecovis.com\\\/tech-law\\\/leistungen\\\/#breadcrumb\",\"itemListElement\":[{\"@type\":\"ListItem\",\"position\":1,\"name\":\"Ecovis Global\",\"item\":\"https:\\\/\\\/www.ecovis.com\\\/\"},{\"@type\":\"ListItem\",\"position\":2,\"name\":\"Startseite\",\"item\":\"https:\\\/\\\/www.ecovis.com\\\/tech-law\\\/\"},{\"@type\":\"ListItem\",\"position\":3,\"name\":\"Leistungen\"}]},{\"@type\":\"WebSite\",\"@id\":\"https:\\\/\\\/www.ecovis.com\\\/tech-law\\\/#website\",\"url\":\"https:\\\/\\\/www.ecovis.com\\\/tech-law\\\/\",\"name\":\"Ecovis.com\",\"description\":\"\",\"potentialAction\":[{\"@type\":\"SearchAction\",\"target\":{\"@type\":\"EntryPoint\",\"urlTemplate\":\"https:\\\/\\\/www.ecovis.com\\\/tech-law\\\/?s={search_term_string}\"},\"query-input\":{\"@type\":\"PropertyValueSpecification\",\"valueRequired\":true,\"valueName\":\"search_term_string\"}}],\"inLanguage\":\"de\"}]}<\/script>\n<!-- \/ Yoast SEO plugin. -->","yoast_head_json":{"title":"Leistungen - Tech Lawyer Berlin, Germany","description":"Unsere anwaltlichen Leistungen im \u00dcberblick! Wir beraten Unternehmen speziell aus dem Technologiebereich mit der notwendigen Expertise. Erfahren Sie mehr!","robots":{"index":"index","follow":"follow","max-snippet":"max-snippet:-1","max-image-preview":"max-image-preview:large","max-video-preview":"max-video-preview:-1"},"canonical":"https:\/\/www.ecovis.com\/tech-law\/leistungen\/","og_locale":"de_DE","og_type":"article","og_title":"Leistungen - Tech Lawyer Berlin, Germany","og_description":"Unsere anwaltlichen Leistungen im \u00dcberblick! Wir beraten Unternehmen speziell aus dem Technologiebereich mit der notwendigen Expertise. Erfahren Sie mehr!","og_url":"https:\/\/www.ecovis.com\/tech-law\/leistungen\/","og_site_name":"Technology &amp; Law","article_modified_time":"2020-09-21T13:02:07+00:00","og_image":[{"width":560,"height":260,"url":"https:\/\/www.ecovis.com\/tech-law\/wp-content\/uploads\/2010\/03\/tech-law-leistungen-1.jpg","type":"image\/jpeg"}],"twitter_card":"summary_large_image","twitter_misc":{"Gesch\u00e4tzte Lesezeit":"3\u00a0Minuten"},"schema":{"@context":"https:\/\/schema.org","@graph":[{"@type":"WebPage","@id":"https:\/\/www.ecovis.com\/tech-law\/leistungen\/","url":"https:\/\/www.ecovis.com\/tech-law\/leistungen\/","name":"Leistungen - Tech Lawyer Berlin, Germany","isPartOf":{"@id":"https:\/\/www.ecovis.com\/tech-law\/#website"},"primaryImageOfPage":{"@id":"https:\/\/www.ecovis.com\/tech-law\/leistungen\/#primaryimage"},"image":{"@id":"https:\/\/www.ecovis.com\/tech-law\/leistungen\/#primaryimage"},"thumbnailUrl":"https:\/\/www.ecovis.com\/tech-law\/wp-content\/uploads\/2010\/03\/tech-law-leistungen-1.jpg","datePublished":"2010-03-03T11:53:56+00:00","dateModified":"2020-09-21T13:02:07+00:00","description":"Unsere anwaltlichen Leistungen im \u00dcberblick! Wir beraten Unternehmen speziell aus dem Technologiebereich mit der notwendigen Expertise. Erfahren Sie mehr!","breadcrumb":{"@id":"https:\/\/www.ecovis.com\/tech-law\/leistungen\/#breadcrumb"},"inLanguage":"de","potentialAction":[{"@type":"ReadAction","target":["https:\/\/www.ecovis.com\/tech-law\/leistungen\/"]}]},{"@type":"ImageObject","inLanguage":"de","@id":"https:\/\/www.ecovis.com\/tech-law\/leistungen\/#primaryimage","url":"https:\/\/www.ecovis.com\/tech-law\/wp-content\/uploads\/2010\/03\/tech-law-leistungen-1.jpg","contentUrl":"https:\/\/www.ecovis.com\/tech-law\/wp-content\/uploads\/2010\/03\/tech-law-leistungen-1.jpg","width":560,"height":260},{"@type":"BreadcrumbList","@id":"https:\/\/www.ecovis.com\/tech-law\/leistungen\/#breadcrumb","itemListElement":[{"@type":"ListItem","position":1,"name":"Ecovis Global","item":"https:\/\/www.ecovis.com\/"},{"@type":"ListItem","position":2,"name":"Startseite","item":"https:\/\/www.ecovis.com\/tech-law\/"},{"@type":"ListItem","position":3,"name":"Leistungen"}]},{"@type":"WebSite","@id":"https:\/\/www.ecovis.com\/tech-law\/#website","url":"https:\/\/www.ecovis.com\/tech-law\/","name":"Ecovis.com","description":"","potentialAction":[{"@type":"SearchAction","target":{"@type":"EntryPoint","urlTemplate":"https:\/\/www.ecovis.com\/tech-law\/?s={search_term_string}"},"query-input":{"@type":"PropertyValueSpecification","valueRequired":true,"valueName":"search_term_string"}}],"inLanguage":"de"}]}},"_links":{"self":[{"href":"https:\/\/www.ecovis.com\/tech-law\/wp-json\/wp\/v2\/pages\/724","targetHints":{"allow":["GET"]}}],"collection":[{"href":"https:\/\/www.ecovis.com\/tech-law\/wp-json\/wp\/v2\/pages"}],"about":[{"href":"https:\/\/www.ecovis.com\/tech-law\/wp-json\/wp\/v2\/types\/page"}],"author":[{"embeddable":true,"href":"https:\/\/www.ecovis.com\/tech-law\/wp-json\/wp\/v2\/users\/1"}],"replies":[{"embeddable":true,"href":"https:\/\/www.ecovis.com\/tech-law\/wp-json\/wp\/v2\/comments?post=724"}],"version-history":[{"count":4,"href":"https:\/\/www.ecovis.com\/tech-law\/wp-json\/wp\/v2\/pages\/724\/revisions"}],"predecessor-version":[{"id":4645,"href":"https:\/\/www.ecovis.com\/tech-law\/wp-json\/wp\/v2\/pages\/724\/revisions\/4645"}],"wp:featuredmedia":[{"embeddable":true,"href":"https:\/\/www.ecovis.com\/tech-law\/wp-json\/wp\/v2\/media\/1000"}],"wp:attachment":[{"href":"https:\/\/www.ecovis.com\/tech-law\/wp-json\/wp\/v2\/media?parent=724"}],"curies":[{"name":"wp","href":"https:\/\/api.w.org\/{rel}","templated":true}]}}