{"id":4389,"date":"2025-07-09T17:35:43","date_gmt":"2025-07-09T15:35:43","guid":{"rendered":"https:\/\/www.ecovis.com\/a23-regensburg\/?page_id=4389"},"modified":"2025-08-04T10:50:49","modified_gmt":"2025-08-04T08:50:49","slug":"zivilrecht","status":"publish","type":"page","link":"https:\/\/www.ecovis.com\/regensburg\/rechtsgebiete\/zivilrecht\/","title":{"rendered":"Zivilrecht"},"content":{"rendered":"","protected":false},"excerpt":{"rendered":"","protected":false},"author":25,"featured_media":0,"parent":4329,"menu_order":0,"comment_status":"closed","ping_status":"closed","template":"leistungen-zivilrecht.php","meta":{"_acf_changed":false,"footnotes":""},"class_list":["post-4389","page","type-page","status-publish","hentry"],"acf":[],"yoast_head":"<!-- This site is optimized with the Yoast SEO plugin v27.3 - https:\/\/yoast.com\/product\/yoast-seo-wordpress\/ -->\n<title>ECOVIS Regensburg Rechtsanw\u00e4lte - Zivilrecht<\/title>\n<meta name=\"description\" content=\"Unsere Rechtsanw\u00e4lte vertreten Ihre Interessen engagiert und zuverl\u00e4ssig \u2013 sowohl au\u00dfergerichtlich als auch vor Gericht.\" \/>\n<meta name=\"robots\" content=\"index, follow, max-snippet:-1, max-image-preview:large, max-video-preview:-1\" \/>\n<link rel=\"canonical\" href=\"https:\/\/www.ecovis.com\/regensburg\/rechtsgebiete\/zivilrecht\/\" \/>\n<meta property=\"og:locale\" content=\"de_DE\" \/>\n<meta property=\"og:type\" content=\"article\" \/>\n<meta property=\"og:title\" content=\"ECOVIS Regensburg Rechtsanw\u00e4lte - Zivilrecht\" \/>\n<meta property=\"og:description\" content=\"Unsere Rechtsanw\u00e4lte vertreten Ihre Interessen engagiert und zuverl\u00e4ssig \u2013 sowohl au\u00dfergerichtlich als auch vor Gericht.\" \/>\n<meta property=\"og:url\" content=\"https:\/\/www.ecovis.com\/regensburg\/rechtsgebiete\/zivilrecht\/\" \/>\n<meta property=\"og:site_name\" content=\"Ecovis Regensburg\" \/>\n<meta property=\"article:modified_time\" content=\"2025-08-04T08:50:49+00:00\" \/>\n<meta name=\"twitter:card\" content=\"summary_large_image\" \/>\n<script type=\"application\/ld+json\" class=\"yoast-schema-graph\">{\"@context\":\"https:\\\/\\\/schema.org\",\"@graph\":[{\"@type\":\"WebPage\",\"@id\":\"https:\\\/\\\/www.ecovis.com\\\/regensburg\\\/rechtsgebiete\\\/zivilrecht\\\/\",\"url\":\"https:\\\/\\\/www.ecovis.com\\\/regensburg\\\/rechtsgebiete\\\/zivilrecht\\\/\",\"name\":\"ECOVIS Regensburg Rechtsanw\u00e4lte - Zivilrecht\",\"isPartOf\":{\"@id\":\"https:\\\/\\\/www.ecovis.com\\\/regensburg\\\/#website\"},\"datePublished\":\"2025-07-09T15:35:43+00:00\",\"dateModified\":\"2025-08-04T08:50:49+00:00\",\"description\":\"Unsere Rechtsanw\u00e4lte vertreten Ihre Interessen engagiert und zuverl\u00e4ssig \u2013 sowohl au\u00dfergerichtlich als auch vor Gericht.\",\"breadcrumb\":{\"@id\":\"https:\\\/\\\/www.ecovis.com\\\/regensburg\\\/rechtsgebiete\\\/zivilrecht\\\/#breadcrumb\"},\"inLanguage\":\"de\",\"potentialAction\":[{\"@type\":\"ReadAction\",\"target\":[\"https:\\\/\\\/www.ecovis.com\\\/regensburg\\\/rechtsgebiete\\\/zivilrecht\\\/\"]}]},{\"@type\":\"BreadcrumbList\",\"@id\":\"https:\\\/\\\/www.ecovis.com\\\/regensburg\\\/rechtsgebiete\\\/zivilrecht\\\/#breadcrumb\",\"itemListElement\":[{\"@type\":\"ListItem\",\"position\":1,\"name\":\"Ecovis Global\",\"item\":\"https:\\\/\\\/www.ecovis.com\\\/\"},{\"@type\":\"ListItem\",\"position\":2,\"name\":\"Home\",\"item\":\"https:\\\/\\\/www.ecovis.com\\\/regensburg\\\/\"},{\"@type\":\"ListItem\",\"position\":3,\"name\":\"Rechtsgebiete\",\"item\":\"https:\\\/\\\/www.ecovis.com\\\/regensburg\\\/rechtsgebiete\\\/\"},{\"@type\":\"ListItem\",\"position\":4,\"name\":\"Zivilrecht\"}]},{\"@type\":\"WebSite\",\"@id\":\"https:\\\/\\\/www.ecovis.com\\\/regensburg\\\/#website\",\"url\":\"https:\\\/\\\/www.ecovis.com\\\/regensburg\\\/\",\"name\":\"Ecovis.com\",\"description\":\"\",\"potentialAction\":[{\"@type\":\"SearchAction\",\"target\":{\"@type\":\"EntryPoint\",\"urlTemplate\":\"https:\\\/\\\/www.ecovis.com\\\/regensburg\\\/?s={search_term_string}\"},\"query-input\":{\"@type\":\"PropertyValueSpecification\",\"valueRequired\":true,\"valueName\":\"search_term_string\"}}],\"inLanguage\":\"de\"}]}<\/script>\n<!-- \/ Yoast SEO plugin. -->","yoast_head_json":{"title":"ECOVIS Regensburg Rechtsanw\u00e4lte - Zivilrecht","description":"Unsere Rechtsanw\u00e4lte vertreten Ihre Interessen engagiert und zuverl\u00e4ssig \u2013 sowohl au\u00dfergerichtlich als auch vor Gericht.","robots":{"index":"index","follow":"follow","max-snippet":"max-snippet:-1","max-image-preview":"max-image-preview:large","max-video-preview":"max-video-preview:-1"},"canonical":"https:\/\/www.ecovis.com\/regensburg\/rechtsgebiete\/zivilrecht\/","og_locale":"de_DE","og_type":"article","og_title":"ECOVIS Regensburg Rechtsanw\u00e4lte - Zivilrecht","og_description":"Unsere Rechtsanw\u00e4lte vertreten Ihre Interessen engagiert und zuverl\u00e4ssig \u2013 sowohl au\u00dfergerichtlich als auch vor Gericht.","og_url":"https:\/\/www.ecovis.com\/regensburg\/rechtsgebiete\/zivilrecht\/","og_site_name":"Ecovis Regensburg","article_modified_time":"2025-08-04T08:50:49+00:00","twitter_card":"summary_large_image","schema":{"@context":"https:\/\/schema.org","@graph":[{"@type":"WebPage","@id":"https:\/\/www.ecovis.com\/regensburg\/rechtsgebiete\/zivilrecht\/","url":"https:\/\/www.ecovis.com\/regensburg\/rechtsgebiete\/zivilrecht\/","name":"ECOVIS Regensburg Rechtsanw\u00e4lte - Zivilrecht","isPartOf":{"@id":"https:\/\/www.ecovis.com\/regensburg\/#website"},"datePublished":"2025-07-09T15:35:43+00:00","dateModified":"2025-08-04T08:50:49+00:00","description":"Unsere Rechtsanw\u00e4lte vertreten Ihre Interessen engagiert und zuverl\u00e4ssig \u2013 sowohl au\u00dfergerichtlich als auch vor Gericht.","breadcrumb":{"@id":"https:\/\/www.ecovis.com\/regensburg\/rechtsgebiete\/zivilrecht\/#breadcrumb"},"inLanguage":"de","potentialAction":[{"@type":"ReadAction","target":["https:\/\/www.ecovis.com\/regensburg\/rechtsgebiete\/zivilrecht\/"]}]},{"@type":"BreadcrumbList","@id":"https:\/\/www.ecovis.com\/regensburg\/rechtsgebiete\/zivilrecht\/#breadcrumb","itemListElement":[{"@type":"ListItem","position":1,"name":"Ecovis Global","item":"https:\/\/www.ecovis.com\/"},{"@type":"ListItem","position":2,"name":"Home","item":"https:\/\/www.ecovis.com\/regensburg\/"},{"@type":"ListItem","position":3,"name":"Rechtsgebiete","item":"https:\/\/www.ecovis.com\/regensburg\/rechtsgebiete\/"},{"@type":"ListItem","position":4,"name":"Zivilrecht"}]},{"@type":"WebSite","@id":"https:\/\/www.ecovis.com\/regensburg\/#website","url":"https:\/\/www.ecovis.com\/regensburg\/","name":"Ecovis.com","description":"","potentialAction":[{"@type":"SearchAction","target":{"@type":"EntryPoint","urlTemplate":"https:\/\/www.ecovis.com\/regensburg\/?s={search_term_string}"},"query-input":{"@type":"PropertyValueSpecification","valueRequired":true,"valueName":"search_term_string"}}],"inLanguage":"de"}]}},"_links":{"self":[{"href":"https:\/\/www.ecovis.com\/regensburg\/wp-json\/wp\/v2\/pages\/4389","targetHints":{"allow":["GET"]}}],"collection":[{"href":"https:\/\/www.ecovis.com\/regensburg\/wp-json\/wp\/v2\/pages"}],"about":[{"href":"https:\/\/www.ecovis.com\/regensburg\/wp-json\/wp\/v2\/types\/page"}],"author":[{"embeddable":true,"href":"https:\/\/www.ecovis.com\/regensburg\/wp-json\/wp\/v2\/users\/25"}],"replies":[{"embeddable":true,"href":"https:\/\/www.ecovis.com\/regensburg\/wp-json\/wp\/v2\/comments?post=4389"}],"version-history":[{"count":3,"href":"https:\/\/www.ecovis.com\/regensburg\/wp-json\/wp\/v2\/pages\/4389\/revisions"}],"predecessor-version":[{"id":4481,"href":"https:\/\/www.ecovis.com\/regensburg\/wp-json\/wp\/v2\/pages\/4389\/revisions\/4481"}],"up":[{"embeddable":true,"href":"https:\/\/www.ecovis.com\/regensburg\/wp-json\/wp\/v2\/pages\/4329"}],"wp:attachment":[{"href":"https:\/\/www.ecovis.com\/regensburg\/wp-json\/wp\/v2\/media?parent=4389"}],"curies":[{"name":"wp","href":"https:\/\/api.w.org\/{rel}","templated":true}]}}