{"id":4380,"date":"2025-07-09T17:07:46","date_gmt":"2025-07-09T15:07:46","guid":{"rendered":"https:\/\/www.ecovis.com\/a23-regensburg\/?page_id=4380"},"modified":"2025-07-10T09:39:56","modified_gmt":"2025-07-10T07:39:56","slug":"miet-und-pachtrecht","status":"publish","type":"page","link":"https:\/\/www.ecovis.com\/regensburg\/rechtsgebiete\/miet-und-pachtrecht\/","title":{"rendered":"Miet- und Pachtrecht"},"content":{"rendered":"","protected":false},"excerpt":{"rendered":"","protected":false},"author":25,"featured_media":0,"parent":4329,"menu_order":0,"comment_status":"closed","ping_status":"closed","template":"leistungen-mietrecht.php","meta":{"_acf_changed":false,"footnotes":""},"class_list":["post-4380","page","type-page","status-publish","hentry"],"acf":[],"yoast_head":"<!-- This site is optimized with the Yoast SEO plugin v27.3 - https:\/\/yoast.com\/product\/yoast-seo-wordpress\/ -->\n<title>ECOVIS Regensburg Rechtsanw\u00e4lte - Miet- und Pachtrecht<\/title>\n<meta name=\"description\" content=\"Wir behalten f\u00fcr Sie im Miet- und Pachtrecht den \u00dcberblick. Rufen Sie uns an: Tel.: +49 941-7 99 69 80\" \/>\n<meta name=\"robots\" content=\"index, follow, max-snippet:-1, max-image-preview:large, max-video-preview:-1\" \/>\n<link rel=\"canonical\" href=\"https:\/\/www.ecovis.com\/regensburg\/rechtsgebiete\/miet-und-pachtrecht\/\" \/>\n<meta property=\"og:locale\" content=\"de_DE\" \/>\n<meta property=\"og:type\" content=\"article\" \/>\n<meta property=\"og:title\" content=\"ECOVIS Regensburg Rechtsanw\u00e4lte - Miet- und Pachtrecht\" \/>\n<meta property=\"og:description\" content=\"Wir behalten f\u00fcr Sie im Miet- und Pachtrecht den \u00dcberblick. Rufen Sie uns an: Tel.: +49 941-7 99 69 80\" \/>\n<meta property=\"og:url\" content=\"https:\/\/www.ecovis.com\/regensburg\/rechtsgebiete\/miet-und-pachtrecht\/\" \/>\n<meta property=\"og:site_name\" content=\"Ecovis Regensburg\" \/>\n<meta property=\"article:modified_time\" content=\"2025-07-10T07:39:56+00:00\" \/>\n<meta name=\"twitter:card\" content=\"summary_large_image\" \/>\n<script type=\"application\/ld+json\" class=\"yoast-schema-graph\">{\"@context\":\"https:\\\/\\\/schema.org\",\"@graph\":[{\"@type\":\"WebPage\",\"@id\":\"https:\\\/\\\/www.ecovis.com\\\/regensburg\\\/rechtsgebiete\\\/miet-und-pachtrecht\\\/\",\"url\":\"https:\\\/\\\/www.ecovis.com\\\/regensburg\\\/rechtsgebiete\\\/miet-und-pachtrecht\\\/\",\"name\":\"ECOVIS Regensburg Rechtsanw\u00e4lte - Miet- und Pachtrecht\",\"isPartOf\":{\"@id\":\"https:\\\/\\\/www.ecovis.com\\\/regensburg\\\/#website\"},\"datePublished\":\"2025-07-09T15:07:46+00:00\",\"dateModified\":\"2025-07-10T07:39:56+00:00\",\"description\":\"Wir behalten f\u00fcr Sie im Miet- und Pachtrecht den \u00dcberblick. Rufen Sie uns an: Tel.: +49 941-7 99 69 80\",\"breadcrumb\":{\"@id\":\"https:\\\/\\\/www.ecovis.com\\\/regensburg\\\/rechtsgebiete\\\/miet-und-pachtrecht\\\/#breadcrumb\"},\"inLanguage\":\"de\",\"potentialAction\":[{\"@type\":\"ReadAction\",\"target\":[\"https:\\\/\\\/www.ecovis.com\\\/regensburg\\\/rechtsgebiete\\\/miet-und-pachtrecht\\\/\"]}]},{\"@type\":\"BreadcrumbList\",\"@id\":\"https:\\\/\\\/www.ecovis.com\\\/regensburg\\\/rechtsgebiete\\\/miet-und-pachtrecht\\\/#breadcrumb\",\"itemListElement\":[{\"@type\":\"ListItem\",\"position\":1,\"name\":\"Ecovis Global\",\"item\":\"https:\\\/\\\/www.ecovis.com\\\/\"},{\"@type\":\"ListItem\",\"position\":2,\"name\":\"Home\",\"item\":\"https:\\\/\\\/www.ecovis.com\\\/regensburg\\\/\"},{\"@type\":\"ListItem\",\"position\":3,\"name\":\"Rechtsgebiete\",\"item\":\"https:\\\/\\\/www.ecovis.com\\\/regensburg\\\/rechtsgebiete\\\/\"},{\"@type\":\"ListItem\",\"position\":4,\"name\":\"Miet- und Pachtrecht\"}]},{\"@type\":\"WebSite\",\"@id\":\"https:\\\/\\\/www.ecovis.com\\\/regensburg\\\/#website\",\"url\":\"https:\\\/\\\/www.ecovis.com\\\/regensburg\\\/\",\"name\":\"Ecovis.com\",\"description\":\"\",\"potentialAction\":[{\"@type\":\"SearchAction\",\"target\":{\"@type\":\"EntryPoint\",\"urlTemplate\":\"https:\\\/\\\/www.ecovis.com\\\/regensburg\\\/?s={search_term_string}\"},\"query-input\":{\"@type\":\"PropertyValueSpecification\",\"valueRequired\":true,\"valueName\":\"search_term_string\"}}],\"inLanguage\":\"de\"}]}<\/script>\n<!-- \/ Yoast SEO plugin. -->","yoast_head_json":{"title":"ECOVIS Regensburg Rechtsanw\u00e4lte - Miet- und Pachtrecht","description":"Wir behalten f\u00fcr Sie im Miet- und Pachtrecht den \u00dcberblick. Rufen Sie uns an: Tel.: +49 941-7 99 69 80","robots":{"index":"index","follow":"follow","max-snippet":"max-snippet:-1","max-image-preview":"max-image-preview:large","max-video-preview":"max-video-preview:-1"},"canonical":"https:\/\/www.ecovis.com\/regensburg\/rechtsgebiete\/miet-und-pachtrecht\/","og_locale":"de_DE","og_type":"article","og_title":"ECOVIS Regensburg Rechtsanw\u00e4lte - Miet- und Pachtrecht","og_description":"Wir behalten f\u00fcr Sie im Miet- und Pachtrecht den \u00dcberblick. Rufen Sie uns an: Tel.: +49 941-7 99 69 80","og_url":"https:\/\/www.ecovis.com\/regensburg\/rechtsgebiete\/miet-und-pachtrecht\/","og_site_name":"Ecovis Regensburg","article_modified_time":"2025-07-10T07:39:56+00:00","twitter_card":"summary_large_image","schema":{"@context":"https:\/\/schema.org","@graph":[{"@type":"WebPage","@id":"https:\/\/www.ecovis.com\/regensburg\/rechtsgebiete\/miet-und-pachtrecht\/","url":"https:\/\/www.ecovis.com\/regensburg\/rechtsgebiete\/miet-und-pachtrecht\/","name":"ECOVIS Regensburg Rechtsanw\u00e4lte - Miet- und Pachtrecht","isPartOf":{"@id":"https:\/\/www.ecovis.com\/regensburg\/#website"},"datePublished":"2025-07-09T15:07:46+00:00","dateModified":"2025-07-10T07:39:56+00:00","description":"Wir behalten f\u00fcr Sie im Miet- und Pachtrecht den \u00dcberblick. Rufen Sie uns an: Tel.: +49 941-7 99 69 80","breadcrumb":{"@id":"https:\/\/www.ecovis.com\/regensburg\/rechtsgebiete\/miet-und-pachtrecht\/#breadcrumb"},"inLanguage":"de","potentialAction":[{"@type":"ReadAction","target":["https:\/\/www.ecovis.com\/regensburg\/rechtsgebiete\/miet-und-pachtrecht\/"]}]},{"@type":"BreadcrumbList","@id":"https:\/\/www.ecovis.com\/regensburg\/rechtsgebiete\/miet-und-pachtrecht\/#breadcrumb","itemListElement":[{"@type":"ListItem","position":1,"name":"Ecovis Global","item":"https:\/\/www.ecovis.com\/"},{"@type":"ListItem","position":2,"name":"Home","item":"https:\/\/www.ecovis.com\/regensburg\/"},{"@type":"ListItem","position":3,"name":"Rechtsgebiete","item":"https:\/\/www.ecovis.com\/regensburg\/rechtsgebiete\/"},{"@type":"ListItem","position":4,"name":"Miet- und Pachtrecht"}]},{"@type":"WebSite","@id":"https:\/\/www.ecovis.com\/regensburg\/#website","url":"https:\/\/www.ecovis.com\/regensburg\/","name":"Ecovis.com","description":"","potentialAction":[{"@type":"SearchAction","target":{"@type":"EntryPoint","urlTemplate":"https:\/\/www.ecovis.com\/regensburg\/?s={search_term_string}"},"query-input":{"@type":"PropertyValueSpecification","valueRequired":true,"valueName":"search_term_string"}}],"inLanguage":"de"}]}},"_links":{"self":[{"href":"https:\/\/www.ecovis.com\/regensburg\/wp-json\/wp\/v2\/pages\/4380","targetHints":{"allow":["GET"]}}],"collection":[{"href":"https:\/\/www.ecovis.com\/regensburg\/wp-json\/wp\/v2\/pages"}],"about":[{"href":"https:\/\/www.ecovis.com\/regensburg\/wp-json\/wp\/v2\/types\/page"}],"author":[{"embeddable":true,"href":"https:\/\/www.ecovis.com\/regensburg\/wp-json\/wp\/v2\/users\/25"}],"replies":[{"embeddable":true,"href":"https:\/\/www.ecovis.com\/regensburg\/wp-json\/wp\/v2\/comments?post=4380"}],"version-history":[{"count":3,"href":"https:\/\/www.ecovis.com\/regensburg\/wp-json\/wp\/v2\/pages\/4380\/revisions"}],"predecessor-version":[{"id":4431,"href":"https:\/\/www.ecovis.com\/regensburg\/wp-json\/wp\/v2\/pages\/4380\/revisions\/4431"}],"up":[{"embeddable":true,"href":"https:\/\/www.ecovis.com\/regensburg\/wp-json\/wp\/v2\/pages\/4329"}],"wp:attachment":[{"href":"https:\/\/www.ecovis.com\/regensburg\/wp-json\/wp\/v2\/media?parent=4380"}],"curies":[{"name":"wp","href":"https:\/\/api.w.org\/{rel}","templated":true}]}}