{"id":4372,"date":"2025-07-09T16:52:15","date_gmt":"2025-07-09T14:52:15","guid":{"rendered":"https:\/\/www.ecovis.com\/a23-regensburg\/?page_id=4372"},"modified":"2025-07-10T09:42:46","modified_gmt":"2025-07-10T07:42:46","slug":"handels-und-gesellschaftsrecht","status":"publish","type":"page","link":"https:\/\/www.ecovis.com\/regensburg\/handels-und-gesellschaftsrecht\/","title":{"rendered":"Handels- und Gesellschaftsrecht"},"content":{"rendered":"","protected":false},"excerpt":{"rendered":"","protected":false},"author":25,"featured_media":0,"parent":0,"menu_order":0,"comment_status":"closed","ping_status":"closed","template":"leistungen-handelsrecht.php","meta":{"_acf_changed":false,"footnotes":""},"class_list":["post-4372","page","type-page","status-publish","hentry"],"acf":[],"yoast_head":"<!-- This site is optimized with the Yoast SEO plugin v27.3 - https:\/\/yoast.com\/product\/yoast-seo-wordpress\/ -->\n<title>ECOVIS Regensburg Rechtsanw\u00e4lte - Handels- und Gesellschaftsrecht<\/title>\n<meta name=\"description\" content=\"Gesellschaftsrecht von Gr\u00fcndung bis \u00dcbergabe: Unsere Ecovis Rechtsanw\u00e4lte beraten Sie umfassend zu Rechtsform, Haftung, Umstrukturierung, Streit &amp; Unternehmensnachfolge.\" \/>\n<meta name=\"robots\" content=\"index, follow, max-snippet:-1, max-image-preview:large, max-video-preview:-1\" \/>\n<link rel=\"canonical\" href=\"https:\/\/www.ecovis.com\/regensburg\/handels-und-gesellschaftsrecht\/\" \/>\n<meta property=\"og:locale\" content=\"de_DE\" \/>\n<meta property=\"og:type\" content=\"article\" \/>\n<meta property=\"og:title\" content=\"ECOVIS Regensburg Rechtsanw\u00e4lte - Handels- und Gesellschaftsrecht\" \/>\n<meta property=\"og:description\" content=\"Gesellschaftsrecht von Gr\u00fcndung bis \u00dcbergabe: Unsere Ecovis Rechtsanw\u00e4lte beraten Sie umfassend zu Rechtsform, Haftung, Umstrukturierung, Streit &amp; Unternehmensnachfolge.\" \/>\n<meta property=\"og:url\" content=\"https:\/\/www.ecovis.com\/regensburg\/handels-und-gesellschaftsrecht\/\" \/>\n<meta property=\"og:site_name\" content=\"Ecovis Regensburg\" \/>\n<meta property=\"article:modified_time\" content=\"2025-07-10T07:42:46+00:00\" \/>\n<meta name=\"twitter:card\" content=\"summary_large_image\" \/>\n<script type=\"application\/ld+json\" class=\"yoast-schema-graph\">{\"@context\":\"https:\\\/\\\/schema.org\",\"@graph\":[{\"@type\":\"WebPage\",\"@id\":\"https:\\\/\\\/www.ecovis.com\\\/regensburg\\\/handels-und-gesellschaftsrecht\\\/\",\"url\":\"https:\\\/\\\/www.ecovis.com\\\/regensburg\\\/handels-und-gesellschaftsrecht\\\/\",\"name\":\"ECOVIS Regensburg Rechtsanw\u00e4lte - Handels- und Gesellschaftsrecht\",\"isPartOf\":{\"@id\":\"https:\\\/\\\/www.ecovis.com\\\/regensburg\\\/#website\"},\"datePublished\":\"2025-07-09T14:52:15+00:00\",\"dateModified\":\"2025-07-10T07:42:46+00:00\",\"description\":\"Gesellschaftsrecht von Gr\u00fcndung bis \u00dcbergabe: Unsere Ecovis Rechtsanw\u00e4lte beraten Sie umfassend zu Rechtsform, Haftung, Umstrukturierung, Streit & Unternehmensnachfolge.\",\"breadcrumb\":{\"@id\":\"https:\\\/\\\/www.ecovis.com\\\/regensburg\\\/handels-und-gesellschaftsrecht\\\/#breadcrumb\"},\"inLanguage\":\"de\",\"potentialAction\":[{\"@type\":\"ReadAction\",\"target\":[\"https:\\\/\\\/www.ecovis.com\\\/regensburg\\\/handels-und-gesellschaftsrecht\\\/\"]}]},{\"@type\":\"BreadcrumbList\",\"@id\":\"https:\\\/\\\/www.ecovis.com\\\/regensburg\\\/handels-und-gesellschaftsrecht\\\/#breadcrumb\",\"itemListElement\":[{\"@type\":\"ListItem\",\"position\":1,\"name\":\"Ecovis Global\",\"item\":\"https:\\\/\\\/www.ecovis.com\\\/\"},{\"@type\":\"ListItem\",\"position\":2,\"name\":\"Home\",\"item\":\"https:\\\/\\\/www.ecovis.com\\\/regensburg\\\/\"},{\"@type\":\"ListItem\",\"position\":3,\"name\":\"Handels- und Gesellschaftsrecht\"}]},{\"@type\":\"WebSite\",\"@id\":\"https:\\\/\\\/www.ecovis.com\\\/regensburg\\\/#website\",\"url\":\"https:\\\/\\\/www.ecovis.com\\\/regensburg\\\/\",\"name\":\"Ecovis.com\",\"description\":\"\",\"potentialAction\":[{\"@type\":\"SearchAction\",\"target\":{\"@type\":\"EntryPoint\",\"urlTemplate\":\"https:\\\/\\\/www.ecovis.com\\\/regensburg\\\/?s={search_term_string}\"},\"query-input\":{\"@type\":\"PropertyValueSpecification\",\"valueRequired\":true,\"valueName\":\"search_term_string\"}}],\"inLanguage\":\"de\"}]}<\/script>\n<!-- \/ Yoast SEO plugin. -->","yoast_head_json":{"title":"ECOVIS Regensburg Rechtsanw\u00e4lte - Handels- und Gesellschaftsrecht","description":"Gesellschaftsrecht von Gr\u00fcndung bis \u00dcbergabe: Unsere Ecovis Rechtsanw\u00e4lte beraten Sie umfassend zu Rechtsform, Haftung, Umstrukturierung, Streit & Unternehmensnachfolge.","robots":{"index":"index","follow":"follow","max-snippet":"max-snippet:-1","max-image-preview":"max-image-preview:large","max-video-preview":"max-video-preview:-1"},"canonical":"https:\/\/www.ecovis.com\/regensburg\/handels-und-gesellschaftsrecht\/","og_locale":"de_DE","og_type":"article","og_title":"ECOVIS Regensburg Rechtsanw\u00e4lte - Handels- und Gesellschaftsrecht","og_description":"Gesellschaftsrecht von Gr\u00fcndung bis \u00dcbergabe: Unsere Ecovis Rechtsanw\u00e4lte beraten Sie umfassend zu Rechtsform, Haftung, Umstrukturierung, Streit & Unternehmensnachfolge.","og_url":"https:\/\/www.ecovis.com\/regensburg\/handels-und-gesellschaftsrecht\/","og_site_name":"Ecovis Regensburg","article_modified_time":"2025-07-10T07:42:46+00:00","twitter_card":"summary_large_image","schema":{"@context":"https:\/\/schema.org","@graph":[{"@type":"WebPage","@id":"https:\/\/www.ecovis.com\/regensburg\/handels-und-gesellschaftsrecht\/","url":"https:\/\/www.ecovis.com\/regensburg\/handels-und-gesellschaftsrecht\/","name":"ECOVIS Regensburg Rechtsanw\u00e4lte - Handels- und Gesellschaftsrecht","isPartOf":{"@id":"https:\/\/www.ecovis.com\/regensburg\/#website"},"datePublished":"2025-07-09T14:52:15+00:00","dateModified":"2025-07-10T07:42:46+00:00","description":"Gesellschaftsrecht von Gr\u00fcndung bis \u00dcbergabe: Unsere Ecovis Rechtsanw\u00e4lte beraten Sie umfassend zu Rechtsform, Haftung, Umstrukturierung, Streit & Unternehmensnachfolge.","breadcrumb":{"@id":"https:\/\/www.ecovis.com\/regensburg\/handels-und-gesellschaftsrecht\/#breadcrumb"},"inLanguage":"de","potentialAction":[{"@type":"ReadAction","target":["https:\/\/www.ecovis.com\/regensburg\/handels-und-gesellschaftsrecht\/"]}]},{"@type":"BreadcrumbList","@id":"https:\/\/www.ecovis.com\/regensburg\/handels-und-gesellschaftsrecht\/#breadcrumb","itemListElement":[{"@type":"ListItem","position":1,"name":"Ecovis Global","item":"https:\/\/www.ecovis.com\/"},{"@type":"ListItem","position":2,"name":"Home","item":"https:\/\/www.ecovis.com\/regensburg\/"},{"@type":"ListItem","position":3,"name":"Handels- und Gesellschaftsrecht"}]},{"@type":"WebSite","@id":"https:\/\/www.ecovis.com\/regensburg\/#website","url":"https:\/\/www.ecovis.com\/regensburg\/","name":"Ecovis.com","description":"","potentialAction":[{"@type":"SearchAction","target":{"@type":"EntryPoint","urlTemplate":"https:\/\/www.ecovis.com\/regensburg\/?s={search_term_string}"},"query-input":{"@type":"PropertyValueSpecification","valueRequired":true,"valueName":"search_term_string"}}],"inLanguage":"de"}]}},"_links":{"self":[{"href":"https:\/\/www.ecovis.com\/regensburg\/wp-json\/wp\/v2\/pages\/4372","targetHints":{"allow":["GET"]}}],"collection":[{"href":"https:\/\/www.ecovis.com\/regensburg\/wp-json\/wp\/v2\/pages"}],"about":[{"href":"https:\/\/www.ecovis.com\/regensburg\/wp-json\/wp\/v2\/types\/page"}],"author":[{"embeddable":true,"href":"https:\/\/www.ecovis.com\/regensburg\/wp-json\/wp\/v2\/users\/25"}],"replies":[{"embeddable":true,"href":"https:\/\/www.ecovis.com\/regensburg\/wp-json\/wp\/v2\/comments?post=4372"}],"version-history":[{"count":2,"href":"https:\/\/www.ecovis.com\/regensburg\/wp-json\/wp\/v2\/pages\/4372\/revisions"}],"predecessor-version":[{"id":4374,"href":"https:\/\/www.ecovis.com\/regensburg\/wp-json\/wp\/v2\/pages\/4372\/revisions\/4374"}],"wp:attachment":[{"href":"https:\/\/www.ecovis.com\/regensburg\/wp-json\/wp\/v2\/media?parent=4372"}],"curies":[{"name":"wp","href":"https:\/\/api.w.org\/{rel}","templated":true}]}}