{"id":4306,"date":"2025-05-27T13:40:47","date_gmt":"2025-05-27T11:40:47","guid":{"rendered":"https:\/\/www.ecovis.com\/a24-neubrandenburg\/?page_id=4306"},"modified":"2025-05-27T14:07:08","modified_gmt":"2025-05-27T12:07:08","slug":"entgeltabrechnung-und-lohnabrechnung-nach-tvoed","status":"publish","type":"page","link":"https:\/\/www.ecovis.com\/neubrandenburg\/beratungsschwerpunkte\/entgeltabrechnung-und-lohnabrechnung-nach-tvoed\/","title":{"rendered":"Entgeltabrechnung und Lohnabrechnung nach TV\u00f6D"},"content":{"rendered":"","protected":false},"excerpt":{"rendered":"","protected":false},"author":26,"featured_media":0,"parent":3771,"menu_order":0,"comment_status":"closed","ping_status":"closed","template":"services.php","meta":{"_acf_changed":false,"footnotes":""},"class_list":["post-4306","page","type-page","status-publish","hentry"],"acf":[],"yoast_head":"<!-- This site is optimized with the Yoast SEO plugin v27.4 - https:\/\/yoast.com\/product\/yoast-seo-wordpress\/ -->\n<title>ECOVIS Neubrandenburg - Entgeltabrechnung und Lohnabrechnung nach TV\u00f6D<\/title>\n<meta name=\"description\" content=\"Lohn- &amp; Gehaltsabrechnungen nach TV\u00f6D in Neubrandenburg rechtssicher, digital &amp; zuverl\u00e4ssig. Jetzt Beratungstermin bei Ihrer Steuerberaterin vereinbaren!\" \/>\n<meta name=\"robots\" content=\"index, follow, max-snippet:-1, max-image-preview:large, max-video-preview:-1\" \/>\n<link rel=\"canonical\" href=\"https:\/\/www.ecovis.com\/neubrandenburg\/beratungsschwerpunkte\/entgeltabrechnung-und-lohnabrechnung-nach-tvoed\/\" \/>\n<meta property=\"og:locale\" content=\"de_DE\" \/>\n<meta property=\"og:type\" content=\"article\" \/>\n<meta property=\"og:title\" content=\"ECOVIS Neubrandenburg - Entgeltabrechnung und Lohnabrechnung nach TV\u00f6D\" \/>\n<meta property=\"og:description\" content=\"Lohn- &amp; Gehaltsabrechnungen nach TV\u00f6D in Neubrandenburg rechtssicher, digital &amp; zuverl\u00e4ssig. Jetzt Beratungstermin bei Ihrer Steuerberaterin vereinbaren!\" \/>\n<meta property=\"og:url\" content=\"https:\/\/www.ecovis.com\/neubrandenburg\/beratungsschwerpunkte\/entgeltabrechnung-und-lohnabrechnung-nach-tvoed\/\" \/>\n<meta property=\"og:site_name\" content=\"Ecovis Neubrandenburg\" \/>\n<meta property=\"article:modified_time\" content=\"2025-05-27T12:07:08+00:00\" \/>\n<meta name=\"twitter:card\" content=\"summary_large_image\" \/>\n<script type=\"application\/ld+json\" class=\"yoast-schema-graph\">{\"@context\":\"https:\\\/\\\/schema.org\",\"@graph\":[{\"@type\":\"WebPage\",\"@id\":\"https:\\\/\\\/www.ecovis.com\\\/neubrandenburg\\\/beratungsschwerpunkte\\\/entgeltabrechnung-und-lohnabrechnung-nach-tvoed\\\/\",\"url\":\"https:\\\/\\\/www.ecovis.com\\\/neubrandenburg\\\/beratungsschwerpunkte\\\/entgeltabrechnung-und-lohnabrechnung-nach-tvoed\\\/\",\"name\":\"ECOVIS Neubrandenburg - Entgeltabrechnung und Lohnabrechnung nach TV\u00f6D\",\"isPartOf\":{\"@id\":\"https:\\\/\\\/www.ecovis.com\\\/neubrandenburg\\\/#website\"},\"datePublished\":\"2025-05-27T11:40:47+00:00\",\"dateModified\":\"2025-05-27T12:07:08+00:00\",\"description\":\"Lohn- & Gehaltsabrechnungen nach TV\u00f6D in Neubrandenburg rechtssicher, digital & zuverl\u00e4ssig. Jetzt Beratungstermin bei Ihrer Steuerberaterin vereinbaren!\",\"breadcrumb\":{\"@id\":\"https:\\\/\\\/www.ecovis.com\\\/neubrandenburg\\\/beratungsschwerpunkte\\\/entgeltabrechnung-und-lohnabrechnung-nach-tvoed\\\/#breadcrumb\"},\"inLanguage\":\"de\",\"potentialAction\":[{\"@type\":\"ReadAction\",\"target\":[\"https:\\\/\\\/www.ecovis.com\\\/neubrandenburg\\\/beratungsschwerpunkte\\\/entgeltabrechnung-und-lohnabrechnung-nach-tvoed\\\/\"]}]},{\"@type\":\"BreadcrumbList\",\"@id\":\"https:\\\/\\\/www.ecovis.com\\\/neubrandenburg\\\/beratungsschwerpunkte\\\/entgeltabrechnung-und-lohnabrechnung-nach-tvoed\\\/#breadcrumb\",\"itemListElement\":[{\"@type\":\"ListItem\",\"position\":1,\"name\":\"Ecovis Global\",\"item\":\"https:\\\/\\\/www.ecovis.com\\\/\"},{\"@type\":\"ListItem\",\"position\":2,\"name\":\"Home\",\"item\":\"https:\\\/\\\/www.ecovis.com\\\/neubrandenburg\\\/\"},{\"@type\":\"ListItem\",\"position\":3,\"name\":\"Schwerpunkte\",\"item\":\"https:\\\/\\\/www.ecovis.com\\\/neubrandenburg\\\/beratungsschwerpunkte\\\/\"},{\"@type\":\"ListItem\",\"position\":4,\"name\":\"Entgeltabrechnung und Lohnabrechnung nach TV\u00f6D\"}]},{\"@type\":\"WebSite\",\"@id\":\"https:\\\/\\\/www.ecovis.com\\\/neubrandenburg\\\/#website\",\"url\":\"https:\\\/\\\/www.ecovis.com\\\/neubrandenburg\\\/\",\"name\":\"Ecovis.com\",\"description\":\"\",\"potentialAction\":[{\"@type\":\"SearchAction\",\"target\":{\"@type\":\"EntryPoint\",\"urlTemplate\":\"https:\\\/\\\/www.ecovis.com\\\/neubrandenburg\\\/?s={search_term_string}\"},\"query-input\":{\"@type\":\"PropertyValueSpecification\",\"valueRequired\":true,\"valueName\":\"search_term_string\"}}],\"inLanguage\":\"de\"}]}<\/script>\n<!-- \/ Yoast SEO plugin. -->","yoast_head_json":{"title":"ECOVIS Neubrandenburg - Entgeltabrechnung und Lohnabrechnung nach TV\u00f6D","description":"Lohn- & Gehaltsabrechnungen nach TV\u00f6D in Neubrandenburg rechtssicher, digital & zuverl\u00e4ssig. Jetzt Beratungstermin bei Ihrer Steuerberaterin vereinbaren!","robots":{"index":"index","follow":"follow","max-snippet":"max-snippet:-1","max-image-preview":"max-image-preview:large","max-video-preview":"max-video-preview:-1"},"canonical":"https:\/\/www.ecovis.com\/neubrandenburg\/beratungsschwerpunkte\/entgeltabrechnung-und-lohnabrechnung-nach-tvoed\/","og_locale":"de_DE","og_type":"article","og_title":"ECOVIS Neubrandenburg - Entgeltabrechnung und Lohnabrechnung nach TV\u00f6D","og_description":"Lohn- & Gehaltsabrechnungen nach TV\u00f6D in Neubrandenburg rechtssicher, digital & zuverl\u00e4ssig. Jetzt Beratungstermin bei Ihrer Steuerberaterin vereinbaren!","og_url":"https:\/\/www.ecovis.com\/neubrandenburg\/beratungsschwerpunkte\/entgeltabrechnung-und-lohnabrechnung-nach-tvoed\/","og_site_name":"Ecovis Neubrandenburg","article_modified_time":"2025-05-27T12:07:08+00:00","twitter_card":"summary_large_image","schema":{"@context":"https:\/\/schema.org","@graph":[{"@type":"WebPage","@id":"https:\/\/www.ecovis.com\/neubrandenburg\/beratungsschwerpunkte\/entgeltabrechnung-und-lohnabrechnung-nach-tvoed\/","url":"https:\/\/www.ecovis.com\/neubrandenburg\/beratungsschwerpunkte\/entgeltabrechnung-und-lohnabrechnung-nach-tvoed\/","name":"ECOVIS Neubrandenburg - Entgeltabrechnung und Lohnabrechnung nach TV\u00f6D","isPartOf":{"@id":"https:\/\/www.ecovis.com\/neubrandenburg\/#website"},"datePublished":"2025-05-27T11:40:47+00:00","dateModified":"2025-05-27T12:07:08+00:00","description":"Lohn- & Gehaltsabrechnungen nach TV\u00f6D in Neubrandenburg rechtssicher, digital & zuverl\u00e4ssig. Jetzt Beratungstermin bei Ihrer Steuerberaterin vereinbaren!","breadcrumb":{"@id":"https:\/\/www.ecovis.com\/neubrandenburg\/beratungsschwerpunkte\/entgeltabrechnung-und-lohnabrechnung-nach-tvoed\/#breadcrumb"},"inLanguage":"de","potentialAction":[{"@type":"ReadAction","target":["https:\/\/www.ecovis.com\/neubrandenburg\/beratungsschwerpunkte\/entgeltabrechnung-und-lohnabrechnung-nach-tvoed\/"]}]},{"@type":"BreadcrumbList","@id":"https:\/\/www.ecovis.com\/neubrandenburg\/beratungsschwerpunkte\/entgeltabrechnung-und-lohnabrechnung-nach-tvoed\/#breadcrumb","itemListElement":[{"@type":"ListItem","position":1,"name":"Ecovis Global","item":"https:\/\/www.ecovis.com\/"},{"@type":"ListItem","position":2,"name":"Home","item":"https:\/\/www.ecovis.com\/neubrandenburg\/"},{"@type":"ListItem","position":3,"name":"Schwerpunkte","item":"https:\/\/www.ecovis.com\/neubrandenburg\/beratungsschwerpunkte\/"},{"@type":"ListItem","position":4,"name":"Entgeltabrechnung und Lohnabrechnung nach TV\u00f6D"}]},{"@type":"WebSite","@id":"https:\/\/www.ecovis.com\/neubrandenburg\/#website","url":"https:\/\/www.ecovis.com\/neubrandenburg\/","name":"Ecovis.com","description":"","potentialAction":[{"@type":"SearchAction","target":{"@type":"EntryPoint","urlTemplate":"https:\/\/www.ecovis.com\/neubrandenburg\/?s={search_term_string}"},"query-input":{"@type":"PropertyValueSpecification","valueRequired":true,"valueName":"search_term_string"}}],"inLanguage":"de"}]}},"_links":{"self":[{"href":"https:\/\/www.ecovis.com\/neubrandenburg\/wp-json\/wp\/v2\/pages\/4306","targetHints":{"allow":["GET"]}}],"collection":[{"href":"https:\/\/www.ecovis.com\/neubrandenburg\/wp-json\/wp\/v2\/pages"}],"about":[{"href":"https:\/\/www.ecovis.com\/neubrandenburg\/wp-json\/wp\/v2\/types\/page"}],"author":[{"embeddable":true,"href":"https:\/\/www.ecovis.com\/neubrandenburg\/wp-json\/wp\/v2\/users\/26"}],"replies":[{"embeddable":true,"href":"https:\/\/www.ecovis.com\/neubrandenburg\/wp-json\/wp\/v2\/comments?post=4306"}],"version-history":[{"count":5,"href":"https:\/\/www.ecovis.com\/neubrandenburg\/wp-json\/wp\/v2\/pages\/4306\/revisions"}],"predecessor-version":[{"id":4312,"href":"https:\/\/www.ecovis.com\/neubrandenburg\/wp-json\/wp\/v2\/pages\/4306\/revisions\/4312"}],"up":[{"embeddable":true,"href":"https:\/\/www.ecovis.com\/neubrandenburg\/wp-json\/wp\/v2\/pages\/3771"}],"wp:attachment":[{"href":"https:\/\/www.ecovis.com\/neubrandenburg\/wp-json\/wp\/v2\/media?parent=4306"}],"curies":[{"name":"wp","href":"https:\/\/api.w.org\/{rel}","templated":true}]}}