{"id":4640,"date":"2025-09-15T17:23:49","date_gmt":"2025-09-15T15:23:49","guid":{"rendered":"https:\/\/www.ecovis.com\/b04_muenchen\/?page_id=4640"},"modified":"2026-03-26T10:30:18","modified_gmt":"2026-03-26T09:30:18","slug":"rechtsanwaelte-muenchen","status":"publish","type":"page","link":"https:\/\/www.ecovis.com\/muenchen\/kontakt\/rechtsanwaelte-muenchen\/","title":{"rendered":"Rechtsanw\u00e4lte M\u00fcnchen"},"content":{"rendered":"","protected":false},"excerpt":{"rendered":"","protected":false},"author":28,"featured_media":0,"parent":3811,"menu_order":0,"comment_status":"closed","ping_status":"closed","template":"services.php","meta":{"_acf_changed":false,"footnotes":""},"class_list":["post-4640","page","type-page","status-publish","hentry"],"acf":[],"yoast_head":"<!-- This site is optimized with the Yoast SEO plugin v27.2 - https:\/\/yoast.com\/product\/yoast-seo-wordpress\/ -->\n<title>Ecovis M\u00fcnchen - Jetzt Kontakt aufnehmen f\u00fcr Beratung &amp; Service<\/title>\n<meta name=\"description\" content=\"Sie m\u00f6chten mit Ecovis in M\u00fcnchen Kontakt aufnehmen? Wir beraten Sie pers\u00f6nlich zu Steuerrecht, Unternehmensstrategie, Immobilien &amp; mehr.\" \/>\n<meta name=\"robots\" content=\"index, follow, max-snippet:-1, max-image-preview:large, max-video-preview:-1\" \/>\n<link rel=\"canonical\" href=\"https:\/\/www.ecovis.com\/muenchen\/kontakt\/rechtsanwaelte-muenchen\/\" \/>\n<meta property=\"og:locale\" content=\"de_DE\" \/>\n<meta property=\"og:type\" content=\"article\" \/>\n<meta property=\"og:title\" content=\"Ecovis M\u00fcnchen - Jetzt Kontakt aufnehmen f\u00fcr Beratung &amp; Service\" \/>\n<meta property=\"og:description\" content=\"Sie m\u00f6chten mit Ecovis in M\u00fcnchen Kontakt aufnehmen? Wir beraten Sie pers\u00f6nlich zu Steuerrecht, Unternehmensstrategie, Immobilien &amp; mehr.\" \/>\n<meta property=\"og:url\" content=\"https:\/\/www.ecovis.com\/muenchen\/kontakt\/rechtsanwaelte-muenchen\/\" \/>\n<meta property=\"og:site_name\" content=\"Ecovis M\u00fcnchen\" \/>\n<meta property=\"article:modified_time\" content=\"2026-03-26T09:30:18+00:00\" \/>\n<meta name=\"twitter:card\" content=\"summary_large_image\" \/>\n<script type=\"application\/ld+json\" class=\"yoast-schema-graph\">{\"@context\":\"https:\/\/schema.org\",\"@graph\":[{\"@type\":\"WebPage\",\"@id\":\"https:\/\/www.ecovis.com\/muenchen\/kontakt\/rechtsanwaelte-muenchen\/\",\"url\":\"https:\/\/www.ecovis.com\/muenchen\/kontakt\/rechtsanwaelte-muenchen\/\",\"name\":\"Ecovis M\u00fcnchen - Jetzt Kontakt aufnehmen f\u00fcr Beratung & Service\",\"isPartOf\":{\"@id\":\"https:\/\/www.ecovis.com\/muenchen\/#website\"},\"datePublished\":\"2025-09-15T15:23:49+00:00\",\"dateModified\":\"2026-03-26T09:30:18+00:00\",\"description\":\"Sie m\u00f6chten mit Ecovis in M\u00fcnchen Kontakt aufnehmen? Wir beraten Sie pers\u00f6nlich zu Steuerrecht, Unternehmensstrategie, Immobilien & mehr.\",\"breadcrumb\":{\"@id\":\"https:\/\/www.ecovis.com\/muenchen\/kontakt\/rechtsanwaelte-muenchen\/#breadcrumb\"},\"inLanguage\":\"de\",\"potentialAction\":[{\"@type\":\"ReadAction\",\"target\":[\"https:\/\/www.ecovis.com\/muenchen\/kontakt\/rechtsanwaelte-muenchen\/\"]}]},{\"@type\":\"BreadcrumbList\",\"@id\":\"https:\/\/www.ecovis.com\/muenchen\/kontakt\/rechtsanwaelte-muenchen\/#breadcrumb\",\"itemListElement\":[{\"@type\":\"ListItem\",\"position\":1,\"name\":\"Ecovis Global\",\"item\":\"https:\/\/www.ecovis.com\/\"},{\"@type\":\"ListItem\",\"position\":2,\"name\":\"Home\",\"item\":\"https:\/\/www.ecovis.com\/muenchen\/\"},{\"@type\":\"ListItem\",\"position\":3,\"name\":\"Kontakt\",\"item\":\"https:\/\/www.ecovis.com\/muenchen\/kontakt\/\"},{\"@type\":\"ListItem\",\"position\":4,\"name\":\"Rechtsanw\u00e4lte M\u00fcnchen\"}]},{\"@type\":\"WebSite\",\"@id\":\"https:\/\/www.ecovis.com\/muenchen\/#website\",\"url\":\"https:\/\/www.ecovis.com\/muenchen\/\",\"name\":\"Ecovis.com\",\"description\":\"\",\"potentialAction\":[{\"@type\":\"SearchAction\",\"target\":{\"@type\":\"EntryPoint\",\"urlTemplate\":\"https:\/\/www.ecovis.com\/muenchen\/?s={search_term_string}\"},\"query-input\":{\"@type\":\"PropertyValueSpecification\",\"valueRequired\":true,\"valueName\":\"search_term_string\"}}],\"inLanguage\":\"de\"}]}<\/script>\n<!-- \/ Yoast SEO plugin. -->","yoast_head_json":{"title":"Ecovis M\u00fcnchen - Jetzt Kontakt aufnehmen f\u00fcr Beratung & Service","description":"Sie m\u00f6chten mit Ecovis in M\u00fcnchen Kontakt aufnehmen? Wir beraten Sie pers\u00f6nlich zu Steuerrecht, Unternehmensstrategie, Immobilien & mehr.","robots":{"index":"index","follow":"follow","max-snippet":"max-snippet:-1","max-image-preview":"max-image-preview:large","max-video-preview":"max-video-preview:-1"},"canonical":"https:\/\/www.ecovis.com\/muenchen\/kontakt\/rechtsanwaelte-muenchen\/","og_locale":"de_DE","og_type":"article","og_title":"Ecovis M\u00fcnchen - Jetzt Kontakt aufnehmen f\u00fcr Beratung & Service","og_description":"Sie m\u00f6chten mit Ecovis in M\u00fcnchen Kontakt aufnehmen? Wir beraten Sie pers\u00f6nlich zu Steuerrecht, Unternehmensstrategie, Immobilien & mehr.","og_url":"https:\/\/www.ecovis.com\/muenchen\/kontakt\/rechtsanwaelte-muenchen\/","og_site_name":"Ecovis M\u00fcnchen","article_modified_time":"2026-03-26T09:30:18+00:00","twitter_card":"summary_large_image","schema":{"@context":"https:\/\/schema.org","@graph":[{"@type":"WebPage","@id":"https:\/\/www.ecovis.com\/muenchen\/kontakt\/rechtsanwaelte-muenchen\/","url":"https:\/\/www.ecovis.com\/muenchen\/kontakt\/rechtsanwaelte-muenchen\/","name":"Ecovis M\u00fcnchen - Jetzt Kontakt aufnehmen f\u00fcr Beratung & Service","isPartOf":{"@id":"https:\/\/www.ecovis.com\/muenchen\/#website"},"datePublished":"2025-09-15T15:23:49+00:00","dateModified":"2026-03-26T09:30:18+00:00","description":"Sie m\u00f6chten mit Ecovis in M\u00fcnchen Kontakt aufnehmen? Wir beraten Sie pers\u00f6nlich zu Steuerrecht, Unternehmensstrategie, Immobilien & mehr.","breadcrumb":{"@id":"https:\/\/www.ecovis.com\/muenchen\/kontakt\/rechtsanwaelte-muenchen\/#breadcrumb"},"inLanguage":"de","potentialAction":[{"@type":"ReadAction","target":["https:\/\/www.ecovis.com\/muenchen\/kontakt\/rechtsanwaelte-muenchen\/"]}]},{"@type":"BreadcrumbList","@id":"https:\/\/www.ecovis.com\/muenchen\/kontakt\/rechtsanwaelte-muenchen\/#breadcrumb","itemListElement":[{"@type":"ListItem","position":1,"name":"Ecovis Global","item":"https:\/\/www.ecovis.com\/"},{"@type":"ListItem","position":2,"name":"Home","item":"https:\/\/www.ecovis.com\/muenchen\/"},{"@type":"ListItem","position":3,"name":"Kontakt","item":"https:\/\/www.ecovis.com\/muenchen\/kontakt\/"},{"@type":"ListItem","position":4,"name":"Rechtsanw\u00e4lte M\u00fcnchen"}]},{"@type":"WebSite","@id":"https:\/\/www.ecovis.com\/muenchen\/#website","url":"https:\/\/www.ecovis.com\/muenchen\/","name":"Ecovis.com","description":"","potentialAction":[{"@type":"SearchAction","target":{"@type":"EntryPoint","urlTemplate":"https:\/\/www.ecovis.com\/muenchen\/?s={search_term_string}"},"query-input":{"@type":"PropertyValueSpecification","valueRequired":true,"valueName":"search_term_string"}}],"inLanguage":"de"}]}},"_links":{"self":[{"href":"https:\/\/www.ecovis.com\/muenchen\/wp-json\/wp\/v2\/pages\/4640","targetHints":{"allow":["GET"]}}],"collection":[{"href":"https:\/\/www.ecovis.com\/muenchen\/wp-json\/wp\/v2\/pages"}],"about":[{"href":"https:\/\/www.ecovis.com\/muenchen\/wp-json\/wp\/v2\/types\/page"}],"author":[{"embeddable":true,"href":"https:\/\/www.ecovis.com\/muenchen\/wp-json\/wp\/v2\/users\/28"}],"replies":[{"embeddable":true,"href":"https:\/\/www.ecovis.com\/muenchen\/wp-json\/wp\/v2\/comments?post=4640"}],"version-history":[{"count":6,"href":"https:\/\/www.ecovis.com\/muenchen\/wp-json\/wp\/v2\/pages\/4640\/revisions"}],"predecessor-version":[{"id":4788,"href":"https:\/\/www.ecovis.com\/muenchen\/wp-json\/wp\/v2\/pages\/4640\/revisions\/4788"}],"up":[{"embeddable":true,"href":"https:\/\/www.ecovis.com\/muenchen\/wp-json\/wp\/v2\/pages\/3811"}],"wp:attachment":[{"href":"https:\/\/www.ecovis.com\/muenchen\/wp-json\/wp\/v2\/media?parent=4640"}],"curies":[{"name":"wp","href":"https:\/\/api.w.org\/{rel}","templated":true}]}}