{"id":2288,"date":"2021-01-27T17:51:50","date_gmt":"2021-01-27T16:51:50","guid":{"rendered":"https:\/\/www.ecovis.com\/lithuania\/lt\/?page_id=2288"},"modified":"2021-02-23T20:21:03","modified_gmt":"2021-02-23T19:21:03","slug":"transport-and-maritime-law","status":"publish","type":"page","link":"https:\/\/www.ecovis.com\/lithuania\/lt\/business-sectors\/transport-and-maritime-law\/","title":{"rendered":"Transporto ir j\u016bs\u0173 teis\u0117"},"content":{"rendered":"","protected":false},"excerpt":{"rendered":"","protected":false},"author":15,"featured_media":0,"parent":2270,"menu_order":20,"comment_status":"closed","ping_status":"closed","template":"","meta":{"_acf_changed":false,"footnotes":""},"class_list":["post-2288","page","type-page","status-publish","hentry"],"acf":[],"yoast_head":"<!-- This site is optimized with the Yoast SEO plugin v27.3 - https:\/\/yoast.com\/product\/yoast-seo-wordpress\/ -->\n<title>Transporto ir j\u016bs\u0173 teis\u0117 - Ecovis Lietuvoje<\/title>\n<meta name=\"robots\" content=\"index, follow, max-snippet:-1, max-image-preview:large, max-video-preview:-1\" \/>\n<link rel=\"canonical\" href=\"https:\/\/www.ecovis.com\/lithuania\/lt\/business-sectors\/transport-and-maritime-law\/\" \/>\n<meta property=\"og:locale\" content=\"en_US\" \/>\n<meta property=\"og:type\" content=\"article\" \/>\n<meta property=\"og:title\" content=\"Transporto ir j\u016bs\u0173 teis\u0117 - Ecovis Lietuvoje\" \/>\n<meta property=\"og:url\" content=\"https:\/\/www.ecovis.com\/lithuania\/lt\/business-sectors\/transport-and-maritime-law\/\" \/>\n<meta property=\"og:site_name\" content=\"Ecovis Lietuvoje\" \/>\n<meta property=\"article:modified_time\" content=\"2021-02-23T19:21:03+00:00\" \/>\n<meta name=\"twitter:card\" content=\"summary_large_image\" \/>\n<script type=\"application\/ld+json\" class=\"yoast-schema-graph\">{\"@context\":\"https:\\\/\\\/schema.org\",\"@graph\":[{\"@type\":\"WebPage\",\"@id\":\"https:\\\/\\\/www.ecovis.com\\\/lithuania\\\/lt\\\/business-sectors\\\/transport-and-maritime-law\\\/\",\"url\":\"https:\\\/\\\/www.ecovis.com\\\/lithuania\\\/lt\\\/business-sectors\\\/transport-and-maritime-law\\\/\",\"name\":\"Transporto ir j\u016bs\u0173 teis\u0117 - Ecovis Lietuvoje\",\"isPartOf\":{\"@id\":\"https:\\\/\\\/www.ecovis.com\\\/lithuania\\\/lt\\\/#website\"},\"datePublished\":\"2021-01-27T16:51:50+00:00\",\"dateModified\":\"2021-02-23T19:21:03+00:00\",\"breadcrumb\":{\"@id\":\"https:\\\/\\\/www.ecovis.com\\\/lithuania\\\/lt\\\/business-sectors\\\/transport-and-maritime-law\\\/#breadcrumb\"},\"inLanguage\":\"en-US\",\"potentialAction\":[{\"@type\":\"ReadAction\",\"target\":[\"https:\\\/\\\/www.ecovis.com\\\/lithuania\\\/lt\\\/business-sectors\\\/transport-and-maritime-law\\\/\"]}]},{\"@type\":\"BreadcrumbList\",\"@id\":\"https:\\\/\\\/www.ecovis.com\\\/lithuania\\\/lt\\\/business-sectors\\\/transport-and-maritime-law\\\/#breadcrumb\",\"itemListElement\":[{\"@type\":\"ListItem\",\"position\":1,\"name\":\"Ecovis Global\",\"item\":\"https:\\\/\\\/www.ecovis.com\\\/\"},{\"@type\":\"ListItem\",\"position\":2,\"name\":\"Prad\u017eia\",\"item\":\"https:\\\/\\\/www.ecovis.com\\\/lithuania\\\/lt\\\/\"},{\"@type\":\"ListItem\",\"position\":3,\"name\":\"Verslo sritys\",\"item\":\"https:\\\/\\\/www.ecovis.com\\\/lithuania\\\/lt\\\/business-sectors\\\/\"},{\"@type\":\"ListItem\",\"position\":4,\"name\":\"Transporto ir j\u016bs\u0173 teis\u0117\"}]},{\"@type\":\"WebSite\",\"@id\":\"https:\\\/\\\/www.ecovis.com\\\/lithuania\\\/lt\\\/#website\",\"url\":\"https:\\\/\\\/www.ecovis.com\\\/lithuania\\\/lt\\\/\",\"name\":\"Ecovis.com\",\"description\":\"\",\"potentialAction\":[{\"@type\":\"SearchAction\",\"target\":{\"@type\":\"EntryPoint\",\"urlTemplate\":\"https:\\\/\\\/www.ecovis.com\\\/lithuania\\\/lt\\\/?s={search_term_string}\"},\"query-input\":{\"@type\":\"PropertyValueSpecification\",\"valueRequired\":true,\"valueName\":\"search_term_string\"}}],\"inLanguage\":\"en-US\"}]}<\/script>\n<!-- \/ Yoast SEO plugin. -->","yoast_head_json":{"title":"Transporto ir j\u016bs\u0173 teis\u0117 - Ecovis Lietuvoje","robots":{"index":"index","follow":"follow","max-snippet":"max-snippet:-1","max-image-preview":"max-image-preview:large","max-video-preview":"max-video-preview:-1"},"canonical":"https:\/\/www.ecovis.com\/lithuania\/lt\/business-sectors\/transport-and-maritime-law\/","og_locale":"en_US","og_type":"article","og_title":"Transporto ir j\u016bs\u0173 teis\u0117 - Ecovis Lietuvoje","og_url":"https:\/\/www.ecovis.com\/lithuania\/lt\/business-sectors\/transport-and-maritime-law\/","og_site_name":"Ecovis Lietuvoje","article_modified_time":"2021-02-23T19:21:03+00:00","twitter_card":"summary_large_image","schema":{"@context":"https:\/\/schema.org","@graph":[{"@type":"WebPage","@id":"https:\/\/www.ecovis.com\/lithuania\/lt\/business-sectors\/transport-and-maritime-law\/","url":"https:\/\/www.ecovis.com\/lithuania\/lt\/business-sectors\/transport-and-maritime-law\/","name":"Transporto ir j\u016bs\u0173 teis\u0117 - Ecovis Lietuvoje","isPartOf":{"@id":"https:\/\/www.ecovis.com\/lithuania\/lt\/#website"},"datePublished":"2021-01-27T16:51:50+00:00","dateModified":"2021-02-23T19:21:03+00:00","breadcrumb":{"@id":"https:\/\/www.ecovis.com\/lithuania\/lt\/business-sectors\/transport-and-maritime-law\/#breadcrumb"},"inLanguage":"en-US","potentialAction":[{"@type":"ReadAction","target":["https:\/\/www.ecovis.com\/lithuania\/lt\/business-sectors\/transport-and-maritime-law\/"]}]},{"@type":"BreadcrumbList","@id":"https:\/\/www.ecovis.com\/lithuania\/lt\/business-sectors\/transport-and-maritime-law\/#breadcrumb","itemListElement":[{"@type":"ListItem","position":1,"name":"Ecovis Global","item":"https:\/\/www.ecovis.com\/"},{"@type":"ListItem","position":2,"name":"Prad\u017eia","item":"https:\/\/www.ecovis.com\/lithuania\/lt\/"},{"@type":"ListItem","position":3,"name":"Verslo sritys","item":"https:\/\/www.ecovis.com\/lithuania\/lt\/business-sectors\/"},{"@type":"ListItem","position":4,"name":"Transporto ir j\u016bs\u0173 teis\u0117"}]},{"@type":"WebSite","@id":"https:\/\/www.ecovis.com\/lithuania\/lt\/#website","url":"https:\/\/www.ecovis.com\/lithuania\/lt\/","name":"Ecovis.com","description":"","potentialAction":[{"@type":"SearchAction","target":{"@type":"EntryPoint","urlTemplate":"https:\/\/www.ecovis.com\/lithuania\/lt\/?s={search_term_string}"},"query-input":{"@type":"PropertyValueSpecification","valueRequired":true,"valueName":"search_term_string"}}],"inLanguage":"en-US"}]}},"_links":{"self":[{"href":"https:\/\/www.ecovis.com\/lithuania\/lt\/wp-json\/wp\/v2\/pages\/2288","targetHints":{"allow":["GET"]}}],"collection":[{"href":"https:\/\/www.ecovis.com\/lithuania\/lt\/wp-json\/wp\/v2\/pages"}],"about":[{"href":"https:\/\/www.ecovis.com\/lithuania\/lt\/wp-json\/wp\/v2\/types\/page"}],"author":[{"embeddable":true,"href":"https:\/\/www.ecovis.com\/lithuania\/lt\/wp-json\/wp\/v2\/users\/15"}],"replies":[{"embeddable":true,"href":"https:\/\/www.ecovis.com\/lithuania\/lt\/wp-json\/wp\/v2\/comments?post=2288"}],"version-history":[{"count":2,"href":"https:\/\/www.ecovis.com\/lithuania\/lt\/wp-json\/wp\/v2\/pages\/2288\/revisions"}],"predecessor-version":[{"id":2481,"href":"https:\/\/www.ecovis.com\/lithuania\/lt\/wp-json\/wp\/v2\/pages\/2288\/revisions\/2481"}],"up":[{"embeddable":true,"href":"https:\/\/www.ecovis.com\/lithuania\/lt\/wp-json\/wp\/v2\/pages\/2270"}],"wp:attachment":[{"href":"https:\/\/www.ecovis.com\/lithuania\/lt\/wp-json\/wp\/v2\/media?parent=2288"}],"curies":[{"name":"wp","href":"https:\/\/api.w.org\/{rel}","templated":true}]}}