{"id":2339,"date":"2021-01-28T12:27:07","date_gmt":"2021-01-28T11:27:07","guid":{"rendered":"https:\/\/www.ecovis.com\/lithuania\/de\/?page_id=2339"},"modified":"2022-03-15T13:01:14","modified_gmt":"2022-03-15T12:01:14","slug":"korrespondenzbankkonten-fur-finanzinstitute-sepa-und-target2-verbindung","status":"publish","type":"page","link":"https:\/\/www.ecovis.com\/lithuania\/de\/fintech\/korrespondenzbankkonten-fur-finanzinstitute-sepa-und-target2-verbindung\/","title":{"rendered":"Korrespondenzbankkonten f\u00fcr Finanzinstitute. SEPA- und TARGET2-Verbindung"},"content":{"rendered":"","protected":false},"excerpt":{"rendered":"","protected":false},"author":15,"featured_media":0,"parent":2291,"menu_order":70,"comment_status":"closed","ping_status":"closed","template":"","meta":{"_acf_changed":false,"footnotes":""},"class_list":["post-2339","page","type-page","status-publish","hentry"],"acf":[],"yoast_head":"<!-- This site is optimized with the Yoast SEO plugin v27.2 - https:\/\/yoast.com\/product\/yoast-seo-wordpress\/ -->\n<title>Korrespondenzbankkonten f\u00fcr Finanzinstitute<\/title>\n<meta name=\"description\" content=\"Getrennte Kundenfonds-Konten f\u00fcr Fintech. Direkte SEPA-, TARGET2-Verbindung \u00fcber die Zentralbank.\" \/>\n<meta name=\"robots\" content=\"index, follow, max-snippet:-1, max-image-preview:large, max-video-preview:-1\" \/>\n<link rel=\"canonical\" href=\"https:\/\/www.ecovis.com\/lithuania\/de\/fintech\/korrespondenzbankkonten-fur-finanzinstitute-sepa-und-target2-verbindung\/\" \/>\n<meta property=\"og:locale\" content=\"en_US\" \/>\n<meta property=\"og:type\" content=\"article\" \/>\n<meta property=\"og:title\" content=\"Korrespondenzbankkonten f\u00fcr Finanzinstitute\" \/>\n<meta property=\"og:description\" content=\"Getrennte Kundenfonds-Konten f\u00fcr Fintech. Direkte SEPA-, TARGET2-Verbindung \u00fcber die Zentralbank.\" \/>\n<meta property=\"og:url\" content=\"https:\/\/www.ecovis.com\/lithuania\/de\/fintech\/korrespondenzbankkonten-fur-finanzinstitute-sepa-und-target2-verbindung\/\" \/>\n<meta property=\"og:site_name\" content=\"Ecovis in Litauen\" \/>\n<meta property=\"article:modified_time\" content=\"2022-03-15T12:01:14+00:00\" \/>\n<meta name=\"twitter:card\" content=\"summary_large_image\" \/>\n<script type=\"application\/ld+json\" class=\"yoast-schema-graph\">{\"@context\":\"https:\/\/schema.org\",\"@graph\":[{\"@type\":\"WebPage\",\"@id\":\"https:\/\/www.ecovis.com\/lithuania\/de\/fintech\/korrespondenzbankkonten-fur-finanzinstitute-sepa-und-target2-verbindung\/\",\"url\":\"https:\/\/www.ecovis.com\/lithuania\/de\/fintech\/korrespondenzbankkonten-fur-finanzinstitute-sepa-und-target2-verbindung\/\",\"name\":\"Korrespondenzbankkonten f\u00fcr Finanzinstitute\",\"isPartOf\":{\"@id\":\"https:\/\/www.ecovis.com\/lithuania\/de\/#website\"},\"datePublished\":\"2021-01-28T11:27:07+00:00\",\"dateModified\":\"2022-03-15T12:01:14+00:00\",\"description\":\"Getrennte Kundenfonds-Konten f\u00fcr Fintech. Direkte SEPA-, TARGET2-Verbindung \u00fcber die Zentralbank.\",\"breadcrumb\":{\"@id\":\"https:\/\/www.ecovis.com\/lithuania\/de\/fintech\/korrespondenzbankkonten-fur-finanzinstitute-sepa-und-target2-verbindung\/#breadcrumb\"},\"inLanguage\":\"en-US\",\"potentialAction\":[{\"@type\":\"ReadAction\",\"target\":[\"https:\/\/www.ecovis.com\/lithuania\/de\/fintech\/korrespondenzbankkonten-fur-finanzinstitute-sepa-und-target2-verbindung\/\"]}]},{\"@type\":\"BreadcrumbList\",\"@id\":\"https:\/\/www.ecovis.com\/lithuania\/de\/fintech\/korrespondenzbankkonten-fur-finanzinstitute-sepa-und-target2-verbindung\/#breadcrumb\",\"itemListElement\":[{\"@type\":\"ListItem\",\"position\":1,\"name\":\"Ecovis Global\",\"item\":\"https:\/\/www.ecovis.com\/\"},{\"@type\":\"ListItem\",\"position\":2,\"name\":\"Startseite\",\"item\":\"https:\/\/www.ecovis.com\/lithuania\/de\/\"},{\"@type\":\"ListItem\",\"position\":3,\"name\":\"FinTech\",\"item\":\"https:\/\/www.ecovis.com\/lithuania\/de\/fintech\/\"},{\"@type\":\"ListItem\",\"position\":4,\"name\":\"Korrespondenzbankkonten f\u00fcr Finanzinstitute. SEPA- und TARGET2-Verbindung\"}]},{\"@type\":\"WebSite\",\"@id\":\"https:\/\/www.ecovis.com\/lithuania\/de\/#website\",\"url\":\"https:\/\/www.ecovis.com\/lithuania\/de\/\",\"name\":\"Ecovis.com\",\"description\":\"\",\"potentialAction\":[{\"@type\":\"SearchAction\",\"target\":{\"@type\":\"EntryPoint\",\"urlTemplate\":\"https:\/\/www.ecovis.com\/lithuania\/de\/?s={search_term_string}\"},\"query-input\":{\"@type\":\"PropertyValueSpecification\",\"valueRequired\":true,\"valueName\":\"search_term_string\"}}],\"inLanguage\":\"en-US\"}]}<\/script>\n<!-- \/ Yoast SEO plugin. -->","yoast_head_json":{"title":"Korrespondenzbankkonten f\u00fcr Finanzinstitute","description":"Getrennte Kundenfonds-Konten f\u00fcr Fintech. Direkte SEPA-, TARGET2-Verbindung \u00fcber die Zentralbank.","robots":{"index":"index","follow":"follow","max-snippet":"max-snippet:-1","max-image-preview":"max-image-preview:large","max-video-preview":"max-video-preview:-1"},"canonical":"https:\/\/www.ecovis.com\/lithuania\/de\/fintech\/korrespondenzbankkonten-fur-finanzinstitute-sepa-und-target2-verbindung\/","og_locale":"en_US","og_type":"article","og_title":"Korrespondenzbankkonten f\u00fcr Finanzinstitute","og_description":"Getrennte Kundenfonds-Konten f\u00fcr Fintech. Direkte SEPA-, TARGET2-Verbindung \u00fcber die Zentralbank.","og_url":"https:\/\/www.ecovis.com\/lithuania\/de\/fintech\/korrespondenzbankkonten-fur-finanzinstitute-sepa-und-target2-verbindung\/","og_site_name":"Ecovis in Litauen","article_modified_time":"2022-03-15T12:01:14+00:00","twitter_card":"summary_large_image","schema":{"@context":"https:\/\/schema.org","@graph":[{"@type":"WebPage","@id":"https:\/\/www.ecovis.com\/lithuania\/de\/fintech\/korrespondenzbankkonten-fur-finanzinstitute-sepa-und-target2-verbindung\/","url":"https:\/\/www.ecovis.com\/lithuania\/de\/fintech\/korrespondenzbankkonten-fur-finanzinstitute-sepa-und-target2-verbindung\/","name":"Korrespondenzbankkonten f\u00fcr Finanzinstitute","isPartOf":{"@id":"https:\/\/www.ecovis.com\/lithuania\/de\/#website"},"datePublished":"2021-01-28T11:27:07+00:00","dateModified":"2022-03-15T12:01:14+00:00","description":"Getrennte Kundenfonds-Konten f\u00fcr Fintech. Direkte SEPA-, TARGET2-Verbindung \u00fcber die Zentralbank.","breadcrumb":{"@id":"https:\/\/www.ecovis.com\/lithuania\/de\/fintech\/korrespondenzbankkonten-fur-finanzinstitute-sepa-und-target2-verbindung\/#breadcrumb"},"inLanguage":"en-US","potentialAction":[{"@type":"ReadAction","target":["https:\/\/www.ecovis.com\/lithuania\/de\/fintech\/korrespondenzbankkonten-fur-finanzinstitute-sepa-und-target2-verbindung\/"]}]},{"@type":"BreadcrumbList","@id":"https:\/\/www.ecovis.com\/lithuania\/de\/fintech\/korrespondenzbankkonten-fur-finanzinstitute-sepa-und-target2-verbindung\/#breadcrumb","itemListElement":[{"@type":"ListItem","position":1,"name":"Ecovis Global","item":"https:\/\/www.ecovis.com\/"},{"@type":"ListItem","position":2,"name":"Startseite","item":"https:\/\/www.ecovis.com\/lithuania\/de\/"},{"@type":"ListItem","position":3,"name":"FinTech","item":"https:\/\/www.ecovis.com\/lithuania\/de\/fintech\/"},{"@type":"ListItem","position":4,"name":"Korrespondenzbankkonten f\u00fcr Finanzinstitute. SEPA- und TARGET2-Verbindung"}]},{"@type":"WebSite","@id":"https:\/\/www.ecovis.com\/lithuania\/de\/#website","url":"https:\/\/www.ecovis.com\/lithuania\/de\/","name":"Ecovis.com","description":"","potentialAction":[{"@type":"SearchAction","target":{"@type":"EntryPoint","urlTemplate":"https:\/\/www.ecovis.com\/lithuania\/de\/?s={search_term_string}"},"query-input":{"@type":"PropertyValueSpecification","valueRequired":true,"valueName":"search_term_string"}}],"inLanguage":"en-US"}]}},"_links":{"self":[{"href":"https:\/\/www.ecovis.com\/lithuania\/de\/wp-json\/wp\/v2\/pages\/2339","targetHints":{"allow":["GET"]}}],"collection":[{"href":"https:\/\/www.ecovis.com\/lithuania\/de\/wp-json\/wp\/v2\/pages"}],"about":[{"href":"https:\/\/www.ecovis.com\/lithuania\/de\/wp-json\/wp\/v2\/types\/page"}],"author":[{"embeddable":true,"href":"https:\/\/www.ecovis.com\/lithuania\/de\/wp-json\/wp\/v2\/users\/15"}],"replies":[{"embeddable":true,"href":"https:\/\/www.ecovis.com\/lithuania\/de\/wp-json\/wp\/v2\/comments?post=2339"}],"version-history":[{"count":3,"href":"https:\/\/www.ecovis.com\/lithuania\/de\/wp-json\/wp\/v2\/pages\/2339\/revisions"}],"predecessor-version":[{"id":2590,"href":"https:\/\/www.ecovis.com\/lithuania\/de\/wp-json\/wp\/v2\/pages\/2339\/revisions\/2590"}],"up":[{"embeddable":true,"href":"https:\/\/www.ecovis.com\/lithuania\/de\/wp-json\/wp\/v2\/pages\/2291"}],"wp:attachment":[{"href":"https:\/\/www.ecovis.com\/lithuania\/de\/wp-json\/wp\/v2\/media?parent=2339"}],"curies":[{"name":"wp","href":"https:\/\/api.w.org\/{rel}","templated":true}]}}