{"id":2337,"date":"2021-01-28T12:25:14","date_gmt":"2021-01-28T11:25:14","guid":{"rendered":"https:\/\/www.ecovis.com\/lithuania\/de\/?page_id=2337"},"modified":"2021-02-24T21:55:38","modified_gmt":"2021-02-24T20:55:38","slug":"eroffnung-eines-bankkontos","status":"publish","type":"page","link":"https:\/\/www.ecovis.com\/lithuania\/de\/fintech\/eroffnung-eines-bankkontos\/","title":{"rendered":"Er\u00f6ffnung eines Bankkontos"},"content":{"rendered":"","protected":false},"excerpt":{"rendered":"","protected":false},"author":15,"featured_media":0,"parent":2291,"menu_order":70,"comment_status":"closed","ping_status":"closed","template":"","meta":{"_acf_changed":false,"footnotes":""},"class_list":["post-2337","page","type-page","status-publish","hentry"],"acf":[],"yoast_head":"<!-- This site is optimized with the Yoast SEO plugin v27.2 - https:\/\/yoast.com\/product\/yoast-seo-wordpress\/ -->\n<title>Er\u00f6ffnung eines europ\u00e4ischen Bank- und EMI-Kontos f\u00fcr Unternehmen<\/title>\n<meta name=\"description\" content=\"IBAN-Konten bei europ\u00e4ischen Banken und E-Geld-Instituten f\u00fcr ausl\u00e4ndische Unternehmen. SEPA-\u00dcberweisungen.\" \/>\n<meta name=\"robots\" content=\"index, follow, max-snippet:-1, max-image-preview:large, max-video-preview:-1\" \/>\n<link rel=\"canonical\" href=\"https:\/\/www.ecovis.com\/lithuania\/de\/fintech\/eroffnung-eines-bankkontos\/\" \/>\n<meta property=\"og:locale\" content=\"en_US\" \/>\n<meta property=\"og:type\" content=\"article\" \/>\n<meta property=\"og:title\" content=\"Er\u00f6ffnung eines europ\u00e4ischen Bank- und EMI-Kontos f\u00fcr Unternehmen\" \/>\n<meta property=\"og:description\" content=\"IBAN-Konten bei europ\u00e4ischen Banken und E-Geld-Instituten f\u00fcr ausl\u00e4ndische Unternehmen. SEPA-\u00dcberweisungen.\" \/>\n<meta property=\"og:url\" content=\"https:\/\/www.ecovis.com\/lithuania\/de\/fintech\/eroffnung-eines-bankkontos\/\" \/>\n<meta property=\"og:site_name\" content=\"Ecovis in Litauen\" \/>\n<meta property=\"article:modified_time\" content=\"2021-02-24T20:55:38+00:00\" \/>\n<meta name=\"twitter:card\" content=\"summary_large_image\" \/>\n<script type=\"application\/ld+json\" class=\"yoast-schema-graph\">{\"@context\":\"https:\/\/schema.org\",\"@graph\":[{\"@type\":\"WebPage\",\"@id\":\"https:\/\/www.ecovis.com\/lithuania\/de\/fintech\/eroffnung-eines-bankkontos\/\",\"url\":\"https:\/\/www.ecovis.com\/lithuania\/de\/fintech\/eroffnung-eines-bankkontos\/\",\"name\":\"Er\u00f6ffnung eines europ\u00e4ischen Bank- und EMI-Kontos f\u00fcr Unternehmen\",\"isPartOf\":{\"@id\":\"https:\/\/www.ecovis.com\/lithuania\/de\/#website\"},\"datePublished\":\"2021-01-28T11:25:14+00:00\",\"dateModified\":\"2021-02-24T20:55:38+00:00\",\"description\":\"IBAN-Konten bei europ\u00e4ischen Banken und E-Geld-Instituten f\u00fcr ausl\u00e4ndische Unternehmen. SEPA-\u00dcberweisungen.\",\"breadcrumb\":{\"@id\":\"https:\/\/www.ecovis.com\/lithuania\/de\/fintech\/eroffnung-eines-bankkontos\/#breadcrumb\"},\"inLanguage\":\"en-US\",\"potentialAction\":[{\"@type\":\"ReadAction\",\"target\":[\"https:\/\/www.ecovis.com\/lithuania\/de\/fintech\/eroffnung-eines-bankkontos\/\"]}]},{\"@type\":\"BreadcrumbList\",\"@id\":\"https:\/\/www.ecovis.com\/lithuania\/de\/fintech\/eroffnung-eines-bankkontos\/#breadcrumb\",\"itemListElement\":[{\"@type\":\"ListItem\",\"position\":1,\"name\":\"Ecovis Global\",\"item\":\"https:\/\/www.ecovis.com\/\"},{\"@type\":\"ListItem\",\"position\":2,\"name\":\"Startseite\",\"item\":\"https:\/\/www.ecovis.com\/lithuania\/de\/\"},{\"@type\":\"ListItem\",\"position\":3,\"name\":\"FinTech\",\"item\":\"https:\/\/www.ecovis.com\/lithuania\/de\/fintech\/\"},{\"@type\":\"ListItem\",\"position\":4,\"name\":\"Er\u00f6ffnung eines Bankkontos\"}]},{\"@type\":\"WebSite\",\"@id\":\"https:\/\/www.ecovis.com\/lithuania\/de\/#website\",\"url\":\"https:\/\/www.ecovis.com\/lithuania\/de\/\",\"name\":\"Ecovis.com\",\"description\":\"\",\"potentialAction\":[{\"@type\":\"SearchAction\",\"target\":{\"@type\":\"EntryPoint\",\"urlTemplate\":\"https:\/\/www.ecovis.com\/lithuania\/de\/?s={search_term_string}\"},\"query-input\":{\"@type\":\"PropertyValueSpecification\",\"valueRequired\":true,\"valueName\":\"search_term_string\"}}],\"inLanguage\":\"en-US\"}]}<\/script>\n<!-- \/ Yoast SEO plugin. -->","yoast_head_json":{"title":"Er\u00f6ffnung eines europ\u00e4ischen Bank- und EMI-Kontos f\u00fcr Unternehmen","description":"IBAN-Konten bei europ\u00e4ischen Banken und E-Geld-Instituten f\u00fcr ausl\u00e4ndische Unternehmen. SEPA-\u00dcberweisungen.","robots":{"index":"index","follow":"follow","max-snippet":"max-snippet:-1","max-image-preview":"max-image-preview:large","max-video-preview":"max-video-preview:-1"},"canonical":"https:\/\/www.ecovis.com\/lithuania\/de\/fintech\/eroffnung-eines-bankkontos\/","og_locale":"en_US","og_type":"article","og_title":"Er\u00f6ffnung eines europ\u00e4ischen Bank- und EMI-Kontos f\u00fcr Unternehmen","og_description":"IBAN-Konten bei europ\u00e4ischen Banken und E-Geld-Instituten f\u00fcr ausl\u00e4ndische Unternehmen. SEPA-\u00dcberweisungen.","og_url":"https:\/\/www.ecovis.com\/lithuania\/de\/fintech\/eroffnung-eines-bankkontos\/","og_site_name":"Ecovis in Litauen","article_modified_time":"2021-02-24T20:55:38+00:00","twitter_card":"summary_large_image","schema":{"@context":"https:\/\/schema.org","@graph":[{"@type":"WebPage","@id":"https:\/\/www.ecovis.com\/lithuania\/de\/fintech\/eroffnung-eines-bankkontos\/","url":"https:\/\/www.ecovis.com\/lithuania\/de\/fintech\/eroffnung-eines-bankkontos\/","name":"Er\u00f6ffnung eines europ\u00e4ischen Bank- und EMI-Kontos f\u00fcr Unternehmen","isPartOf":{"@id":"https:\/\/www.ecovis.com\/lithuania\/de\/#website"},"datePublished":"2021-01-28T11:25:14+00:00","dateModified":"2021-02-24T20:55:38+00:00","description":"IBAN-Konten bei europ\u00e4ischen Banken und E-Geld-Instituten f\u00fcr ausl\u00e4ndische Unternehmen. SEPA-\u00dcberweisungen.","breadcrumb":{"@id":"https:\/\/www.ecovis.com\/lithuania\/de\/fintech\/eroffnung-eines-bankkontos\/#breadcrumb"},"inLanguage":"en-US","potentialAction":[{"@type":"ReadAction","target":["https:\/\/www.ecovis.com\/lithuania\/de\/fintech\/eroffnung-eines-bankkontos\/"]}]},{"@type":"BreadcrumbList","@id":"https:\/\/www.ecovis.com\/lithuania\/de\/fintech\/eroffnung-eines-bankkontos\/#breadcrumb","itemListElement":[{"@type":"ListItem","position":1,"name":"Ecovis Global","item":"https:\/\/www.ecovis.com\/"},{"@type":"ListItem","position":2,"name":"Startseite","item":"https:\/\/www.ecovis.com\/lithuania\/de\/"},{"@type":"ListItem","position":3,"name":"FinTech","item":"https:\/\/www.ecovis.com\/lithuania\/de\/fintech\/"},{"@type":"ListItem","position":4,"name":"Er\u00f6ffnung eines Bankkontos"}]},{"@type":"WebSite","@id":"https:\/\/www.ecovis.com\/lithuania\/de\/#website","url":"https:\/\/www.ecovis.com\/lithuania\/de\/","name":"Ecovis.com","description":"","potentialAction":[{"@type":"SearchAction","target":{"@type":"EntryPoint","urlTemplate":"https:\/\/www.ecovis.com\/lithuania\/de\/?s={search_term_string}"},"query-input":{"@type":"PropertyValueSpecification","valueRequired":true,"valueName":"search_term_string"}}],"inLanguage":"en-US"}]}},"_links":{"self":[{"href":"https:\/\/www.ecovis.com\/lithuania\/de\/wp-json\/wp\/v2\/pages\/2337","targetHints":{"allow":["GET"]}}],"collection":[{"href":"https:\/\/www.ecovis.com\/lithuania\/de\/wp-json\/wp\/v2\/pages"}],"about":[{"href":"https:\/\/www.ecovis.com\/lithuania\/de\/wp-json\/wp\/v2\/types\/page"}],"author":[{"embeddable":true,"href":"https:\/\/www.ecovis.com\/lithuania\/de\/wp-json\/wp\/v2\/users\/15"}],"replies":[{"embeddable":true,"href":"https:\/\/www.ecovis.com\/lithuania\/de\/wp-json\/wp\/v2\/comments?post=2337"}],"version-history":[{"count":2,"href":"https:\/\/www.ecovis.com\/lithuania\/de\/wp-json\/wp\/v2\/pages\/2337\/revisions"}],"predecessor-version":[{"id":2544,"href":"https:\/\/www.ecovis.com\/lithuania\/de\/wp-json\/wp\/v2\/pages\/2337\/revisions\/2544"}],"up":[{"embeddable":true,"href":"https:\/\/www.ecovis.com\/lithuania\/de\/wp-json\/wp\/v2\/pages\/2291"}],"wp:attachment":[{"href":"https:\/\/www.ecovis.com\/lithuania\/de\/wp-json\/wp\/v2\/media?parent=2337"}],"curies":[{"name":"wp","href":"https:\/\/api.w.org\/{rel}","templated":true}]}}