{"id":2335,"date":"2021-01-28T12:24:10","date_gmt":"2021-01-28T11:24:10","guid":{"rendered":"https:\/\/www.ecovis.com\/lithuania\/de\/?page_id=2335"},"modified":"2021-02-24T21:49:24","modified_gmt":"2021-02-24T20:49:24","slug":"lizenzierungslosungen-fur-blockchain-kryptowahrungen-ico-sto-und-security-utility-token-angebote","status":"publish","type":"page","link":"https:\/\/www.ecovis.com\/lithuania\/de\/fintech\/lizenzierungslosungen-fur-blockchain-kryptowahrungen-ico-sto-und-security-utility-token-angebote\/","title":{"rendered":"Lizenzierungsl\u00f6sungen f\u00fcr Blockchain, Kryptow\u00e4hrungen, ICO, STO und Security \/ Utility-Token-Angebote"},"content":{"rendered":"","protected":false},"excerpt":{"rendered":"","protected":false},"author":15,"featured_media":0,"parent":2291,"menu_order":65,"comment_status":"closed","ping_status":"closed","template":"","meta":{"_acf_changed":false,"footnotes":""},"class_list":["post-2335","page","type-page","status-publish","hentry"],"acf":[],"yoast_head":"<!-- This site is optimized with the Yoast SEO plugin v27.2 - https:\/\/yoast.com\/product\/yoast-seo-wordpress\/ -->\n<title>Lizenzierungsl\u00f6sungen f\u00fcr Blockchain, Kryptow\u00e4hrungen, ICO, STO<\/title>\n<meta name=\"description\" content=\"Kryptow\u00e4hrungsumtausch und Lizenz f\u00fcr virtuelle Geldb\u00f6rse. Lizenzierung von Security Token Offerings. Kryptow\u00e4hrungs-Investmentfonds.\" \/>\n<meta name=\"robots\" content=\"index, follow, max-snippet:-1, max-image-preview:large, max-video-preview:-1\" \/>\n<link rel=\"canonical\" href=\"https:\/\/www.ecovis.com\/lithuania\/de\/fintech\/lizenzierungslosungen-fur-blockchain-kryptowahrungen-ico-sto-und-security-utility-token-angebote\/\" \/>\n<meta property=\"og:locale\" content=\"en_US\" \/>\n<meta property=\"og:type\" content=\"article\" \/>\n<meta property=\"og:title\" content=\"Lizenzierungsl\u00f6sungen f\u00fcr Blockchain, Kryptow\u00e4hrungen, ICO, STO\" \/>\n<meta property=\"og:description\" content=\"Kryptow\u00e4hrungsumtausch und Lizenz f\u00fcr virtuelle Geldb\u00f6rse. Lizenzierung von Security Token Offerings. Kryptow\u00e4hrungs-Investmentfonds.\" \/>\n<meta property=\"og:url\" content=\"https:\/\/www.ecovis.com\/lithuania\/de\/fintech\/lizenzierungslosungen-fur-blockchain-kryptowahrungen-ico-sto-und-security-utility-token-angebote\/\" \/>\n<meta property=\"og:site_name\" content=\"Ecovis in Litauen\" \/>\n<meta property=\"article:modified_time\" content=\"2021-02-24T20:49:24+00:00\" \/>\n<meta name=\"twitter:card\" content=\"summary_large_image\" \/>\n<script type=\"application\/ld+json\" class=\"yoast-schema-graph\">{\"@context\":\"https:\/\/schema.org\",\"@graph\":[{\"@type\":\"WebPage\",\"@id\":\"https:\/\/www.ecovis.com\/lithuania\/de\/fintech\/lizenzierungslosungen-fur-blockchain-kryptowahrungen-ico-sto-und-security-utility-token-angebote\/\",\"url\":\"https:\/\/www.ecovis.com\/lithuania\/de\/fintech\/lizenzierungslosungen-fur-blockchain-kryptowahrungen-ico-sto-und-security-utility-token-angebote\/\",\"name\":\"Lizenzierungsl\u00f6sungen f\u00fcr Blockchain, Kryptow\u00e4hrungen, ICO, STO\",\"isPartOf\":{\"@id\":\"https:\/\/www.ecovis.com\/lithuania\/de\/#website\"},\"datePublished\":\"2021-01-28T11:24:10+00:00\",\"dateModified\":\"2021-02-24T20:49:24+00:00\",\"description\":\"Kryptow\u00e4hrungsumtausch und Lizenz f\u00fcr virtuelle Geldb\u00f6rse. Lizenzierung von Security Token Offerings. Kryptow\u00e4hrungs-Investmentfonds.\",\"breadcrumb\":{\"@id\":\"https:\/\/www.ecovis.com\/lithuania\/de\/fintech\/lizenzierungslosungen-fur-blockchain-kryptowahrungen-ico-sto-und-security-utility-token-angebote\/#breadcrumb\"},\"inLanguage\":\"en-US\",\"potentialAction\":[{\"@type\":\"ReadAction\",\"target\":[\"https:\/\/www.ecovis.com\/lithuania\/de\/fintech\/lizenzierungslosungen-fur-blockchain-kryptowahrungen-ico-sto-und-security-utility-token-angebote\/\"]}]},{\"@type\":\"BreadcrumbList\",\"@id\":\"https:\/\/www.ecovis.com\/lithuania\/de\/fintech\/lizenzierungslosungen-fur-blockchain-kryptowahrungen-ico-sto-und-security-utility-token-angebote\/#breadcrumb\",\"itemListElement\":[{\"@type\":\"ListItem\",\"position\":1,\"name\":\"Ecovis Global\",\"item\":\"https:\/\/www.ecovis.com\/\"},{\"@type\":\"ListItem\",\"position\":2,\"name\":\"Startseite\",\"item\":\"https:\/\/www.ecovis.com\/lithuania\/de\/\"},{\"@type\":\"ListItem\",\"position\":3,\"name\":\"FinTech\",\"item\":\"https:\/\/www.ecovis.com\/lithuania\/de\/fintech\/\"},{\"@type\":\"ListItem\",\"position\":4,\"name\":\"Lizenzierungsl\u00f6sungen f\u00fcr Blockchain, Kryptow\u00e4hrungen, ICO, STO und Security \/ Utility-Token-Angebote\"}]},{\"@type\":\"WebSite\",\"@id\":\"https:\/\/www.ecovis.com\/lithuania\/de\/#website\",\"url\":\"https:\/\/www.ecovis.com\/lithuania\/de\/\",\"name\":\"Ecovis.com\",\"description\":\"\",\"potentialAction\":[{\"@type\":\"SearchAction\",\"target\":{\"@type\":\"EntryPoint\",\"urlTemplate\":\"https:\/\/www.ecovis.com\/lithuania\/de\/?s={search_term_string}\"},\"query-input\":{\"@type\":\"PropertyValueSpecification\",\"valueRequired\":true,\"valueName\":\"search_term_string\"}}],\"inLanguage\":\"en-US\"}]}<\/script>\n<!-- \/ Yoast SEO plugin. -->","yoast_head_json":{"title":"Lizenzierungsl\u00f6sungen f\u00fcr Blockchain, Kryptow\u00e4hrungen, ICO, STO","description":"Kryptow\u00e4hrungsumtausch und Lizenz f\u00fcr virtuelle Geldb\u00f6rse. Lizenzierung von Security Token Offerings. Kryptow\u00e4hrungs-Investmentfonds.","robots":{"index":"index","follow":"follow","max-snippet":"max-snippet:-1","max-image-preview":"max-image-preview:large","max-video-preview":"max-video-preview:-1"},"canonical":"https:\/\/www.ecovis.com\/lithuania\/de\/fintech\/lizenzierungslosungen-fur-blockchain-kryptowahrungen-ico-sto-und-security-utility-token-angebote\/","og_locale":"en_US","og_type":"article","og_title":"Lizenzierungsl\u00f6sungen f\u00fcr Blockchain, Kryptow\u00e4hrungen, ICO, STO","og_description":"Kryptow\u00e4hrungsumtausch und Lizenz f\u00fcr virtuelle Geldb\u00f6rse. Lizenzierung von Security Token Offerings. Kryptow\u00e4hrungs-Investmentfonds.","og_url":"https:\/\/www.ecovis.com\/lithuania\/de\/fintech\/lizenzierungslosungen-fur-blockchain-kryptowahrungen-ico-sto-und-security-utility-token-angebote\/","og_site_name":"Ecovis in Litauen","article_modified_time":"2021-02-24T20:49:24+00:00","twitter_card":"summary_large_image","schema":{"@context":"https:\/\/schema.org","@graph":[{"@type":"WebPage","@id":"https:\/\/www.ecovis.com\/lithuania\/de\/fintech\/lizenzierungslosungen-fur-blockchain-kryptowahrungen-ico-sto-und-security-utility-token-angebote\/","url":"https:\/\/www.ecovis.com\/lithuania\/de\/fintech\/lizenzierungslosungen-fur-blockchain-kryptowahrungen-ico-sto-und-security-utility-token-angebote\/","name":"Lizenzierungsl\u00f6sungen f\u00fcr Blockchain, Kryptow\u00e4hrungen, ICO, STO","isPartOf":{"@id":"https:\/\/www.ecovis.com\/lithuania\/de\/#website"},"datePublished":"2021-01-28T11:24:10+00:00","dateModified":"2021-02-24T20:49:24+00:00","description":"Kryptow\u00e4hrungsumtausch und Lizenz f\u00fcr virtuelle Geldb\u00f6rse. Lizenzierung von Security Token Offerings. Kryptow\u00e4hrungs-Investmentfonds.","breadcrumb":{"@id":"https:\/\/www.ecovis.com\/lithuania\/de\/fintech\/lizenzierungslosungen-fur-blockchain-kryptowahrungen-ico-sto-und-security-utility-token-angebote\/#breadcrumb"},"inLanguage":"en-US","potentialAction":[{"@type":"ReadAction","target":["https:\/\/www.ecovis.com\/lithuania\/de\/fintech\/lizenzierungslosungen-fur-blockchain-kryptowahrungen-ico-sto-und-security-utility-token-angebote\/"]}]},{"@type":"BreadcrumbList","@id":"https:\/\/www.ecovis.com\/lithuania\/de\/fintech\/lizenzierungslosungen-fur-blockchain-kryptowahrungen-ico-sto-und-security-utility-token-angebote\/#breadcrumb","itemListElement":[{"@type":"ListItem","position":1,"name":"Ecovis Global","item":"https:\/\/www.ecovis.com\/"},{"@type":"ListItem","position":2,"name":"Startseite","item":"https:\/\/www.ecovis.com\/lithuania\/de\/"},{"@type":"ListItem","position":3,"name":"FinTech","item":"https:\/\/www.ecovis.com\/lithuania\/de\/fintech\/"},{"@type":"ListItem","position":4,"name":"Lizenzierungsl\u00f6sungen f\u00fcr Blockchain, Kryptow\u00e4hrungen, ICO, STO und Security \/ Utility-Token-Angebote"}]},{"@type":"WebSite","@id":"https:\/\/www.ecovis.com\/lithuania\/de\/#website","url":"https:\/\/www.ecovis.com\/lithuania\/de\/","name":"Ecovis.com","description":"","potentialAction":[{"@type":"SearchAction","target":{"@type":"EntryPoint","urlTemplate":"https:\/\/www.ecovis.com\/lithuania\/de\/?s={search_term_string}"},"query-input":{"@type":"PropertyValueSpecification","valueRequired":true,"valueName":"search_term_string"}}],"inLanguage":"en-US"}]}},"_links":{"self":[{"href":"https:\/\/www.ecovis.com\/lithuania\/de\/wp-json\/wp\/v2\/pages\/2335","targetHints":{"allow":["GET"]}}],"collection":[{"href":"https:\/\/www.ecovis.com\/lithuania\/de\/wp-json\/wp\/v2\/pages"}],"about":[{"href":"https:\/\/www.ecovis.com\/lithuania\/de\/wp-json\/wp\/v2\/types\/page"}],"author":[{"embeddable":true,"href":"https:\/\/www.ecovis.com\/lithuania\/de\/wp-json\/wp\/v2\/users\/15"}],"replies":[{"embeddable":true,"href":"https:\/\/www.ecovis.com\/lithuania\/de\/wp-json\/wp\/v2\/comments?post=2335"}],"version-history":[{"count":2,"href":"https:\/\/www.ecovis.com\/lithuania\/de\/wp-json\/wp\/v2\/pages\/2335\/revisions"}],"predecessor-version":[{"id":2540,"href":"https:\/\/www.ecovis.com\/lithuania\/de\/wp-json\/wp\/v2\/pages\/2335\/revisions\/2540"}],"up":[{"embeddable":true,"href":"https:\/\/www.ecovis.com\/lithuania\/de\/wp-json\/wp\/v2\/pages\/2291"}],"wp:attachment":[{"href":"https:\/\/www.ecovis.com\/lithuania\/de\/wp-json\/wp\/v2\/media?parent=2335"}],"curies":[{"name":"wp","href":"https:\/\/api.w.org\/{rel}","templated":true}]}}