{"id":2324,"date":"2021-01-28T11:55:57","date_gmt":"2021-01-28T10:55:57","guid":{"rendered":"https:\/\/www.ecovis.com\/lithuania\/de\/?page_id=2324"},"modified":"2022-02-10T12:30:43","modified_gmt":"2022-02-10T11:30:43","slug":"crowdfunding","status":"publish","type":"page","link":"https:\/\/www.ecovis.com\/lithuania\/de\/fintech\/crowdfunding\/","title":{"rendered":"EU-Crowdfunding-Lizenz gem\u00e4\u00df der neuen europ\u00e4ischen ECSP-Verordnung"},"content":{"rendered":"","protected":false},"excerpt":{"rendered":"","protected":false},"author":15,"featured_media":0,"parent":2291,"menu_order":40,"comment_status":"closed","ping_status":"closed","template":"","meta":{"_acf_changed":false,"footnotes":""},"class_list":["post-2324","page","type-page","status-publish","hentry"],"acf":[],"yoast_head":"<!-- This site is optimized with the Yoast SEO plugin v27.2 - https:\/\/yoast.com\/product\/yoast-seo-wordpress\/ -->\n<title>Crowdfunding | Schwarmfinanzierung | Crowdfunding-Plattformen<\/title>\n<meta name=\"description\" content=\"Europaweite Zulassung als Crowdfunding-Dienstleister gem\u00e4\u00df ECSP-Verordnung. Europ\u00e4ische Crowdfunding-Lizenz f\u00fcr die gesamte EU.\" \/>\n<meta name=\"robots\" content=\"index, follow, max-snippet:-1, max-image-preview:large, max-video-preview:-1\" \/>\n<link rel=\"canonical\" href=\"https:\/\/www.ecovis.com\/lithuania\/de\/fintech\/crowdfunding\/\" \/>\n<meta property=\"og:locale\" content=\"en_US\" \/>\n<meta property=\"og:type\" content=\"article\" \/>\n<meta property=\"og:title\" content=\"Crowdfunding | Schwarmfinanzierung | Crowdfunding-Plattformen\" \/>\n<meta property=\"og:description\" content=\"Europaweite Zulassung als Crowdfunding-Dienstleister gem\u00e4\u00df ECSP-Verordnung. Europ\u00e4ische Crowdfunding-Lizenz f\u00fcr die gesamte EU.\" \/>\n<meta property=\"og:url\" content=\"https:\/\/www.ecovis.com\/lithuania\/de\/fintech\/crowdfunding\/\" \/>\n<meta property=\"og:site_name\" content=\"Ecovis in Litauen\" \/>\n<meta property=\"article:modified_time\" content=\"2022-02-10T11:30:43+00:00\" \/>\n<meta name=\"twitter:card\" content=\"summary_large_image\" \/>\n<script type=\"application\/ld+json\" class=\"yoast-schema-graph\">{\"@context\":\"https:\/\/schema.org\",\"@graph\":[{\"@type\":\"WebPage\",\"@id\":\"https:\/\/www.ecovis.com\/lithuania\/de\/fintech\/crowdfunding\/\",\"url\":\"https:\/\/www.ecovis.com\/lithuania\/de\/fintech\/crowdfunding\/\",\"name\":\"Crowdfunding | Schwarmfinanzierung | Crowdfunding-Plattformen\",\"isPartOf\":{\"@id\":\"https:\/\/www.ecovis.com\/lithuania\/de\/#website\"},\"datePublished\":\"2021-01-28T10:55:57+00:00\",\"dateModified\":\"2022-02-10T11:30:43+00:00\",\"description\":\"Europaweite Zulassung als Crowdfunding-Dienstleister gem\u00e4\u00df ECSP-Verordnung. Europ\u00e4ische Crowdfunding-Lizenz f\u00fcr die gesamte EU.\",\"breadcrumb\":{\"@id\":\"https:\/\/www.ecovis.com\/lithuania\/de\/fintech\/crowdfunding\/#breadcrumb\"},\"inLanguage\":\"en-US\",\"potentialAction\":[{\"@type\":\"ReadAction\",\"target\":[\"https:\/\/www.ecovis.com\/lithuania\/de\/fintech\/crowdfunding\/\"]}]},{\"@type\":\"BreadcrumbList\",\"@id\":\"https:\/\/www.ecovis.com\/lithuania\/de\/fintech\/crowdfunding\/#breadcrumb\",\"itemListElement\":[{\"@type\":\"ListItem\",\"position\":1,\"name\":\"Ecovis Global\",\"item\":\"https:\/\/www.ecovis.com\/\"},{\"@type\":\"ListItem\",\"position\":2,\"name\":\"Startseite\",\"item\":\"https:\/\/www.ecovis.com\/lithuania\/de\/\"},{\"@type\":\"ListItem\",\"position\":3,\"name\":\"FinTech\",\"item\":\"https:\/\/www.ecovis.com\/lithuania\/de\/fintech\/\"},{\"@type\":\"ListItem\",\"position\":4,\"name\":\"EU-Crowdfunding-Lizenz gem\u00e4\u00df der neuen europ\u00e4ischen ECSP-Verordnung\"}]},{\"@type\":\"WebSite\",\"@id\":\"https:\/\/www.ecovis.com\/lithuania\/de\/#website\",\"url\":\"https:\/\/www.ecovis.com\/lithuania\/de\/\",\"name\":\"Ecovis.com\",\"description\":\"\",\"potentialAction\":[{\"@type\":\"SearchAction\",\"target\":{\"@type\":\"EntryPoint\",\"urlTemplate\":\"https:\/\/www.ecovis.com\/lithuania\/de\/?s={search_term_string}\"},\"query-input\":{\"@type\":\"PropertyValueSpecification\",\"valueRequired\":true,\"valueName\":\"search_term_string\"}}],\"inLanguage\":\"en-US\"}]}<\/script>\n<!-- \/ Yoast SEO plugin. -->","yoast_head_json":{"title":"Crowdfunding | Schwarmfinanzierung | Crowdfunding-Plattformen","description":"Europaweite Zulassung als Crowdfunding-Dienstleister gem\u00e4\u00df ECSP-Verordnung. Europ\u00e4ische Crowdfunding-Lizenz f\u00fcr die gesamte EU.","robots":{"index":"index","follow":"follow","max-snippet":"max-snippet:-1","max-image-preview":"max-image-preview:large","max-video-preview":"max-video-preview:-1"},"canonical":"https:\/\/www.ecovis.com\/lithuania\/de\/fintech\/crowdfunding\/","og_locale":"en_US","og_type":"article","og_title":"Crowdfunding | Schwarmfinanzierung | Crowdfunding-Plattformen","og_description":"Europaweite Zulassung als Crowdfunding-Dienstleister gem\u00e4\u00df ECSP-Verordnung. Europ\u00e4ische Crowdfunding-Lizenz f\u00fcr die gesamte EU.","og_url":"https:\/\/www.ecovis.com\/lithuania\/de\/fintech\/crowdfunding\/","og_site_name":"Ecovis in Litauen","article_modified_time":"2022-02-10T11:30:43+00:00","twitter_card":"summary_large_image","schema":{"@context":"https:\/\/schema.org","@graph":[{"@type":"WebPage","@id":"https:\/\/www.ecovis.com\/lithuania\/de\/fintech\/crowdfunding\/","url":"https:\/\/www.ecovis.com\/lithuania\/de\/fintech\/crowdfunding\/","name":"Crowdfunding | Schwarmfinanzierung | Crowdfunding-Plattformen","isPartOf":{"@id":"https:\/\/www.ecovis.com\/lithuania\/de\/#website"},"datePublished":"2021-01-28T10:55:57+00:00","dateModified":"2022-02-10T11:30:43+00:00","description":"Europaweite Zulassung als Crowdfunding-Dienstleister gem\u00e4\u00df ECSP-Verordnung. Europ\u00e4ische Crowdfunding-Lizenz f\u00fcr die gesamte EU.","breadcrumb":{"@id":"https:\/\/www.ecovis.com\/lithuania\/de\/fintech\/crowdfunding\/#breadcrumb"},"inLanguage":"en-US","potentialAction":[{"@type":"ReadAction","target":["https:\/\/www.ecovis.com\/lithuania\/de\/fintech\/crowdfunding\/"]}]},{"@type":"BreadcrumbList","@id":"https:\/\/www.ecovis.com\/lithuania\/de\/fintech\/crowdfunding\/#breadcrumb","itemListElement":[{"@type":"ListItem","position":1,"name":"Ecovis Global","item":"https:\/\/www.ecovis.com\/"},{"@type":"ListItem","position":2,"name":"Startseite","item":"https:\/\/www.ecovis.com\/lithuania\/de\/"},{"@type":"ListItem","position":3,"name":"FinTech","item":"https:\/\/www.ecovis.com\/lithuania\/de\/fintech\/"},{"@type":"ListItem","position":4,"name":"EU-Crowdfunding-Lizenz gem\u00e4\u00df der neuen europ\u00e4ischen ECSP-Verordnung"}]},{"@type":"WebSite","@id":"https:\/\/www.ecovis.com\/lithuania\/de\/#website","url":"https:\/\/www.ecovis.com\/lithuania\/de\/","name":"Ecovis.com","description":"","potentialAction":[{"@type":"SearchAction","target":{"@type":"EntryPoint","urlTemplate":"https:\/\/www.ecovis.com\/lithuania\/de\/?s={search_term_string}"},"query-input":{"@type":"PropertyValueSpecification","valueRequired":true,"valueName":"search_term_string"}}],"inLanguage":"en-US"}]}},"_links":{"self":[{"href":"https:\/\/www.ecovis.com\/lithuania\/de\/wp-json\/wp\/v2\/pages\/2324","targetHints":{"allow":["GET"]}}],"collection":[{"href":"https:\/\/www.ecovis.com\/lithuania\/de\/wp-json\/wp\/v2\/pages"}],"about":[{"href":"https:\/\/www.ecovis.com\/lithuania\/de\/wp-json\/wp\/v2\/types\/page"}],"author":[{"embeddable":true,"href":"https:\/\/www.ecovis.com\/lithuania\/de\/wp-json\/wp\/v2\/users\/15"}],"replies":[{"embeddable":true,"href":"https:\/\/www.ecovis.com\/lithuania\/de\/wp-json\/wp\/v2\/comments?post=2324"}],"version-history":[{"count":4,"href":"https:\/\/www.ecovis.com\/lithuania\/de\/wp-json\/wp\/v2\/pages\/2324\/revisions"}],"predecessor-version":[{"id":2589,"href":"https:\/\/www.ecovis.com\/lithuania\/de\/wp-json\/wp\/v2\/pages\/2324\/revisions\/2589"}],"up":[{"embeddable":true,"href":"https:\/\/www.ecovis.com\/lithuania\/de\/wp-json\/wp\/v2\/pages\/2291"}],"wp:attachment":[{"href":"https:\/\/www.ecovis.com\/lithuania\/de\/wp-json\/wp\/v2\/media?parent=2324"}],"curies":[{"name":"wp","href":"https:\/\/api.w.org\/{rel}","templated":true}]}}