{"id":2288,"date":"2021-01-27T17:51:50","date_gmt":"2021-01-27T16:51:50","guid":{"rendered":"https:\/\/www.ecovis.com\/lithuania\/de\/?page_id=2288"},"modified":"2021-02-24T22:00:12","modified_gmt":"2021-02-24T21:00:12","slug":"transport-und-schifffahrtsrecht","status":"publish","type":"page","link":"https:\/\/www.ecovis.com\/lithuania\/de\/geschaftsbereiche\/transport-und-schifffahrtsrecht\/","title":{"rendered":"Transport- und Schifffahrtsrecht"},"content":{"rendered":"","protected":false},"excerpt":{"rendered":"","protected":false},"author":15,"featured_media":0,"parent":2270,"menu_order":20,"comment_status":"closed","ping_status":"closed","template":"","meta":{"_acf_changed":false,"footnotes":""},"class_list":["post-2288","page","type-page","status-publish","hentry"],"acf":[],"yoast_head":"<!-- This site is optimized with the Yoast SEO plugin v27.2 - https:\/\/yoast.com\/product\/yoast-seo-wordpress\/ -->\n<title>Transportrecht l Internationales Seerecht l Anwaltskanzlei in Litauen<\/title>\n<meta name=\"description\" content=\"Beratung der Hersteller, H\u00e4ndler und Transportunternehmen regelm\u00e4\u00dfig zu Fragen des Transport- und Schifffahrtsrechts, Vertretung vor Gericht.\" \/>\n<meta name=\"robots\" content=\"index, follow, max-snippet:-1, max-image-preview:large, max-video-preview:-1\" \/>\n<link rel=\"canonical\" href=\"https:\/\/www.ecovis.com\/lithuania\/de\/geschaftsbereiche\/transport-und-schifffahrtsrecht\/\" \/>\n<meta property=\"og:locale\" content=\"en_US\" \/>\n<meta property=\"og:type\" content=\"article\" \/>\n<meta property=\"og:title\" content=\"Transportrecht l Internationales Seerecht l Anwaltskanzlei in Litauen\" \/>\n<meta property=\"og:description\" content=\"Beratung der Hersteller, H\u00e4ndler und Transportunternehmen regelm\u00e4\u00dfig zu Fragen des Transport- und Schifffahrtsrechts, Vertretung vor Gericht.\" \/>\n<meta property=\"og:url\" content=\"https:\/\/www.ecovis.com\/lithuania\/de\/geschaftsbereiche\/transport-und-schifffahrtsrecht\/\" \/>\n<meta property=\"og:site_name\" content=\"Ecovis in Litauen\" \/>\n<meta property=\"article:modified_time\" content=\"2021-02-24T21:00:12+00:00\" \/>\n<meta name=\"twitter:card\" content=\"summary_large_image\" \/>\n<script type=\"application\/ld+json\" class=\"yoast-schema-graph\">{\"@context\":\"https:\/\/schema.org\",\"@graph\":[{\"@type\":\"WebPage\",\"@id\":\"https:\/\/www.ecovis.com\/lithuania\/de\/geschaftsbereiche\/transport-und-schifffahrtsrecht\/\",\"url\":\"https:\/\/www.ecovis.com\/lithuania\/de\/geschaftsbereiche\/transport-und-schifffahrtsrecht\/\",\"name\":\"Transportrecht l Internationales Seerecht l Anwaltskanzlei in Litauen\",\"isPartOf\":{\"@id\":\"https:\/\/www.ecovis.com\/lithuania\/de\/#website\"},\"datePublished\":\"2021-01-27T16:51:50+00:00\",\"dateModified\":\"2021-02-24T21:00:12+00:00\",\"description\":\"Beratung der Hersteller, H\u00e4ndler und Transportunternehmen regelm\u00e4\u00dfig zu Fragen des Transport- und Schifffahrtsrechts, Vertretung vor Gericht.\",\"breadcrumb\":{\"@id\":\"https:\/\/www.ecovis.com\/lithuania\/de\/geschaftsbereiche\/transport-und-schifffahrtsrecht\/#breadcrumb\"},\"inLanguage\":\"en-US\",\"potentialAction\":[{\"@type\":\"ReadAction\",\"target\":[\"https:\/\/www.ecovis.com\/lithuania\/de\/geschaftsbereiche\/transport-und-schifffahrtsrecht\/\"]}]},{\"@type\":\"BreadcrumbList\",\"@id\":\"https:\/\/www.ecovis.com\/lithuania\/de\/geschaftsbereiche\/transport-und-schifffahrtsrecht\/#breadcrumb\",\"itemListElement\":[{\"@type\":\"ListItem\",\"position\":1,\"name\":\"Ecovis Global\",\"item\":\"https:\/\/www.ecovis.com\/\"},{\"@type\":\"ListItem\",\"position\":2,\"name\":\"Startseite\",\"item\":\"https:\/\/www.ecovis.com\/lithuania\/de\/\"},{\"@type\":\"ListItem\",\"position\":3,\"name\":\"Gesch\u00e4ftsbereiche\",\"item\":\"https:\/\/www.ecovis.com\/lithuania\/de\/geschaftsbereiche\/\"},{\"@type\":\"ListItem\",\"position\":4,\"name\":\"Transport- und Schifffahrtsrecht\"}]},{\"@type\":\"WebSite\",\"@id\":\"https:\/\/www.ecovis.com\/lithuania\/de\/#website\",\"url\":\"https:\/\/www.ecovis.com\/lithuania\/de\/\",\"name\":\"Ecovis.com\",\"description\":\"\",\"potentialAction\":[{\"@type\":\"SearchAction\",\"target\":{\"@type\":\"EntryPoint\",\"urlTemplate\":\"https:\/\/www.ecovis.com\/lithuania\/de\/?s={search_term_string}\"},\"query-input\":{\"@type\":\"PropertyValueSpecification\",\"valueRequired\":true,\"valueName\":\"search_term_string\"}}],\"inLanguage\":\"en-US\"}]}<\/script>\n<!-- \/ Yoast SEO plugin. -->","yoast_head_json":{"title":"Transportrecht l Internationales Seerecht l Anwaltskanzlei in Litauen","description":"Beratung der Hersteller, H\u00e4ndler und Transportunternehmen regelm\u00e4\u00dfig zu Fragen des Transport- und Schifffahrtsrechts, Vertretung vor Gericht.","robots":{"index":"index","follow":"follow","max-snippet":"max-snippet:-1","max-image-preview":"max-image-preview:large","max-video-preview":"max-video-preview:-1"},"canonical":"https:\/\/www.ecovis.com\/lithuania\/de\/geschaftsbereiche\/transport-und-schifffahrtsrecht\/","og_locale":"en_US","og_type":"article","og_title":"Transportrecht l Internationales Seerecht l Anwaltskanzlei in Litauen","og_description":"Beratung der Hersteller, H\u00e4ndler und Transportunternehmen regelm\u00e4\u00dfig zu Fragen des Transport- und Schifffahrtsrechts, Vertretung vor Gericht.","og_url":"https:\/\/www.ecovis.com\/lithuania\/de\/geschaftsbereiche\/transport-und-schifffahrtsrecht\/","og_site_name":"Ecovis in Litauen","article_modified_time":"2021-02-24T21:00:12+00:00","twitter_card":"summary_large_image","schema":{"@context":"https:\/\/schema.org","@graph":[{"@type":"WebPage","@id":"https:\/\/www.ecovis.com\/lithuania\/de\/geschaftsbereiche\/transport-und-schifffahrtsrecht\/","url":"https:\/\/www.ecovis.com\/lithuania\/de\/geschaftsbereiche\/transport-und-schifffahrtsrecht\/","name":"Transportrecht l Internationales Seerecht l Anwaltskanzlei in Litauen","isPartOf":{"@id":"https:\/\/www.ecovis.com\/lithuania\/de\/#website"},"datePublished":"2021-01-27T16:51:50+00:00","dateModified":"2021-02-24T21:00:12+00:00","description":"Beratung der Hersteller, H\u00e4ndler und Transportunternehmen regelm\u00e4\u00dfig zu Fragen des Transport- und Schifffahrtsrechts, Vertretung vor Gericht.","breadcrumb":{"@id":"https:\/\/www.ecovis.com\/lithuania\/de\/geschaftsbereiche\/transport-und-schifffahrtsrecht\/#breadcrumb"},"inLanguage":"en-US","potentialAction":[{"@type":"ReadAction","target":["https:\/\/www.ecovis.com\/lithuania\/de\/geschaftsbereiche\/transport-und-schifffahrtsrecht\/"]}]},{"@type":"BreadcrumbList","@id":"https:\/\/www.ecovis.com\/lithuania\/de\/geschaftsbereiche\/transport-und-schifffahrtsrecht\/#breadcrumb","itemListElement":[{"@type":"ListItem","position":1,"name":"Ecovis Global","item":"https:\/\/www.ecovis.com\/"},{"@type":"ListItem","position":2,"name":"Startseite","item":"https:\/\/www.ecovis.com\/lithuania\/de\/"},{"@type":"ListItem","position":3,"name":"Gesch\u00e4ftsbereiche","item":"https:\/\/www.ecovis.com\/lithuania\/de\/geschaftsbereiche\/"},{"@type":"ListItem","position":4,"name":"Transport- und Schifffahrtsrecht"}]},{"@type":"WebSite","@id":"https:\/\/www.ecovis.com\/lithuania\/de\/#website","url":"https:\/\/www.ecovis.com\/lithuania\/de\/","name":"Ecovis.com","description":"","potentialAction":[{"@type":"SearchAction","target":{"@type":"EntryPoint","urlTemplate":"https:\/\/www.ecovis.com\/lithuania\/de\/?s={search_term_string}"},"query-input":{"@type":"PropertyValueSpecification","valueRequired":true,"valueName":"search_term_string"}}],"inLanguage":"en-US"}]}},"_links":{"self":[{"href":"https:\/\/www.ecovis.com\/lithuania\/de\/wp-json\/wp\/v2\/pages\/2288","targetHints":{"allow":["GET"]}}],"collection":[{"href":"https:\/\/www.ecovis.com\/lithuania\/de\/wp-json\/wp\/v2\/pages"}],"about":[{"href":"https:\/\/www.ecovis.com\/lithuania\/de\/wp-json\/wp\/v2\/types\/page"}],"author":[{"embeddable":true,"href":"https:\/\/www.ecovis.com\/lithuania\/de\/wp-json\/wp\/v2\/users\/15"}],"replies":[{"embeddable":true,"href":"https:\/\/www.ecovis.com\/lithuania\/de\/wp-json\/wp\/v2\/comments?post=2288"}],"version-history":[{"count":3,"href":"https:\/\/www.ecovis.com\/lithuania\/de\/wp-json\/wp\/v2\/pages\/2288\/revisions"}],"predecessor-version":[{"id":2516,"href":"https:\/\/www.ecovis.com\/lithuania\/de\/wp-json\/wp\/v2\/pages\/2288\/revisions\/2516"}],"up":[{"embeddable":true,"href":"https:\/\/www.ecovis.com\/lithuania\/de\/wp-json\/wp\/v2\/pages\/2270"}],"wp:attachment":[{"href":"https:\/\/www.ecovis.com\/lithuania\/de\/wp-json\/wp\/v2\/media?parent=2288"}],"curies":[{"name":"wp","href":"https:\/\/api.w.org\/{rel}","templated":true}]}}