{"id":2243,"date":"2021-01-26T11:16:11","date_gmt":"2021-01-26T10:16:11","guid":{"rendered":"https:\/\/www.ecovis.com\/lithuania\/de\/?page_id=2243"},"modified":"2026-01-12T08:57:42","modified_gmt":"2026-01-12T07:57:42","slug":"unternehmensfuhrung","status":"publish","type":"page","link":"https:\/\/www.ecovis.com\/lithuania\/de\/leistungen\/unternehmensfuhrung\/","title":{"rendered":"Unternehmensf\u00fchrung"},"content":{"rendered":"","protected":false},"excerpt":{"rendered":"","protected":false},"author":15,"featured_media":0,"parent":2098,"menu_order":50,"comment_status":"closed","ping_status":"closed","template":"","meta":{"_acf_changed":false,"footnotes":""},"class_list":["post-2243","page","type-page","status-publish","hentry"],"acf":[],"yoast_head":"<!-- This site is optimized with the Yoast SEO plugin v27.2 - https:\/\/yoast.com\/product\/yoast-seo-wordpress\/ -->\n<title>Gr\u00fcndung von Unternehmen in Litauen, der EU und in anderen L\u00e4ndern<\/title>\n<meta name=\"description\" content=\"Registrierung von Unternehmen in Litauen und in der EU. Beratung von Kunden bei Fusionen und \u00dcbernahmen, Rechtsformwechsel und Reorganisation\" \/>\n<meta name=\"robots\" content=\"index, follow, max-snippet:-1, max-image-preview:large, max-video-preview:-1\" \/>\n<link rel=\"canonical\" href=\"https:\/\/www.ecovis.com\/lithuania\/de\/leistungen\/unternehmensfuhrung\/\" \/>\n<meta property=\"og:locale\" content=\"en_US\" \/>\n<meta property=\"og:type\" content=\"article\" \/>\n<meta property=\"og:title\" content=\"Gr\u00fcndung von Unternehmen in Litauen, der EU und in anderen L\u00e4ndern\" \/>\n<meta property=\"og:description\" content=\"Registrierung von Unternehmen in Litauen und in der EU. Beratung von Kunden bei Fusionen und \u00dcbernahmen, Rechtsformwechsel und Reorganisation\" \/>\n<meta property=\"og:url\" content=\"https:\/\/www.ecovis.com\/lithuania\/de\/leistungen\/unternehmensfuhrung\/\" \/>\n<meta property=\"og:site_name\" content=\"Ecovis in Litauen\" \/>\n<meta property=\"article:modified_time\" content=\"2026-01-12T07:57:42+00:00\" \/>\n<meta name=\"twitter:card\" content=\"summary_large_image\" \/>\n<script type=\"application\/ld+json\" class=\"yoast-schema-graph\">{\"@context\":\"https:\/\/schema.org\",\"@graph\":[{\"@type\":\"WebPage\",\"@id\":\"https:\/\/www.ecovis.com\/lithuania\/de\/leistungen\/unternehmensfuhrung\/\",\"url\":\"https:\/\/www.ecovis.com\/lithuania\/de\/leistungen\/unternehmensfuhrung\/\",\"name\":\"Gr\u00fcndung von Unternehmen in Litauen, der EU und in anderen L\u00e4ndern\",\"isPartOf\":{\"@id\":\"https:\/\/www.ecovis.com\/lithuania\/de\/#website\"},\"datePublished\":\"2021-01-26T10:16:11+00:00\",\"dateModified\":\"2026-01-12T07:57:42+00:00\",\"description\":\"Registrierung von Unternehmen in Litauen und in der EU. Beratung von Kunden bei Fusionen und \u00dcbernahmen, Rechtsformwechsel und Reorganisation\",\"breadcrumb\":{\"@id\":\"https:\/\/www.ecovis.com\/lithuania\/de\/leistungen\/unternehmensfuhrung\/#breadcrumb\"},\"inLanguage\":\"en-US\",\"potentialAction\":[{\"@type\":\"ReadAction\",\"target\":[\"https:\/\/www.ecovis.com\/lithuania\/de\/leistungen\/unternehmensfuhrung\/\"]}]},{\"@type\":\"BreadcrumbList\",\"@id\":\"https:\/\/www.ecovis.com\/lithuania\/de\/leistungen\/unternehmensfuhrung\/#breadcrumb\",\"itemListElement\":[{\"@type\":\"ListItem\",\"position\":1,\"name\":\"Ecovis Global\",\"item\":\"https:\/\/www.ecovis.com\/\"},{\"@type\":\"ListItem\",\"position\":2,\"name\":\"Startseite\",\"item\":\"https:\/\/www.ecovis.com\/lithuania\/de\/\"},{\"@type\":\"ListItem\",\"position\":3,\"name\":\"Leistungen\",\"item\":\"https:\/\/www.ecovis.com\/lithuania\/de\/leistungen\/\"},{\"@type\":\"ListItem\",\"position\":4,\"name\":\"Unternehmensf\u00fchrung\"}]},{\"@type\":\"WebSite\",\"@id\":\"https:\/\/www.ecovis.com\/lithuania\/de\/#website\",\"url\":\"https:\/\/www.ecovis.com\/lithuania\/de\/\",\"name\":\"Ecovis.com\",\"description\":\"\",\"potentialAction\":[{\"@type\":\"SearchAction\",\"target\":{\"@type\":\"EntryPoint\",\"urlTemplate\":\"https:\/\/www.ecovis.com\/lithuania\/de\/?s={search_term_string}\"},\"query-input\":{\"@type\":\"PropertyValueSpecification\",\"valueRequired\":true,\"valueName\":\"search_term_string\"}}],\"inLanguage\":\"en-US\"}]}<\/script>\n<!-- \/ Yoast SEO plugin. -->","yoast_head_json":{"title":"Gr\u00fcndung von Unternehmen in Litauen, der EU und in anderen L\u00e4ndern","description":"Registrierung von Unternehmen in Litauen und in der EU. Beratung von Kunden bei Fusionen und \u00dcbernahmen, Rechtsformwechsel und Reorganisation","robots":{"index":"index","follow":"follow","max-snippet":"max-snippet:-1","max-image-preview":"max-image-preview:large","max-video-preview":"max-video-preview:-1"},"canonical":"https:\/\/www.ecovis.com\/lithuania\/de\/leistungen\/unternehmensfuhrung\/","og_locale":"en_US","og_type":"article","og_title":"Gr\u00fcndung von Unternehmen in Litauen, der EU und in anderen L\u00e4ndern","og_description":"Registrierung von Unternehmen in Litauen und in der EU. Beratung von Kunden bei Fusionen und \u00dcbernahmen, Rechtsformwechsel und Reorganisation","og_url":"https:\/\/www.ecovis.com\/lithuania\/de\/leistungen\/unternehmensfuhrung\/","og_site_name":"Ecovis in Litauen","article_modified_time":"2026-01-12T07:57:42+00:00","twitter_card":"summary_large_image","schema":{"@context":"https:\/\/schema.org","@graph":[{"@type":"WebPage","@id":"https:\/\/www.ecovis.com\/lithuania\/de\/leistungen\/unternehmensfuhrung\/","url":"https:\/\/www.ecovis.com\/lithuania\/de\/leistungen\/unternehmensfuhrung\/","name":"Gr\u00fcndung von Unternehmen in Litauen, der EU und in anderen L\u00e4ndern","isPartOf":{"@id":"https:\/\/www.ecovis.com\/lithuania\/de\/#website"},"datePublished":"2021-01-26T10:16:11+00:00","dateModified":"2026-01-12T07:57:42+00:00","description":"Registrierung von Unternehmen in Litauen und in der EU. Beratung von Kunden bei Fusionen und \u00dcbernahmen, Rechtsformwechsel und Reorganisation","breadcrumb":{"@id":"https:\/\/www.ecovis.com\/lithuania\/de\/leistungen\/unternehmensfuhrung\/#breadcrumb"},"inLanguage":"en-US","potentialAction":[{"@type":"ReadAction","target":["https:\/\/www.ecovis.com\/lithuania\/de\/leistungen\/unternehmensfuhrung\/"]}]},{"@type":"BreadcrumbList","@id":"https:\/\/www.ecovis.com\/lithuania\/de\/leistungen\/unternehmensfuhrung\/#breadcrumb","itemListElement":[{"@type":"ListItem","position":1,"name":"Ecovis Global","item":"https:\/\/www.ecovis.com\/"},{"@type":"ListItem","position":2,"name":"Startseite","item":"https:\/\/www.ecovis.com\/lithuania\/de\/"},{"@type":"ListItem","position":3,"name":"Leistungen","item":"https:\/\/www.ecovis.com\/lithuania\/de\/leistungen\/"},{"@type":"ListItem","position":4,"name":"Unternehmensf\u00fchrung"}]},{"@type":"WebSite","@id":"https:\/\/www.ecovis.com\/lithuania\/de\/#website","url":"https:\/\/www.ecovis.com\/lithuania\/de\/","name":"Ecovis.com","description":"","potentialAction":[{"@type":"SearchAction","target":{"@type":"EntryPoint","urlTemplate":"https:\/\/www.ecovis.com\/lithuania\/de\/?s={search_term_string}"},"query-input":{"@type":"PropertyValueSpecification","valueRequired":true,"valueName":"search_term_string"}}],"inLanguage":"en-US"}]}},"_links":{"self":[{"href":"https:\/\/www.ecovis.com\/lithuania\/de\/wp-json\/wp\/v2\/pages\/2243","targetHints":{"allow":["GET"]}}],"collection":[{"href":"https:\/\/www.ecovis.com\/lithuania\/de\/wp-json\/wp\/v2\/pages"}],"about":[{"href":"https:\/\/www.ecovis.com\/lithuania\/de\/wp-json\/wp\/v2\/types\/page"}],"author":[{"embeddable":true,"href":"https:\/\/www.ecovis.com\/lithuania\/de\/wp-json\/wp\/v2\/users\/15"}],"replies":[{"embeddable":true,"href":"https:\/\/www.ecovis.com\/lithuania\/de\/wp-json\/wp\/v2\/comments?post=2243"}],"version-history":[{"count":6,"href":"https:\/\/www.ecovis.com\/lithuania\/de\/wp-json\/wp\/v2\/pages\/2243\/revisions"}],"predecessor-version":[{"id":2646,"href":"https:\/\/www.ecovis.com\/lithuania\/de\/wp-json\/wp\/v2\/pages\/2243\/revisions\/2646"}],"up":[{"embeddable":true,"href":"https:\/\/www.ecovis.com\/lithuania\/de\/wp-json\/wp\/v2\/pages\/2098"}],"wp:attachment":[{"href":"https:\/\/www.ecovis.com\/lithuania\/de\/wp-json\/wp\/v2\/media?parent=2243"}],"curies":[{"name":"wp","href":"https:\/\/api.w.org\/{rel}","templated":true}]}}