{"id":2235,"date":"2021-01-26T11:00:49","date_gmt":"2021-01-26T10:00:49","guid":{"rendered":"https:\/\/www.ecovis.com\/lithuania\/de\/?page_id=2235"},"modified":"2021-02-24T22:06:32","modified_gmt":"2021-02-24T21:06:32","slug":"steuerberatung","status":"publish","type":"page","link":"https:\/\/www.ecovis.com\/lithuania\/de\/leistungen\/steuerberatung\/","title":{"rendered":"Steuerberatung"},"content":{"rendered":"","protected":false},"excerpt":{"rendered":"","protected":false},"author":15,"featured_media":0,"parent":2098,"menu_order":40,"comment_status":"closed","ping_status":"closed","template":"","meta":{"_acf_changed":false,"footnotes":""},"class_list":["post-2235","page","type-page","status-publish","hentry"],"acf":[],"yoast_head":"<!-- This site is optimized with the Yoast SEO plugin v27.2 - https:\/\/yoast.com\/product\/yoast-seo-wordpress\/ -->\n<title>Steuerrecht und Steuerberatung l Rechtsanwalt in Litauen<\/title>\n<meta name=\"description\" content=\"Gr\u00fcndung von Unternehmen, Registrierung von Unternehmen f\u00fcr die Mehrwertsteuer in Litauen und in der Europ\u00e4ischen Union, Bildung von Betriebsst\u00e4tten.\" \/>\n<meta name=\"robots\" content=\"index, follow, max-snippet:-1, max-image-preview:large, max-video-preview:-1\" \/>\n<link rel=\"canonical\" href=\"https:\/\/www.ecovis.com\/lithuania\/de\/leistungen\/steuerberatung\/\" \/>\n<meta property=\"og:locale\" content=\"en_US\" \/>\n<meta property=\"og:type\" content=\"article\" \/>\n<meta property=\"og:title\" content=\"Steuerrecht und Steuerberatung l Rechtsanwalt in Litauen\" \/>\n<meta property=\"og:description\" content=\"Gr\u00fcndung von Unternehmen, Registrierung von Unternehmen f\u00fcr die Mehrwertsteuer in Litauen und in der Europ\u00e4ischen Union, Bildung von Betriebsst\u00e4tten.\" \/>\n<meta property=\"og:url\" content=\"https:\/\/www.ecovis.com\/lithuania\/de\/leistungen\/steuerberatung\/\" \/>\n<meta property=\"og:site_name\" content=\"Ecovis in Litauen\" \/>\n<meta property=\"article:modified_time\" content=\"2021-02-24T21:06:32+00:00\" \/>\n<meta name=\"twitter:card\" content=\"summary_large_image\" \/>\n<script type=\"application\/ld+json\" class=\"yoast-schema-graph\">{\"@context\":\"https:\/\/schema.org\",\"@graph\":[{\"@type\":\"WebPage\",\"@id\":\"https:\/\/www.ecovis.com\/lithuania\/de\/leistungen\/steuerberatung\/\",\"url\":\"https:\/\/www.ecovis.com\/lithuania\/de\/leistungen\/steuerberatung\/\",\"name\":\"Steuerrecht und Steuerberatung l Rechtsanwalt in Litauen\",\"isPartOf\":{\"@id\":\"https:\/\/www.ecovis.com\/lithuania\/de\/#website\"},\"datePublished\":\"2021-01-26T10:00:49+00:00\",\"dateModified\":\"2021-02-24T21:06:32+00:00\",\"description\":\"Gr\u00fcndung von Unternehmen, Registrierung von Unternehmen f\u00fcr die Mehrwertsteuer in Litauen und in der Europ\u00e4ischen Union, Bildung von Betriebsst\u00e4tten.\",\"breadcrumb\":{\"@id\":\"https:\/\/www.ecovis.com\/lithuania\/de\/leistungen\/steuerberatung\/#breadcrumb\"},\"inLanguage\":\"en-US\",\"potentialAction\":[{\"@type\":\"ReadAction\",\"target\":[\"https:\/\/www.ecovis.com\/lithuania\/de\/leistungen\/steuerberatung\/\"]}]},{\"@type\":\"BreadcrumbList\",\"@id\":\"https:\/\/www.ecovis.com\/lithuania\/de\/leistungen\/steuerberatung\/#breadcrumb\",\"itemListElement\":[{\"@type\":\"ListItem\",\"position\":1,\"name\":\"Ecovis Global\",\"item\":\"https:\/\/www.ecovis.com\/\"},{\"@type\":\"ListItem\",\"position\":2,\"name\":\"Startseite\",\"item\":\"https:\/\/www.ecovis.com\/lithuania\/de\/\"},{\"@type\":\"ListItem\",\"position\":3,\"name\":\"Leistungen\",\"item\":\"https:\/\/www.ecovis.com\/lithuania\/de\/leistungen\/\"},{\"@type\":\"ListItem\",\"position\":4,\"name\":\"Steuerberatung\"}]},{\"@type\":\"WebSite\",\"@id\":\"https:\/\/www.ecovis.com\/lithuania\/de\/#website\",\"url\":\"https:\/\/www.ecovis.com\/lithuania\/de\/\",\"name\":\"Ecovis.com\",\"description\":\"\",\"potentialAction\":[{\"@type\":\"SearchAction\",\"target\":{\"@type\":\"EntryPoint\",\"urlTemplate\":\"https:\/\/www.ecovis.com\/lithuania\/de\/?s={search_term_string}\"},\"query-input\":{\"@type\":\"PropertyValueSpecification\",\"valueRequired\":true,\"valueName\":\"search_term_string\"}}],\"inLanguage\":\"en-US\"}]}<\/script>\n<!-- \/ Yoast SEO plugin. -->","yoast_head_json":{"title":"Steuerrecht und Steuerberatung l Rechtsanwalt in Litauen","description":"Gr\u00fcndung von Unternehmen, Registrierung von Unternehmen f\u00fcr die Mehrwertsteuer in Litauen und in der Europ\u00e4ischen Union, Bildung von Betriebsst\u00e4tten.","robots":{"index":"index","follow":"follow","max-snippet":"max-snippet:-1","max-image-preview":"max-image-preview:large","max-video-preview":"max-video-preview:-1"},"canonical":"https:\/\/www.ecovis.com\/lithuania\/de\/leistungen\/steuerberatung\/","og_locale":"en_US","og_type":"article","og_title":"Steuerrecht und Steuerberatung l Rechtsanwalt in Litauen","og_description":"Gr\u00fcndung von Unternehmen, Registrierung von Unternehmen f\u00fcr die Mehrwertsteuer in Litauen und in der Europ\u00e4ischen Union, Bildung von Betriebsst\u00e4tten.","og_url":"https:\/\/www.ecovis.com\/lithuania\/de\/leistungen\/steuerberatung\/","og_site_name":"Ecovis in Litauen","article_modified_time":"2021-02-24T21:06:32+00:00","twitter_card":"summary_large_image","schema":{"@context":"https:\/\/schema.org","@graph":[{"@type":"WebPage","@id":"https:\/\/www.ecovis.com\/lithuania\/de\/leistungen\/steuerberatung\/","url":"https:\/\/www.ecovis.com\/lithuania\/de\/leistungen\/steuerberatung\/","name":"Steuerrecht und Steuerberatung l Rechtsanwalt in Litauen","isPartOf":{"@id":"https:\/\/www.ecovis.com\/lithuania\/de\/#website"},"datePublished":"2021-01-26T10:00:49+00:00","dateModified":"2021-02-24T21:06:32+00:00","description":"Gr\u00fcndung von Unternehmen, Registrierung von Unternehmen f\u00fcr die Mehrwertsteuer in Litauen und in der Europ\u00e4ischen Union, Bildung von Betriebsst\u00e4tten.","breadcrumb":{"@id":"https:\/\/www.ecovis.com\/lithuania\/de\/leistungen\/steuerberatung\/#breadcrumb"},"inLanguage":"en-US","potentialAction":[{"@type":"ReadAction","target":["https:\/\/www.ecovis.com\/lithuania\/de\/leistungen\/steuerberatung\/"]}]},{"@type":"BreadcrumbList","@id":"https:\/\/www.ecovis.com\/lithuania\/de\/leistungen\/steuerberatung\/#breadcrumb","itemListElement":[{"@type":"ListItem","position":1,"name":"Ecovis Global","item":"https:\/\/www.ecovis.com\/"},{"@type":"ListItem","position":2,"name":"Startseite","item":"https:\/\/www.ecovis.com\/lithuania\/de\/"},{"@type":"ListItem","position":3,"name":"Leistungen","item":"https:\/\/www.ecovis.com\/lithuania\/de\/leistungen\/"},{"@type":"ListItem","position":4,"name":"Steuerberatung"}]},{"@type":"WebSite","@id":"https:\/\/www.ecovis.com\/lithuania\/de\/#website","url":"https:\/\/www.ecovis.com\/lithuania\/de\/","name":"Ecovis.com","description":"","potentialAction":[{"@type":"SearchAction","target":{"@type":"EntryPoint","urlTemplate":"https:\/\/www.ecovis.com\/lithuania\/de\/?s={search_term_string}"},"query-input":{"@type":"PropertyValueSpecification","valueRequired":true,"valueName":"search_term_string"}}],"inLanguage":"en-US"}]}},"_links":{"self":[{"href":"https:\/\/www.ecovis.com\/lithuania\/de\/wp-json\/wp\/v2\/pages\/2235","targetHints":{"allow":["GET"]}}],"collection":[{"href":"https:\/\/www.ecovis.com\/lithuania\/de\/wp-json\/wp\/v2\/pages"}],"about":[{"href":"https:\/\/www.ecovis.com\/lithuania\/de\/wp-json\/wp\/v2\/types\/page"}],"author":[{"embeddable":true,"href":"https:\/\/www.ecovis.com\/lithuania\/de\/wp-json\/wp\/v2\/users\/15"}],"replies":[{"embeddable":true,"href":"https:\/\/www.ecovis.com\/lithuania\/de\/wp-json\/wp\/v2\/comments?post=2235"}],"version-history":[{"count":3,"href":"https:\/\/www.ecovis.com\/lithuania\/de\/wp-json\/wp\/v2\/pages\/2235\/revisions"}],"predecessor-version":[{"id":2493,"href":"https:\/\/www.ecovis.com\/lithuania\/de\/wp-json\/wp\/v2\/pages\/2235\/revisions\/2493"}],"up":[{"embeddable":true,"href":"https:\/\/www.ecovis.com\/lithuania\/de\/wp-json\/wp\/v2\/pages\/2098"}],"wp:attachment":[{"href":"https:\/\/www.ecovis.com\/lithuania\/de\/wp-json\/wp\/v2\/media?parent=2235"}],"curies":[{"name":"wp","href":"https:\/\/api.w.org\/{rel}","templated":true}]}}