{"id":2227,"date":"2021-01-26T10:50:54","date_gmt":"2021-01-26T09:50:54","guid":{"rendered":"https:\/\/www.ecovis.com\/lithuania\/de\/?page_id=2227"},"modified":"2026-01-05T13:46:48","modified_gmt":"2026-01-05T12:46:48","slug":"regulatorische-angelegenheiten-und-regierungsbeziehungen","status":"publish","type":"page","link":"https:\/\/www.ecovis.com\/lithuania\/de\/leistungen\/regulatorische-angelegenheiten-und-regierungsbeziehungen\/","title":{"rendered":"Regulatorische Angelegenheiten und Regierungsbeziehungen"},"content":{"rendered":"","protected":false},"excerpt":{"rendered":"","protected":false},"author":15,"featured_media":0,"parent":2098,"menu_order":30,"comment_status":"closed","ping_status":"closed","template":"","meta":{"_acf_changed":false,"footnotes":""},"class_list":["post-2227","page","type-page","status-publish","hentry"],"acf":[],"yoast_head":"<!-- This site is optimized with the Yoast SEO plugin v27.2 - https:\/\/yoast.com\/product\/yoast-seo-wordpress\/ -->\n<title>Lobbying l Interessenvertretung von Wirtschaftsverb\u00e4nden l Anwaltskanzlei in Litauen<\/title>\n<meta name=\"description\" content=\"Vertretung der Kunden in Beziehungen mit der Bank von Litauen, Regulierungsbeh\u00f6rde f\u00fcr Kommunikation, der Gl\u00fccksspielkontrollbeh\u00f6rde und anderen Beh\u00f6rden.\" \/>\n<meta name=\"robots\" content=\"index, follow, max-snippet:-1, max-image-preview:large, max-video-preview:-1\" \/>\n<link rel=\"canonical\" href=\"https:\/\/www.ecovis.com\/lithuania\/de\/leistungen\/regulatorische-angelegenheiten-und-regierungsbeziehungen\/\" \/>\n<meta property=\"og:locale\" content=\"en_US\" \/>\n<meta property=\"og:type\" content=\"article\" \/>\n<meta property=\"og:title\" content=\"Lobbying l Interessenvertretung von Wirtschaftsverb\u00e4nden l Anwaltskanzlei in Litauen\" \/>\n<meta property=\"og:description\" content=\"Vertretung der Kunden in Beziehungen mit der Bank von Litauen, Regulierungsbeh\u00f6rde f\u00fcr Kommunikation, der Gl\u00fccksspielkontrollbeh\u00f6rde und anderen Beh\u00f6rden.\" \/>\n<meta property=\"og:url\" content=\"https:\/\/www.ecovis.com\/lithuania\/de\/leistungen\/regulatorische-angelegenheiten-und-regierungsbeziehungen\/\" \/>\n<meta property=\"og:site_name\" content=\"Ecovis in Litauen\" \/>\n<meta property=\"article:modified_time\" content=\"2026-01-05T12:46:48+00:00\" \/>\n<meta name=\"twitter:card\" content=\"summary_large_image\" \/>\n<script type=\"application\/ld+json\" class=\"yoast-schema-graph\">{\"@context\":\"https:\/\/schema.org\",\"@graph\":[{\"@type\":\"WebPage\",\"@id\":\"https:\/\/www.ecovis.com\/lithuania\/de\/leistungen\/regulatorische-angelegenheiten-und-regierungsbeziehungen\/\",\"url\":\"https:\/\/www.ecovis.com\/lithuania\/de\/leistungen\/regulatorische-angelegenheiten-und-regierungsbeziehungen\/\",\"name\":\"Lobbying l Interessenvertretung von Wirtschaftsverb\u00e4nden l Anwaltskanzlei in Litauen\",\"isPartOf\":{\"@id\":\"https:\/\/www.ecovis.com\/lithuania\/de\/#website\"},\"datePublished\":\"2021-01-26T09:50:54+00:00\",\"dateModified\":\"2026-01-05T12:46:48+00:00\",\"description\":\"Vertretung der Kunden in Beziehungen mit der Bank von Litauen, Regulierungsbeh\u00f6rde f\u00fcr Kommunikation, der Gl\u00fccksspielkontrollbeh\u00f6rde und anderen Beh\u00f6rden.\",\"breadcrumb\":{\"@id\":\"https:\/\/www.ecovis.com\/lithuania\/de\/leistungen\/regulatorische-angelegenheiten-und-regierungsbeziehungen\/#breadcrumb\"},\"inLanguage\":\"en-US\",\"potentialAction\":[{\"@type\":\"ReadAction\",\"target\":[\"https:\/\/www.ecovis.com\/lithuania\/de\/leistungen\/regulatorische-angelegenheiten-und-regierungsbeziehungen\/\"]}]},{\"@type\":\"BreadcrumbList\",\"@id\":\"https:\/\/www.ecovis.com\/lithuania\/de\/leistungen\/regulatorische-angelegenheiten-und-regierungsbeziehungen\/#breadcrumb\",\"itemListElement\":[{\"@type\":\"ListItem\",\"position\":1,\"name\":\"Ecovis Global\",\"item\":\"https:\/\/www.ecovis.com\/\"},{\"@type\":\"ListItem\",\"position\":2,\"name\":\"Startseite\",\"item\":\"https:\/\/www.ecovis.com\/lithuania\/de\/\"},{\"@type\":\"ListItem\",\"position\":3,\"name\":\"Leistungen\",\"item\":\"https:\/\/www.ecovis.com\/lithuania\/de\/leistungen\/\"},{\"@type\":\"ListItem\",\"position\":4,\"name\":\"Regulatorische Angelegenheiten und Regierungsbeziehungen\"}]},{\"@type\":\"WebSite\",\"@id\":\"https:\/\/www.ecovis.com\/lithuania\/de\/#website\",\"url\":\"https:\/\/www.ecovis.com\/lithuania\/de\/\",\"name\":\"Ecovis.com\",\"description\":\"\",\"potentialAction\":[{\"@type\":\"SearchAction\",\"target\":{\"@type\":\"EntryPoint\",\"urlTemplate\":\"https:\/\/www.ecovis.com\/lithuania\/de\/?s={search_term_string}\"},\"query-input\":{\"@type\":\"PropertyValueSpecification\",\"valueRequired\":true,\"valueName\":\"search_term_string\"}}],\"inLanguage\":\"en-US\"}]}<\/script>\n<!-- \/ Yoast SEO plugin. -->","yoast_head_json":{"title":"Lobbying l Interessenvertretung von Wirtschaftsverb\u00e4nden l Anwaltskanzlei in Litauen","description":"Vertretung der Kunden in Beziehungen mit der Bank von Litauen, Regulierungsbeh\u00f6rde f\u00fcr Kommunikation, der Gl\u00fccksspielkontrollbeh\u00f6rde und anderen Beh\u00f6rden.","robots":{"index":"index","follow":"follow","max-snippet":"max-snippet:-1","max-image-preview":"max-image-preview:large","max-video-preview":"max-video-preview:-1"},"canonical":"https:\/\/www.ecovis.com\/lithuania\/de\/leistungen\/regulatorische-angelegenheiten-und-regierungsbeziehungen\/","og_locale":"en_US","og_type":"article","og_title":"Lobbying l Interessenvertretung von Wirtschaftsverb\u00e4nden l Anwaltskanzlei in Litauen","og_description":"Vertretung der Kunden in Beziehungen mit der Bank von Litauen, Regulierungsbeh\u00f6rde f\u00fcr Kommunikation, der Gl\u00fccksspielkontrollbeh\u00f6rde und anderen Beh\u00f6rden.","og_url":"https:\/\/www.ecovis.com\/lithuania\/de\/leistungen\/regulatorische-angelegenheiten-und-regierungsbeziehungen\/","og_site_name":"Ecovis in Litauen","article_modified_time":"2026-01-05T12:46:48+00:00","twitter_card":"summary_large_image","schema":{"@context":"https:\/\/schema.org","@graph":[{"@type":"WebPage","@id":"https:\/\/www.ecovis.com\/lithuania\/de\/leistungen\/regulatorische-angelegenheiten-und-regierungsbeziehungen\/","url":"https:\/\/www.ecovis.com\/lithuania\/de\/leistungen\/regulatorische-angelegenheiten-und-regierungsbeziehungen\/","name":"Lobbying l Interessenvertretung von Wirtschaftsverb\u00e4nden l Anwaltskanzlei in Litauen","isPartOf":{"@id":"https:\/\/www.ecovis.com\/lithuania\/de\/#website"},"datePublished":"2021-01-26T09:50:54+00:00","dateModified":"2026-01-05T12:46:48+00:00","description":"Vertretung der Kunden in Beziehungen mit der Bank von Litauen, Regulierungsbeh\u00f6rde f\u00fcr Kommunikation, der Gl\u00fccksspielkontrollbeh\u00f6rde und anderen Beh\u00f6rden.","breadcrumb":{"@id":"https:\/\/www.ecovis.com\/lithuania\/de\/leistungen\/regulatorische-angelegenheiten-und-regierungsbeziehungen\/#breadcrumb"},"inLanguage":"en-US","potentialAction":[{"@type":"ReadAction","target":["https:\/\/www.ecovis.com\/lithuania\/de\/leistungen\/regulatorische-angelegenheiten-und-regierungsbeziehungen\/"]}]},{"@type":"BreadcrumbList","@id":"https:\/\/www.ecovis.com\/lithuania\/de\/leistungen\/regulatorische-angelegenheiten-und-regierungsbeziehungen\/#breadcrumb","itemListElement":[{"@type":"ListItem","position":1,"name":"Ecovis Global","item":"https:\/\/www.ecovis.com\/"},{"@type":"ListItem","position":2,"name":"Startseite","item":"https:\/\/www.ecovis.com\/lithuania\/de\/"},{"@type":"ListItem","position":3,"name":"Leistungen","item":"https:\/\/www.ecovis.com\/lithuania\/de\/leistungen\/"},{"@type":"ListItem","position":4,"name":"Regulatorische Angelegenheiten und Regierungsbeziehungen"}]},{"@type":"WebSite","@id":"https:\/\/www.ecovis.com\/lithuania\/de\/#website","url":"https:\/\/www.ecovis.com\/lithuania\/de\/","name":"Ecovis.com","description":"","potentialAction":[{"@type":"SearchAction","target":{"@type":"EntryPoint","urlTemplate":"https:\/\/www.ecovis.com\/lithuania\/de\/?s={search_term_string}"},"query-input":{"@type":"PropertyValueSpecification","valueRequired":true,"valueName":"search_term_string"}}],"inLanguage":"en-US"}]}},"_links":{"self":[{"href":"https:\/\/www.ecovis.com\/lithuania\/de\/wp-json\/wp\/v2\/pages\/2227","targetHints":{"allow":["GET"]}}],"collection":[{"href":"https:\/\/www.ecovis.com\/lithuania\/de\/wp-json\/wp\/v2\/pages"}],"about":[{"href":"https:\/\/www.ecovis.com\/lithuania\/de\/wp-json\/wp\/v2\/types\/page"}],"author":[{"embeddable":true,"href":"https:\/\/www.ecovis.com\/lithuania\/de\/wp-json\/wp\/v2\/users\/15"}],"replies":[{"embeddable":true,"href":"https:\/\/www.ecovis.com\/lithuania\/de\/wp-json\/wp\/v2\/comments?post=2227"}],"version-history":[{"count":9,"href":"https:\/\/www.ecovis.com\/lithuania\/de\/wp-json\/wp\/v2\/pages\/2227\/revisions"}],"predecessor-version":[{"id":2643,"href":"https:\/\/www.ecovis.com\/lithuania\/de\/wp-json\/wp\/v2\/pages\/2227\/revisions\/2643"}],"up":[{"embeddable":true,"href":"https:\/\/www.ecovis.com\/lithuania\/de\/wp-json\/wp\/v2\/pages\/2098"}],"wp:attachment":[{"href":"https:\/\/www.ecovis.com\/lithuania\/de\/wp-json\/wp\/v2\/media?parent=2227"}],"curies":[{"name":"wp","href":"https:\/\/api.w.org\/{rel}","templated":true}]}}