{"id":3805,"date":"2025-03-25T17:47:29","date_gmt":"2025-03-25T16:47:29","guid":{"rendered":"https:\/\/www.ecovis.com\/a37-leipzig-ra\/?page_id=3805"},"modified":"2025-10-09T15:49:17","modified_gmt":"2025-10-09T13:49:17","slug":"startseite","status":"publish","type":"page","link":"https:\/\/www.ecovis.com\/leipzig-ra\/","title":{"rendered":"Startseite"},"content":{"rendered":"","protected":false},"excerpt":{"rendered":"","protected":false},"author":31,"featured_media":0,"parent":0,"menu_order":0,"comment_status":"closed","ping_status":"closed","template":"services.php","meta":{"_acf_changed":false,"footnotes":""},"class_list":["post-3805","page","type-page","status-publish","hentry"],"acf":[],"yoast_head":"<!-- This site is optimized with the Yoast SEO plugin v27.4 - https:\/\/yoast.com\/product\/yoast-seo-wordpress\/ -->\n<title>Ecovis Rechtsanw\u00e4lte in Leipzig<\/title>\n<meta name=\"description\" content=\"Ihr Ansprechpartner Rechtsanwalt Stefan Kr\u00f6ber in der Kohlgartenstra\u00dfe 31b. Rufen Sie uns an, unter Tel.: 341-46 37 99 40.\" \/>\n<meta name=\"robots\" content=\"index, follow, max-snippet:-1, max-image-preview:large, max-video-preview:-1\" \/>\n<link rel=\"canonical\" href=\"https:\/\/www.ecovis.com\/leipzig-ra\/\" \/>\n<meta property=\"og:locale\" content=\"de_DE\" \/>\n<meta property=\"og:type\" content=\"article\" \/>\n<meta property=\"og:title\" content=\"Ecovis Rechtsanw\u00e4lte in Leipzig\" \/>\n<meta property=\"og:description\" content=\"Ihr Ansprechpartner Rechtsanwalt Stefan Kr\u00f6ber in der Kohlgartenstra\u00dfe 31b. Rufen Sie uns an, unter Tel.: 341-46 37 99 40.\" \/>\n<meta property=\"og:url\" content=\"https:\/\/www.ecovis.com\/leipzig-ra\/\" \/>\n<meta property=\"og:site_name\" content=\"Ecovis Leipzig\" \/>\n<meta property=\"article:modified_time\" content=\"2025-10-09T13:49:17+00:00\" \/>\n<meta name=\"twitter:card\" content=\"summary_large_image\" \/>\n<script type=\"application\/ld+json\" class=\"yoast-schema-graph\">{\"@context\":\"https:\\\/\\\/schema.org\",\"@graph\":[{\"@type\":\"WebPage\",\"@id\":\"https:\\\/\\\/www.ecovis.com\\\/leipzig-ra\\\/\",\"url\":\"https:\\\/\\\/www.ecovis.com\\\/leipzig-ra\\\/\",\"name\":\"Ecovis Rechtsanw\u00e4lte in Leipzig\",\"isPartOf\":{\"@id\":\"https:\\\/\\\/www.ecovis.com\\\/leipzig-ra\\\/#website\"},\"datePublished\":\"2025-03-25T16:47:29+00:00\",\"dateModified\":\"2025-10-09T13:49:17+00:00\",\"description\":\"Ihr Ansprechpartner Rechtsanwalt Stefan Kr\u00f6ber in der Kohlgartenstra\u00dfe 31b. Rufen Sie uns an, unter Tel.: 341-46 37 99 40.\",\"breadcrumb\":{\"@id\":\"https:\\\/\\\/www.ecovis.com\\\/leipzig-ra\\\/#breadcrumb\"},\"inLanguage\":\"de\",\"potentialAction\":[{\"@type\":\"ReadAction\",\"target\":[\"https:\\\/\\\/www.ecovis.com\\\/leipzig-ra\\\/\"]}]},{\"@type\":\"BreadcrumbList\",\"@id\":\"https:\\\/\\\/www.ecovis.com\\\/leipzig-ra\\\/#breadcrumb\",\"itemListElement\":[{\"@type\":\"ListItem\",\"position\":1,\"name\":\"Ecovis Global\",\"item\":\"https:\\\/\\\/www.ecovis.com\\\/\"},{\"@type\":\"ListItem\",\"position\":2,\"name\":\"Home\",\"item\":\"https:\\\/\\\/www.ecovis.com\\\/leipzig-ra\\\/\"},{\"@type\":\"ListItem\",\"position\":3,\"name\":\"Startseite\"}]},{\"@type\":\"WebSite\",\"@id\":\"https:\\\/\\\/www.ecovis.com\\\/leipzig-ra\\\/#website\",\"url\":\"https:\\\/\\\/www.ecovis.com\\\/leipzig-ra\\\/\",\"name\":\"Ecovis.com\",\"description\":\"\",\"potentialAction\":[{\"@type\":\"SearchAction\",\"target\":{\"@type\":\"EntryPoint\",\"urlTemplate\":\"https:\\\/\\\/www.ecovis.com\\\/leipzig-ra\\\/?s={search_term_string}\"},\"query-input\":{\"@type\":\"PropertyValueSpecification\",\"valueRequired\":true,\"valueName\":\"search_term_string\"}}],\"inLanguage\":\"de\"}]}<\/script>\n<!-- \/ Yoast SEO plugin. -->","yoast_head_json":{"title":"Ecovis Rechtsanw\u00e4lte in Leipzig","description":"Ihr Ansprechpartner Rechtsanwalt Stefan Kr\u00f6ber in der Kohlgartenstra\u00dfe 31b. Rufen Sie uns an, unter Tel.: 341-46 37 99 40.","robots":{"index":"index","follow":"follow","max-snippet":"max-snippet:-1","max-image-preview":"max-image-preview:large","max-video-preview":"max-video-preview:-1"},"canonical":"https:\/\/www.ecovis.com\/leipzig-ra\/","og_locale":"de_DE","og_type":"article","og_title":"Ecovis Rechtsanw\u00e4lte in Leipzig","og_description":"Ihr Ansprechpartner Rechtsanwalt Stefan Kr\u00f6ber in der Kohlgartenstra\u00dfe 31b. Rufen Sie uns an, unter Tel.: 341-46 37 99 40.","og_url":"https:\/\/www.ecovis.com\/leipzig-ra\/","og_site_name":"Ecovis Leipzig","article_modified_time":"2025-10-09T13:49:17+00:00","twitter_card":"summary_large_image","schema":{"@context":"https:\/\/schema.org","@graph":[{"@type":"WebPage","@id":"https:\/\/www.ecovis.com\/leipzig-ra\/","url":"https:\/\/www.ecovis.com\/leipzig-ra\/","name":"Ecovis Rechtsanw\u00e4lte in Leipzig","isPartOf":{"@id":"https:\/\/www.ecovis.com\/leipzig-ra\/#website"},"datePublished":"2025-03-25T16:47:29+00:00","dateModified":"2025-10-09T13:49:17+00:00","description":"Ihr Ansprechpartner Rechtsanwalt Stefan Kr\u00f6ber in der Kohlgartenstra\u00dfe 31b. Rufen Sie uns an, unter Tel.: 341-46 37 99 40.","breadcrumb":{"@id":"https:\/\/www.ecovis.com\/leipzig-ra\/#breadcrumb"},"inLanguage":"de","potentialAction":[{"@type":"ReadAction","target":["https:\/\/www.ecovis.com\/leipzig-ra\/"]}]},{"@type":"BreadcrumbList","@id":"https:\/\/www.ecovis.com\/leipzig-ra\/#breadcrumb","itemListElement":[{"@type":"ListItem","position":1,"name":"Ecovis Global","item":"https:\/\/www.ecovis.com\/"},{"@type":"ListItem","position":2,"name":"Home","item":"https:\/\/www.ecovis.com\/leipzig-ra\/"},{"@type":"ListItem","position":3,"name":"Startseite"}]},{"@type":"WebSite","@id":"https:\/\/www.ecovis.com\/leipzig-ra\/#website","url":"https:\/\/www.ecovis.com\/leipzig-ra\/","name":"Ecovis.com","description":"","potentialAction":[{"@type":"SearchAction","target":{"@type":"EntryPoint","urlTemplate":"https:\/\/www.ecovis.com\/leipzig-ra\/?s={search_term_string}"},"query-input":{"@type":"PropertyValueSpecification","valueRequired":true,"valueName":"search_term_string"}}],"inLanguage":"de"}]}},"_links":{"self":[{"href":"https:\/\/www.ecovis.com\/leipzig-ra\/wp-json\/wp\/v2\/pages\/3805","targetHints":{"allow":["GET"]}}],"collection":[{"href":"https:\/\/www.ecovis.com\/leipzig-ra\/wp-json\/wp\/v2\/pages"}],"about":[{"href":"https:\/\/www.ecovis.com\/leipzig-ra\/wp-json\/wp\/v2\/types\/page"}],"author":[{"embeddable":true,"href":"https:\/\/www.ecovis.com\/leipzig-ra\/wp-json\/wp\/v2\/users\/31"}],"replies":[{"embeddable":true,"href":"https:\/\/www.ecovis.com\/leipzig-ra\/wp-json\/wp\/v2\/comments?post=3805"}],"version-history":[{"count":62,"href":"https:\/\/www.ecovis.com\/leipzig-ra\/wp-json\/wp\/v2\/pages\/3805\/revisions"}],"predecessor-version":[{"id":4484,"href":"https:\/\/www.ecovis.com\/leipzig-ra\/wp-json\/wp\/v2\/pages\/3805\/revisions\/4484"}],"wp:attachment":[{"href":"https:\/\/www.ecovis.com\/leipzig-ra\/wp-json\/wp\/v2\/media?parent=3805"}],"curies":[{"name":"wp","href":"https:\/\/api.w.org\/{rel}","templated":true}]}}