{"id":2127,"date":"2020-08-25T10:32:45","date_gmt":"2020-08-25T08:32:45","guid":{"rendered":"https:\/\/www.ecovis.com\/hungary\/hu\/?page_id=2127"},"modified":"2020-11-13T09:31:54","modified_gmt":"2020-11-13T08:31:54","slug":"jogi-szolgaltatasok","status":"publish","type":"page","link":"https:\/\/www.ecovis.com\/hungary\/hu\/szolgaltatasaink\/jogi-szolgaltatasok\/","title":{"rendered":"Jogi szolg\u00e1ltat\u00e1sok"},"content":{"rendered":"","protected":false},"excerpt":{"rendered":"","protected":false},"author":17,"featured_media":0,"parent":2098,"menu_order":0,"comment_status":"closed","ping_status":"closed","template":"","meta":{"_acf_changed":false,"footnotes":""},"class_list":["post-2127","page","type-page","status-publish","hentry"],"acf":[],"yoast_head":"<!-- This site is optimized with the Yoast SEO plugin v27.2 - https:\/\/yoast.com\/product\/yoast-seo-wordpress\/ -->\n<title>Jogi szolg\u00e1ltat\u00e1sok - Ecovis Magyarorsz\u00e1gon<\/title>\n<meta name=\"robots\" content=\"index, follow, max-snippet:-1, max-image-preview:large, max-video-preview:-1\" \/>\n<link rel=\"canonical\" href=\"https:\/\/www.ecovis.com\/hungary\/hu\/szolgaltatasaink\/jogi-szolgaltatasok\/\" \/>\n<meta property=\"og:locale\" content=\"en_US\" \/>\n<meta property=\"og:type\" content=\"article\" \/>\n<meta property=\"og:title\" content=\"Jogi szolg\u00e1ltat\u00e1sok - Ecovis Magyarorsz\u00e1gon\" \/>\n<meta property=\"og:url\" content=\"https:\/\/www.ecovis.com\/hungary\/hu\/szolgaltatasaink\/jogi-szolgaltatasok\/\" \/>\n<meta property=\"og:site_name\" content=\"Ecovis Magyarorsz\u00e1gon\" \/>\n<meta property=\"article:modified_time\" content=\"2020-11-13T08:31:54+00:00\" \/>\n<meta name=\"twitter:card\" content=\"summary_large_image\" \/>\n<script type=\"application\/ld+json\" class=\"yoast-schema-graph\">{\"@context\":\"https:\/\/schema.org\",\"@graph\":[{\"@type\":\"WebPage\",\"@id\":\"https:\/\/www.ecovis.com\/hungary\/hu\/szolgaltatasaink\/jogi-szolgaltatasok\/\",\"url\":\"https:\/\/www.ecovis.com\/hungary\/hu\/szolgaltatasaink\/jogi-szolgaltatasok\/\",\"name\":\"Jogi szolg\u00e1ltat\u00e1sok - Ecovis Magyarorsz\u00e1gon\",\"isPartOf\":{\"@id\":\"https:\/\/www.ecovis.com\/hungary\/hu\/#website\"},\"datePublished\":\"2020-08-25T08:32:45+00:00\",\"dateModified\":\"2020-11-13T08:31:54+00:00\",\"breadcrumb\":{\"@id\":\"https:\/\/www.ecovis.com\/hungary\/hu\/szolgaltatasaink\/jogi-szolgaltatasok\/#breadcrumb\"},\"inLanguage\":\"en-US\",\"potentialAction\":[{\"@type\":\"ReadAction\",\"target\":[\"https:\/\/www.ecovis.com\/hungary\/hu\/szolgaltatasaink\/jogi-szolgaltatasok\/\"]}]},{\"@type\":\"BreadcrumbList\",\"@id\":\"https:\/\/www.ecovis.com\/hungary\/hu\/szolgaltatasaink\/jogi-szolgaltatasok\/#breadcrumb\",\"itemListElement\":[{\"@type\":\"ListItem\",\"position\":1,\"name\":\"Ecovis Global\",\"item\":\"https:\/\/www.ecovis.com\/\"},{\"@type\":\"ListItem\",\"position\":2,\"name\":\"Ecovis Magyarorsz\u00e1gon\",\"item\":\"https:\/\/www.ecovis.com\/hungary\/hu\/\"},{\"@type\":\"ListItem\",\"position\":3,\"name\":\"Szolg\u00e1ltat\u00e1saink\",\"item\":\"https:\/\/www.ecovis.com\/hungary\/hu\/szolgaltatasaink\/\"},{\"@type\":\"ListItem\",\"position\":4,\"name\":\"Jogi szolg\u00e1ltat\u00e1sok\"}]},{\"@type\":\"WebSite\",\"@id\":\"https:\/\/www.ecovis.com\/hungary\/hu\/#website\",\"url\":\"https:\/\/www.ecovis.com\/hungary\/hu\/\",\"name\":\"Ecovis.com\",\"description\":\"\",\"potentialAction\":[{\"@type\":\"SearchAction\",\"target\":{\"@type\":\"EntryPoint\",\"urlTemplate\":\"https:\/\/www.ecovis.com\/hungary\/hu\/?s={search_term_string}\"},\"query-input\":{\"@type\":\"PropertyValueSpecification\",\"valueRequired\":true,\"valueName\":\"search_term_string\"}}],\"inLanguage\":\"en-US\"}]}<\/script>\n<!-- \/ Yoast SEO plugin. -->","yoast_head_json":{"title":"Jogi szolg\u00e1ltat\u00e1sok - Ecovis Magyarorsz\u00e1gon","robots":{"index":"index","follow":"follow","max-snippet":"max-snippet:-1","max-image-preview":"max-image-preview:large","max-video-preview":"max-video-preview:-1"},"canonical":"https:\/\/www.ecovis.com\/hungary\/hu\/szolgaltatasaink\/jogi-szolgaltatasok\/","og_locale":"en_US","og_type":"article","og_title":"Jogi szolg\u00e1ltat\u00e1sok - Ecovis Magyarorsz\u00e1gon","og_url":"https:\/\/www.ecovis.com\/hungary\/hu\/szolgaltatasaink\/jogi-szolgaltatasok\/","og_site_name":"Ecovis Magyarorsz\u00e1gon","article_modified_time":"2020-11-13T08:31:54+00:00","twitter_card":"summary_large_image","schema":{"@context":"https:\/\/schema.org","@graph":[{"@type":"WebPage","@id":"https:\/\/www.ecovis.com\/hungary\/hu\/szolgaltatasaink\/jogi-szolgaltatasok\/","url":"https:\/\/www.ecovis.com\/hungary\/hu\/szolgaltatasaink\/jogi-szolgaltatasok\/","name":"Jogi szolg\u00e1ltat\u00e1sok - Ecovis Magyarorsz\u00e1gon","isPartOf":{"@id":"https:\/\/www.ecovis.com\/hungary\/hu\/#website"},"datePublished":"2020-08-25T08:32:45+00:00","dateModified":"2020-11-13T08:31:54+00:00","breadcrumb":{"@id":"https:\/\/www.ecovis.com\/hungary\/hu\/szolgaltatasaink\/jogi-szolgaltatasok\/#breadcrumb"},"inLanguage":"en-US","potentialAction":[{"@type":"ReadAction","target":["https:\/\/www.ecovis.com\/hungary\/hu\/szolgaltatasaink\/jogi-szolgaltatasok\/"]}]},{"@type":"BreadcrumbList","@id":"https:\/\/www.ecovis.com\/hungary\/hu\/szolgaltatasaink\/jogi-szolgaltatasok\/#breadcrumb","itemListElement":[{"@type":"ListItem","position":1,"name":"Ecovis Global","item":"https:\/\/www.ecovis.com\/"},{"@type":"ListItem","position":2,"name":"Ecovis Magyarorsz\u00e1gon","item":"https:\/\/www.ecovis.com\/hungary\/hu\/"},{"@type":"ListItem","position":3,"name":"Szolg\u00e1ltat\u00e1saink","item":"https:\/\/www.ecovis.com\/hungary\/hu\/szolgaltatasaink\/"},{"@type":"ListItem","position":4,"name":"Jogi szolg\u00e1ltat\u00e1sok"}]},{"@type":"WebSite","@id":"https:\/\/www.ecovis.com\/hungary\/hu\/#website","url":"https:\/\/www.ecovis.com\/hungary\/hu\/","name":"Ecovis.com","description":"","potentialAction":[{"@type":"SearchAction","target":{"@type":"EntryPoint","urlTemplate":"https:\/\/www.ecovis.com\/hungary\/hu\/?s={search_term_string}"},"query-input":{"@type":"PropertyValueSpecification","valueRequired":true,"valueName":"search_term_string"}}],"inLanguage":"en-US"}]}},"_links":{"self":[{"href":"https:\/\/www.ecovis.com\/hungary\/hu\/wp-json\/wp\/v2\/pages\/2127","targetHints":{"allow":["GET"]}}],"collection":[{"href":"https:\/\/www.ecovis.com\/hungary\/hu\/wp-json\/wp\/v2\/pages"}],"about":[{"href":"https:\/\/www.ecovis.com\/hungary\/hu\/wp-json\/wp\/v2\/types\/page"}],"author":[{"embeddable":true,"href":"https:\/\/www.ecovis.com\/hungary\/hu\/wp-json\/wp\/v2\/users\/17"}],"replies":[{"embeddable":true,"href":"https:\/\/www.ecovis.com\/hungary\/hu\/wp-json\/wp\/v2\/comments?post=2127"}],"version-history":[{"count":6,"href":"https:\/\/www.ecovis.com\/hungary\/hu\/wp-json\/wp\/v2\/pages\/2127\/revisions"}],"predecessor-version":[{"id":2272,"href":"https:\/\/www.ecovis.com\/hungary\/hu\/wp-json\/wp\/v2\/pages\/2127\/revisions\/2272"}],"up":[{"embeddable":true,"href":"https:\/\/www.ecovis.com\/hungary\/hu\/wp-json\/wp\/v2\/pages\/2098"}],"wp:attachment":[{"href":"https:\/\/www.ecovis.com\/hungary\/hu\/wp-json\/wp\/v2\/media?parent=2127"}],"curies":[{"name":"wp","href":"https:\/\/api.w.org\/{rel}","templated":true}]}}