{"id":3180,"date":"2025-01-27T14:40:02","date_gmt":"2025-01-27T13:40:02","guid":{"rendered":"https:\/\/www.ecovis.com\/dev-landau\/?page_id=3180"},"modified":"2025-05-06T16:24:04","modified_gmt":"2025-05-06T14:24:04","slug":"consultants","status":"publish","type":"page","link":"https:\/\/www.ecovis.com\/heidelberg-en\/consultants\/","title":{"rendered":"Our Team"},"content":{"rendered":"","protected":false},"excerpt":{"rendered":"","protected":false},"author":25,"featured_media":0,"parent":0,"menu_order":0,"comment_status":"closed","ping_status":"closed","template":"services.php","meta":{"_acf_changed":false,"footnotes":""},"class_list":["post-3180","page","type-page","status-publish","hentry"],"acf":[],"yoast_head":"<!-- This site is optimized with the Yoast SEO plugin v27.2 - https:\/\/yoast.com\/product\/yoast-seo-wordpress\/ -->\n<title>ECOVIS Heidelberg Steuerberater - Ihre Ansprechpartner<\/title>\n<meta name=\"description\" content=\"Das Beratungsunternehmen Ecovis unterst\u00fctzt mittelst\u00e4ndische Unternehmen. In Deutschland z\u00e4hlt es zu den Top 10 der Branche.\" \/>\n<meta name=\"robots\" content=\"index, follow, max-snippet:-1, max-image-preview:large, max-video-preview:-1\" \/>\n<link rel=\"canonical\" href=\"https:\/\/www.ecovis.com\/heidelberg-en\/consultants\/\" \/>\n<meta property=\"og:locale\" content=\"en_GB\" \/>\n<meta property=\"og:type\" content=\"article\" \/>\n<meta property=\"og:title\" content=\"ECOVIS Heidelberg Steuerberater - Ihre Ansprechpartner\" \/>\n<meta property=\"og:description\" content=\"Das Beratungsunternehmen Ecovis unterst\u00fctzt mittelst\u00e4ndische Unternehmen. In Deutschland z\u00e4hlt es zu den Top 10 der Branche.\" \/>\n<meta property=\"og:url\" content=\"https:\/\/www.ecovis.com\/heidelberg-en\/consultants\/\" \/>\n<meta property=\"og:site_name\" content=\"Ecovis Heidelberg\" \/>\n<meta property=\"article:modified_time\" content=\"2025-05-06T14:24:04+00:00\" \/>\n<meta name=\"twitter:card\" content=\"summary_large_image\" \/>\n<script type=\"application\/ld+json\" class=\"yoast-schema-graph\">{\"@context\":\"https:\/\/schema.org\",\"@graph\":[{\"@type\":\"WebPage\",\"@id\":\"https:\/\/www.ecovis.com\/heidelberg-en\/consultants\/\",\"url\":\"https:\/\/www.ecovis.com\/heidelberg-en\/consultants\/\",\"name\":\"ECOVIS Heidelberg Steuerberater - Ihre Ansprechpartner\",\"isPartOf\":{\"@id\":\"https:\/\/www.ecovis.com\/heidelberg-en\/#website\"},\"datePublished\":\"2025-01-27T13:40:02+00:00\",\"dateModified\":\"2025-05-06T14:24:04+00:00\",\"description\":\"Das Beratungsunternehmen Ecovis unterst\u00fctzt mittelst\u00e4ndische Unternehmen. In Deutschland z\u00e4hlt es zu den Top 10 der Branche.\",\"breadcrumb\":{\"@id\":\"https:\/\/www.ecovis.com\/heidelberg-en\/consultants\/#breadcrumb\"},\"inLanguage\":\"en-GB\",\"potentialAction\":[{\"@type\":\"ReadAction\",\"target\":[\"https:\/\/www.ecovis.com\/heidelberg-en\/consultants\/\"]}]},{\"@type\":\"BreadcrumbList\",\"@id\":\"https:\/\/www.ecovis.com\/heidelberg-en\/consultants\/#breadcrumb\",\"itemListElement\":[{\"@type\":\"ListItem\",\"position\":1,\"name\":\"Ecovis Global\",\"item\":\"https:\/\/www.ecovis.com\/\"},{\"@type\":\"ListItem\",\"position\":2,\"name\":\"Home\",\"item\":\"https:\/\/www.ecovis.com\/heidelberg-en\/\"},{\"@type\":\"ListItem\",\"position\":3,\"name\":\"Our Team\"}]},{\"@type\":\"WebSite\",\"@id\":\"https:\/\/www.ecovis.com\/heidelberg-en\/#website\",\"url\":\"https:\/\/www.ecovis.com\/heidelberg-en\/\",\"name\":\"Ecovis.com\",\"description\":\"\",\"potentialAction\":[{\"@type\":\"SearchAction\",\"target\":{\"@type\":\"EntryPoint\",\"urlTemplate\":\"https:\/\/www.ecovis.com\/heidelberg-en\/?s={search_term_string}\"},\"query-input\":{\"@type\":\"PropertyValueSpecification\",\"valueRequired\":true,\"valueName\":\"search_term_string\"}}],\"inLanguage\":\"en-GB\"}]}<\/script>\n<!-- \/ Yoast SEO plugin. -->","yoast_head_json":{"title":"ECOVIS Heidelberg Steuerberater - Ihre Ansprechpartner","description":"Das Beratungsunternehmen Ecovis unterst\u00fctzt mittelst\u00e4ndische Unternehmen. In Deutschland z\u00e4hlt es zu den Top 10 der Branche.","robots":{"index":"index","follow":"follow","max-snippet":"max-snippet:-1","max-image-preview":"max-image-preview:large","max-video-preview":"max-video-preview:-1"},"canonical":"https:\/\/www.ecovis.com\/heidelberg-en\/consultants\/","og_locale":"en_GB","og_type":"article","og_title":"ECOVIS Heidelberg Steuerberater - Ihre Ansprechpartner","og_description":"Das Beratungsunternehmen Ecovis unterst\u00fctzt mittelst\u00e4ndische Unternehmen. In Deutschland z\u00e4hlt es zu den Top 10 der Branche.","og_url":"https:\/\/www.ecovis.com\/heidelberg-en\/consultants\/","og_site_name":"Ecovis Heidelberg","article_modified_time":"2025-05-06T14:24:04+00:00","twitter_card":"summary_large_image","schema":{"@context":"https:\/\/schema.org","@graph":[{"@type":"WebPage","@id":"https:\/\/www.ecovis.com\/heidelberg-en\/consultants\/","url":"https:\/\/www.ecovis.com\/heidelberg-en\/consultants\/","name":"ECOVIS Heidelberg Steuerberater - Ihre Ansprechpartner","isPartOf":{"@id":"https:\/\/www.ecovis.com\/heidelberg-en\/#website"},"datePublished":"2025-01-27T13:40:02+00:00","dateModified":"2025-05-06T14:24:04+00:00","description":"Das Beratungsunternehmen Ecovis unterst\u00fctzt mittelst\u00e4ndische Unternehmen. In Deutschland z\u00e4hlt es zu den Top 10 der Branche.","breadcrumb":{"@id":"https:\/\/www.ecovis.com\/heidelberg-en\/consultants\/#breadcrumb"},"inLanguage":"en-GB","potentialAction":[{"@type":"ReadAction","target":["https:\/\/www.ecovis.com\/heidelberg-en\/consultants\/"]}]},{"@type":"BreadcrumbList","@id":"https:\/\/www.ecovis.com\/heidelberg-en\/consultants\/#breadcrumb","itemListElement":[{"@type":"ListItem","position":1,"name":"Ecovis Global","item":"https:\/\/www.ecovis.com\/"},{"@type":"ListItem","position":2,"name":"Home","item":"https:\/\/www.ecovis.com\/heidelberg-en\/"},{"@type":"ListItem","position":3,"name":"Our Team"}]},{"@type":"WebSite","@id":"https:\/\/www.ecovis.com\/heidelberg-en\/#website","url":"https:\/\/www.ecovis.com\/heidelberg-en\/","name":"Ecovis.com","description":"","potentialAction":[{"@type":"SearchAction","target":{"@type":"EntryPoint","urlTemplate":"https:\/\/www.ecovis.com\/heidelberg-en\/?s={search_term_string}"},"query-input":{"@type":"PropertyValueSpecification","valueRequired":true,"valueName":"search_term_string"}}],"inLanguage":"en-GB"}]}},"_links":{"self":[{"href":"https:\/\/www.ecovis.com\/heidelberg-en\/wp-json\/wp\/v2\/pages\/3180","targetHints":{"allow":["GET"]}}],"collection":[{"href":"https:\/\/www.ecovis.com\/heidelberg-en\/wp-json\/wp\/v2\/pages"}],"about":[{"href":"https:\/\/www.ecovis.com\/heidelberg-en\/wp-json\/wp\/v2\/types\/page"}],"author":[{"embeddable":true,"href":"https:\/\/www.ecovis.com\/heidelberg-en\/wp-json\/wp\/v2\/users\/25"}],"replies":[{"embeddable":true,"href":"https:\/\/www.ecovis.com\/heidelberg-en\/wp-json\/wp\/v2\/comments?post=3180"}],"version-history":[{"count":29,"href":"https:\/\/www.ecovis.com\/heidelberg-en\/wp-json\/wp\/v2\/pages\/3180\/revisions"}],"predecessor-version":[{"id":4673,"href":"https:\/\/www.ecovis.com\/heidelberg-en\/wp-json\/wp\/v2\/pages\/3180\/revisions\/4673"}],"wp:attachment":[{"href":"https:\/\/www.ecovis.com\/heidelberg-en\/wp-json\/wp\/v2\/media?parent=3180"}],"curies":[{"name":"wp","href":"https:\/\/api.w.org\/{rel}","templated":true}]}}