{"id":2003,"date":"2020-02-05T19:42:08","date_gmt":"2020-02-05T18:42:08","guid":{"rendered":"https:\/\/www.ecovis.com\/guatemala\/es\/?page_id=2003"},"modified":"2021-06-29T16:51:40","modified_gmt":"2021-06-29T14:51:40","slug":"information-technology-consulting","status":"publish","type":"page","link":"https:\/\/www.ecovis.com\/guatemala\/es\/services\/information-technology-consulting\/","title":{"rendered":"Consultor\u00eda en Tecnolog\u00eda de Informaci\u00f3n"},"content":{"rendered":"","protected":false},"excerpt":{"rendered":"","protected":false},"author":10,"featured_media":0,"parent":1900,"menu_order":25,"comment_status":"closed","ping_status":"closed","template":"","meta":{"_acf_changed":false,"footnotes":""},"class_list":["post-2003","page","type-page","status-publish","hentry"],"acf":[],"yoast_head":"<!-- This site is optimized with the Yoast SEO plugin v27.2 - https:\/\/yoast.com\/product\/yoast-seo-wordpress\/ -->\n<title>Consultor\u00eda en Tecnolog\u00eda de Informaci\u00f3n - Ecovis en Guatemala<\/title>\n<meta name=\"robots\" content=\"index, follow, max-snippet:-1, max-image-preview:large, max-video-preview:-1\" \/>\n<link rel=\"canonical\" href=\"https:\/\/www.ecovis.com\/guatemala\/es\/services\/information-technology-consulting\/\" \/>\n<meta property=\"og:locale\" content=\"en_US\" \/>\n<meta property=\"og:type\" content=\"article\" \/>\n<meta property=\"og:title\" content=\"Consultor\u00eda en Tecnolog\u00eda de Informaci\u00f3n - Ecovis en Guatemala\" \/>\n<meta property=\"og:url\" content=\"https:\/\/www.ecovis.com\/guatemala\/es\/services\/information-technology-consulting\/\" \/>\n<meta property=\"og:site_name\" content=\"Ecovis en Guatemala\" \/>\n<meta property=\"article:modified_time\" content=\"2021-06-29T14:51:40+00:00\" \/>\n<meta name=\"twitter:card\" content=\"summary_large_image\" \/>\n<script type=\"application\/ld+json\" class=\"yoast-schema-graph\">{\"@context\":\"https:\/\/schema.org\",\"@graph\":[{\"@type\":\"WebPage\",\"@id\":\"https:\/\/www.ecovis.com\/guatemala\/es\/services\/information-technology-consulting\/\",\"url\":\"https:\/\/www.ecovis.com\/guatemala\/es\/services\/information-technology-consulting\/\",\"name\":\"Consultor\u00eda en Tecnolog\u00eda de Informaci\u00f3n - Ecovis en Guatemala\",\"isPartOf\":{\"@id\":\"https:\/\/www.ecovis.com\/guatemala\/es\/#website\"},\"datePublished\":\"2020-02-05T18:42:08+00:00\",\"dateModified\":\"2021-06-29T14:51:40+00:00\",\"breadcrumb\":{\"@id\":\"https:\/\/www.ecovis.com\/guatemala\/es\/services\/information-technology-consulting\/#breadcrumb\"},\"inLanguage\":\"en-US\",\"potentialAction\":[{\"@type\":\"ReadAction\",\"target\":[\"https:\/\/www.ecovis.com\/guatemala\/es\/services\/information-technology-consulting\/\"]}]},{\"@type\":\"BreadcrumbList\",\"@id\":\"https:\/\/www.ecovis.com\/guatemala\/es\/services\/information-technology-consulting\/#breadcrumb\",\"itemListElement\":[{\"@type\":\"ListItem\",\"position\":1,\"name\":\"Ecovis Global\",\"item\":\"https:\/\/www.ecovis.com\/\"},{\"@type\":\"ListItem\",\"position\":2,\"name\":\"Startseite\",\"item\":\"https:\/\/www.ecovis.com\/guatemala\/es\/\"},{\"@type\":\"ListItem\",\"position\":3,\"name\":\"Servicios\",\"item\":\"https:\/\/www.ecovis.com\/guatemala\/es\/services\/\"},{\"@type\":\"ListItem\",\"position\":4,\"name\":\"Consultor\u00eda en Tecnolog\u00eda de Informaci\u00f3n\"}]},{\"@type\":\"WebSite\",\"@id\":\"https:\/\/www.ecovis.com\/guatemala\/es\/#website\",\"url\":\"https:\/\/www.ecovis.com\/guatemala\/es\/\",\"name\":\"Ecovis.com\",\"description\":\"\",\"potentialAction\":[{\"@type\":\"SearchAction\",\"target\":{\"@type\":\"EntryPoint\",\"urlTemplate\":\"https:\/\/www.ecovis.com\/guatemala\/es\/?s={search_term_string}\"},\"query-input\":{\"@type\":\"PropertyValueSpecification\",\"valueRequired\":true,\"valueName\":\"search_term_string\"}}],\"inLanguage\":\"en-US\"}]}<\/script>\n<!-- \/ Yoast SEO plugin. -->","yoast_head_json":{"title":"Consultor\u00eda en Tecnolog\u00eda de Informaci\u00f3n - Ecovis en Guatemala","robots":{"index":"index","follow":"follow","max-snippet":"max-snippet:-1","max-image-preview":"max-image-preview:large","max-video-preview":"max-video-preview:-1"},"canonical":"https:\/\/www.ecovis.com\/guatemala\/es\/services\/information-technology-consulting\/","og_locale":"en_US","og_type":"article","og_title":"Consultor\u00eda en Tecnolog\u00eda de Informaci\u00f3n - Ecovis en Guatemala","og_url":"https:\/\/www.ecovis.com\/guatemala\/es\/services\/information-technology-consulting\/","og_site_name":"Ecovis en Guatemala","article_modified_time":"2021-06-29T14:51:40+00:00","twitter_card":"summary_large_image","schema":{"@context":"https:\/\/schema.org","@graph":[{"@type":"WebPage","@id":"https:\/\/www.ecovis.com\/guatemala\/es\/services\/information-technology-consulting\/","url":"https:\/\/www.ecovis.com\/guatemala\/es\/services\/information-technology-consulting\/","name":"Consultor\u00eda en Tecnolog\u00eda de Informaci\u00f3n - Ecovis en Guatemala","isPartOf":{"@id":"https:\/\/www.ecovis.com\/guatemala\/es\/#website"},"datePublished":"2020-02-05T18:42:08+00:00","dateModified":"2021-06-29T14:51:40+00:00","breadcrumb":{"@id":"https:\/\/www.ecovis.com\/guatemala\/es\/services\/information-technology-consulting\/#breadcrumb"},"inLanguage":"en-US","potentialAction":[{"@type":"ReadAction","target":["https:\/\/www.ecovis.com\/guatemala\/es\/services\/information-technology-consulting\/"]}]},{"@type":"BreadcrumbList","@id":"https:\/\/www.ecovis.com\/guatemala\/es\/services\/information-technology-consulting\/#breadcrumb","itemListElement":[{"@type":"ListItem","position":1,"name":"Ecovis Global","item":"https:\/\/www.ecovis.com\/"},{"@type":"ListItem","position":2,"name":"Startseite","item":"https:\/\/www.ecovis.com\/guatemala\/es\/"},{"@type":"ListItem","position":3,"name":"Servicios","item":"https:\/\/www.ecovis.com\/guatemala\/es\/services\/"},{"@type":"ListItem","position":4,"name":"Consultor\u00eda en Tecnolog\u00eda de Informaci\u00f3n"}]},{"@type":"WebSite","@id":"https:\/\/www.ecovis.com\/guatemala\/es\/#website","url":"https:\/\/www.ecovis.com\/guatemala\/es\/","name":"Ecovis.com","description":"","potentialAction":[{"@type":"SearchAction","target":{"@type":"EntryPoint","urlTemplate":"https:\/\/www.ecovis.com\/guatemala\/es\/?s={search_term_string}"},"query-input":{"@type":"PropertyValueSpecification","valueRequired":true,"valueName":"search_term_string"}}],"inLanguage":"en-US"}]}},"_links":{"self":[{"href":"https:\/\/www.ecovis.com\/guatemala\/es\/wp-json\/wp\/v2\/pages\/2003","targetHints":{"allow":["GET"]}}],"collection":[{"href":"https:\/\/www.ecovis.com\/guatemala\/es\/wp-json\/wp\/v2\/pages"}],"about":[{"href":"https:\/\/www.ecovis.com\/guatemala\/es\/wp-json\/wp\/v2\/types\/page"}],"author":[{"embeddable":true,"href":"https:\/\/www.ecovis.com\/guatemala\/es\/wp-json\/wp\/v2\/users\/10"}],"replies":[{"embeddable":true,"href":"https:\/\/www.ecovis.com\/guatemala\/es\/wp-json\/wp\/v2\/comments?post=2003"}],"version-history":[{"count":6,"href":"https:\/\/www.ecovis.com\/guatemala\/es\/wp-json\/wp\/v2\/pages\/2003\/revisions"}],"predecessor-version":[{"id":2440,"href":"https:\/\/www.ecovis.com\/guatemala\/es\/wp-json\/wp\/v2\/pages\/2003\/revisions\/2440"}],"up":[{"embeddable":true,"href":"https:\/\/www.ecovis.com\/guatemala\/es\/wp-json\/wp\/v2\/pages\/1900"}],"wp:attachment":[{"href":"https:\/\/www.ecovis.com\/guatemala\/es\/wp-json\/wp\/v2\/media?parent=2003"}],"curies":[{"name":"wp","href":"https:\/\/api.w.org\/{rel}","templated":true}]}}