{"id":1966,"date":"2020-02-05T19:03:16","date_gmt":"2020-02-05T18:03:16","guid":{"rendered":"https:\/\/www.ecovis.com\/guatemala\/es\/?page_id=1966"},"modified":"2021-06-29T16:22:30","modified_gmt":"2021-06-29T14:22:30","slug":"legal","status":"publish","type":"page","link":"https:\/\/www.ecovis.com\/guatemala\/es\/services\/legal\/","title":{"rendered":"Legal"},"content":{"rendered":"<h4>Cada peque\u00f1o detalle importa<\/h4>\n<p>Podemos asegurarnos de que comprenda sus derechos y deberes legales cuando existan dimensiones nacionales o internacionales.<\/p>\n<p>Las incertidumbres econ\u00f3micas y un entorno financiero y regulatorio cada vez m\u00e1s complejo crean una multitud de amenazas y oportunidades que requieren asesoramiento legal pr\u00e1ctico, respuestas y orientaci\u00f3n para lograr su objetivo de manera eficiente y sin altos riesgos.<\/p>\n<p>Nos ocupamos de comprenderlo plenamente a usted y a su empresa y luego usaremos la ley para ayudarlo a encontrar su camino a trav\u00e9s de una amplia gama de problemas en los que se puede requerir un buen asesoramiento, sin importar cu\u00e1n compleja sea la situaci\u00f3n.<\/p>\n","protected":false},"excerpt":{"rendered":"<p>Cada peque\u00f1o detalle importa Podemos asegurarnos de que comprenda sus derechos y deberes legales cuando existan dimensiones nacionales o internacionales. Las incertidumbres econ\u00f3micas y un entorno financiero y regulatorio cada vez m\u00e1s complejo crean una multitud de amenazas y oportunidades que requieren asesoramiento legal pr\u00e1ctico, respuestas y orientaci\u00f3n para lograr su objetivo de manera eficiente [&hellip;]<\/p>\n","protected":false},"author":10,"featured_media":0,"parent":1900,"menu_order":15,"comment_status":"closed","ping_status":"closed","template":"page-overview.php","meta":{"_acf_changed":false,"footnotes":""},"class_list":["post-1966","page","type-page","status-publish","hentry"],"acf":[],"yoast_head":"<!-- This site is optimized with the Yoast SEO plugin v27.2 - https:\/\/yoast.com\/product\/yoast-seo-wordpress\/ -->\n<title>Legal - Ecovis en Guatemala<\/title>\n<meta name=\"robots\" content=\"index, follow, max-snippet:-1, max-image-preview:large, max-video-preview:-1\" \/>\n<link rel=\"canonical\" href=\"https:\/\/www.ecovis.com\/guatemala\/es\/services\/legal\/\" \/>\n<meta property=\"og:locale\" content=\"en_US\" \/>\n<meta property=\"og:type\" content=\"article\" \/>\n<meta property=\"og:title\" content=\"Legal - Ecovis en Guatemala\" \/>\n<meta property=\"og:description\" content=\"Cada peque\u00f1o detalle importa Podemos asegurarnos de que comprenda sus derechos y deberes legales cuando existan dimensiones nacionales o internacionales. Las incertidumbres econ\u00f3micas y un entorno financiero y regulatorio cada vez m\u00e1s complejo crean una multitud de amenazas y oportunidades que requieren asesoramiento legal pr\u00e1ctico, respuestas y orientaci\u00f3n para lograr su objetivo de manera eficiente [&hellip;]\" \/>\n<meta property=\"og:url\" content=\"https:\/\/www.ecovis.com\/guatemala\/es\/services\/legal\/\" \/>\n<meta property=\"og:site_name\" content=\"Ecovis en Guatemala\" \/>\n<meta property=\"article:modified_time\" content=\"2021-06-29T14:22:30+00:00\" \/>\n<meta name=\"twitter:card\" content=\"summary_large_image\" \/>\n<meta name=\"twitter:label1\" content=\"Est. reading time\" \/>\n\t<meta name=\"twitter:data1\" content=\"1 minute\" \/>\n<script type=\"application\/ld+json\" class=\"yoast-schema-graph\">{\"@context\":\"https:\/\/schema.org\",\"@graph\":[{\"@type\":\"WebPage\",\"@id\":\"https:\/\/www.ecovis.com\/guatemala\/es\/services\/legal\/\",\"url\":\"https:\/\/www.ecovis.com\/guatemala\/es\/services\/legal\/\",\"name\":\"Legal - Ecovis en Guatemala\",\"isPartOf\":{\"@id\":\"https:\/\/www.ecovis.com\/guatemala\/es\/#website\"},\"datePublished\":\"2020-02-05T18:03:16+00:00\",\"dateModified\":\"2021-06-29T14:22:30+00:00\",\"breadcrumb\":{\"@id\":\"https:\/\/www.ecovis.com\/guatemala\/es\/services\/legal\/#breadcrumb\"},\"inLanguage\":\"en-US\",\"potentialAction\":[{\"@type\":\"ReadAction\",\"target\":[\"https:\/\/www.ecovis.com\/guatemala\/es\/services\/legal\/\"]}]},{\"@type\":\"BreadcrumbList\",\"@id\":\"https:\/\/www.ecovis.com\/guatemala\/es\/services\/legal\/#breadcrumb\",\"itemListElement\":[{\"@type\":\"ListItem\",\"position\":1,\"name\":\"Ecovis Global\",\"item\":\"https:\/\/www.ecovis.com\/\"},{\"@type\":\"ListItem\",\"position\":2,\"name\":\"Startseite\",\"item\":\"https:\/\/www.ecovis.com\/guatemala\/es\/\"},{\"@type\":\"ListItem\",\"position\":3,\"name\":\"Servicios\",\"item\":\"https:\/\/www.ecovis.com\/guatemala\/es\/services\/\"},{\"@type\":\"ListItem\",\"position\":4,\"name\":\"Legal\"}]},{\"@type\":\"WebSite\",\"@id\":\"https:\/\/www.ecovis.com\/guatemala\/es\/#website\",\"url\":\"https:\/\/www.ecovis.com\/guatemala\/es\/\",\"name\":\"Ecovis.com\",\"description\":\"\",\"potentialAction\":[{\"@type\":\"SearchAction\",\"target\":{\"@type\":\"EntryPoint\",\"urlTemplate\":\"https:\/\/www.ecovis.com\/guatemala\/es\/?s={search_term_string}\"},\"query-input\":{\"@type\":\"PropertyValueSpecification\",\"valueRequired\":true,\"valueName\":\"search_term_string\"}}],\"inLanguage\":\"en-US\"}]}<\/script>\n<!-- \/ Yoast SEO plugin. -->","yoast_head_json":{"title":"Legal - Ecovis en Guatemala","robots":{"index":"index","follow":"follow","max-snippet":"max-snippet:-1","max-image-preview":"max-image-preview:large","max-video-preview":"max-video-preview:-1"},"canonical":"https:\/\/www.ecovis.com\/guatemala\/es\/services\/legal\/","og_locale":"en_US","og_type":"article","og_title":"Legal - Ecovis en Guatemala","og_description":"Cada peque\u00f1o detalle importa Podemos asegurarnos de que comprenda sus derechos y deberes legales cuando existan dimensiones nacionales o internacionales. Las incertidumbres econ\u00f3micas y un entorno financiero y regulatorio cada vez m\u00e1s complejo crean una multitud de amenazas y oportunidades que requieren asesoramiento legal pr\u00e1ctico, respuestas y orientaci\u00f3n para lograr su objetivo de manera eficiente [&hellip;]","og_url":"https:\/\/www.ecovis.com\/guatemala\/es\/services\/legal\/","og_site_name":"Ecovis en Guatemala","article_modified_time":"2021-06-29T14:22:30+00:00","twitter_card":"summary_large_image","twitter_misc":{"Est. reading time":"1 minute"},"schema":{"@context":"https:\/\/schema.org","@graph":[{"@type":"WebPage","@id":"https:\/\/www.ecovis.com\/guatemala\/es\/services\/legal\/","url":"https:\/\/www.ecovis.com\/guatemala\/es\/services\/legal\/","name":"Legal - Ecovis en Guatemala","isPartOf":{"@id":"https:\/\/www.ecovis.com\/guatemala\/es\/#website"},"datePublished":"2020-02-05T18:03:16+00:00","dateModified":"2021-06-29T14:22:30+00:00","breadcrumb":{"@id":"https:\/\/www.ecovis.com\/guatemala\/es\/services\/legal\/#breadcrumb"},"inLanguage":"en-US","potentialAction":[{"@type":"ReadAction","target":["https:\/\/www.ecovis.com\/guatemala\/es\/services\/legal\/"]}]},{"@type":"BreadcrumbList","@id":"https:\/\/www.ecovis.com\/guatemala\/es\/services\/legal\/#breadcrumb","itemListElement":[{"@type":"ListItem","position":1,"name":"Ecovis Global","item":"https:\/\/www.ecovis.com\/"},{"@type":"ListItem","position":2,"name":"Startseite","item":"https:\/\/www.ecovis.com\/guatemala\/es\/"},{"@type":"ListItem","position":3,"name":"Servicios","item":"https:\/\/www.ecovis.com\/guatemala\/es\/services\/"},{"@type":"ListItem","position":4,"name":"Legal"}]},{"@type":"WebSite","@id":"https:\/\/www.ecovis.com\/guatemala\/es\/#website","url":"https:\/\/www.ecovis.com\/guatemala\/es\/","name":"Ecovis.com","description":"","potentialAction":[{"@type":"SearchAction","target":{"@type":"EntryPoint","urlTemplate":"https:\/\/www.ecovis.com\/guatemala\/es\/?s={search_term_string}"},"query-input":{"@type":"PropertyValueSpecification","valueRequired":true,"valueName":"search_term_string"}}],"inLanguage":"en-US"}]}},"_links":{"self":[{"href":"https:\/\/www.ecovis.com\/guatemala\/es\/wp-json\/wp\/v2\/pages\/1966","targetHints":{"allow":["GET"]}}],"collection":[{"href":"https:\/\/www.ecovis.com\/guatemala\/es\/wp-json\/wp\/v2\/pages"}],"about":[{"href":"https:\/\/www.ecovis.com\/guatemala\/es\/wp-json\/wp\/v2\/types\/page"}],"author":[{"embeddable":true,"href":"https:\/\/www.ecovis.com\/guatemala\/es\/wp-json\/wp\/v2\/users\/10"}],"replies":[{"embeddable":true,"href":"https:\/\/www.ecovis.com\/guatemala\/es\/wp-json\/wp\/v2\/comments?post=1966"}],"version-history":[{"count":6,"href":"https:\/\/www.ecovis.com\/guatemala\/es\/wp-json\/wp\/v2\/pages\/1966\/revisions"}],"predecessor-version":[{"id":2428,"href":"https:\/\/www.ecovis.com\/guatemala\/es\/wp-json\/wp\/v2\/pages\/1966\/revisions\/2428"}],"up":[{"embeddable":true,"href":"https:\/\/www.ecovis.com\/guatemala\/es\/wp-json\/wp\/v2\/pages\/1900"}],"wp:attachment":[{"href":"https:\/\/www.ecovis.com\/guatemala\/es\/wp-json\/wp\/v2\/media?parent=1966"}],"curies":[{"name":"wp","href":"https:\/\/api.w.org\/{rel}","templated":true}]}}