{"id":1937,"date":"2020-01-29T17:07:28","date_gmt":"2020-01-29T16:07:28","guid":{"rendered":"https:\/\/www.ecovis.com\/guatemala\/es\/?page_id=1937"},"modified":"2021-06-29T15:39:41","modified_gmt":"2021-06-29T13:39:41","slug":"tax-and-transference-prices","status":"publish","type":"page","link":"https:\/\/www.ecovis.com\/guatemala\/es\/services\/tax-and-transference-prices\/","title":{"rendered":"Impuestos y precios de transferencia"},"content":{"rendered":"<h3>Creamos soluciones \u2013 no problemas<\/h3>\n<p>\u00bfCu\u00e1l es la estructura fiscal \u00f3ptima para iniciar su negocio? \u00bfDebiera utilizar el r\u00e9gimen de impuesto sobre la renta sobre utilidades o el r\u00e9gimen simplificado sobre ingresos?<\/p>\n<p>Con conocimiento del negocio del cliente, el asesor fiscal abre un camino que se puede seguir con seguridad a trav\u00e9s de reglas y regulaciones, ya que el mejor asesor fiscal aporta al cliente una tranquilidad y confianza en la toma de decisiones y expansi\u00f3n de su actividad econ\u00f3mica. Para ello se requiere un an\u00e1lisis profundo de todas las \u00e1reas, y cuando los temas fiscales coinciden con factores legales y econ\u00f3micos, se debe acceder a los conocimientos especializados apropiados.<\/p>\n<h3>Servicios Fiscales Corporativos<\/h3>\n<p>Nuestros profesionales de impuestos tienen experiencia y conocimiento en impuestos locales e internacionales en la prestaci\u00f3n de servicios de impuestos corporativos a diversas corporaciones multinacionales, as\u00ed como peque\u00f1as y medianas empresas. Brindamos soluciones tributarias integrales y asesor\u00eda dentro de las regulaciones y el marco tributario existentes, para ayudarlo a tomar las decisiones correctas en el momento adecuado y lograr objetivos m\u00e1s eficientes en temas tributarios, a un costo razonable, incluyendo<\/p>\n<ul>\n<li>Cumplimiento de las obligaciones fiscales, locales y pagos a no residentes<\/li>\n<li>Implicaciones fiscales derivadas de fusiones, adquisiciones y reestructuraciones<\/li>\n<li>Debida Diligencia o &#8220;Due diligence\u201d fiscal sobre posibles adquisiciones<\/li>\n<li>Implicaciones fiscales relacionadas con contratos, transacciones o acuerdos propuestos<\/li>\n<li>Planificaci\u00f3n fiscal internacional para inversiones y transacciones transfronterizas<\/li>\n<li>Implementaci\u00f3n de Control Interno tributario<\/li>\n<\/ul>\n","protected":false},"excerpt":{"rendered":"<p>Creamos soluciones \u2013 no problemas \u00bfCu\u00e1l es la estructura fiscal \u00f3ptima para iniciar su negocio? \u00bfDebiera utilizar el r\u00e9gimen de impuesto sobre la renta sobre utilidades o el r\u00e9gimen simplificado sobre ingresos? Con conocimiento del negocio del cliente, el asesor fiscal abre un camino que se puede seguir con seguridad a trav\u00e9s de reglas y [&hellip;]<\/p>\n","protected":false},"author":10,"featured_media":0,"parent":1900,"menu_order":10,"comment_status":"closed","ping_status":"closed","template":"page-overview.php","meta":{"_acf_changed":false,"footnotes":""},"class_list":["post-1937","page","type-page","status-publish","hentry"],"acf":[],"yoast_head":"<!-- This site is optimized with the Yoast SEO plugin v27.2 - https:\/\/yoast.com\/product\/yoast-seo-wordpress\/ -->\n<title>Impuestos y precios de transferencia - Ecovis en Guatemala<\/title>\n<meta name=\"robots\" content=\"index, follow, max-snippet:-1, max-image-preview:large, max-video-preview:-1\" \/>\n<link rel=\"canonical\" href=\"https:\/\/www.ecovis.com\/guatemala\/es\/services\/tax-and-transference-prices\/\" \/>\n<meta property=\"og:locale\" content=\"en_US\" \/>\n<meta property=\"og:type\" content=\"article\" \/>\n<meta property=\"og:title\" content=\"Impuestos y precios de transferencia - Ecovis en Guatemala\" \/>\n<meta property=\"og:description\" content=\"Creamos soluciones \u2013 no problemas \u00bfCu\u00e1l es la estructura fiscal \u00f3ptima para iniciar su negocio? \u00bfDebiera utilizar el r\u00e9gimen de impuesto sobre la renta sobre utilidades o el r\u00e9gimen simplificado sobre ingresos? Con conocimiento del negocio del cliente, el asesor fiscal abre un camino que se puede seguir con seguridad a trav\u00e9s de reglas y [&hellip;]\" \/>\n<meta property=\"og:url\" content=\"https:\/\/www.ecovis.com\/guatemala\/es\/services\/tax-and-transference-prices\/\" \/>\n<meta property=\"og:site_name\" content=\"Ecovis en Guatemala\" \/>\n<meta property=\"article:modified_time\" content=\"2021-06-29T13:39:41+00:00\" \/>\n<meta name=\"twitter:card\" content=\"summary_large_image\" \/>\n<meta name=\"twitter:label1\" content=\"Est. reading time\" \/>\n\t<meta name=\"twitter:data1\" content=\"2 minutes\" \/>\n<script type=\"application\/ld+json\" class=\"yoast-schema-graph\">{\"@context\":\"https:\/\/schema.org\",\"@graph\":[{\"@type\":\"WebPage\",\"@id\":\"https:\/\/www.ecovis.com\/guatemala\/es\/services\/tax-and-transference-prices\/\",\"url\":\"https:\/\/www.ecovis.com\/guatemala\/es\/services\/tax-and-transference-prices\/\",\"name\":\"Impuestos y precios de transferencia - Ecovis en Guatemala\",\"isPartOf\":{\"@id\":\"https:\/\/www.ecovis.com\/guatemala\/es\/#website\"},\"datePublished\":\"2020-01-29T16:07:28+00:00\",\"dateModified\":\"2021-06-29T13:39:41+00:00\",\"breadcrumb\":{\"@id\":\"https:\/\/www.ecovis.com\/guatemala\/es\/services\/tax-and-transference-prices\/#breadcrumb\"},\"inLanguage\":\"en-US\",\"potentialAction\":[{\"@type\":\"ReadAction\",\"target\":[\"https:\/\/www.ecovis.com\/guatemala\/es\/services\/tax-and-transference-prices\/\"]}]},{\"@type\":\"BreadcrumbList\",\"@id\":\"https:\/\/www.ecovis.com\/guatemala\/es\/services\/tax-and-transference-prices\/#breadcrumb\",\"itemListElement\":[{\"@type\":\"ListItem\",\"position\":1,\"name\":\"Ecovis Global\",\"item\":\"https:\/\/www.ecovis.com\/\"},{\"@type\":\"ListItem\",\"position\":2,\"name\":\"Startseite\",\"item\":\"https:\/\/www.ecovis.com\/guatemala\/es\/\"},{\"@type\":\"ListItem\",\"position\":3,\"name\":\"Servicios\",\"item\":\"https:\/\/www.ecovis.com\/guatemala\/es\/services\/\"},{\"@type\":\"ListItem\",\"position\":4,\"name\":\"Impuestos y precios de transferencia\"}]},{\"@type\":\"WebSite\",\"@id\":\"https:\/\/www.ecovis.com\/guatemala\/es\/#website\",\"url\":\"https:\/\/www.ecovis.com\/guatemala\/es\/\",\"name\":\"Ecovis.com\",\"description\":\"\",\"potentialAction\":[{\"@type\":\"SearchAction\",\"target\":{\"@type\":\"EntryPoint\",\"urlTemplate\":\"https:\/\/www.ecovis.com\/guatemala\/es\/?s={search_term_string}\"},\"query-input\":{\"@type\":\"PropertyValueSpecification\",\"valueRequired\":true,\"valueName\":\"search_term_string\"}}],\"inLanguage\":\"en-US\"}]}<\/script>\n<!-- \/ Yoast SEO plugin. -->","yoast_head_json":{"title":"Impuestos y precios de transferencia - Ecovis en Guatemala","robots":{"index":"index","follow":"follow","max-snippet":"max-snippet:-1","max-image-preview":"max-image-preview:large","max-video-preview":"max-video-preview:-1"},"canonical":"https:\/\/www.ecovis.com\/guatemala\/es\/services\/tax-and-transference-prices\/","og_locale":"en_US","og_type":"article","og_title":"Impuestos y precios de transferencia - Ecovis en Guatemala","og_description":"Creamos soluciones \u2013 no problemas \u00bfCu\u00e1l es la estructura fiscal \u00f3ptima para iniciar su negocio? \u00bfDebiera utilizar el r\u00e9gimen de impuesto sobre la renta sobre utilidades o el r\u00e9gimen simplificado sobre ingresos? Con conocimiento del negocio del cliente, el asesor fiscal abre un camino que se puede seguir con seguridad a trav\u00e9s de reglas y [&hellip;]","og_url":"https:\/\/www.ecovis.com\/guatemala\/es\/services\/tax-and-transference-prices\/","og_site_name":"Ecovis en Guatemala","article_modified_time":"2021-06-29T13:39:41+00:00","twitter_card":"summary_large_image","twitter_misc":{"Est. reading time":"2 minutes"},"schema":{"@context":"https:\/\/schema.org","@graph":[{"@type":"WebPage","@id":"https:\/\/www.ecovis.com\/guatemala\/es\/services\/tax-and-transference-prices\/","url":"https:\/\/www.ecovis.com\/guatemala\/es\/services\/tax-and-transference-prices\/","name":"Impuestos y precios de transferencia - Ecovis en Guatemala","isPartOf":{"@id":"https:\/\/www.ecovis.com\/guatemala\/es\/#website"},"datePublished":"2020-01-29T16:07:28+00:00","dateModified":"2021-06-29T13:39:41+00:00","breadcrumb":{"@id":"https:\/\/www.ecovis.com\/guatemala\/es\/services\/tax-and-transference-prices\/#breadcrumb"},"inLanguage":"en-US","potentialAction":[{"@type":"ReadAction","target":["https:\/\/www.ecovis.com\/guatemala\/es\/services\/tax-and-transference-prices\/"]}]},{"@type":"BreadcrumbList","@id":"https:\/\/www.ecovis.com\/guatemala\/es\/services\/tax-and-transference-prices\/#breadcrumb","itemListElement":[{"@type":"ListItem","position":1,"name":"Ecovis Global","item":"https:\/\/www.ecovis.com\/"},{"@type":"ListItem","position":2,"name":"Startseite","item":"https:\/\/www.ecovis.com\/guatemala\/es\/"},{"@type":"ListItem","position":3,"name":"Servicios","item":"https:\/\/www.ecovis.com\/guatemala\/es\/services\/"},{"@type":"ListItem","position":4,"name":"Impuestos y precios de transferencia"}]},{"@type":"WebSite","@id":"https:\/\/www.ecovis.com\/guatemala\/es\/#website","url":"https:\/\/www.ecovis.com\/guatemala\/es\/","name":"Ecovis.com","description":"","potentialAction":[{"@type":"SearchAction","target":{"@type":"EntryPoint","urlTemplate":"https:\/\/www.ecovis.com\/guatemala\/es\/?s={search_term_string}"},"query-input":{"@type":"PropertyValueSpecification","valueRequired":true,"valueName":"search_term_string"}}],"inLanguage":"en-US"}]}},"_links":{"self":[{"href":"https:\/\/www.ecovis.com\/guatemala\/es\/wp-json\/wp\/v2\/pages\/1937","targetHints":{"allow":["GET"]}}],"collection":[{"href":"https:\/\/www.ecovis.com\/guatemala\/es\/wp-json\/wp\/v2\/pages"}],"about":[{"href":"https:\/\/www.ecovis.com\/guatemala\/es\/wp-json\/wp\/v2\/types\/page"}],"author":[{"embeddable":true,"href":"https:\/\/www.ecovis.com\/guatemala\/es\/wp-json\/wp\/v2\/users\/10"}],"replies":[{"embeddable":true,"href":"https:\/\/www.ecovis.com\/guatemala\/es\/wp-json\/wp\/v2\/comments?post=1937"}],"version-history":[{"count":9,"href":"https:\/\/www.ecovis.com\/guatemala\/es\/wp-json\/wp\/v2\/pages\/1937\/revisions"}],"predecessor-version":[{"id":2417,"href":"https:\/\/www.ecovis.com\/guatemala\/es\/wp-json\/wp\/v2\/pages\/1937\/revisions\/2417"}],"up":[{"embeddable":true,"href":"https:\/\/www.ecovis.com\/guatemala\/es\/wp-json\/wp\/v2\/pages\/1900"}],"wp:attachment":[{"href":"https:\/\/www.ecovis.com\/guatemala\/es\/wp-json\/wp\/v2\/media?parent=1937"}],"curies":[{"name":"wp","href":"https:\/\/api.w.org\/{rel}","templated":true}]}}