{"id":1902,"date":"2020-01-22T13:32:50","date_gmt":"2020-01-22T12:32:50","guid":{"rendered":"https:\/\/www.ecovis.com\/guatemala\/es\/?page_id=1902"},"modified":"2021-06-29T15:30:40","modified_gmt":"2021-06-29T13:30:40","slug":"audit","status":"publish","type":"page","link":"https:\/\/www.ecovis.com\/guatemala\/es\/services\/audit\/","title":{"rendered":"Auditor\u00eda"},"content":{"rendered":"<h4>Caminamos la milla extra<\/h4>\n<p>El objetivo de nuestro servicio de auditor\u00eda es incrementar el grado de confiabilidad de los usuarios de la informaci\u00f3n financiera.<br \/>\nActualmente,es necesario para todo tipo de empresas que su informaci\u00f3n financiera sea confiable, consistente y preparada conforme con las normas locales e internacionales.<\/p>\n<p>La auditor\u00eda brinda transparencia, confianza y certifica la calidad en la gesti\u00f3n de su empresa.<\/p>\n<h4>Auditor\u00edas internacionales y de grupos:<\/h4>\n<p>Perm\u00edtanos ser su socio internacional &#8211; para un proceso de auditor\u00eda internacional bien coordinado y de alta calidad.<\/p>\n<p>ECOVIS es la opci\u00f3n para las Pymes, las organizaciones empresariales o de nueva creaci\u00f3n, as\u00ed como la alternativa inteligente para grandes empresas multinacionales a nivel regional. ECOVIS sabe c\u00f3mo adaptarse a las necesidades espec\u00edficas de su negocio. Por lo general, nuestros clientes son empresas con presencia internacional.<\/p>\n<p>Nuestros clientes conducen sus negocios a trav\u00e9s de las fronteras y, por lo tanto, se enfrentan a diferentes requisitos de regulaci\u00f3n jurisdiccional. Necesitan un marco de informaci\u00f3n internacional fiable, as\u00ed como el cumplimiento legal de los requisitos de auditor\u00eda de todas las jurisdicciones en las que operan.<\/p>\n<p>Con ECOVIS internacional &#8211; nuestras redes de auditores, asesores fiscales, contadores y abogados representantes en los 80 paises nuestros clientes han podido encontrar un socio comercial para llevar a cabo el proceso de auditor\u00eda con una mentalidad empresarial que se centra en las necesidades del cliente.<\/p>\n<p>Como firma consultora de tama\u00f1o medio, tenemos la flexibilidad para adaptarnos a las circunstancias espec\u00edficas de su empresa. Para que la coordinaci\u00f3n internacional sea lo m\u00e1s sencilla posible, se le asigna un socio de contacto con responsabilidad operativa, que coordina todas las consultas en la red internacional.<\/p>\n<p>\u00bfC\u00f3mo se coordina nuestra cooperaci\u00f3n con grupos regionales?<\/p>\n<ul>\n<li>ECOVIS pone a disposici\u00f3n de sus clientes una oficina de contacto que establecer\u00e1 un enlace con otros lugares para coordinar la auditor\u00eda regionalmente. La naturaleza de ECOVIS es que combinamos un servicio personalizado con un conocimiento experto.<\/li>\n<li>ECOVIS Internacional es miembro del Foro de Firmas: una asociaci\u00f3n independiente de firmas de auditor\u00eda internacionales que realizan auditor\u00edas transnacionales.<\/li>\n<li>En este sentido, las pol\u00edticas y metodolog\u00edas son basadas en las Normas Internacionales de Auditor\u00eda &#8211; NIAs;<\/li>\n<li>Conforme al C\u00f3digo de Etica de IFAC; y<\/li>\n<li>Mantiene normas de control de calidad adecuadas conforme con las Normas Internacionales de Control de Calidad, adem\u00e1s de las normas nacionales correspondientes.<\/li>\n<\/ul>\n<p>\u00bfC\u00f3mo pueden beneficiarse nuestros clientes de la oferta de servicios de auditor\u00eda internacional de ECOVIS?<\/p>\n<ul>\n<li>Cumplimiento de las obligaciones legales y reglamentarias en las jurisdicciones correspondientes.<\/li>\n<li>El proceso coordinado de auditor\u00eda ahorra a nuestros clientes tiempo valioso<\/li>\n<li>Mejora de los sistemas de control y de los procesos financieros.<\/li>\n<li>Mitigaci\u00f3n de los riesgos de fraude y errores.<\/li>\n<li>Identificar y responder a los problemas legales, fiscales, comerciales y de negocios que se le presenten, de manera oportuna.<\/li>\n<\/ul>\n<p>Los conocimientos que hemos adquirido se utilizan para identificar \u00e1reas que representan un riesgo para el futuro de las empresas o grupos y para brindar alternativas de soluciones para \u00e9sta.<\/p>\n","protected":false},"excerpt":{"rendered":"<p>Caminamos la milla extra El objetivo de nuestro servicio de auditor\u00eda es incrementar el grado de confiabilidad de los usuarios de la informaci\u00f3n financiera. Actualmente,es necesario para todo tipo de empresas que su informaci\u00f3n financiera sea confiable, consistente y preparada conforme con las normas locales e internacionales. La auditor\u00eda brinda transparencia, confianza y certifica la [&hellip;]<\/p>\n","protected":false},"author":10,"featured_media":0,"parent":1900,"menu_order":5,"comment_status":"closed","ping_status":"closed","template":"page-overview.php","meta":{"_acf_changed":false,"footnotes":""},"class_list":["post-1902","page","type-page","status-publish","hentry"],"acf":[],"yoast_head":"<!-- This site is optimized with the Yoast SEO plugin v27.2 - https:\/\/yoast.com\/product\/yoast-seo-wordpress\/ -->\n<title>Auditor\u00eda - Ecovis en Guatemala<\/title>\n<meta name=\"robots\" content=\"index, follow, max-snippet:-1, max-image-preview:large, max-video-preview:-1\" \/>\n<link rel=\"canonical\" href=\"https:\/\/www.ecovis.com\/guatemala\/es\/services\/audit\/\" \/>\n<meta property=\"og:locale\" content=\"en_US\" \/>\n<meta property=\"og:type\" content=\"article\" \/>\n<meta property=\"og:title\" content=\"Auditor\u00eda - Ecovis en Guatemala\" \/>\n<meta property=\"og:description\" content=\"Caminamos la milla extra El objetivo de nuestro servicio de auditor\u00eda es incrementar el grado de confiabilidad de los usuarios de la informaci\u00f3n financiera. Actualmente,es necesario para todo tipo de empresas que su informaci\u00f3n financiera sea confiable, consistente y preparada conforme con las normas locales e internacionales. La auditor\u00eda brinda transparencia, confianza y certifica la [&hellip;]\" \/>\n<meta property=\"og:url\" content=\"https:\/\/www.ecovis.com\/guatemala\/es\/services\/audit\/\" \/>\n<meta property=\"og:site_name\" content=\"Ecovis en Guatemala\" \/>\n<meta property=\"article:modified_time\" content=\"2021-06-29T13:30:40+00:00\" \/>\n<meta name=\"twitter:card\" content=\"summary_large_image\" \/>\n<meta name=\"twitter:label1\" content=\"Est. reading time\" \/>\n\t<meta name=\"twitter:data1\" content=\"3 minutes\" \/>\n<script type=\"application\/ld+json\" class=\"yoast-schema-graph\">{\"@context\":\"https:\/\/schema.org\",\"@graph\":[{\"@type\":\"WebPage\",\"@id\":\"https:\/\/www.ecovis.com\/guatemala\/es\/services\/audit\/\",\"url\":\"https:\/\/www.ecovis.com\/guatemala\/es\/services\/audit\/\",\"name\":\"Auditor\u00eda - Ecovis en Guatemala\",\"isPartOf\":{\"@id\":\"https:\/\/www.ecovis.com\/guatemala\/es\/#website\"},\"datePublished\":\"2020-01-22T12:32:50+00:00\",\"dateModified\":\"2021-06-29T13:30:40+00:00\",\"breadcrumb\":{\"@id\":\"https:\/\/www.ecovis.com\/guatemala\/es\/services\/audit\/#breadcrumb\"},\"inLanguage\":\"en-US\",\"potentialAction\":[{\"@type\":\"ReadAction\",\"target\":[\"https:\/\/www.ecovis.com\/guatemala\/es\/services\/audit\/\"]}]},{\"@type\":\"BreadcrumbList\",\"@id\":\"https:\/\/www.ecovis.com\/guatemala\/es\/services\/audit\/#breadcrumb\",\"itemListElement\":[{\"@type\":\"ListItem\",\"position\":1,\"name\":\"Ecovis Global\",\"item\":\"https:\/\/www.ecovis.com\/\"},{\"@type\":\"ListItem\",\"position\":2,\"name\":\"Startseite\",\"item\":\"https:\/\/www.ecovis.com\/guatemala\/es\/\"},{\"@type\":\"ListItem\",\"position\":3,\"name\":\"Servicios\",\"item\":\"https:\/\/www.ecovis.com\/guatemala\/es\/services\/\"},{\"@type\":\"ListItem\",\"position\":4,\"name\":\"Auditor\u00eda\"}]},{\"@type\":\"WebSite\",\"@id\":\"https:\/\/www.ecovis.com\/guatemala\/es\/#website\",\"url\":\"https:\/\/www.ecovis.com\/guatemala\/es\/\",\"name\":\"Ecovis.com\",\"description\":\"\",\"potentialAction\":[{\"@type\":\"SearchAction\",\"target\":{\"@type\":\"EntryPoint\",\"urlTemplate\":\"https:\/\/www.ecovis.com\/guatemala\/es\/?s={search_term_string}\"},\"query-input\":{\"@type\":\"PropertyValueSpecification\",\"valueRequired\":true,\"valueName\":\"search_term_string\"}}],\"inLanguage\":\"en-US\"}]}<\/script>\n<!-- \/ Yoast SEO plugin. -->","yoast_head_json":{"title":"Auditor\u00eda - Ecovis en Guatemala","robots":{"index":"index","follow":"follow","max-snippet":"max-snippet:-1","max-image-preview":"max-image-preview:large","max-video-preview":"max-video-preview:-1"},"canonical":"https:\/\/www.ecovis.com\/guatemala\/es\/services\/audit\/","og_locale":"en_US","og_type":"article","og_title":"Auditor\u00eda - Ecovis en Guatemala","og_description":"Caminamos la milla extra El objetivo de nuestro servicio de auditor\u00eda es incrementar el grado de confiabilidad de los usuarios de la informaci\u00f3n financiera. Actualmente,es necesario para todo tipo de empresas que su informaci\u00f3n financiera sea confiable, consistente y preparada conforme con las normas locales e internacionales. La auditor\u00eda brinda transparencia, confianza y certifica la [&hellip;]","og_url":"https:\/\/www.ecovis.com\/guatemala\/es\/services\/audit\/","og_site_name":"Ecovis en Guatemala","article_modified_time":"2021-06-29T13:30:40+00:00","twitter_card":"summary_large_image","twitter_misc":{"Est. reading time":"3 minutes"},"schema":{"@context":"https:\/\/schema.org","@graph":[{"@type":"WebPage","@id":"https:\/\/www.ecovis.com\/guatemala\/es\/services\/audit\/","url":"https:\/\/www.ecovis.com\/guatemala\/es\/services\/audit\/","name":"Auditor\u00eda - Ecovis en Guatemala","isPartOf":{"@id":"https:\/\/www.ecovis.com\/guatemala\/es\/#website"},"datePublished":"2020-01-22T12:32:50+00:00","dateModified":"2021-06-29T13:30:40+00:00","breadcrumb":{"@id":"https:\/\/www.ecovis.com\/guatemala\/es\/services\/audit\/#breadcrumb"},"inLanguage":"en-US","potentialAction":[{"@type":"ReadAction","target":["https:\/\/www.ecovis.com\/guatemala\/es\/services\/audit\/"]}]},{"@type":"BreadcrumbList","@id":"https:\/\/www.ecovis.com\/guatemala\/es\/services\/audit\/#breadcrumb","itemListElement":[{"@type":"ListItem","position":1,"name":"Ecovis Global","item":"https:\/\/www.ecovis.com\/"},{"@type":"ListItem","position":2,"name":"Startseite","item":"https:\/\/www.ecovis.com\/guatemala\/es\/"},{"@type":"ListItem","position":3,"name":"Servicios","item":"https:\/\/www.ecovis.com\/guatemala\/es\/services\/"},{"@type":"ListItem","position":4,"name":"Auditor\u00eda"}]},{"@type":"WebSite","@id":"https:\/\/www.ecovis.com\/guatemala\/es\/#website","url":"https:\/\/www.ecovis.com\/guatemala\/es\/","name":"Ecovis.com","description":"","potentialAction":[{"@type":"SearchAction","target":{"@type":"EntryPoint","urlTemplate":"https:\/\/www.ecovis.com\/guatemala\/es\/?s={search_term_string}"},"query-input":{"@type":"PropertyValueSpecification","valueRequired":true,"valueName":"search_term_string"}}],"inLanguage":"en-US"}]}},"_links":{"self":[{"href":"https:\/\/www.ecovis.com\/guatemala\/es\/wp-json\/wp\/v2\/pages\/1902","targetHints":{"allow":["GET"]}}],"collection":[{"href":"https:\/\/www.ecovis.com\/guatemala\/es\/wp-json\/wp\/v2\/pages"}],"about":[{"href":"https:\/\/www.ecovis.com\/guatemala\/es\/wp-json\/wp\/v2\/types\/page"}],"author":[{"embeddable":true,"href":"https:\/\/www.ecovis.com\/guatemala\/es\/wp-json\/wp\/v2\/users\/10"}],"replies":[{"embeddable":true,"href":"https:\/\/www.ecovis.com\/guatemala\/es\/wp-json\/wp\/v2\/comments?post=1902"}],"version-history":[{"count":8,"href":"https:\/\/www.ecovis.com\/guatemala\/es\/wp-json\/wp\/v2\/pages\/1902\/revisions"}],"predecessor-version":[{"id":2412,"href":"https:\/\/www.ecovis.com\/guatemala\/es\/wp-json\/wp\/v2\/pages\/1902\/revisions\/2412"}],"up":[{"embeddable":true,"href":"https:\/\/www.ecovis.com\/guatemala\/es\/wp-json\/wp\/v2\/pages\/1900"}],"wp:attachment":[{"href":"https:\/\/www.ecovis.com\/guatemala\/es\/wp-json\/wp\/v2\/media?parent=1902"}],"curies":[{"name":"wp","href":"https:\/\/api.w.org\/{rel}","templated":true}]}}