{"id":7,"date":"2019-01-21T11:21:58","date_gmt":"2019-01-21T10:21:58","guid":{"rendered":"http:\/\/localhost\/ecovis-kanzlei-template-2019\/?page_id=7"},"modified":"2021-09-03T15:01:26","modified_gmt":"2021-09-03T13:01:26","slug":"startseite","status":"publish","type":"page","link":"https:\/\/www.ecovis.com\/focus-tuerkei\/","title":{"rendered":"Fokus T\u00fcrkei"},"content":{"rendered":"","protected":false},"excerpt":{"rendered":"","protected":false},"author":10,"featured_media":0,"parent":0,"menu_order":0,"comment_status":"closed","ping_status":"closed","template":"page-startseite.php","meta":{"_acf_changed":false,"footnotes":""},"class_list":["post-7","page","type-page","status-publish","hentry"],"acf":[],"yoast_head":"<!-- This site is optimized with the Yoast SEO plugin v27.4 - https:\/\/yoast.com\/product\/yoast-seo-wordpress\/ -->\n<title>Ecovis Steuerberater f\u00fcr T\u00fcrkinnen und T\u00fcrken in Deutschland und der T\u00fcrkei<\/title>\n<meta name=\"description\" content=\"Fokus T\u00fcrkei - Ecovis Blog zu wirtschaftlichen, steuerlichen und rechtlichen Themen f\u00fcr Unternehmer, Investoren und Gr\u00fcnder\" \/>\n<meta name=\"robots\" content=\"index, follow, max-snippet:-1, max-image-preview:large, max-video-preview:-1\" \/>\n<link rel=\"canonical\" href=\"https:\/\/www.ecovis.com\/focus-tuerkei\/\" \/>\n<meta property=\"og:locale\" content=\"de_DE\" \/>\n<meta property=\"og:type\" content=\"article\" \/>\n<meta property=\"og:title\" content=\"Ecovis Steuerberater f\u00fcr T\u00fcrkinnen und T\u00fcrken in Deutschland und der T\u00fcrkei\" \/>\n<meta property=\"og:description\" content=\"Fokus T\u00fcrkei - Ecovis Blog zu wirtschaftlichen, steuerlichen und rechtlichen Themen f\u00fcr Unternehmer, Investoren und Gr\u00fcnder\" \/>\n<meta property=\"og:url\" content=\"https:\/\/www.ecovis.com\/focus-tuerkei\/\" \/>\n<meta property=\"og:site_name\" content=\"Fokus T\u00fcrkei\" \/>\n<meta property=\"article:modified_time\" content=\"2021-09-03T13:01:26+00:00\" \/>\n<meta name=\"twitter:card\" content=\"summary_large_image\" \/>\n<script type=\"application\/ld+json\" class=\"yoast-schema-graph\">{\"@context\":\"https:\\\/\\\/schema.org\",\"@graph\":[{\"@type\":\"WebPage\",\"@id\":\"https:\\\/\\\/www.ecovis.com\\\/focus-tuerkei\\\/\",\"url\":\"https:\\\/\\\/www.ecovis.com\\\/focus-tuerkei\\\/\",\"name\":\"Ecovis Steuerberater f\u00fcr T\u00fcrkinnen und T\u00fcrken in Deutschland und der T\u00fcrkei\",\"isPartOf\":{\"@id\":\"https:\\\/\\\/www.ecovis.com\\\/focus-tuerkei\\\/#website\"},\"datePublished\":\"2019-01-21T10:21:58+00:00\",\"dateModified\":\"2021-09-03T13:01:26+00:00\",\"description\":\"Fokus T\u00fcrkei - Ecovis Blog zu wirtschaftlichen, steuerlichen und rechtlichen Themen f\u00fcr Unternehmer, Investoren und Gr\u00fcnder\",\"breadcrumb\":{\"@id\":\"https:\\\/\\\/www.ecovis.com\\\/focus-tuerkei\\\/#breadcrumb\"},\"inLanguage\":\"de\",\"potentialAction\":[{\"@type\":\"ReadAction\",\"target\":[\"https:\\\/\\\/www.ecovis.com\\\/focus-tuerkei\\\/\"]}]},{\"@type\":\"BreadcrumbList\",\"@id\":\"https:\\\/\\\/www.ecovis.com\\\/focus-tuerkei\\\/#breadcrumb\",\"itemListElement\":[{\"@type\":\"ListItem\",\"position\":1,\"name\":\"Ecovis Global\",\"item\":\"https:\\\/\\\/www.ecovis.com\\\/\"},{\"@type\":\"ListItem\",\"position\":2,\"name\":\"Blog Fokus T\u00fcrkei\",\"item\":\"https:\\\/\\\/www.ecovis.com\\\/focus-tuerkei\\\/\"},{\"@type\":\"ListItem\",\"position\":3,\"name\":\"Fokus T\u00fcrkei\"}]},{\"@type\":\"WebSite\",\"@id\":\"https:\\\/\\\/www.ecovis.com\\\/focus-tuerkei\\\/#website\",\"url\":\"https:\\\/\\\/www.ecovis.com\\\/focus-tuerkei\\\/\",\"name\":\"Ecovis.com\",\"description\":\"\",\"potentialAction\":[{\"@type\":\"SearchAction\",\"target\":{\"@type\":\"EntryPoint\",\"urlTemplate\":\"https:\\\/\\\/www.ecovis.com\\\/focus-tuerkei\\\/?s={search_term_string}\"},\"query-input\":{\"@type\":\"PropertyValueSpecification\",\"valueRequired\":true,\"valueName\":\"search_term_string\"}}],\"inLanguage\":\"de\"}]}<\/script>\n<!-- \/ Yoast SEO plugin. -->","yoast_head_json":{"title":"Ecovis Steuerberater f\u00fcr T\u00fcrkinnen und T\u00fcrken in Deutschland und der T\u00fcrkei","description":"Fokus T\u00fcrkei - Ecovis Blog zu wirtschaftlichen, steuerlichen und rechtlichen Themen f\u00fcr Unternehmer, Investoren und Gr\u00fcnder","robots":{"index":"index","follow":"follow","max-snippet":"max-snippet:-1","max-image-preview":"max-image-preview:large","max-video-preview":"max-video-preview:-1"},"canonical":"https:\/\/www.ecovis.com\/focus-tuerkei\/","og_locale":"de_DE","og_type":"article","og_title":"Ecovis Steuerberater f\u00fcr T\u00fcrkinnen und T\u00fcrken in Deutschland und der T\u00fcrkei","og_description":"Fokus T\u00fcrkei - Ecovis Blog zu wirtschaftlichen, steuerlichen und rechtlichen Themen f\u00fcr Unternehmer, Investoren und Gr\u00fcnder","og_url":"https:\/\/www.ecovis.com\/focus-tuerkei\/","og_site_name":"Fokus T\u00fcrkei","article_modified_time":"2021-09-03T13:01:26+00:00","twitter_card":"summary_large_image","schema":{"@context":"https:\/\/schema.org","@graph":[{"@type":"WebPage","@id":"https:\/\/www.ecovis.com\/focus-tuerkei\/","url":"https:\/\/www.ecovis.com\/focus-tuerkei\/","name":"Ecovis Steuerberater f\u00fcr T\u00fcrkinnen und T\u00fcrken in Deutschland und der T\u00fcrkei","isPartOf":{"@id":"https:\/\/www.ecovis.com\/focus-tuerkei\/#website"},"datePublished":"2019-01-21T10:21:58+00:00","dateModified":"2021-09-03T13:01:26+00:00","description":"Fokus T\u00fcrkei - Ecovis Blog zu wirtschaftlichen, steuerlichen und rechtlichen Themen f\u00fcr Unternehmer, Investoren und Gr\u00fcnder","breadcrumb":{"@id":"https:\/\/www.ecovis.com\/focus-tuerkei\/#breadcrumb"},"inLanguage":"de","potentialAction":[{"@type":"ReadAction","target":["https:\/\/www.ecovis.com\/focus-tuerkei\/"]}]},{"@type":"BreadcrumbList","@id":"https:\/\/www.ecovis.com\/focus-tuerkei\/#breadcrumb","itemListElement":[{"@type":"ListItem","position":1,"name":"Ecovis Global","item":"https:\/\/www.ecovis.com\/"},{"@type":"ListItem","position":2,"name":"Blog Fokus T\u00fcrkei","item":"https:\/\/www.ecovis.com\/focus-tuerkei\/"},{"@type":"ListItem","position":3,"name":"Fokus T\u00fcrkei"}]},{"@type":"WebSite","@id":"https:\/\/www.ecovis.com\/focus-tuerkei\/#website","url":"https:\/\/www.ecovis.com\/focus-tuerkei\/","name":"Ecovis.com","description":"","potentialAction":[{"@type":"SearchAction","target":{"@type":"EntryPoint","urlTemplate":"https:\/\/www.ecovis.com\/focus-tuerkei\/?s={search_term_string}"},"query-input":{"@type":"PropertyValueSpecification","valueRequired":true,"valueName":"search_term_string"}}],"inLanguage":"de"}]}},"_links":{"self":[{"href":"https:\/\/www.ecovis.com\/focus-tuerkei\/wp-json\/wp\/v2\/pages\/7","targetHints":{"allow":["GET"]}}],"collection":[{"href":"https:\/\/www.ecovis.com\/focus-tuerkei\/wp-json\/wp\/v2\/pages"}],"about":[{"href":"https:\/\/www.ecovis.com\/focus-tuerkei\/wp-json\/wp\/v2\/types\/page"}],"author":[{"embeddable":true,"href":"https:\/\/www.ecovis.com\/focus-tuerkei\/wp-json\/wp\/v2\/users\/10"}],"replies":[{"embeddable":true,"href":"https:\/\/www.ecovis.com\/focus-tuerkei\/wp-json\/wp\/v2\/comments?post=7"}],"version-history":[{"count":219,"href":"https:\/\/www.ecovis.com\/focus-tuerkei\/wp-json\/wp\/v2\/pages\/7\/revisions"}],"predecessor-version":[{"id":2316,"href":"https:\/\/www.ecovis.com\/focus-tuerkei\/wp-json\/wp\/v2\/pages\/7\/revisions\/2316"}],"wp:attachment":[{"href":"https:\/\/www.ecovis.com\/focus-tuerkei\/wp-json\/wp\/v2\/media?parent=7"}],"curies":[{"name":"wp","href":"https:\/\/api.w.org\/{rel}","templated":true}]}}