{"id":3922,"date":"2025-08-02T13:39:15","date_gmt":"2025-08-02T11:39:15","guid":{"rendered":"https:\/\/www.ecovis.com\/b21_eisfeld\/?page_id=3922"},"modified":"2025-09-12T12:22:24","modified_gmt":"2025-09-12T10:22:24","slug":"handel","status":"publish","type":"page","link":"https:\/\/www.ecovis.com\/eisfeld\/beratungsschwerpunkte\/handel\/","title":{"rendered":"Handel"},"content":{"rendered":"","protected":false},"excerpt":{"rendered":"","protected":false},"author":28,"featured_media":4450,"parent":3771,"menu_order":0,"comment_status":"closed","ping_status":"closed","template":"leistungen-handel.php","meta":{"_acf_changed":false,"footnotes":""},"class_list":["post-3922","page","type-page","status-publish","has-post-thumbnail","hentry"],"acf":[],"yoast_head":"<!-- This site is optimized with the Yoast SEO plugin v27.3 - https:\/\/yoast.com\/product\/yoast-seo-wordpress\/ -->\n<title>Ecovis Eisfeld - Steuerberatung f\u00fcr Handelsunternehmen<\/title>\n<meta name=\"description\" content=\"Ob Gro\u00df- oder Einzelhandel: Ecovis Eisfeld bietet ma\u00dfgeschneiderte Steuerberatung &amp; betriebswirtschaftliche Unterst\u00fctzung f\u00fcr den Handel.\" \/>\n<meta name=\"robots\" content=\"index, follow, max-snippet:-1, max-image-preview:large, max-video-preview:-1\" \/>\n<link rel=\"canonical\" href=\"https:\/\/www.ecovis.com\/eisfeld\/beratungsschwerpunkte\/handel\/\" \/>\n<meta property=\"og:locale\" content=\"de_DE\" \/>\n<meta property=\"og:type\" content=\"article\" \/>\n<meta property=\"og:title\" content=\"Ecovis Eisfeld - Steuerberatung f\u00fcr Handelsunternehmen\" \/>\n<meta property=\"og:description\" content=\"Ob Gro\u00df- oder Einzelhandel: Ecovis Eisfeld bietet ma\u00dfgeschneiderte Steuerberatung &amp; betriebswirtschaftliche Unterst\u00fctzung f\u00fcr den Handel.\" \/>\n<meta property=\"og:url\" content=\"https:\/\/www.ecovis.com\/eisfeld\/beratungsschwerpunkte\/handel\/\" \/>\n<meta property=\"og:site_name\" content=\"Ecovis Eisfeld\" \/>\n<meta property=\"article:modified_time\" content=\"2025-09-12T10:22:24+00:00\" \/>\n<meta property=\"og:image\" content=\"https:\/\/www.ecovis.com\/eisfeld\/wp-content\/uploads\/2025\/09\/personal.webp\" \/>\n\t<meta property=\"og:image:width\" content=\"1280\" \/>\n\t<meta property=\"og:image:height\" content=\"550\" \/>\n\t<meta property=\"og:image:type\" content=\"image\/webp\" \/>\n<meta name=\"twitter:card\" content=\"summary_large_image\" \/>\n<meta name=\"twitter:label1\" content=\"Gesch\u00e4tzte Lesezeit\" \/>\n\t<meta name=\"twitter:data1\" content=\"1\u00a0Minute\" \/>\n<script type=\"application\/ld+json\" class=\"yoast-schema-graph\">{\"@context\":\"https:\\\/\\\/schema.org\",\"@graph\":[{\"@type\":\"WebPage\",\"@id\":\"https:\\\/\\\/www.ecovis.com\\\/eisfeld\\\/beratungsschwerpunkte\\\/handel\\\/\",\"url\":\"https:\\\/\\\/www.ecovis.com\\\/eisfeld\\\/beratungsschwerpunkte\\\/handel\\\/\",\"name\":\"Ecovis Eisfeld - Steuerberatung f\u00fcr Handelsunternehmen\",\"isPartOf\":{\"@id\":\"https:\\\/\\\/www.ecovis.com\\\/eisfeld\\\/#website\"},\"primaryImageOfPage\":{\"@id\":\"https:\\\/\\\/www.ecovis.com\\\/eisfeld\\\/beratungsschwerpunkte\\\/handel\\\/#primaryimage\"},\"image\":{\"@id\":\"https:\\\/\\\/www.ecovis.com\\\/eisfeld\\\/beratungsschwerpunkte\\\/handel\\\/#primaryimage\"},\"thumbnailUrl\":\"https:\\\/\\\/www.ecovis.com\\\/eisfeld\\\/wp-content\\\/uploads\\\/2025\\\/09\\\/personal.webp\",\"datePublished\":\"2025-08-02T11:39:15+00:00\",\"dateModified\":\"2025-09-12T10:22:24+00:00\",\"description\":\"Ob Gro\u00df- oder Einzelhandel: Ecovis Eisfeld bietet ma\u00dfgeschneiderte Steuerberatung & betriebswirtschaftliche Unterst\u00fctzung f\u00fcr den Handel.\",\"breadcrumb\":{\"@id\":\"https:\\\/\\\/www.ecovis.com\\\/eisfeld\\\/beratungsschwerpunkte\\\/handel\\\/#breadcrumb\"},\"inLanguage\":\"de\",\"potentialAction\":[{\"@type\":\"ReadAction\",\"target\":[\"https:\\\/\\\/www.ecovis.com\\\/eisfeld\\\/beratungsschwerpunkte\\\/handel\\\/\"]}]},{\"@type\":\"ImageObject\",\"inLanguage\":\"de\",\"@id\":\"https:\\\/\\\/www.ecovis.com\\\/eisfeld\\\/beratungsschwerpunkte\\\/handel\\\/#primaryimage\",\"url\":\"https:\\\/\\\/www.ecovis.com\\\/eisfeld\\\/wp-content\\\/uploads\\\/2025\\\/09\\\/personal.webp\",\"contentUrl\":\"https:\\\/\\\/www.ecovis.com\\\/eisfeld\\\/wp-content\\\/uploads\\\/2025\\\/09\\\/personal.webp\",\"width\":1280,\"height\":550,\"caption\":\"Steuerberater f\u00fcr Rund ums Personal\"},{\"@type\":\"BreadcrumbList\",\"@id\":\"https:\\\/\\\/www.ecovis.com\\\/eisfeld\\\/beratungsschwerpunkte\\\/handel\\\/#breadcrumb\",\"itemListElement\":[{\"@type\":\"ListItem\",\"position\":1,\"name\":\"Ecovis Global\",\"item\":\"https:\\\/\\\/www.ecovis.com\\\/\"},{\"@type\":\"ListItem\",\"position\":2,\"name\":\"Home\",\"item\":\"https:\\\/\\\/www.ecovis.com\\\/eisfeld\\\/\"},{\"@type\":\"ListItem\",\"position\":3,\"name\":\"Schwerpunkte\",\"item\":\"https:\\\/\\\/www.ecovis.com\\\/eisfeld\\\/beratungsschwerpunkte\\\/\"},{\"@type\":\"ListItem\",\"position\":4,\"name\":\"Handel\"}]},{\"@type\":\"WebSite\",\"@id\":\"https:\\\/\\\/www.ecovis.com\\\/eisfeld\\\/#website\",\"url\":\"https:\\\/\\\/www.ecovis.com\\\/eisfeld\\\/\",\"name\":\"Ecovis.com\",\"description\":\"\",\"potentialAction\":[{\"@type\":\"SearchAction\",\"target\":{\"@type\":\"EntryPoint\",\"urlTemplate\":\"https:\\\/\\\/www.ecovis.com\\\/eisfeld\\\/?s={search_term_string}\"},\"query-input\":{\"@type\":\"PropertyValueSpecification\",\"valueRequired\":true,\"valueName\":\"search_term_string\"}}],\"inLanguage\":\"de\"}]}<\/script>\n<!-- \/ Yoast SEO plugin. -->","yoast_head_json":{"title":"Ecovis Eisfeld - Steuerberatung f\u00fcr Handelsunternehmen","description":"Ob Gro\u00df- oder Einzelhandel: Ecovis Eisfeld bietet ma\u00dfgeschneiderte Steuerberatung & betriebswirtschaftliche Unterst\u00fctzung f\u00fcr den Handel.","robots":{"index":"index","follow":"follow","max-snippet":"max-snippet:-1","max-image-preview":"max-image-preview:large","max-video-preview":"max-video-preview:-1"},"canonical":"https:\/\/www.ecovis.com\/eisfeld\/beratungsschwerpunkte\/handel\/","og_locale":"de_DE","og_type":"article","og_title":"Ecovis Eisfeld - Steuerberatung f\u00fcr Handelsunternehmen","og_description":"Ob Gro\u00df- oder Einzelhandel: Ecovis Eisfeld bietet ma\u00dfgeschneiderte Steuerberatung & betriebswirtschaftliche Unterst\u00fctzung f\u00fcr den Handel.","og_url":"https:\/\/www.ecovis.com\/eisfeld\/beratungsschwerpunkte\/handel\/","og_site_name":"Ecovis Eisfeld","article_modified_time":"2025-09-12T10:22:24+00:00","og_image":[{"width":1280,"height":550,"url":"https:\/\/www.ecovis.com\/eisfeld\/wp-content\/uploads\/2025\/09\/personal.webp","type":"image\/webp"}],"twitter_card":"summary_large_image","twitter_misc":{"Gesch\u00e4tzte Lesezeit":"1\u00a0Minute"},"schema":{"@context":"https:\/\/schema.org","@graph":[{"@type":"WebPage","@id":"https:\/\/www.ecovis.com\/eisfeld\/beratungsschwerpunkte\/handel\/","url":"https:\/\/www.ecovis.com\/eisfeld\/beratungsschwerpunkte\/handel\/","name":"Ecovis Eisfeld - Steuerberatung f\u00fcr Handelsunternehmen","isPartOf":{"@id":"https:\/\/www.ecovis.com\/eisfeld\/#website"},"primaryImageOfPage":{"@id":"https:\/\/www.ecovis.com\/eisfeld\/beratungsschwerpunkte\/handel\/#primaryimage"},"image":{"@id":"https:\/\/www.ecovis.com\/eisfeld\/beratungsschwerpunkte\/handel\/#primaryimage"},"thumbnailUrl":"https:\/\/www.ecovis.com\/eisfeld\/wp-content\/uploads\/2025\/09\/personal.webp","datePublished":"2025-08-02T11:39:15+00:00","dateModified":"2025-09-12T10:22:24+00:00","description":"Ob Gro\u00df- oder Einzelhandel: Ecovis Eisfeld bietet ma\u00dfgeschneiderte Steuerberatung & betriebswirtschaftliche Unterst\u00fctzung f\u00fcr den Handel.","breadcrumb":{"@id":"https:\/\/www.ecovis.com\/eisfeld\/beratungsschwerpunkte\/handel\/#breadcrumb"},"inLanguage":"de","potentialAction":[{"@type":"ReadAction","target":["https:\/\/www.ecovis.com\/eisfeld\/beratungsschwerpunkte\/handel\/"]}]},{"@type":"ImageObject","inLanguage":"de","@id":"https:\/\/www.ecovis.com\/eisfeld\/beratungsschwerpunkte\/handel\/#primaryimage","url":"https:\/\/www.ecovis.com\/eisfeld\/wp-content\/uploads\/2025\/09\/personal.webp","contentUrl":"https:\/\/www.ecovis.com\/eisfeld\/wp-content\/uploads\/2025\/09\/personal.webp","width":1280,"height":550,"caption":"Steuerberater f\u00fcr Rund ums Personal"},{"@type":"BreadcrumbList","@id":"https:\/\/www.ecovis.com\/eisfeld\/beratungsschwerpunkte\/handel\/#breadcrumb","itemListElement":[{"@type":"ListItem","position":1,"name":"Ecovis Global","item":"https:\/\/www.ecovis.com\/"},{"@type":"ListItem","position":2,"name":"Home","item":"https:\/\/www.ecovis.com\/eisfeld\/"},{"@type":"ListItem","position":3,"name":"Schwerpunkte","item":"https:\/\/www.ecovis.com\/eisfeld\/beratungsschwerpunkte\/"},{"@type":"ListItem","position":4,"name":"Handel"}]},{"@type":"WebSite","@id":"https:\/\/www.ecovis.com\/eisfeld\/#website","url":"https:\/\/www.ecovis.com\/eisfeld\/","name":"Ecovis.com","description":"","potentialAction":[{"@type":"SearchAction","target":{"@type":"EntryPoint","urlTemplate":"https:\/\/www.ecovis.com\/eisfeld\/?s={search_term_string}"},"query-input":{"@type":"PropertyValueSpecification","valueRequired":true,"valueName":"search_term_string"}}],"inLanguage":"de"}]}},"_links":{"self":[{"href":"https:\/\/www.ecovis.com\/eisfeld\/wp-json\/wp\/v2\/pages\/3922","targetHints":{"allow":["GET"]}}],"collection":[{"href":"https:\/\/www.ecovis.com\/eisfeld\/wp-json\/wp\/v2\/pages"}],"about":[{"href":"https:\/\/www.ecovis.com\/eisfeld\/wp-json\/wp\/v2\/types\/page"}],"author":[{"embeddable":true,"href":"https:\/\/www.ecovis.com\/eisfeld\/wp-json\/wp\/v2\/users\/28"}],"replies":[{"embeddable":true,"href":"https:\/\/www.ecovis.com\/eisfeld\/wp-json\/wp\/v2\/comments?post=3922"}],"version-history":[{"count":2,"href":"https:\/\/www.ecovis.com\/eisfeld\/wp-json\/wp\/v2\/pages\/3922\/revisions"}],"predecessor-version":[{"id":3990,"href":"https:\/\/www.ecovis.com\/eisfeld\/wp-json\/wp\/v2\/pages\/3922\/revisions\/3990"}],"up":[{"embeddable":true,"href":"https:\/\/www.ecovis.com\/eisfeld\/wp-json\/wp\/v2\/pages\/3771"}],"wp:featuredmedia":[{"embeddable":true,"href":"https:\/\/www.ecovis.com\/eisfeld\/wp-json\/wp\/v2\/media\/4450"}],"wp:attachment":[{"href":"https:\/\/www.ecovis.com\/eisfeld\/wp-json\/wp\/v2\/media?parent=3922"}],"curies":[{"name":"wp","href":"https:\/\/api.w.org\/{rel}","templated":true}]}}