{"id":4677,"date":"2026-04-20T17:33:15","date_gmt":"2026-04-20T15:33:15","guid":{"rendered":"https:\/\/www.ecovis.com\/eichstaett\/?page_id=4677"},"modified":"2026-04-20T17:40:28","modified_gmt":"2026-04-20T15:40:28","slug":"rechtsformwahl","status":"publish","type":"page","link":"https:\/\/www.ecovis.com\/eichstaett\/rechtsgebiete\/rechtsformwahl\/","title":{"rendered":"Rechtsformwahl"},"content":{"rendered":"","protected":false},"excerpt":{"rendered":"","protected":false},"author":34,"featured_media":0,"parent":4658,"menu_order":0,"comment_status":"closed","ping_status":"closed","template":"leistungen-rechtsformwahl.php","meta":{"_acf_changed":false,"footnotes":""},"class_list":["post-4677","page","type-page","status-publish","hentry"],"acf":[],"yoast_head":"<!-- This site is optimized with the Yoast SEO plugin v27.4 - https:\/\/yoast.com\/product\/yoast-seo-wordpress\/ -->\n<title>ECOVIS Eichst\u00e4tt Rechtsanw\u00e4lte - Rechtsformwahl<\/title>\n<meta name=\"description\" content=\"Ecovis Eichst\u00e4tt\" \/>\n<meta name=\"robots\" content=\"index, follow, max-snippet:-1, max-image-preview:large, max-video-preview:-1\" \/>\n<link rel=\"canonical\" href=\"https:\/\/www.ecovis.com\/eichstaett\/rechtsgebiete\/rechtsformwahl\/\" \/>\n<meta property=\"og:locale\" content=\"de_DE\" \/>\n<meta property=\"og:type\" content=\"article\" \/>\n<meta property=\"og:title\" content=\"ECOVIS Eichst\u00e4tt Rechtsanw\u00e4lte - Rechtsformwahl\" \/>\n<meta property=\"og:description\" content=\"Ecovis Eichst\u00e4tt\" \/>\n<meta property=\"og:url\" content=\"https:\/\/www.ecovis.com\/eichstaett\/rechtsgebiete\/rechtsformwahl\/\" \/>\n<meta property=\"og:site_name\" content=\"Ecovis Eichst\u00e4tt\" \/>\n<meta property=\"article:modified_time\" content=\"2026-04-20T15:40:28+00:00\" \/>\n<meta name=\"twitter:card\" content=\"summary_large_image\" \/>\n<script type=\"application\/ld+json\" class=\"yoast-schema-graph\">{\"@context\":\"https:\\\/\\\/schema.org\",\"@graph\":[{\"@type\":\"WebPage\",\"@id\":\"https:\\\/\\\/www.ecovis.com\\\/eichstaett\\\/rechtsgebiete\\\/rechtsformwahl\\\/\",\"url\":\"https:\\\/\\\/www.ecovis.com\\\/eichstaett\\\/rechtsgebiete\\\/rechtsformwahl\\\/\",\"name\":\"ECOVIS Eichst\u00e4tt Rechtsanw\u00e4lte - Rechtsformwahl\",\"isPartOf\":{\"@id\":\"https:\\\/\\\/www.ecovis.com\\\/eichstaett\\\/#website\"},\"datePublished\":\"2026-04-20T15:33:15+00:00\",\"dateModified\":\"2026-04-20T15:40:28+00:00\",\"description\":\"Ecovis Eichst\u00e4tt\",\"breadcrumb\":{\"@id\":\"https:\\\/\\\/www.ecovis.com\\\/eichstaett\\\/rechtsgebiete\\\/rechtsformwahl\\\/#breadcrumb\"},\"inLanguage\":\"de\",\"potentialAction\":[{\"@type\":\"ReadAction\",\"target\":[\"https:\\\/\\\/www.ecovis.com\\\/eichstaett\\\/rechtsgebiete\\\/rechtsformwahl\\\/\"]}]},{\"@type\":\"BreadcrumbList\",\"@id\":\"https:\\\/\\\/www.ecovis.com\\\/eichstaett\\\/rechtsgebiete\\\/rechtsformwahl\\\/#breadcrumb\",\"itemListElement\":[{\"@type\":\"ListItem\",\"position\":1,\"name\":\"Ecovis Global\",\"item\":\"https:\\\/\\\/www.ecovis.com\\\/\"},{\"@type\":\"ListItem\",\"position\":2,\"name\":\"Home\",\"item\":\"https:\\\/\\\/www.ecovis.com\\\/eichstaett\\\/\"},{\"@type\":\"ListItem\",\"position\":3,\"name\":\"Rechtsgebiete\",\"item\":\"https:\\\/\\\/www.ecovis.com\\\/eichstaett\\\/rechtsgebiete\\\/\"},{\"@type\":\"ListItem\",\"position\":4,\"name\":\"Rechtsformwahl\"}]},{\"@type\":\"WebSite\",\"@id\":\"https:\\\/\\\/www.ecovis.com\\\/eichstaett\\\/#website\",\"url\":\"https:\\\/\\\/www.ecovis.com\\\/eichstaett\\\/\",\"name\":\"Ecovis.com\",\"description\":\"\",\"potentialAction\":[{\"@type\":\"SearchAction\",\"target\":{\"@type\":\"EntryPoint\",\"urlTemplate\":\"https:\\\/\\\/www.ecovis.com\\\/eichstaett\\\/?s={search_term_string}\"},\"query-input\":{\"@type\":\"PropertyValueSpecification\",\"valueRequired\":true,\"valueName\":\"search_term_string\"}}],\"inLanguage\":\"de\"}]}<\/script>\n<!-- \/ Yoast SEO plugin. -->","yoast_head_json":{"title":"ECOVIS Eichst\u00e4tt Rechtsanw\u00e4lte - Rechtsformwahl","description":"Ecovis Eichst\u00e4tt","robots":{"index":"index","follow":"follow","max-snippet":"max-snippet:-1","max-image-preview":"max-image-preview:large","max-video-preview":"max-video-preview:-1"},"canonical":"https:\/\/www.ecovis.com\/eichstaett\/rechtsgebiete\/rechtsformwahl\/","og_locale":"de_DE","og_type":"article","og_title":"ECOVIS Eichst\u00e4tt Rechtsanw\u00e4lte - Rechtsformwahl","og_description":"Ecovis Eichst\u00e4tt","og_url":"https:\/\/www.ecovis.com\/eichstaett\/rechtsgebiete\/rechtsformwahl\/","og_site_name":"Ecovis Eichst\u00e4tt","article_modified_time":"2026-04-20T15:40:28+00:00","twitter_card":"summary_large_image","schema":{"@context":"https:\/\/schema.org","@graph":[{"@type":"WebPage","@id":"https:\/\/www.ecovis.com\/eichstaett\/rechtsgebiete\/rechtsformwahl\/","url":"https:\/\/www.ecovis.com\/eichstaett\/rechtsgebiete\/rechtsformwahl\/","name":"ECOVIS Eichst\u00e4tt Rechtsanw\u00e4lte - Rechtsformwahl","isPartOf":{"@id":"https:\/\/www.ecovis.com\/eichstaett\/#website"},"datePublished":"2026-04-20T15:33:15+00:00","dateModified":"2026-04-20T15:40:28+00:00","description":"Ecovis Eichst\u00e4tt","breadcrumb":{"@id":"https:\/\/www.ecovis.com\/eichstaett\/rechtsgebiete\/rechtsformwahl\/#breadcrumb"},"inLanguage":"de","potentialAction":[{"@type":"ReadAction","target":["https:\/\/www.ecovis.com\/eichstaett\/rechtsgebiete\/rechtsformwahl\/"]}]},{"@type":"BreadcrumbList","@id":"https:\/\/www.ecovis.com\/eichstaett\/rechtsgebiete\/rechtsformwahl\/#breadcrumb","itemListElement":[{"@type":"ListItem","position":1,"name":"Ecovis Global","item":"https:\/\/www.ecovis.com\/"},{"@type":"ListItem","position":2,"name":"Home","item":"https:\/\/www.ecovis.com\/eichstaett\/"},{"@type":"ListItem","position":3,"name":"Rechtsgebiete","item":"https:\/\/www.ecovis.com\/eichstaett\/rechtsgebiete\/"},{"@type":"ListItem","position":4,"name":"Rechtsformwahl"}]},{"@type":"WebSite","@id":"https:\/\/www.ecovis.com\/eichstaett\/#website","url":"https:\/\/www.ecovis.com\/eichstaett\/","name":"Ecovis.com","description":"","potentialAction":[{"@type":"SearchAction","target":{"@type":"EntryPoint","urlTemplate":"https:\/\/www.ecovis.com\/eichstaett\/?s={search_term_string}"},"query-input":{"@type":"PropertyValueSpecification","valueRequired":true,"valueName":"search_term_string"}}],"inLanguage":"de"}]}},"_links":{"self":[{"href":"https:\/\/www.ecovis.com\/eichstaett\/wp-json\/wp\/v2\/pages\/4677","targetHints":{"allow":["GET"]}}],"collection":[{"href":"https:\/\/www.ecovis.com\/eichstaett\/wp-json\/wp\/v2\/pages"}],"about":[{"href":"https:\/\/www.ecovis.com\/eichstaett\/wp-json\/wp\/v2\/types\/page"}],"author":[{"embeddable":true,"href":"https:\/\/www.ecovis.com\/eichstaett\/wp-json\/wp\/v2\/users\/34"}],"replies":[{"embeddable":true,"href":"https:\/\/www.ecovis.com\/eichstaett\/wp-json\/wp\/v2\/comments?post=4677"}],"version-history":[{"count":6,"href":"https:\/\/www.ecovis.com\/eichstaett\/wp-json\/wp\/v2\/pages\/4677\/revisions"}],"predecessor-version":[{"id":4684,"href":"https:\/\/www.ecovis.com\/eichstaett\/wp-json\/wp\/v2\/pages\/4677\/revisions\/4684"}],"up":[{"embeddable":true,"href":"https:\/\/www.ecovis.com\/eichstaett\/wp-json\/wp\/v2\/pages\/4658"}],"wp:attachment":[{"href":"https:\/\/www.ecovis.com\/eichstaett\/wp-json\/wp\/v2\/media?parent=4677"}],"curies":[{"name":"wp","href":"https:\/\/api.w.org\/{rel}","templated":true}]}}