{"id":3778,"date":"2026-02-06T13:39:55","date_gmt":"2026-02-06T12:39:55","guid":{"rendered":"https:\/\/www.ecovis.com\/eichstaett\/?page_id=3778"},"modified":"2026-02-25T10:47:31","modified_gmt":"2026-02-25T09:47:31","slug":"rechtsberatung","status":"publish","type":"page","link":"https:\/\/www.ecovis.com\/eichstaett\/beratungsschwerpunkte\/rechtsberatung\/","title":{"rendered":"Rechtsberatung"},"content":{"rendered":"","protected":false},"excerpt":{"rendered":"","protected":false},"author":32,"featured_media":4554,"parent":3771,"menu_order":0,"comment_status":"closed","ping_status":"closed","template":"leistungen-rechtsberatung.php","meta":{"_acf_changed":false,"footnotes":""},"class_list":["post-3778","page","type-page","status-publish","has-post-thumbnail","hentry"],"acf":[],"yoast_head":"<!-- This site is optimized with the Yoast SEO plugin v27.2 - https:\/\/yoast.com\/product\/yoast-seo-wordpress\/ -->\n<title>Ecovis Eichst\u00e4tt Steuerberater - Rechtsberatung<\/title>\n<meta name=\"description\" content=\"Ma\u00dfgeschneiderte Beratung im Wirtschaftsrecht durch ein interdisziplin\u00e4res Team auch f\u00fcr grenz\u00fcberschreitende Fragestellungen.\" \/>\n<meta name=\"robots\" content=\"index, follow, max-snippet:-1, max-image-preview:large, max-video-preview:-1\" \/>\n<link rel=\"canonical\" href=\"https:\/\/www.ecovis.com\/eichstaett\/beratungsschwerpunkte\/rechtsberatung\/\" \/>\n<meta property=\"og:locale\" content=\"de_DE\" \/>\n<meta property=\"og:type\" content=\"article\" \/>\n<meta property=\"og:title\" content=\"Ecovis Eichst\u00e4tt Steuerberater - Rechtsberatung\" \/>\n<meta property=\"og:description\" content=\"Ma\u00dfgeschneiderte Beratung im Wirtschaftsrecht durch ein interdisziplin\u00e4res Team auch f\u00fcr grenz\u00fcberschreitende Fragestellungen.\" \/>\n<meta property=\"og:url\" content=\"https:\/\/www.ecovis.com\/eichstaett\/beratungsschwerpunkte\/rechtsberatung\/\" \/>\n<meta property=\"og:site_name\" content=\"Ecovis Eichst\u00e4tt\" \/>\n<meta property=\"article:modified_time\" content=\"2026-02-25T09:47:31+00:00\" \/>\n<meta property=\"og:image\" content=\"https:\/\/www.ecovis.com\/eichstaett\/wp-content\/uploads\/2026\/02\/rechtsberatung_eichstaett.webp\" \/>\n\t<meta property=\"og:image:width\" content=\"1920\" \/>\n\t<meta property=\"og:image:height\" content=\"900\" \/>\n\t<meta property=\"og:image:type\" content=\"image\/webp\" \/>\n<meta name=\"twitter:card\" content=\"summary_large_image\" \/>\n<meta name=\"twitter:label1\" content=\"Gesch\u00e4tzte Lesezeit\" \/>\n\t<meta name=\"twitter:data1\" content=\"1\u00a0Minute\" \/>\n<script type=\"application\/ld+json\" class=\"yoast-schema-graph\">{\"@context\":\"https:\/\/schema.org\",\"@graph\":[{\"@type\":\"WebPage\",\"@id\":\"https:\/\/www.ecovis.com\/eichstaett\/beratungsschwerpunkte\/rechtsberatung\/\",\"url\":\"https:\/\/www.ecovis.com\/eichstaett\/beratungsschwerpunkte\/rechtsberatung\/\",\"name\":\"Ecovis Eichst\u00e4tt Steuerberater - Rechtsberatung\",\"isPartOf\":{\"@id\":\"https:\/\/www.ecovis.com\/eichstaett\/#website\"},\"primaryImageOfPage\":{\"@id\":\"https:\/\/www.ecovis.com\/eichstaett\/beratungsschwerpunkte\/rechtsberatung\/#primaryimage\"},\"image\":{\"@id\":\"https:\/\/www.ecovis.com\/eichstaett\/beratungsschwerpunkte\/rechtsberatung\/#primaryimage\"},\"thumbnailUrl\":\"https:\/\/www.ecovis.com\/eichstaett\/wp-content\/uploads\/2026\/02\/rechtsberatung_eichstaett.webp\",\"datePublished\":\"2026-02-06T12:39:55+00:00\",\"dateModified\":\"2026-02-25T09:47:31+00:00\",\"description\":\"Ma\u00dfgeschneiderte Beratung im Wirtschaftsrecht durch ein interdisziplin\u00e4res Team auch f\u00fcr grenz\u00fcberschreitende Fragestellungen.\",\"breadcrumb\":{\"@id\":\"https:\/\/www.ecovis.com\/eichstaett\/beratungsschwerpunkte\/rechtsberatung\/#breadcrumb\"},\"inLanguage\":\"de\",\"potentialAction\":[{\"@type\":\"ReadAction\",\"target\":[\"https:\/\/www.ecovis.com\/eichstaett\/beratungsschwerpunkte\/rechtsberatung\/\"]}]},{\"@type\":\"ImageObject\",\"inLanguage\":\"de\",\"@id\":\"https:\/\/www.ecovis.com\/eichstaett\/beratungsschwerpunkte\/rechtsberatung\/#primaryimage\",\"url\":\"https:\/\/www.ecovis.com\/eichstaett\/wp-content\/uploads\/2026\/02\/rechtsberatung_eichstaett.webp\",\"contentUrl\":\"https:\/\/www.ecovis.com\/eichstaett\/wp-content\/uploads\/2026\/02\/rechtsberatung_eichstaett.webp\",\"width\":1920,\"height\":900,\"caption\":\"Rechtsanw\u00e4lte in Eichst\u00e4tt\"},{\"@type\":\"BreadcrumbList\",\"@id\":\"https:\/\/www.ecovis.com\/eichstaett\/beratungsschwerpunkte\/rechtsberatung\/#breadcrumb\",\"itemListElement\":[{\"@type\":\"ListItem\",\"position\":1,\"name\":\"Ecovis Global\",\"item\":\"https:\/\/www.ecovis.com\/\"},{\"@type\":\"ListItem\",\"position\":2,\"name\":\"Home\",\"item\":\"https:\/\/www.ecovis.com\/eichstaett\/\"},{\"@type\":\"ListItem\",\"position\":3,\"name\":\"Schwerpunkte\",\"item\":\"https:\/\/www.ecovis.com\/eichstaett\/beratungsschwerpunkte\/\"},{\"@type\":\"ListItem\",\"position\":4,\"name\":\"Rechtsberatung\"}]},{\"@type\":\"WebSite\",\"@id\":\"https:\/\/www.ecovis.com\/eichstaett\/#website\",\"url\":\"https:\/\/www.ecovis.com\/eichstaett\/\",\"name\":\"Ecovis.com\",\"description\":\"\",\"potentialAction\":[{\"@type\":\"SearchAction\",\"target\":{\"@type\":\"EntryPoint\",\"urlTemplate\":\"https:\/\/www.ecovis.com\/eichstaett\/?s={search_term_string}\"},\"query-input\":{\"@type\":\"PropertyValueSpecification\",\"valueRequired\":true,\"valueName\":\"search_term_string\"}}],\"inLanguage\":\"de\"}]}<\/script>\n<!-- \/ Yoast SEO plugin. -->","yoast_head_json":{"title":"Ecovis Eichst\u00e4tt Steuerberater - Rechtsberatung","description":"Ma\u00dfgeschneiderte Beratung im Wirtschaftsrecht durch ein interdisziplin\u00e4res Team auch f\u00fcr grenz\u00fcberschreitende Fragestellungen.","robots":{"index":"index","follow":"follow","max-snippet":"max-snippet:-1","max-image-preview":"max-image-preview:large","max-video-preview":"max-video-preview:-1"},"canonical":"https:\/\/www.ecovis.com\/eichstaett\/beratungsschwerpunkte\/rechtsberatung\/","og_locale":"de_DE","og_type":"article","og_title":"Ecovis Eichst\u00e4tt Steuerberater - Rechtsberatung","og_description":"Ma\u00dfgeschneiderte Beratung im Wirtschaftsrecht durch ein interdisziplin\u00e4res Team auch f\u00fcr grenz\u00fcberschreitende Fragestellungen.","og_url":"https:\/\/www.ecovis.com\/eichstaett\/beratungsschwerpunkte\/rechtsberatung\/","og_site_name":"Ecovis Eichst\u00e4tt","article_modified_time":"2026-02-25T09:47:31+00:00","og_image":[{"width":1920,"height":900,"url":"https:\/\/www.ecovis.com\/eichstaett\/wp-content\/uploads\/2026\/02\/rechtsberatung_eichstaett.webp","type":"image\/webp"}],"twitter_card":"summary_large_image","twitter_misc":{"Gesch\u00e4tzte Lesezeit":"1\u00a0Minute"},"schema":{"@context":"https:\/\/schema.org","@graph":[{"@type":"WebPage","@id":"https:\/\/www.ecovis.com\/eichstaett\/beratungsschwerpunkte\/rechtsberatung\/","url":"https:\/\/www.ecovis.com\/eichstaett\/beratungsschwerpunkte\/rechtsberatung\/","name":"Ecovis Eichst\u00e4tt Steuerberater - Rechtsberatung","isPartOf":{"@id":"https:\/\/www.ecovis.com\/eichstaett\/#website"},"primaryImageOfPage":{"@id":"https:\/\/www.ecovis.com\/eichstaett\/beratungsschwerpunkte\/rechtsberatung\/#primaryimage"},"image":{"@id":"https:\/\/www.ecovis.com\/eichstaett\/beratungsschwerpunkte\/rechtsberatung\/#primaryimage"},"thumbnailUrl":"https:\/\/www.ecovis.com\/eichstaett\/wp-content\/uploads\/2026\/02\/rechtsberatung_eichstaett.webp","datePublished":"2026-02-06T12:39:55+00:00","dateModified":"2026-02-25T09:47:31+00:00","description":"Ma\u00dfgeschneiderte Beratung im Wirtschaftsrecht durch ein interdisziplin\u00e4res Team auch f\u00fcr grenz\u00fcberschreitende Fragestellungen.","breadcrumb":{"@id":"https:\/\/www.ecovis.com\/eichstaett\/beratungsschwerpunkte\/rechtsberatung\/#breadcrumb"},"inLanguage":"de","potentialAction":[{"@type":"ReadAction","target":["https:\/\/www.ecovis.com\/eichstaett\/beratungsschwerpunkte\/rechtsberatung\/"]}]},{"@type":"ImageObject","inLanguage":"de","@id":"https:\/\/www.ecovis.com\/eichstaett\/beratungsschwerpunkte\/rechtsberatung\/#primaryimage","url":"https:\/\/www.ecovis.com\/eichstaett\/wp-content\/uploads\/2026\/02\/rechtsberatung_eichstaett.webp","contentUrl":"https:\/\/www.ecovis.com\/eichstaett\/wp-content\/uploads\/2026\/02\/rechtsberatung_eichstaett.webp","width":1920,"height":900,"caption":"Rechtsanw\u00e4lte in Eichst\u00e4tt"},{"@type":"BreadcrumbList","@id":"https:\/\/www.ecovis.com\/eichstaett\/beratungsschwerpunkte\/rechtsberatung\/#breadcrumb","itemListElement":[{"@type":"ListItem","position":1,"name":"Ecovis Global","item":"https:\/\/www.ecovis.com\/"},{"@type":"ListItem","position":2,"name":"Home","item":"https:\/\/www.ecovis.com\/eichstaett\/"},{"@type":"ListItem","position":3,"name":"Schwerpunkte","item":"https:\/\/www.ecovis.com\/eichstaett\/beratungsschwerpunkte\/"},{"@type":"ListItem","position":4,"name":"Rechtsberatung"}]},{"@type":"WebSite","@id":"https:\/\/www.ecovis.com\/eichstaett\/#website","url":"https:\/\/www.ecovis.com\/eichstaett\/","name":"Ecovis.com","description":"","potentialAction":[{"@type":"SearchAction","target":{"@type":"EntryPoint","urlTemplate":"https:\/\/www.ecovis.com\/eichstaett\/?s={search_term_string}"},"query-input":{"@type":"PropertyValueSpecification","valueRequired":true,"valueName":"search_term_string"}}],"inLanguage":"de"}]}},"_links":{"self":[{"href":"https:\/\/www.ecovis.com\/eichstaett\/wp-json\/wp\/v2\/pages\/3778","targetHints":{"allow":["GET"]}}],"collection":[{"href":"https:\/\/www.ecovis.com\/eichstaett\/wp-json\/wp\/v2\/pages"}],"about":[{"href":"https:\/\/www.ecovis.com\/eichstaett\/wp-json\/wp\/v2\/types\/page"}],"author":[{"embeddable":true,"href":"https:\/\/www.ecovis.com\/eichstaett\/wp-json\/wp\/v2\/users\/32"}],"replies":[{"embeddable":true,"href":"https:\/\/www.ecovis.com\/eichstaett\/wp-json\/wp\/v2\/comments?post=3778"}],"version-history":[{"count":5,"href":"https:\/\/www.ecovis.com\/eichstaett\/wp-json\/wp\/v2\/pages\/3778\/revisions"}],"predecessor-version":[{"id":4621,"href":"https:\/\/www.ecovis.com\/eichstaett\/wp-json\/wp\/v2\/pages\/3778\/revisions\/4621"}],"up":[{"embeddable":true,"href":"https:\/\/www.ecovis.com\/eichstaett\/wp-json\/wp\/v2\/pages\/3771"}],"wp:featuredmedia":[{"embeddable":true,"href":"https:\/\/www.ecovis.com\/eichstaett\/wp-json\/wp\/v2\/media\/4554"}],"wp:attachment":[{"href":"https:\/\/www.ecovis.com\/eichstaett\/wp-json\/wp\/v2\/media?parent=3778"}],"curies":[{"name":"wp","href":"https:\/\/api.w.org\/{rel}","templated":true}]}}