{"id":2383,"date":"2021-12-08T16:46:17","date_gmt":"2021-12-08T15:46:17","guid":{"rendered":"https:\/\/www.ecovis.com\/denmark\/dk\/?page_id=2383"},"modified":"2026-01-06T12:17:01","modified_gmt":"2026-01-06T11:17:01","slug":"ivaerksaetterhjaelp","status":"publish","type":"page","link":"https:\/\/www.ecovis.com\/denmark\/dk\/andre-services\/ivaerksaetterhjaelp\/","title":{"rendered":"Iv\u00e6rks\u00e6tterhj\u00e6lp"},"content":{"rendered":"","protected":false},"excerpt":{"rendered":"","protected":false},"author":6,"featured_media":0,"parent":2357,"menu_order":10,"comment_status":"closed","ping_status":"closed","template":"","meta":{"_acf_changed":false,"footnotes":""},"class_list":["post-2383","page","type-page","status-publish","hentry"],"acf":[],"yoast_head":"<!-- This site is optimized with the Yoast SEO plugin v27.4 - https:\/\/yoast.com\/product\/yoast-seo-wordpress\/ -->\n<title>Iv\u00e6rks\u00e6tterhj\u00e6lp | Gratis revisorhj\u00e6lp til iv\u00e6rks\u00e6ttere<\/title>\n<meta name=\"description\" content=\"Hvordan starter man en virksomhed? Book et gratis revisorm\u00f8de og f\u00e5 hj\u00e6lp til at starte din virksomhed og sparring p\u00e5 forretningsplanen\" \/>\n<meta name=\"robots\" content=\"index, follow, max-snippet:-1, max-image-preview:large, max-video-preview:-1\" \/>\n<link rel=\"canonical\" href=\"https:\/\/www.ecovis.com\/denmark\/dk\/andre-services\/ivaerksaetterhjaelp\/\" \/>\n<meta property=\"og:locale\" content=\"da_DK\" \/>\n<meta property=\"og:type\" content=\"article\" \/>\n<meta property=\"og:title\" content=\"Iv\u00e6rks\u00e6tterhj\u00e6lp | Gratis revisorhj\u00e6lp til iv\u00e6rks\u00e6ttere\" \/>\n<meta property=\"og:description\" content=\"Hvordan starter man en virksomhed? Book et gratis revisorm\u00f8de og f\u00e5 hj\u00e6lp til at starte din virksomhed og sparring p\u00e5 forretningsplanen\" \/>\n<meta property=\"og:url\" content=\"https:\/\/www.ecovis.com\/denmark\/dk\/andre-services\/ivaerksaetterhjaelp\/\" \/>\n<meta property=\"og:site_name\" content=\"Ecovis i Danmark\" \/>\n<meta property=\"article:modified_time\" content=\"2026-01-06T11:17:01+00:00\" \/>\n<meta name=\"twitter:card\" content=\"summary_large_image\" \/>\n<script type=\"application\/ld+json\" class=\"yoast-schema-graph\">{\"@context\":\"https:\\\/\\\/schema.org\",\"@graph\":[{\"@type\":\"WebPage\",\"@id\":\"https:\\\/\\\/www.ecovis.com\\\/denmark\\\/dk\\\/andre-services\\\/ivaerksaetterhjaelp\\\/\",\"url\":\"https:\\\/\\\/www.ecovis.com\\\/denmark\\\/dk\\\/andre-services\\\/ivaerksaetterhjaelp\\\/\",\"name\":\"Iv\u00e6rks\u00e6tterhj\u00e6lp | Gratis revisorhj\u00e6lp til iv\u00e6rks\u00e6ttere\",\"isPartOf\":{\"@id\":\"https:\\\/\\\/www.ecovis.com\\\/denmark\\\/dk\\\/#website\"},\"datePublished\":\"2021-12-08T15:46:17+00:00\",\"dateModified\":\"2026-01-06T11:17:01+00:00\",\"description\":\"Hvordan starter man en virksomhed? Book et gratis revisorm\u00f8de og f\u00e5 hj\u00e6lp til at starte din virksomhed og sparring p\u00e5 forretningsplanen\",\"breadcrumb\":{\"@id\":\"https:\\\/\\\/www.ecovis.com\\\/denmark\\\/dk\\\/andre-services\\\/ivaerksaetterhjaelp\\\/#breadcrumb\"},\"inLanguage\":\"da-DK\",\"potentialAction\":[{\"@type\":\"ReadAction\",\"target\":[\"https:\\\/\\\/www.ecovis.com\\\/denmark\\\/dk\\\/andre-services\\\/ivaerksaetterhjaelp\\\/\"]}]},{\"@type\":\"BreadcrumbList\",\"@id\":\"https:\\\/\\\/www.ecovis.com\\\/denmark\\\/dk\\\/andre-services\\\/ivaerksaetterhjaelp\\\/#breadcrumb\",\"itemListElement\":[{\"@type\":\"ListItem\",\"position\":1,\"name\":\"Ecovis Global\",\"item\":\"https:\\\/\\\/www.ecovis.com\\\/\"},{\"@type\":\"ListItem\",\"position\":2,\"name\":\"Forside\",\"item\":\"https:\\\/\\\/www.ecovis.com\\\/denmark\\\/dk\\\/\"},{\"@type\":\"ListItem\",\"position\":3,\"name\":\"Andre services\",\"item\":\"https:\\\/\\\/www.ecovis.com\\\/denmark\\\/dk\\\/andre-services\\\/\"},{\"@type\":\"ListItem\",\"position\":4,\"name\":\"Iv\u00e6rks\u00e6tterhj\u00e6lp\"}]},{\"@type\":\"WebSite\",\"@id\":\"https:\\\/\\\/www.ecovis.com\\\/denmark\\\/dk\\\/#website\",\"url\":\"https:\\\/\\\/www.ecovis.com\\\/denmark\\\/dk\\\/\",\"name\":\"Ecovis.com\",\"description\":\"\",\"potentialAction\":[{\"@type\":\"SearchAction\",\"target\":{\"@type\":\"EntryPoint\",\"urlTemplate\":\"https:\\\/\\\/www.ecovis.com\\\/denmark\\\/dk\\\/?s={search_term_string}\"},\"query-input\":{\"@type\":\"PropertyValueSpecification\",\"valueRequired\":true,\"valueName\":\"search_term_string\"}}],\"inLanguage\":\"da-DK\"}]}<\/script>\n<!-- \/ Yoast SEO plugin. -->","yoast_head_json":{"title":"Iv\u00e6rks\u00e6tterhj\u00e6lp | Gratis revisorhj\u00e6lp til iv\u00e6rks\u00e6ttere","description":"Hvordan starter man en virksomhed? Book et gratis revisorm\u00f8de og f\u00e5 hj\u00e6lp til at starte din virksomhed og sparring p\u00e5 forretningsplanen","robots":{"index":"index","follow":"follow","max-snippet":"max-snippet:-1","max-image-preview":"max-image-preview:large","max-video-preview":"max-video-preview:-1"},"canonical":"https:\/\/www.ecovis.com\/denmark\/dk\/andre-services\/ivaerksaetterhjaelp\/","og_locale":"da_DK","og_type":"article","og_title":"Iv\u00e6rks\u00e6tterhj\u00e6lp | Gratis revisorhj\u00e6lp til iv\u00e6rks\u00e6ttere","og_description":"Hvordan starter man en virksomhed? Book et gratis revisorm\u00f8de og f\u00e5 hj\u00e6lp til at starte din virksomhed og sparring p\u00e5 forretningsplanen","og_url":"https:\/\/www.ecovis.com\/denmark\/dk\/andre-services\/ivaerksaetterhjaelp\/","og_site_name":"Ecovis i Danmark","article_modified_time":"2026-01-06T11:17:01+00:00","twitter_card":"summary_large_image","schema":{"@context":"https:\/\/schema.org","@graph":[{"@type":"WebPage","@id":"https:\/\/www.ecovis.com\/denmark\/dk\/andre-services\/ivaerksaetterhjaelp\/","url":"https:\/\/www.ecovis.com\/denmark\/dk\/andre-services\/ivaerksaetterhjaelp\/","name":"Iv\u00e6rks\u00e6tterhj\u00e6lp | Gratis revisorhj\u00e6lp til iv\u00e6rks\u00e6ttere","isPartOf":{"@id":"https:\/\/www.ecovis.com\/denmark\/dk\/#website"},"datePublished":"2021-12-08T15:46:17+00:00","dateModified":"2026-01-06T11:17:01+00:00","description":"Hvordan starter man en virksomhed? Book et gratis revisorm\u00f8de og f\u00e5 hj\u00e6lp til at starte din virksomhed og sparring p\u00e5 forretningsplanen","breadcrumb":{"@id":"https:\/\/www.ecovis.com\/denmark\/dk\/andre-services\/ivaerksaetterhjaelp\/#breadcrumb"},"inLanguage":"da-DK","potentialAction":[{"@type":"ReadAction","target":["https:\/\/www.ecovis.com\/denmark\/dk\/andre-services\/ivaerksaetterhjaelp\/"]}]},{"@type":"BreadcrumbList","@id":"https:\/\/www.ecovis.com\/denmark\/dk\/andre-services\/ivaerksaetterhjaelp\/#breadcrumb","itemListElement":[{"@type":"ListItem","position":1,"name":"Ecovis Global","item":"https:\/\/www.ecovis.com\/"},{"@type":"ListItem","position":2,"name":"Forside","item":"https:\/\/www.ecovis.com\/denmark\/dk\/"},{"@type":"ListItem","position":3,"name":"Andre services","item":"https:\/\/www.ecovis.com\/denmark\/dk\/andre-services\/"},{"@type":"ListItem","position":4,"name":"Iv\u00e6rks\u00e6tterhj\u00e6lp"}]},{"@type":"WebSite","@id":"https:\/\/www.ecovis.com\/denmark\/dk\/#website","url":"https:\/\/www.ecovis.com\/denmark\/dk\/","name":"Ecovis.com","description":"","potentialAction":[{"@type":"SearchAction","target":{"@type":"EntryPoint","urlTemplate":"https:\/\/www.ecovis.com\/denmark\/dk\/?s={search_term_string}"},"query-input":{"@type":"PropertyValueSpecification","valueRequired":true,"valueName":"search_term_string"}}],"inLanguage":"da-DK"}]}},"_links":{"self":[{"href":"https:\/\/www.ecovis.com\/denmark\/dk\/wp-json\/wp\/v2\/pages\/2383","targetHints":{"allow":["GET"]}}],"collection":[{"href":"https:\/\/www.ecovis.com\/denmark\/dk\/wp-json\/wp\/v2\/pages"}],"about":[{"href":"https:\/\/www.ecovis.com\/denmark\/dk\/wp-json\/wp\/v2\/types\/page"}],"author":[{"embeddable":true,"href":"https:\/\/www.ecovis.com\/denmark\/dk\/wp-json\/wp\/v2\/users\/6"}],"replies":[{"embeddable":true,"href":"https:\/\/www.ecovis.com\/denmark\/dk\/wp-json\/wp\/v2\/comments?post=2383"}],"version-history":[{"count":3,"href":"https:\/\/www.ecovis.com\/denmark\/dk\/wp-json\/wp\/v2\/pages\/2383\/revisions"}],"predecessor-version":[{"id":2750,"href":"https:\/\/www.ecovis.com\/denmark\/dk\/wp-json\/wp\/v2\/pages\/2383\/revisions\/2750"}],"up":[{"embeddable":true,"href":"https:\/\/www.ecovis.com\/denmark\/dk\/wp-json\/wp\/v2\/pages\/2357"}],"wp:attachment":[{"href":"https:\/\/www.ecovis.com\/denmark\/dk\/wp-json\/wp\/v2\/media?parent=2383"}],"curies":[{"name":"wp","href":"https:\/\/api.w.org\/{rel}","templated":true}]}}