{"id":2366,"date":"2021-12-07T17:02:31","date_gmt":"2021-12-07T16:02:31","guid":{"rendered":"https:\/\/www.ecovis.com\/denmark\/dk\/?page_id=2366"},"modified":"2021-12-07T20:39:04","modified_gmt":"2021-12-07T19:39:04","slug":"skatteraadgivning","status":"publish","type":"page","link":"https:\/\/www.ecovis.com\/denmark\/dk\/regnskab-og-revision\/skatteraadgivning\/","title":{"rendered":"Skatter\u00e5dgivning"},"content":{"rendered":"","protected":false},"excerpt":{"rendered":"","protected":false},"author":6,"featured_media":0,"parent":2354,"menu_order":20,"comment_status":"closed","ping_status":"closed","template":"","meta":{"_acf_changed":false,"footnotes":""},"class_list":["post-2366","page","type-page","status-publish","hentry"],"acf":[],"yoast_head":"<!-- This site is optimized with the Yoast SEO plugin v27.4 - https:\/\/yoast.com\/product\/yoast-seo-wordpress\/ -->\n<title>Skatter\u00e5dgivning | F\u00e5 hj\u00e6lp til skat af din skatterevisor<\/title>\n<meta name=\"description\" content=\"Som skatterevisorer kan vi optimere din skat, s\u00e5 du ikke betaler for meget og overholder alle regler | F\u00e5 hj\u00e6lp til skat af Ecovis\u00b4 skatteeksperter\" \/>\n<meta name=\"robots\" content=\"index, follow, max-snippet:-1, max-image-preview:large, max-video-preview:-1\" \/>\n<link rel=\"canonical\" href=\"https:\/\/www.ecovis.com\/denmark\/dk\/regnskab-og-revision\/skatteraadgivning\/\" \/>\n<meta property=\"og:locale\" content=\"da_DK\" \/>\n<meta property=\"og:type\" content=\"article\" \/>\n<meta property=\"og:title\" content=\"Skatter\u00e5dgivning | F\u00e5 hj\u00e6lp til skat af din skatterevisor\" \/>\n<meta property=\"og:description\" content=\"Som skatterevisorer kan vi optimere din skat, s\u00e5 du ikke betaler for meget og overholder alle regler | F\u00e5 hj\u00e6lp til skat af Ecovis\u00b4 skatteeksperter\" \/>\n<meta property=\"og:url\" content=\"https:\/\/www.ecovis.com\/denmark\/dk\/regnskab-og-revision\/skatteraadgivning\/\" \/>\n<meta property=\"og:site_name\" content=\"Ecovis i Danmark\" \/>\n<meta property=\"article:modified_time\" content=\"2021-12-07T19:39:04+00:00\" \/>\n<meta name=\"twitter:card\" content=\"summary_large_image\" \/>\n<script type=\"application\/ld+json\" class=\"yoast-schema-graph\">{\"@context\":\"https:\\\/\\\/schema.org\",\"@graph\":[{\"@type\":\"WebPage\",\"@id\":\"https:\\\/\\\/www.ecovis.com\\\/denmark\\\/dk\\\/regnskab-og-revision\\\/skatteraadgivning\\\/\",\"url\":\"https:\\\/\\\/www.ecovis.com\\\/denmark\\\/dk\\\/regnskab-og-revision\\\/skatteraadgivning\\\/\",\"name\":\"Skatter\u00e5dgivning | F\u00e5 hj\u00e6lp til skat af din skatterevisor\",\"isPartOf\":{\"@id\":\"https:\\\/\\\/www.ecovis.com\\\/denmark\\\/dk\\\/#website\"},\"datePublished\":\"2021-12-07T16:02:31+00:00\",\"dateModified\":\"2021-12-07T19:39:04+00:00\",\"description\":\"Som skatterevisorer kan vi optimere din skat, s\u00e5 du ikke betaler for meget og overholder alle regler | F\u00e5 hj\u00e6lp til skat af Ecovis\u00b4 skatteeksperter\",\"breadcrumb\":{\"@id\":\"https:\\\/\\\/www.ecovis.com\\\/denmark\\\/dk\\\/regnskab-og-revision\\\/skatteraadgivning\\\/#breadcrumb\"},\"inLanguage\":\"da-DK\",\"potentialAction\":[{\"@type\":\"ReadAction\",\"target\":[\"https:\\\/\\\/www.ecovis.com\\\/denmark\\\/dk\\\/regnskab-og-revision\\\/skatteraadgivning\\\/\"]}]},{\"@type\":\"BreadcrumbList\",\"@id\":\"https:\\\/\\\/www.ecovis.com\\\/denmark\\\/dk\\\/regnskab-og-revision\\\/skatteraadgivning\\\/#breadcrumb\",\"itemListElement\":[{\"@type\":\"ListItem\",\"position\":1,\"name\":\"Ecovis Global\",\"item\":\"https:\\\/\\\/www.ecovis.com\\\/\"},{\"@type\":\"ListItem\",\"position\":2,\"name\":\"Forside\",\"item\":\"https:\\\/\\\/www.ecovis.com\\\/denmark\\\/dk\\\/\"},{\"@type\":\"ListItem\",\"position\":3,\"name\":\"Regnskab og revision\",\"item\":\"https:\\\/\\\/www.ecovis.com\\\/denmark\\\/dk\\\/regnskab-og-revision\\\/\"},{\"@type\":\"ListItem\",\"position\":4,\"name\":\"Skatter\u00e5dgivning\"}]},{\"@type\":\"WebSite\",\"@id\":\"https:\\\/\\\/www.ecovis.com\\\/denmark\\\/dk\\\/#website\",\"url\":\"https:\\\/\\\/www.ecovis.com\\\/denmark\\\/dk\\\/\",\"name\":\"Ecovis.com\",\"description\":\"\",\"potentialAction\":[{\"@type\":\"SearchAction\",\"target\":{\"@type\":\"EntryPoint\",\"urlTemplate\":\"https:\\\/\\\/www.ecovis.com\\\/denmark\\\/dk\\\/?s={search_term_string}\"},\"query-input\":{\"@type\":\"PropertyValueSpecification\",\"valueRequired\":true,\"valueName\":\"search_term_string\"}}],\"inLanguage\":\"da-DK\"}]}<\/script>\n<!-- \/ Yoast SEO plugin. -->","yoast_head_json":{"title":"Skatter\u00e5dgivning | F\u00e5 hj\u00e6lp til skat af din skatterevisor","description":"Som skatterevisorer kan vi optimere din skat, s\u00e5 du ikke betaler for meget og overholder alle regler | F\u00e5 hj\u00e6lp til skat af Ecovis\u00b4 skatteeksperter","robots":{"index":"index","follow":"follow","max-snippet":"max-snippet:-1","max-image-preview":"max-image-preview:large","max-video-preview":"max-video-preview:-1"},"canonical":"https:\/\/www.ecovis.com\/denmark\/dk\/regnskab-og-revision\/skatteraadgivning\/","og_locale":"da_DK","og_type":"article","og_title":"Skatter\u00e5dgivning | F\u00e5 hj\u00e6lp til skat af din skatterevisor","og_description":"Som skatterevisorer kan vi optimere din skat, s\u00e5 du ikke betaler for meget og overholder alle regler | F\u00e5 hj\u00e6lp til skat af Ecovis\u00b4 skatteeksperter","og_url":"https:\/\/www.ecovis.com\/denmark\/dk\/regnskab-og-revision\/skatteraadgivning\/","og_site_name":"Ecovis i Danmark","article_modified_time":"2021-12-07T19:39:04+00:00","twitter_card":"summary_large_image","schema":{"@context":"https:\/\/schema.org","@graph":[{"@type":"WebPage","@id":"https:\/\/www.ecovis.com\/denmark\/dk\/regnskab-og-revision\/skatteraadgivning\/","url":"https:\/\/www.ecovis.com\/denmark\/dk\/regnskab-og-revision\/skatteraadgivning\/","name":"Skatter\u00e5dgivning | F\u00e5 hj\u00e6lp til skat af din skatterevisor","isPartOf":{"@id":"https:\/\/www.ecovis.com\/denmark\/dk\/#website"},"datePublished":"2021-12-07T16:02:31+00:00","dateModified":"2021-12-07T19:39:04+00:00","description":"Som skatterevisorer kan vi optimere din skat, s\u00e5 du ikke betaler for meget og overholder alle regler | F\u00e5 hj\u00e6lp til skat af Ecovis\u00b4 skatteeksperter","breadcrumb":{"@id":"https:\/\/www.ecovis.com\/denmark\/dk\/regnskab-og-revision\/skatteraadgivning\/#breadcrumb"},"inLanguage":"da-DK","potentialAction":[{"@type":"ReadAction","target":["https:\/\/www.ecovis.com\/denmark\/dk\/regnskab-og-revision\/skatteraadgivning\/"]}]},{"@type":"BreadcrumbList","@id":"https:\/\/www.ecovis.com\/denmark\/dk\/regnskab-og-revision\/skatteraadgivning\/#breadcrumb","itemListElement":[{"@type":"ListItem","position":1,"name":"Ecovis Global","item":"https:\/\/www.ecovis.com\/"},{"@type":"ListItem","position":2,"name":"Forside","item":"https:\/\/www.ecovis.com\/denmark\/dk\/"},{"@type":"ListItem","position":3,"name":"Regnskab og revision","item":"https:\/\/www.ecovis.com\/denmark\/dk\/regnskab-og-revision\/"},{"@type":"ListItem","position":4,"name":"Skatter\u00e5dgivning"}]},{"@type":"WebSite","@id":"https:\/\/www.ecovis.com\/denmark\/dk\/#website","url":"https:\/\/www.ecovis.com\/denmark\/dk\/","name":"Ecovis.com","description":"","potentialAction":[{"@type":"SearchAction","target":{"@type":"EntryPoint","urlTemplate":"https:\/\/www.ecovis.com\/denmark\/dk\/?s={search_term_string}"},"query-input":{"@type":"PropertyValueSpecification","valueRequired":true,"valueName":"search_term_string"}}],"inLanguage":"da-DK"}]}},"_links":{"self":[{"href":"https:\/\/www.ecovis.com\/denmark\/dk\/wp-json\/wp\/v2\/pages\/2366","targetHints":{"allow":["GET"]}}],"collection":[{"href":"https:\/\/www.ecovis.com\/denmark\/dk\/wp-json\/wp\/v2\/pages"}],"about":[{"href":"https:\/\/www.ecovis.com\/denmark\/dk\/wp-json\/wp\/v2\/types\/page"}],"author":[{"embeddable":true,"href":"https:\/\/www.ecovis.com\/denmark\/dk\/wp-json\/wp\/v2\/users\/6"}],"replies":[{"embeddable":true,"href":"https:\/\/www.ecovis.com\/denmark\/dk\/wp-json\/wp\/v2\/comments?post=2366"}],"version-history":[{"count":5,"href":"https:\/\/www.ecovis.com\/denmark\/dk\/wp-json\/wp\/v2\/pages\/2366\/revisions"}],"predecessor-version":[{"id":2378,"href":"https:\/\/www.ecovis.com\/denmark\/dk\/wp-json\/wp\/v2\/pages\/2366\/revisions\/2378"}],"up":[{"embeddable":true,"href":"https:\/\/www.ecovis.com\/denmark\/dk\/wp-json\/wp\/v2\/pages\/2354"}],"wp:attachment":[{"href":"https:\/\/www.ecovis.com\/denmark\/dk\/wp-json\/wp\/v2\/media?parent=2366"}],"curies":[{"name":"wp","href":"https:\/\/api.w.org\/{rel}","templated":true}]}}