{"id":2362,"date":"2021-12-07T16:47:21","date_gmt":"2021-12-07T15:47:21","guid":{"rendered":"https:\/\/www.ecovis.com\/denmark\/dk\/?page_id=2362"},"modified":"2026-01-06T12:16:26","modified_gmt":"2026-01-06T11:16:26","slug":"revision","status":"publish","type":"page","link":"https:\/\/www.ecovis.com\/denmark\/dk\/regnskab-og-revision\/revision\/","title":{"rendered":"Revision"},"content":{"rendered":"","protected":false},"excerpt":{"rendered":"","protected":false},"author":6,"featured_media":0,"parent":2354,"menu_order":10,"comment_status":"closed","ping_status":"closed","template":"","meta":{"_acf_changed":false,"footnotes":""},"class_list":["post-2362","page","type-page","status-publish","hentry"],"acf":[],"yoast_head":"<!-- This site is optimized with the Yoast SEO plugin v27.4 - https:\/\/yoast.com\/product\/yoast-seo-wordpress\/ -->\n<title>Revision i Ringsted og K\u00f8benhavn | Regnskab og bogf\u00f8ring<\/title>\n<meta name=\"description\" content=\"Med en fast revisionsaftale s\u00f8rger vi for hele regnskabet og den l\u00f8bende bogf\u00f8ring | Erfarne revisorer og skatter\u00e5dgivere r\u00e5dgiver alle firmatyper\" \/>\n<meta name=\"robots\" content=\"index, follow, max-snippet:-1, max-image-preview:large, max-video-preview:-1\" \/>\n<link rel=\"canonical\" href=\"https:\/\/www.ecovis.com\/denmark\/dk\/regnskab-og-revision\/revision\/\" \/>\n<meta property=\"og:locale\" content=\"da_DK\" \/>\n<meta property=\"og:type\" content=\"article\" \/>\n<meta property=\"og:title\" content=\"Revision i Ringsted og K\u00f8benhavn | Regnskab og bogf\u00f8ring\" \/>\n<meta property=\"og:description\" content=\"Med en fast revisionsaftale s\u00f8rger vi for hele regnskabet og den l\u00f8bende bogf\u00f8ring | Erfarne revisorer og skatter\u00e5dgivere r\u00e5dgiver alle firmatyper\" \/>\n<meta property=\"og:url\" content=\"https:\/\/www.ecovis.com\/denmark\/dk\/regnskab-og-revision\/revision\/\" \/>\n<meta property=\"og:site_name\" content=\"Ecovis i Danmark\" \/>\n<meta property=\"article:modified_time\" content=\"2026-01-06T11:16:26+00:00\" \/>\n<meta name=\"twitter:card\" content=\"summary_large_image\" \/>\n<script type=\"application\/ld+json\" class=\"yoast-schema-graph\">{\"@context\":\"https:\\\/\\\/schema.org\",\"@graph\":[{\"@type\":\"WebPage\",\"@id\":\"https:\\\/\\\/www.ecovis.com\\\/denmark\\\/dk\\\/regnskab-og-revision\\\/revision\\\/\",\"url\":\"https:\\\/\\\/www.ecovis.com\\\/denmark\\\/dk\\\/regnskab-og-revision\\\/revision\\\/\",\"name\":\"Revision i Ringsted og K\u00f8benhavn | Regnskab og bogf\u00f8ring\",\"isPartOf\":{\"@id\":\"https:\\\/\\\/www.ecovis.com\\\/denmark\\\/dk\\\/#website\"},\"datePublished\":\"2021-12-07T15:47:21+00:00\",\"dateModified\":\"2026-01-06T11:16:26+00:00\",\"description\":\"Med en fast revisionsaftale s\u00f8rger vi for hele regnskabet og den l\u00f8bende bogf\u00f8ring | Erfarne revisorer og skatter\u00e5dgivere r\u00e5dgiver alle firmatyper\",\"breadcrumb\":{\"@id\":\"https:\\\/\\\/www.ecovis.com\\\/denmark\\\/dk\\\/regnskab-og-revision\\\/revision\\\/#breadcrumb\"},\"inLanguage\":\"da-DK\",\"potentialAction\":[{\"@type\":\"ReadAction\",\"target\":[\"https:\\\/\\\/www.ecovis.com\\\/denmark\\\/dk\\\/regnskab-og-revision\\\/revision\\\/\"]}]},{\"@type\":\"BreadcrumbList\",\"@id\":\"https:\\\/\\\/www.ecovis.com\\\/denmark\\\/dk\\\/regnskab-og-revision\\\/revision\\\/#breadcrumb\",\"itemListElement\":[{\"@type\":\"ListItem\",\"position\":1,\"name\":\"Ecovis Global\",\"item\":\"https:\\\/\\\/www.ecovis.com\\\/\"},{\"@type\":\"ListItem\",\"position\":2,\"name\":\"Forside\",\"item\":\"https:\\\/\\\/www.ecovis.com\\\/denmark\\\/dk\\\/\"},{\"@type\":\"ListItem\",\"position\":3,\"name\":\"Regnskab og revision\",\"item\":\"https:\\\/\\\/www.ecovis.com\\\/denmark\\\/dk\\\/regnskab-og-revision\\\/\"},{\"@type\":\"ListItem\",\"position\":4,\"name\":\"Revision\"}]},{\"@type\":\"WebSite\",\"@id\":\"https:\\\/\\\/www.ecovis.com\\\/denmark\\\/dk\\\/#website\",\"url\":\"https:\\\/\\\/www.ecovis.com\\\/denmark\\\/dk\\\/\",\"name\":\"Ecovis.com\",\"description\":\"\",\"potentialAction\":[{\"@type\":\"SearchAction\",\"target\":{\"@type\":\"EntryPoint\",\"urlTemplate\":\"https:\\\/\\\/www.ecovis.com\\\/denmark\\\/dk\\\/?s={search_term_string}\"},\"query-input\":{\"@type\":\"PropertyValueSpecification\",\"valueRequired\":true,\"valueName\":\"search_term_string\"}}],\"inLanguage\":\"da-DK\"}]}<\/script>\n<!-- \/ Yoast SEO plugin. -->","yoast_head_json":{"title":"Revision i Ringsted og K\u00f8benhavn | Regnskab og bogf\u00f8ring","description":"Med en fast revisionsaftale s\u00f8rger vi for hele regnskabet og den l\u00f8bende bogf\u00f8ring | Erfarne revisorer og skatter\u00e5dgivere r\u00e5dgiver alle firmatyper","robots":{"index":"index","follow":"follow","max-snippet":"max-snippet:-1","max-image-preview":"max-image-preview:large","max-video-preview":"max-video-preview:-1"},"canonical":"https:\/\/www.ecovis.com\/denmark\/dk\/regnskab-og-revision\/revision\/","og_locale":"da_DK","og_type":"article","og_title":"Revision i Ringsted og K\u00f8benhavn | Regnskab og bogf\u00f8ring","og_description":"Med en fast revisionsaftale s\u00f8rger vi for hele regnskabet og den l\u00f8bende bogf\u00f8ring | Erfarne revisorer og skatter\u00e5dgivere r\u00e5dgiver alle firmatyper","og_url":"https:\/\/www.ecovis.com\/denmark\/dk\/regnskab-og-revision\/revision\/","og_site_name":"Ecovis i Danmark","article_modified_time":"2026-01-06T11:16:26+00:00","twitter_card":"summary_large_image","schema":{"@context":"https:\/\/schema.org","@graph":[{"@type":"WebPage","@id":"https:\/\/www.ecovis.com\/denmark\/dk\/regnskab-og-revision\/revision\/","url":"https:\/\/www.ecovis.com\/denmark\/dk\/regnskab-og-revision\/revision\/","name":"Revision i Ringsted og K\u00f8benhavn | Regnskab og bogf\u00f8ring","isPartOf":{"@id":"https:\/\/www.ecovis.com\/denmark\/dk\/#website"},"datePublished":"2021-12-07T15:47:21+00:00","dateModified":"2026-01-06T11:16:26+00:00","description":"Med en fast revisionsaftale s\u00f8rger vi for hele regnskabet og den l\u00f8bende bogf\u00f8ring | Erfarne revisorer og skatter\u00e5dgivere r\u00e5dgiver alle firmatyper","breadcrumb":{"@id":"https:\/\/www.ecovis.com\/denmark\/dk\/regnskab-og-revision\/revision\/#breadcrumb"},"inLanguage":"da-DK","potentialAction":[{"@type":"ReadAction","target":["https:\/\/www.ecovis.com\/denmark\/dk\/regnskab-og-revision\/revision\/"]}]},{"@type":"BreadcrumbList","@id":"https:\/\/www.ecovis.com\/denmark\/dk\/regnskab-og-revision\/revision\/#breadcrumb","itemListElement":[{"@type":"ListItem","position":1,"name":"Ecovis Global","item":"https:\/\/www.ecovis.com\/"},{"@type":"ListItem","position":2,"name":"Forside","item":"https:\/\/www.ecovis.com\/denmark\/dk\/"},{"@type":"ListItem","position":3,"name":"Regnskab og revision","item":"https:\/\/www.ecovis.com\/denmark\/dk\/regnskab-og-revision\/"},{"@type":"ListItem","position":4,"name":"Revision"}]},{"@type":"WebSite","@id":"https:\/\/www.ecovis.com\/denmark\/dk\/#website","url":"https:\/\/www.ecovis.com\/denmark\/dk\/","name":"Ecovis.com","description":"","potentialAction":[{"@type":"SearchAction","target":{"@type":"EntryPoint","urlTemplate":"https:\/\/www.ecovis.com\/denmark\/dk\/?s={search_term_string}"},"query-input":{"@type":"PropertyValueSpecification","valueRequired":true,"valueName":"search_term_string"}}],"inLanguage":"da-DK"}]}},"_links":{"self":[{"href":"https:\/\/www.ecovis.com\/denmark\/dk\/wp-json\/wp\/v2\/pages\/2362","targetHints":{"allow":["GET"]}}],"collection":[{"href":"https:\/\/www.ecovis.com\/denmark\/dk\/wp-json\/wp\/v2\/pages"}],"about":[{"href":"https:\/\/www.ecovis.com\/denmark\/dk\/wp-json\/wp\/v2\/types\/page"}],"author":[{"embeddable":true,"href":"https:\/\/www.ecovis.com\/denmark\/dk\/wp-json\/wp\/v2\/users\/6"}],"replies":[{"embeddable":true,"href":"https:\/\/www.ecovis.com\/denmark\/dk\/wp-json\/wp\/v2\/comments?post=2362"}],"version-history":[{"count":6,"href":"https:\/\/www.ecovis.com\/denmark\/dk\/wp-json\/wp\/v2\/pages\/2362\/revisions"}],"predecessor-version":[{"id":2749,"href":"https:\/\/www.ecovis.com\/denmark\/dk\/wp-json\/wp\/v2\/pages\/2362\/revisions\/2749"}],"up":[{"embeddable":true,"href":"https:\/\/www.ecovis.com\/denmark\/dk\/wp-json\/wp\/v2\/pages\/2354"}],"wp:attachment":[{"href":"https:\/\/www.ecovis.com\/denmark\/dk\/wp-json\/wp\/v2\/media?parent=2362"}],"curies":[{"name":"wp","href":"https:\/\/api.w.org\/{rel}","templated":true}]}}