{"id":1558,"date":"2019-06-05T13:52:41","date_gmt":"2019-06-05T11:52:41","guid":{"rendered":"https:\/\/www.ecovis.com\/denmark\/dk\/?page_id=1558"},"modified":"2024-01-09T18:06:57","modified_gmt":"2024-01-09T17:06:57","slug":"profil","status":"publish","type":"page","link":"https:\/\/www.ecovis.com\/denmark\/dk\/om-os\/profil\/","title":{"rendered":"Profil"},"content":{"rendered":"","protected":false},"excerpt":{"rendered":"","protected":false},"author":5,"featured_media":0,"parent":12,"menu_order":5,"comment_status":"closed","ping_status":"closed","template":"","meta":{"_acf_changed":false,"footnotes":""},"class_list":["post-1558","page","type-page","status-publish","hentry"],"acf":[],"yoast_head":"<!-- This site is optimized with the Yoast SEO plugin v27.4 - https:\/\/yoast.com\/product\/yoast-seo-wordpress\/ -->\n<title>Ecovis i Danmark: Revision, bogholderi og jura<\/title>\n<meta name=\"description\" content=\"Hos Ecovis i Danmark samarbejder f\u00f8rende jurister, revisorer og skatter\u00e5dgivere b\u00e5de nationalt og internationalt\" \/>\n<meta name=\"robots\" content=\"index, follow, max-snippet:-1, max-image-preview:large, max-video-preview:-1\" \/>\n<link rel=\"canonical\" href=\"https:\/\/www.ecovis.com\/denmark\/dk\/om-os\/profil\/\" \/>\n<meta property=\"og:locale\" content=\"da_DK\" \/>\n<meta property=\"og:type\" content=\"article\" \/>\n<meta property=\"og:title\" content=\"Ecovis i Danmark: Revision, bogholderi og jura\" \/>\n<meta property=\"og:description\" content=\"Hos Ecovis i Danmark samarbejder f\u00f8rende jurister, revisorer og skatter\u00e5dgivere b\u00e5de nationalt og internationalt\" \/>\n<meta property=\"og:url\" content=\"https:\/\/www.ecovis.com\/denmark\/dk\/om-os\/profil\/\" \/>\n<meta property=\"og:site_name\" content=\"Ecovis i Danmark\" \/>\n<meta property=\"article:modified_time\" content=\"2024-01-09T17:06:57+00:00\" \/>\n<meta name=\"twitter:card\" content=\"summary_large_image\" \/>\n<script type=\"application\/ld+json\" class=\"yoast-schema-graph\">{\"@context\":\"https:\\\/\\\/schema.org\",\"@graph\":[{\"@type\":\"WebPage\",\"@id\":\"https:\\\/\\\/www.ecovis.com\\\/denmark\\\/dk\\\/om-os\\\/profil\\\/\",\"url\":\"https:\\\/\\\/www.ecovis.com\\\/denmark\\\/dk\\\/om-os\\\/profil\\\/\",\"name\":\"Ecovis i Danmark: Revision, bogholderi og jura\",\"isPartOf\":{\"@id\":\"https:\\\/\\\/www.ecovis.com\\\/denmark\\\/dk\\\/#website\"},\"datePublished\":\"2019-06-05T11:52:41+00:00\",\"dateModified\":\"2024-01-09T17:06:57+00:00\",\"description\":\"Hos Ecovis i Danmark samarbejder f\u00f8rende jurister, revisorer og skatter\u00e5dgivere b\u00e5de nationalt og internationalt\",\"breadcrumb\":{\"@id\":\"https:\\\/\\\/www.ecovis.com\\\/denmark\\\/dk\\\/om-os\\\/profil\\\/#breadcrumb\"},\"inLanguage\":\"da-DK\",\"potentialAction\":[{\"@type\":\"ReadAction\",\"target\":[\"https:\\\/\\\/www.ecovis.com\\\/denmark\\\/dk\\\/om-os\\\/profil\\\/\"]}]},{\"@type\":\"BreadcrumbList\",\"@id\":\"https:\\\/\\\/www.ecovis.com\\\/denmark\\\/dk\\\/om-os\\\/profil\\\/#breadcrumb\",\"itemListElement\":[{\"@type\":\"ListItem\",\"position\":1,\"name\":\"Ecovis Global\",\"item\":\"https:\\\/\\\/www.ecovis.com\\\/\"},{\"@type\":\"ListItem\",\"position\":2,\"name\":\"Forside\",\"item\":\"https:\\\/\\\/www.ecovis.com\\\/denmark\\\/dk\\\/\"},{\"@type\":\"ListItem\",\"position\":3,\"name\":\"Om os\",\"item\":\"https:\\\/\\\/www.ecovis.com\\\/denmark\\\/dk\\\/om-os\\\/\"},{\"@type\":\"ListItem\",\"position\":4,\"name\":\"Profil\"}]},{\"@type\":\"WebSite\",\"@id\":\"https:\\\/\\\/www.ecovis.com\\\/denmark\\\/dk\\\/#website\",\"url\":\"https:\\\/\\\/www.ecovis.com\\\/denmark\\\/dk\\\/\",\"name\":\"Ecovis.com\",\"description\":\"\",\"potentialAction\":[{\"@type\":\"SearchAction\",\"target\":{\"@type\":\"EntryPoint\",\"urlTemplate\":\"https:\\\/\\\/www.ecovis.com\\\/denmark\\\/dk\\\/?s={search_term_string}\"},\"query-input\":{\"@type\":\"PropertyValueSpecification\",\"valueRequired\":true,\"valueName\":\"search_term_string\"}}],\"inLanguage\":\"da-DK\"}]}<\/script>\n<!-- \/ Yoast SEO plugin. -->","yoast_head_json":{"title":"Ecovis i Danmark: Revision, bogholderi og jura","description":"Hos Ecovis i Danmark samarbejder f\u00f8rende jurister, revisorer og skatter\u00e5dgivere b\u00e5de nationalt og internationalt","robots":{"index":"index","follow":"follow","max-snippet":"max-snippet:-1","max-image-preview":"max-image-preview:large","max-video-preview":"max-video-preview:-1"},"canonical":"https:\/\/www.ecovis.com\/denmark\/dk\/om-os\/profil\/","og_locale":"da_DK","og_type":"article","og_title":"Ecovis i Danmark: Revision, bogholderi og jura","og_description":"Hos Ecovis i Danmark samarbejder f\u00f8rende jurister, revisorer og skatter\u00e5dgivere b\u00e5de nationalt og internationalt","og_url":"https:\/\/www.ecovis.com\/denmark\/dk\/om-os\/profil\/","og_site_name":"Ecovis i Danmark","article_modified_time":"2024-01-09T17:06:57+00:00","twitter_card":"summary_large_image","schema":{"@context":"https:\/\/schema.org","@graph":[{"@type":"WebPage","@id":"https:\/\/www.ecovis.com\/denmark\/dk\/om-os\/profil\/","url":"https:\/\/www.ecovis.com\/denmark\/dk\/om-os\/profil\/","name":"Ecovis i Danmark: Revision, bogholderi og jura","isPartOf":{"@id":"https:\/\/www.ecovis.com\/denmark\/dk\/#website"},"datePublished":"2019-06-05T11:52:41+00:00","dateModified":"2024-01-09T17:06:57+00:00","description":"Hos Ecovis i Danmark samarbejder f\u00f8rende jurister, revisorer og skatter\u00e5dgivere b\u00e5de nationalt og internationalt","breadcrumb":{"@id":"https:\/\/www.ecovis.com\/denmark\/dk\/om-os\/profil\/#breadcrumb"},"inLanguage":"da-DK","potentialAction":[{"@type":"ReadAction","target":["https:\/\/www.ecovis.com\/denmark\/dk\/om-os\/profil\/"]}]},{"@type":"BreadcrumbList","@id":"https:\/\/www.ecovis.com\/denmark\/dk\/om-os\/profil\/#breadcrumb","itemListElement":[{"@type":"ListItem","position":1,"name":"Ecovis Global","item":"https:\/\/www.ecovis.com\/"},{"@type":"ListItem","position":2,"name":"Forside","item":"https:\/\/www.ecovis.com\/denmark\/dk\/"},{"@type":"ListItem","position":3,"name":"Om os","item":"https:\/\/www.ecovis.com\/denmark\/dk\/om-os\/"},{"@type":"ListItem","position":4,"name":"Profil"}]},{"@type":"WebSite","@id":"https:\/\/www.ecovis.com\/denmark\/dk\/#website","url":"https:\/\/www.ecovis.com\/denmark\/dk\/","name":"Ecovis.com","description":"","potentialAction":[{"@type":"SearchAction","target":{"@type":"EntryPoint","urlTemplate":"https:\/\/www.ecovis.com\/denmark\/dk\/?s={search_term_string}"},"query-input":{"@type":"PropertyValueSpecification","valueRequired":true,"valueName":"search_term_string"}}],"inLanguage":"da-DK"}]}},"_links":{"self":[{"href":"https:\/\/www.ecovis.com\/denmark\/dk\/wp-json\/wp\/v2\/pages\/1558","targetHints":{"allow":["GET"]}}],"collection":[{"href":"https:\/\/www.ecovis.com\/denmark\/dk\/wp-json\/wp\/v2\/pages"}],"about":[{"href":"https:\/\/www.ecovis.com\/denmark\/dk\/wp-json\/wp\/v2\/types\/page"}],"author":[{"embeddable":true,"href":"https:\/\/www.ecovis.com\/denmark\/dk\/wp-json\/wp\/v2\/users\/5"}],"replies":[{"embeddable":true,"href":"https:\/\/www.ecovis.com\/denmark\/dk\/wp-json\/wp\/v2\/comments?post=1558"}],"version-history":[{"count":31,"href":"https:\/\/www.ecovis.com\/denmark\/dk\/wp-json\/wp\/v2\/pages\/1558\/revisions"}],"predecessor-version":[{"id":2659,"href":"https:\/\/www.ecovis.com\/denmark\/dk\/wp-json\/wp\/v2\/pages\/1558\/revisions\/2659"}],"up":[{"embeddable":true,"href":"https:\/\/www.ecovis.com\/denmark\/dk\/wp-json\/wp\/v2\/pages\/12"}],"wp:attachment":[{"href":"https:\/\/www.ecovis.com\/denmark\/dk\/wp-json\/wp\/v2\/media?parent=1558"}],"curies":[{"name":"wp","href":"https:\/\/api.w.org\/{rel}","templated":true}]}}