{"id":1259,"date":"2019-04-04T14:29:51","date_gmt":"2019-04-04T12:29:51","guid":{"rendered":"https:\/\/www.ecovis.com\/denmark\/?page_id=1259"},"modified":"2022-03-03T10:16:38","modified_gmt":"2022-03-03T09:16:38","slug":"bogforing","status":"publish","type":"page","link":"https:\/\/www.ecovis.com\/denmark\/dk\/regnskab-og-revision\/bogforing\/","title":{"rendered":"Bogf\u00f8ring"},"content":{"rendered":"","protected":false},"excerpt":{"rendered":"","protected":false},"author":5,"featured_media":0,"parent":2354,"menu_order":15,"comment_status":"closed","ping_status":"closed","template":"","meta":{"_acf_changed":false,"footnotes":""},"class_list":["post-1259","page","type-page","status-publish","hentry"],"acf":[],"yoast_head":"<!-- This site is optimized with the Yoast SEO plugin v27.4 - https:\/\/yoast.com\/product\/yoast-seo-wordpress\/ -->\n<title>Bogf\u00f8ring K\u00f8benhavn | ECOVIS Svane i Danmark<\/title>\n<meta name=\"description\" content=\"Bogf\u00f8ring K\u00f8benhavn - Er I p\u00e5 udkig efter regnskabsservice enten fra en bogholder eller en revisor, er I kommet til rette sted.\" \/>\n<meta name=\"robots\" content=\"index, follow, max-snippet:-1, max-image-preview:large, max-video-preview:-1\" \/>\n<link rel=\"canonical\" href=\"https:\/\/www.ecovis.com\/denmark\/dk\/regnskab-og-revision\/bogforing\/\" \/>\n<meta property=\"og:locale\" content=\"da_DK\" \/>\n<meta property=\"og:type\" content=\"article\" \/>\n<meta property=\"og:title\" content=\"Bogf\u00f8ring K\u00f8benhavn | ECOVIS Svane i Danmark\" \/>\n<meta property=\"og:description\" content=\"Bogf\u00f8ring K\u00f8benhavn - Er I p\u00e5 udkig efter regnskabsservice enten fra en bogholder eller en revisor, er I kommet til rette sted.\" \/>\n<meta property=\"og:url\" content=\"https:\/\/www.ecovis.com\/denmark\/dk\/regnskab-og-revision\/bogforing\/\" \/>\n<meta property=\"og:site_name\" content=\"Ecovis i Danmark\" \/>\n<meta property=\"article:modified_time\" content=\"2022-03-03T09:16:38+00:00\" \/>\n<meta name=\"twitter:card\" content=\"summary_large_image\" \/>\n<script type=\"application\/ld+json\" class=\"yoast-schema-graph\">{\"@context\":\"https:\\\/\\\/schema.org\",\"@graph\":[{\"@type\":\"WebPage\",\"@id\":\"https:\\\/\\\/www.ecovis.com\\\/denmark\\\/dk\\\/regnskab-og-revision\\\/bogforing\\\/\",\"url\":\"https:\\\/\\\/www.ecovis.com\\\/denmark\\\/dk\\\/regnskab-og-revision\\\/bogforing\\\/\",\"name\":\"Bogf\u00f8ring K\u00f8benhavn | ECOVIS Svane i Danmark\",\"isPartOf\":{\"@id\":\"https:\\\/\\\/www.ecovis.com\\\/denmark\\\/dk\\\/#website\"},\"datePublished\":\"2019-04-04T12:29:51+00:00\",\"dateModified\":\"2022-03-03T09:16:38+00:00\",\"description\":\"Bogf\u00f8ring K\u00f8benhavn - Er I p\u00e5 udkig efter regnskabsservice enten fra en bogholder eller en revisor, er I kommet til rette sted.\",\"breadcrumb\":{\"@id\":\"https:\\\/\\\/www.ecovis.com\\\/denmark\\\/dk\\\/regnskab-og-revision\\\/bogforing\\\/#breadcrumb\"},\"inLanguage\":\"da-DK\",\"potentialAction\":[{\"@type\":\"ReadAction\",\"target\":[\"https:\\\/\\\/www.ecovis.com\\\/denmark\\\/dk\\\/regnskab-og-revision\\\/bogforing\\\/\"]}]},{\"@type\":\"BreadcrumbList\",\"@id\":\"https:\\\/\\\/www.ecovis.com\\\/denmark\\\/dk\\\/regnskab-og-revision\\\/bogforing\\\/#breadcrumb\",\"itemListElement\":[{\"@type\":\"ListItem\",\"position\":1,\"name\":\"Ecovis Global\",\"item\":\"https:\\\/\\\/www.ecovis.com\\\/\"},{\"@type\":\"ListItem\",\"position\":2,\"name\":\"Forside\",\"item\":\"https:\\\/\\\/www.ecovis.com\\\/denmark\\\/dk\\\/\"},{\"@type\":\"ListItem\",\"position\":3,\"name\":\"Regnskab og revision\",\"item\":\"https:\\\/\\\/www.ecovis.com\\\/denmark\\\/dk\\\/regnskab-og-revision\\\/\"},{\"@type\":\"ListItem\",\"position\":4,\"name\":\"Bogf\u00f8ring\"}]},{\"@type\":\"WebSite\",\"@id\":\"https:\\\/\\\/www.ecovis.com\\\/denmark\\\/dk\\\/#website\",\"url\":\"https:\\\/\\\/www.ecovis.com\\\/denmark\\\/dk\\\/\",\"name\":\"Ecovis.com\",\"description\":\"\",\"potentialAction\":[{\"@type\":\"SearchAction\",\"target\":{\"@type\":\"EntryPoint\",\"urlTemplate\":\"https:\\\/\\\/www.ecovis.com\\\/denmark\\\/dk\\\/?s={search_term_string}\"},\"query-input\":{\"@type\":\"PropertyValueSpecification\",\"valueRequired\":true,\"valueName\":\"search_term_string\"}}],\"inLanguage\":\"da-DK\"}]}<\/script>\n<!-- \/ Yoast SEO plugin. -->","yoast_head_json":{"title":"Bogf\u00f8ring K\u00f8benhavn | ECOVIS Svane i Danmark","description":"Bogf\u00f8ring K\u00f8benhavn - Er I p\u00e5 udkig efter regnskabsservice enten fra en bogholder eller en revisor, er I kommet til rette sted.","robots":{"index":"index","follow":"follow","max-snippet":"max-snippet:-1","max-image-preview":"max-image-preview:large","max-video-preview":"max-video-preview:-1"},"canonical":"https:\/\/www.ecovis.com\/denmark\/dk\/regnskab-og-revision\/bogforing\/","og_locale":"da_DK","og_type":"article","og_title":"Bogf\u00f8ring K\u00f8benhavn | ECOVIS Svane i Danmark","og_description":"Bogf\u00f8ring K\u00f8benhavn - Er I p\u00e5 udkig efter regnskabsservice enten fra en bogholder eller en revisor, er I kommet til rette sted.","og_url":"https:\/\/www.ecovis.com\/denmark\/dk\/regnskab-og-revision\/bogforing\/","og_site_name":"Ecovis i Danmark","article_modified_time":"2022-03-03T09:16:38+00:00","twitter_card":"summary_large_image","schema":{"@context":"https:\/\/schema.org","@graph":[{"@type":"WebPage","@id":"https:\/\/www.ecovis.com\/denmark\/dk\/regnskab-og-revision\/bogforing\/","url":"https:\/\/www.ecovis.com\/denmark\/dk\/regnskab-og-revision\/bogforing\/","name":"Bogf\u00f8ring K\u00f8benhavn | ECOVIS Svane i Danmark","isPartOf":{"@id":"https:\/\/www.ecovis.com\/denmark\/dk\/#website"},"datePublished":"2019-04-04T12:29:51+00:00","dateModified":"2022-03-03T09:16:38+00:00","description":"Bogf\u00f8ring K\u00f8benhavn - Er I p\u00e5 udkig efter regnskabsservice enten fra en bogholder eller en revisor, er I kommet til rette sted.","breadcrumb":{"@id":"https:\/\/www.ecovis.com\/denmark\/dk\/regnskab-og-revision\/bogforing\/#breadcrumb"},"inLanguage":"da-DK","potentialAction":[{"@type":"ReadAction","target":["https:\/\/www.ecovis.com\/denmark\/dk\/regnskab-og-revision\/bogforing\/"]}]},{"@type":"BreadcrumbList","@id":"https:\/\/www.ecovis.com\/denmark\/dk\/regnskab-og-revision\/bogforing\/#breadcrumb","itemListElement":[{"@type":"ListItem","position":1,"name":"Ecovis Global","item":"https:\/\/www.ecovis.com\/"},{"@type":"ListItem","position":2,"name":"Forside","item":"https:\/\/www.ecovis.com\/denmark\/dk\/"},{"@type":"ListItem","position":3,"name":"Regnskab og revision","item":"https:\/\/www.ecovis.com\/denmark\/dk\/regnskab-og-revision\/"},{"@type":"ListItem","position":4,"name":"Bogf\u00f8ring"}]},{"@type":"WebSite","@id":"https:\/\/www.ecovis.com\/denmark\/dk\/#website","url":"https:\/\/www.ecovis.com\/denmark\/dk\/","name":"Ecovis.com","description":"","potentialAction":[{"@type":"SearchAction","target":{"@type":"EntryPoint","urlTemplate":"https:\/\/www.ecovis.com\/denmark\/dk\/?s={search_term_string}"},"query-input":{"@type":"PropertyValueSpecification","valueRequired":true,"valueName":"search_term_string"}}],"inLanguage":"da-DK"}]}},"_links":{"self":[{"href":"https:\/\/www.ecovis.com\/denmark\/dk\/wp-json\/wp\/v2\/pages\/1259","targetHints":{"allow":["GET"]}}],"collection":[{"href":"https:\/\/www.ecovis.com\/denmark\/dk\/wp-json\/wp\/v2\/pages"}],"about":[{"href":"https:\/\/www.ecovis.com\/denmark\/dk\/wp-json\/wp\/v2\/types\/page"}],"author":[{"embeddable":true,"href":"https:\/\/www.ecovis.com\/denmark\/dk\/wp-json\/wp\/v2\/users\/5"}],"replies":[{"embeddable":true,"href":"https:\/\/www.ecovis.com\/denmark\/dk\/wp-json\/wp\/v2\/comments?post=1259"}],"version-history":[{"count":13,"href":"https:\/\/www.ecovis.com\/denmark\/dk\/wp-json\/wp\/v2\/pages\/1259\/revisions"}],"predecessor-version":[{"id":2487,"href":"https:\/\/www.ecovis.com\/denmark\/dk\/wp-json\/wp\/v2\/pages\/1259\/revisions\/2487"}],"up":[{"embeddable":true,"href":"https:\/\/www.ecovis.com\/denmark\/dk\/wp-json\/wp\/v2\/pages\/2354"}],"wp:attachment":[{"href":"https:\/\/www.ecovis.com\/denmark\/dk\/wp-json\/wp\/v2\/media?parent=1259"}],"curies":[{"name":"wp","href":"https:\/\/api.w.org\/{rel}","templated":true}]}}