{"id":4074,"date":"2025-07-31T19:44:57","date_gmt":"2025-07-31T17:44:57","guid":{"rendered":"https:\/\/www.ecovis.com\/b17_demmin\/?page_id=4074"},"modified":"2025-07-31T19:59:02","modified_gmt":"2025-07-31T17:59:02","slug":"vertragscheck","status":"publish","type":"page","link":"https:\/\/www.ecovis.com\/demmin\/beratungsschwerpunkte\/vertragscheck\/","title":{"rendered":"Vertragscheck"},"content":{"rendered":"","protected":false},"excerpt":{"rendered":"","protected":false},"author":28,"featured_media":0,"parent":3771,"menu_order":0,"comment_status":"closed","ping_status":"closed","template":"leistungen-vertragscheck.php","meta":{"_acf_changed":false,"footnotes":""},"class_list":["post-4074","page","type-page","status-publish","hentry"],"acf":[],"yoast_head":"<!-- This site is optimized with the Yoast SEO plugin v27.2 - https:\/\/yoast.com\/product\/yoast-seo-wordpress\/ -->\n<title>Ecovis Demmin Steuerberater - Vertragscheck<\/title>\n<meta name=\"description\" content=\"Wann haben Sie zuletzt Ihre Vertr\u00e4ge pr\u00fcfen lassen? Wegen neuer Gesetze und neuer Regelungen sollten Sie dies regelm\u00e4\u00dfig tun.\" \/>\n<meta name=\"robots\" content=\"index, follow, max-snippet:-1, max-image-preview:large, max-video-preview:-1\" \/>\n<link rel=\"canonical\" href=\"https:\/\/www.ecovis.com\/demmin\/beratungsschwerpunkte\/vertragscheck\/\" \/>\n<meta property=\"og:locale\" content=\"de_DE\" \/>\n<meta property=\"og:type\" content=\"article\" \/>\n<meta property=\"og:title\" content=\"Ecovis Demmin Steuerberater - Vertragscheck\" \/>\n<meta property=\"og:description\" content=\"Wann haben Sie zuletzt Ihre Vertr\u00e4ge pr\u00fcfen lassen? Wegen neuer Gesetze und neuer Regelungen sollten Sie dies regelm\u00e4\u00dfig tun.\" \/>\n<meta property=\"og:url\" content=\"https:\/\/www.ecovis.com\/demmin\/beratungsschwerpunkte\/vertragscheck\/\" \/>\n<meta property=\"og:site_name\" content=\"Ecovis Demmin\" \/>\n<meta property=\"article:modified_time\" content=\"2025-07-31T17:59:02+00:00\" \/>\n<meta name=\"twitter:card\" content=\"summary_large_image\" \/>\n<script type=\"application\/ld+json\" class=\"yoast-schema-graph\">{\"@context\":\"https:\/\/schema.org\",\"@graph\":[{\"@type\":\"WebPage\",\"@id\":\"https:\/\/www.ecovis.com\/demmin\/beratungsschwerpunkte\/vertragscheck\/\",\"url\":\"https:\/\/www.ecovis.com\/demmin\/beratungsschwerpunkte\/vertragscheck\/\",\"name\":\"Ecovis Demmin Steuerberater - Vertragscheck\",\"isPartOf\":{\"@id\":\"https:\/\/www.ecovis.com\/demmin\/#website\"},\"datePublished\":\"2025-07-31T17:44:57+00:00\",\"dateModified\":\"2025-07-31T17:59:02+00:00\",\"description\":\"Wann haben Sie zuletzt Ihre Vertr\u00e4ge pr\u00fcfen lassen? Wegen neuer Gesetze und neuer Regelungen sollten Sie dies regelm\u00e4\u00dfig tun.\",\"breadcrumb\":{\"@id\":\"https:\/\/www.ecovis.com\/demmin\/beratungsschwerpunkte\/vertragscheck\/#breadcrumb\"},\"inLanguage\":\"de\",\"potentialAction\":[{\"@type\":\"ReadAction\",\"target\":[\"https:\/\/www.ecovis.com\/demmin\/beratungsschwerpunkte\/vertragscheck\/\"]}]},{\"@type\":\"BreadcrumbList\",\"@id\":\"https:\/\/www.ecovis.com\/demmin\/beratungsschwerpunkte\/vertragscheck\/#breadcrumb\",\"itemListElement\":[{\"@type\":\"ListItem\",\"position\":1,\"name\":\"Ecovis Global\",\"item\":\"https:\/\/www.ecovis.com\/\"},{\"@type\":\"ListItem\",\"position\":2,\"name\":\"Home\",\"item\":\"https:\/\/www.ecovis.com\/demmin\/\"},{\"@type\":\"ListItem\",\"position\":3,\"name\":\"Schwerpunkte\",\"item\":\"https:\/\/www.ecovis.com\/demmin\/beratungsschwerpunkte\/\"},{\"@type\":\"ListItem\",\"position\":4,\"name\":\"Vertragscheck\"}]},{\"@type\":\"WebSite\",\"@id\":\"https:\/\/www.ecovis.com\/demmin\/#website\",\"url\":\"https:\/\/www.ecovis.com\/demmin\/\",\"name\":\"Ecovis.com\",\"description\":\"\",\"potentialAction\":[{\"@type\":\"SearchAction\",\"target\":{\"@type\":\"EntryPoint\",\"urlTemplate\":\"https:\/\/www.ecovis.com\/demmin\/?s={search_term_string}\"},\"query-input\":{\"@type\":\"PropertyValueSpecification\",\"valueRequired\":true,\"valueName\":\"search_term_string\"}}],\"inLanguage\":\"de\"}]}<\/script>\n<!-- \/ Yoast SEO plugin. -->","yoast_head_json":{"title":"Ecovis Demmin Steuerberater - Vertragscheck","description":"Wann haben Sie zuletzt Ihre Vertr\u00e4ge pr\u00fcfen lassen? Wegen neuer Gesetze und neuer Regelungen sollten Sie dies regelm\u00e4\u00dfig tun.","robots":{"index":"index","follow":"follow","max-snippet":"max-snippet:-1","max-image-preview":"max-image-preview:large","max-video-preview":"max-video-preview:-1"},"canonical":"https:\/\/www.ecovis.com\/demmin\/beratungsschwerpunkte\/vertragscheck\/","og_locale":"de_DE","og_type":"article","og_title":"Ecovis Demmin Steuerberater - Vertragscheck","og_description":"Wann haben Sie zuletzt Ihre Vertr\u00e4ge pr\u00fcfen lassen? Wegen neuer Gesetze und neuer Regelungen sollten Sie dies regelm\u00e4\u00dfig tun.","og_url":"https:\/\/www.ecovis.com\/demmin\/beratungsschwerpunkte\/vertragscheck\/","og_site_name":"Ecovis Demmin","article_modified_time":"2025-07-31T17:59:02+00:00","twitter_card":"summary_large_image","schema":{"@context":"https:\/\/schema.org","@graph":[{"@type":"WebPage","@id":"https:\/\/www.ecovis.com\/demmin\/beratungsschwerpunkte\/vertragscheck\/","url":"https:\/\/www.ecovis.com\/demmin\/beratungsschwerpunkte\/vertragscheck\/","name":"Ecovis Demmin Steuerberater - Vertragscheck","isPartOf":{"@id":"https:\/\/www.ecovis.com\/demmin\/#website"},"datePublished":"2025-07-31T17:44:57+00:00","dateModified":"2025-07-31T17:59:02+00:00","description":"Wann haben Sie zuletzt Ihre Vertr\u00e4ge pr\u00fcfen lassen? Wegen neuer Gesetze und neuer Regelungen sollten Sie dies regelm\u00e4\u00dfig tun.","breadcrumb":{"@id":"https:\/\/www.ecovis.com\/demmin\/beratungsschwerpunkte\/vertragscheck\/#breadcrumb"},"inLanguage":"de","potentialAction":[{"@type":"ReadAction","target":["https:\/\/www.ecovis.com\/demmin\/beratungsschwerpunkte\/vertragscheck\/"]}]},{"@type":"BreadcrumbList","@id":"https:\/\/www.ecovis.com\/demmin\/beratungsschwerpunkte\/vertragscheck\/#breadcrumb","itemListElement":[{"@type":"ListItem","position":1,"name":"Ecovis Global","item":"https:\/\/www.ecovis.com\/"},{"@type":"ListItem","position":2,"name":"Home","item":"https:\/\/www.ecovis.com\/demmin\/"},{"@type":"ListItem","position":3,"name":"Schwerpunkte","item":"https:\/\/www.ecovis.com\/demmin\/beratungsschwerpunkte\/"},{"@type":"ListItem","position":4,"name":"Vertragscheck"}]},{"@type":"WebSite","@id":"https:\/\/www.ecovis.com\/demmin\/#website","url":"https:\/\/www.ecovis.com\/demmin\/","name":"Ecovis.com","description":"","potentialAction":[{"@type":"SearchAction","target":{"@type":"EntryPoint","urlTemplate":"https:\/\/www.ecovis.com\/demmin\/?s={search_term_string}"},"query-input":{"@type":"PropertyValueSpecification","valueRequired":true,"valueName":"search_term_string"}}],"inLanguage":"de"}]}},"_links":{"self":[{"href":"https:\/\/www.ecovis.com\/demmin\/wp-json\/wp\/v2\/pages\/4074","targetHints":{"allow":["GET"]}}],"collection":[{"href":"https:\/\/www.ecovis.com\/demmin\/wp-json\/wp\/v2\/pages"}],"about":[{"href":"https:\/\/www.ecovis.com\/demmin\/wp-json\/wp\/v2\/types\/page"}],"author":[{"embeddable":true,"href":"https:\/\/www.ecovis.com\/demmin\/wp-json\/wp\/v2\/users\/28"}],"replies":[{"embeddable":true,"href":"https:\/\/www.ecovis.com\/demmin\/wp-json\/wp\/v2\/comments?post=4074"}],"version-history":[{"count":1,"href":"https:\/\/www.ecovis.com\/demmin\/wp-json\/wp\/v2\/pages\/4074\/revisions"}],"predecessor-version":[{"id":4075,"href":"https:\/\/www.ecovis.com\/demmin\/wp-json\/wp\/v2\/pages\/4074\/revisions\/4075"}],"up":[{"embeddable":true,"href":"https:\/\/www.ecovis.com\/demmin\/wp-json\/wp\/v2\/pages\/3771"}],"wp:attachment":[{"href":"https:\/\/www.ecovis.com\/demmin\/wp-json\/wp\/v2\/media?parent=4074"}],"curies":[{"name":"wp","href":"https:\/\/api.w.org\/{rel}","templated":true}]}}