{"id":3949,"date":"2025-03-27T16:43:21","date_gmt":"2025-03-27T15:43:21","guid":{"rendered":"https:\/\/www.ecovis.com\/b13_burgstaedt\/?page_id=3949"},"modified":"2025-09-08T08:43:59","modified_gmt":"2025-09-08T06:43:59","slug":"profil","status":"publish","type":"page","link":"https:\/\/www.ecovis.com\/burgstaedt\/profil\/","title":{"rendered":"\u00dcber uns"},"content":{"rendered":"","protected":false},"excerpt":{"rendered":"","protected":false},"author":28,"featured_media":0,"parent":0,"menu_order":0,"comment_status":"closed","ping_status":"closed","template":"ueber-uns.php","meta":{"_acf_changed":false,"footnotes":""},"class_list":["post-3949","page","type-page","status-publish","hentry"],"acf":[],"yoast_head":"<!-- This site is optimized with the Yoast SEO plugin v27.2 - https:\/\/yoast.com\/product\/yoast-seo-wordpress\/ -->\n<title>Ecovis Burgst\u00e4dt - Steuerberater f\u00fcr Mittelstand, Freiberufler &amp; Privatpersonen<\/title>\n<meta name=\"description\" content=\"Erfahren Sie mehr \u00fcber unser Ecovis-Team in Burgst\u00e4dt \u2013 Steuerberater, Wirtschaftspr\u00fcfer &amp; Rechtsanw\u00e4lte f\u00fcr Mittelsachsen &amp; dar\u00fcber hinaus.\" \/>\n<meta name=\"robots\" content=\"index, follow, max-snippet:-1, max-image-preview:large, max-video-preview:-1\" \/>\n<link rel=\"canonical\" href=\"https:\/\/www.ecovis.com\/burgstaedt\/profil\/\" \/>\n<meta property=\"og:locale\" content=\"de_DE\" \/>\n<meta property=\"og:type\" content=\"article\" \/>\n<meta property=\"og:title\" content=\"Ecovis Burgst\u00e4dt - Steuerberater f\u00fcr Mittelstand, Freiberufler &amp; Privatpersonen\" \/>\n<meta property=\"og:description\" content=\"Erfahren Sie mehr \u00fcber unser Ecovis-Team in Burgst\u00e4dt \u2013 Steuerberater, Wirtschaftspr\u00fcfer &amp; Rechtsanw\u00e4lte f\u00fcr Mittelsachsen &amp; dar\u00fcber hinaus.\" \/>\n<meta property=\"og:url\" content=\"https:\/\/www.ecovis.com\/burgstaedt\/profil\/\" \/>\n<meta property=\"og:site_name\" content=\"Ecovis Burgst\u00e4dt\" \/>\n<meta property=\"article:modified_time\" content=\"2025-09-08T06:43:59+00:00\" \/>\n<meta name=\"twitter:card\" content=\"summary_large_image\" \/>\n<script type=\"application\/ld+json\" class=\"yoast-schema-graph\">{\"@context\":\"https:\/\/schema.org\",\"@graph\":[{\"@type\":\"WebPage\",\"@id\":\"https:\/\/www.ecovis.com\/burgstaedt\/profil\/\",\"url\":\"https:\/\/www.ecovis.com\/burgstaedt\/profil\/\",\"name\":\"Ecovis Burgst\u00e4dt - Steuerberater f\u00fcr Mittelstand, Freiberufler & Privatpersonen\",\"isPartOf\":{\"@id\":\"https:\/\/www.ecovis.com\/burgstaedt\/#website\"},\"datePublished\":\"2025-03-27T15:43:21+00:00\",\"dateModified\":\"2025-09-08T06:43:59+00:00\",\"description\":\"Erfahren Sie mehr \u00fcber unser Ecovis-Team in Burgst\u00e4dt \u2013 Steuerberater, Wirtschaftspr\u00fcfer & Rechtsanw\u00e4lte f\u00fcr Mittelsachsen & dar\u00fcber hinaus.\",\"breadcrumb\":{\"@id\":\"https:\/\/www.ecovis.com\/burgstaedt\/profil\/#breadcrumb\"},\"inLanguage\":\"de\",\"potentialAction\":[{\"@type\":\"ReadAction\",\"target\":[\"https:\/\/www.ecovis.com\/burgstaedt\/profil\/\"]}]},{\"@type\":\"BreadcrumbList\",\"@id\":\"https:\/\/www.ecovis.com\/burgstaedt\/profil\/#breadcrumb\",\"itemListElement\":[{\"@type\":\"ListItem\",\"position\":1,\"name\":\"Ecovis Global\",\"item\":\"https:\/\/www.ecovis.com\/\"},{\"@type\":\"ListItem\",\"position\":2,\"name\":\"Home\",\"item\":\"https:\/\/www.ecovis.com\/burgstaedt\/\"},{\"@type\":\"ListItem\",\"position\":3,\"name\":\"\u00dcber uns\"}]},{\"@type\":\"WebSite\",\"@id\":\"https:\/\/www.ecovis.com\/burgstaedt\/#website\",\"url\":\"https:\/\/www.ecovis.com\/burgstaedt\/\",\"name\":\"Ecovis.com\",\"description\":\"\",\"potentialAction\":[{\"@type\":\"SearchAction\",\"target\":{\"@type\":\"EntryPoint\",\"urlTemplate\":\"https:\/\/www.ecovis.com\/burgstaedt\/?s={search_term_string}\"},\"query-input\":{\"@type\":\"PropertyValueSpecification\",\"valueRequired\":true,\"valueName\":\"search_term_string\"}}],\"inLanguage\":\"de\"}]}<\/script>\n<!-- \/ Yoast SEO plugin. -->","yoast_head_json":{"title":"Ecovis Burgst\u00e4dt - Steuerberater f\u00fcr Mittelstand, Freiberufler & Privatpersonen","description":"Erfahren Sie mehr \u00fcber unser Ecovis-Team in Burgst\u00e4dt \u2013 Steuerberater, Wirtschaftspr\u00fcfer & Rechtsanw\u00e4lte f\u00fcr Mittelsachsen & dar\u00fcber hinaus.","robots":{"index":"index","follow":"follow","max-snippet":"max-snippet:-1","max-image-preview":"max-image-preview:large","max-video-preview":"max-video-preview:-1"},"canonical":"https:\/\/www.ecovis.com\/burgstaedt\/profil\/","og_locale":"de_DE","og_type":"article","og_title":"Ecovis Burgst\u00e4dt - Steuerberater f\u00fcr Mittelstand, Freiberufler & Privatpersonen","og_description":"Erfahren Sie mehr \u00fcber unser Ecovis-Team in Burgst\u00e4dt \u2013 Steuerberater, Wirtschaftspr\u00fcfer & Rechtsanw\u00e4lte f\u00fcr Mittelsachsen & dar\u00fcber hinaus.","og_url":"https:\/\/www.ecovis.com\/burgstaedt\/profil\/","og_site_name":"Ecovis Burgst\u00e4dt","article_modified_time":"2025-09-08T06:43:59+00:00","twitter_card":"summary_large_image","schema":{"@context":"https:\/\/schema.org","@graph":[{"@type":"WebPage","@id":"https:\/\/www.ecovis.com\/burgstaedt\/profil\/","url":"https:\/\/www.ecovis.com\/burgstaedt\/profil\/","name":"Ecovis Burgst\u00e4dt - Steuerberater f\u00fcr Mittelstand, Freiberufler & Privatpersonen","isPartOf":{"@id":"https:\/\/www.ecovis.com\/burgstaedt\/#website"},"datePublished":"2025-03-27T15:43:21+00:00","dateModified":"2025-09-08T06:43:59+00:00","description":"Erfahren Sie mehr \u00fcber unser Ecovis-Team in Burgst\u00e4dt \u2013 Steuerberater, Wirtschaftspr\u00fcfer & Rechtsanw\u00e4lte f\u00fcr Mittelsachsen & dar\u00fcber hinaus.","breadcrumb":{"@id":"https:\/\/www.ecovis.com\/burgstaedt\/profil\/#breadcrumb"},"inLanguage":"de","potentialAction":[{"@type":"ReadAction","target":["https:\/\/www.ecovis.com\/burgstaedt\/profil\/"]}]},{"@type":"BreadcrumbList","@id":"https:\/\/www.ecovis.com\/burgstaedt\/profil\/#breadcrumb","itemListElement":[{"@type":"ListItem","position":1,"name":"Ecovis Global","item":"https:\/\/www.ecovis.com\/"},{"@type":"ListItem","position":2,"name":"Home","item":"https:\/\/www.ecovis.com\/burgstaedt\/"},{"@type":"ListItem","position":3,"name":"\u00dcber uns"}]},{"@type":"WebSite","@id":"https:\/\/www.ecovis.com\/burgstaedt\/#website","url":"https:\/\/www.ecovis.com\/burgstaedt\/","name":"Ecovis.com","description":"","potentialAction":[{"@type":"SearchAction","target":{"@type":"EntryPoint","urlTemplate":"https:\/\/www.ecovis.com\/burgstaedt\/?s={search_term_string}"},"query-input":{"@type":"PropertyValueSpecification","valueRequired":true,"valueName":"search_term_string"}}],"inLanguage":"de"}]}},"_links":{"self":[{"href":"https:\/\/www.ecovis.com\/burgstaedt\/wp-json\/wp\/v2\/pages\/3949","targetHints":{"allow":["GET"]}}],"collection":[{"href":"https:\/\/www.ecovis.com\/burgstaedt\/wp-json\/wp\/v2\/pages"}],"about":[{"href":"https:\/\/www.ecovis.com\/burgstaedt\/wp-json\/wp\/v2\/types\/page"}],"author":[{"embeddable":true,"href":"https:\/\/www.ecovis.com\/burgstaedt\/wp-json\/wp\/v2\/users\/28"}],"replies":[{"embeddable":true,"href":"https:\/\/www.ecovis.com\/burgstaedt\/wp-json\/wp\/v2\/comments?post=3949"}],"version-history":[{"count":23,"href":"https:\/\/www.ecovis.com\/burgstaedt\/wp-json\/wp\/v2\/pages\/3949\/revisions"}],"predecessor-version":[{"id":4375,"href":"https:\/\/www.ecovis.com\/burgstaedt\/wp-json\/wp\/v2\/pages\/3949\/revisions\/4375"}],"wp:attachment":[{"href":"https:\/\/www.ecovis.com\/burgstaedt\/wp-json\/wp\/v2\/media?parent=3949"}],"curies":[{"name":"wp","href":"https:\/\/api.w.org\/{rel}","templated":true}]}}