{"id":3805,"date":"2025-03-25T17:47:29","date_gmt":"2025-03-25T16:47:29","guid":{"rendered":"https:\/\/www.ecovis.com\/b13_burgstaedt\/?page_id=3805"},"modified":"2026-02-23T11:09:54","modified_gmt":"2026-02-23T10:09:54","slug":"startseite","status":"publish","type":"page","link":"https:\/\/www.ecovis.com\/burgstaedt\/","title":{"rendered":"Startseite"},"content":{"rendered":"","protected":false},"excerpt":{"rendered":"","protected":false},"author":28,"featured_media":0,"parent":0,"menu_order":0,"comment_status":"closed","ping_status":"closed","template":"services.php","meta":{"_acf_changed":false,"footnotes":""},"class_list":["post-3805","page","type-page","status-publish","hentry"],"acf":[],"yoast_head":"<!-- This site is optimized with the Yoast SEO plugin v27.2 - https:\/\/yoast.com\/product\/yoast-seo-wordpress\/ -->\n<title>ECOVIS Burgst\u00e4dt - Steuerberater in Burgst\u00e4dt, Sachsen<\/title>\n<meta name=\"description\" content=\"Ecovis in Burgst\u00e4dt, Ihre Steuerberater in Mittelsachsen. Rufen Sie uns an und lassen sich pers\u00f6nlich gut beraten, Tel: +49 3724-13 19 0\" \/>\n<meta name=\"robots\" content=\"index, follow, max-snippet:-1, max-image-preview:large, max-video-preview:-1\" \/>\n<link rel=\"canonical\" href=\"https:\/\/www.ecovis.com\/burgstaedt\/\" \/>\n<meta property=\"og:locale\" content=\"de_DE\" \/>\n<meta property=\"og:type\" content=\"article\" \/>\n<meta property=\"og:title\" content=\"ECOVIS Burgst\u00e4dt - Steuerberater in Burgst\u00e4dt, Sachsen\" \/>\n<meta property=\"og:description\" content=\"Ecovis in Burgst\u00e4dt, Ihre Steuerberater in Mittelsachsen. Rufen Sie uns an und lassen sich pers\u00f6nlich gut beraten, Tel: +49 3724-13 19 0\" \/>\n<meta property=\"og:url\" content=\"https:\/\/www.ecovis.com\/burgstaedt\/\" \/>\n<meta property=\"og:site_name\" content=\"Ecovis Burgst\u00e4dt\" \/>\n<meta property=\"article:modified_time\" content=\"2026-02-23T10:09:54+00:00\" \/>\n<meta name=\"twitter:card\" content=\"summary_large_image\" \/>\n<script type=\"application\/ld+json\" class=\"yoast-schema-graph\">{\"@context\":\"https:\/\/schema.org\",\"@graph\":[{\"@type\":\"WebPage\",\"@id\":\"https:\/\/www.ecovis.com\/burgstaedt\/\",\"url\":\"https:\/\/www.ecovis.com\/burgstaedt\/\",\"name\":\"ECOVIS Burgst\u00e4dt - Steuerberater in Burgst\u00e4dt, Sachsen\",\"isPartOf\":{\"@id\":\"https:\/\/www.ecovis.com\/burgstaedt\/#website\"},\"datePublished\":\"2025-03-25T16:47:29+00:00\",\"dateModified\":\"2026-02-23T10:09:54+00:00\",\"description\":\"Ecovis in Burgst\u00e4dt, Ihre Steuerberater in Mittelsachsen. Rufen Sie uns an und lassen sich pers\u00f6nlich gut beraten, Tel: +49 3724-13 19 0\",\"breadcrumb\":{\"@id\":\"https:\/\/www.ecovis.com\/burgstaedt\/#breadcrumb\"},\"inLanguage\":\"de\",\"potentialAction\":[{\"@type\":\"ReadAction\",\"target\":[\"https:\/\/www.ecovis.com\/burgstaedt\/\"]}]},{\"@type\":\"BreadcrumbList\",\"@id\":\"https:\/\/www.ecovis.com\/burgstaedt\/#breadcrumb\",\"itemListElement\":[{\"@type\":\"ListItem\",\"position\":1,\"name\":\"Ecovis Global\",\"item\":\"https:\/\/www.ecovis.com\/\"},{\"@type\":\"ListItem\",\"position\":2,\"name\":\"Home\",\"item\":\"https:\/\/www.ecovis.com\/burgstaedt\/\"},{\"@type\":\"ListItem\",\"position\":3,\"name\":\"Startseite\"}]},{\"@type\":\"WebSite\",\"@id\":\"https:\/\/www.ecovis.com\/burgstaedt\/#website\",\"url\":\"https:\/\/www.ecovis.com\/burgstaedt\/\",\"name\":\"Ecovis.com\",\"description\":\"\",\"potentialAction\":[{\"@type\":\"SearchAction\",\"target\":{\"@type\":\"EntryPoint\",\"urlTemplate\":\"https:\/\/www.ecovis.com\/burgstaedt\/?s={search_term_string}\"},\"query-input\":{\"@type\":\"PropertyValueSpecification\",\"valueRequired\":true,\"valueName\":\"search_term_string\"}}],\"inLanguage\":\"de\"}]}<\/script>\n<!-- \/ Yoast SEO plugin. -->","yoast_head_json":{"title":"ECOVIS Burgst\u00e4dt - Steuerberater in Burgst\u00e4dt, Sachsen","description":"Ecovis in Burgst\u00e4dt, Ihre Steuerberater in Mittelsachsen. Rufen Sie uns an und lassen sich pers\u00f6nlich gut beraten, Tel: +49 3724-13 19 0","robots":{"index":"index","follow":"follow","max-snippet":"max-snippet:-1","max-image-preview":"max-image-preview:large","max-video-preview":"max-video-preview:-1"},"canonical":"https:\/\/www.ecovis.com\/burgstaedt\/","og_locale":"de_DE","og_type":"article","og_title":"ECOVIS Burgst\u00e4dt - Steuerberater in Burgst\u00e4dt, Sachsen","og_description":"Ecovis in Burgst\u00e4dt, Ihre Steuerberater in Mittelsachsen. Rufen Sie uns an und lassen sich pers\u00f6nlich gut beraten, Tel: +49 3724-13 19 0","og_url":"https:\/\/www.ecovis.com\/burgstaedt\/","og_site_name":"Ecovis Burgst\u00e4dt","article_modified_time":"2026-02-23T10:09:54+00:00","twitter_card":"summary_large_image","schema":{"@context":"https:\/\/schema.org","@graph":[{"@type":"WebPage","@id":"https:\/\/www.ecovis.com\/burgstaedt\/","url":"https:\/\/www.ecovis.com\/burgstaedt\/","name":"ECOVIS Burgst\u00e4dt - Steuerberater in Burgst\u00e4dt, Sachsen","isPartOf":{"@id":"https:\/\/www.ecovis.com\/burgstaedt\/#website"},"datePublished":"2025-03-25T16:47:29+00:00","dateModified":"2026-02-23T10:09:54+00:00","description":"Ecovis in Burgst\u00e4dt, Ihre Steuerberater in Mittelsachsen. Rufen Sie uns an und lassen sich pers\u00f6nlich gut beraten, Tel: +49 3724-13 19 0","breadcrumb":{"@id":"https:\/\/www.ecovis.com\/burgstaedt\/#breadcrumb"},"inLanguage":"de","potentialAction":[{"@type":"ReadAction","target":["https:\/\/www.ecovis.com\/burgstaedt\/"]}]},{"@type":"BreadcrumbList","@id":"https:\/\/www.ecovis.com\/burgstaedt\/#breadcrumb","itemListElement":[{"@type":"ListItem","position":1,"name":"Ecovis Global","item":"https:\/\/www.ecovis.com\/"},{"@type":"ListItem","position":2,"name":"Home","item":"https:\/\/www.ecovis.com\/burgstaedt\/"},{"@type":"ListItem","position":3,"name":"Startseite"}]},{"@type":"WebSite","@id":"https:\/\/www.ecovis.com\/burgstaedt\/#website","url":"https:\/\/www.ecovis.com\/burgstaedt\/","name":"Ecovis.com","description":"","potentialAction":[{"@type":"SearchAction","target":{"@type":"EntryPoint","urlTemplate":"https:\/\/www.ecovis.com\/burgstaedt\/?s={search_term_string}"},"query-input":{"@type":"PropertyValueSpecification","valueRequired":true,"valueName":"search_term_string"}}],"inLanguage":"de"}]}},"_links":{"self":[{"href":"https:\/\/www.ecovis.com\/burgstaedt\/wp-json\/wp\/v2\/pages\/3805","targetHints":{"allow":["GET"]}}],"collection":[{"href":"https:\/\/www.ecovis.com\/burgstaedt\/wp-json\/wp\/v2\/pages"}],"about":[{"href":"https:\/\/www.ecovis.com\/burgstaedt\/wp-json\/wp\/v2\/types\/page"}],"author":[{"embeddable":true,"href":"https:\/\/www.ecovis.com\/burgstaedt\/wp-json\/wp\/v2\/users\/28"}],"replies":[{"embeddable":true,"href":"https:\/\/www.ecovis.com\/burgstaedt\/wp-json\/wp\/v2\/comments?post=3805"}],"version-history":[{"count":58,"href":"https:\/\/www.ecovis.com\/burgstaedt\/wp-json\/wp\/v2\/pages\/3805\/revisions"}],"predecessor-version":[{"id":4391,"href":"https:\/\/www.ecovis.com\/burgstaedt\/wp-json\/wp\/v2\/pages\/3805\/revisions\/4391"}],"wp:attachment":[{"href":"https:\/\/www.ecovis.com\/burgstaedt\/wp-json\/wp\/v2\/media?parent=3805"}],"curies":[{"name":"wp","href":"https:\/\/api.w.org\/{rel}","templated":true}]}}