{"id":4285,"date":"2025-04-11T11:01:34","date_gmt":"2025-04-11T09:01:34","guid":{"rendered":"https:\/\/www.ecovis.com\/bremen-rnw\/?page_id=4285"},"modified":"2025-04-11T11:02:29","modified_gmt":"2025-04-11T09:02:29","slug":"unternehmensberatung","status":"publish","type":"page","link":"https:\/\/www.ecovis.com\/bremen-rnw\/unternehmensberatung\/","title":{"rendered":"Unternehmensberatung"},"content":{"rendered":"","protected":false},"excerpt":{"rendered":"","protected":false},"author":21,"featured_media":0,"parent":0,"menu_order":0,"comment_status":"closed","ping_status":"closed","template":"leistungen-unternehmensberatung.php","meta":{"_acf_changed":false,"footnotes":""},"class_list":["post-4285","page","type-page","status-publish","hentry"],"acf":[],"yoast_head":"<!-- This site is optimized with the Yoast SEO plugin v27.4 - https:\/\/yoast.com\/product\/yoast-seo-wordpress\/ -->\n<title>ECOVIS Bremen - Unternehmensberatung<\/title>\n<meta name=\"description\" content=\"Ecovis bietet umfassende Beratungsleistungen, um unsere Mandanten in allen Unternehmensphasen und bei vielf\u00e4ltigen Herausforderungen zu unterst\u00fctzen. Dazu geh\u00f6ren die strategische Planung, das Controlling sowie das Reporting.\" \/>\n<meta name=\"robots\" content=\"index, follow, max-snippet:-1, max-image-preview:large, max-video-preview:-1\" \/>\n<link rel=\"canonical\" href=\"https:\/\/www.ecovis.com\/bremen-rnw\/unternehmensberatung\/\" \/>\n<meta property=\"og:locale\" content=\"de_DE\" \/>\n<meta property=\"og:type\" content=\"article\" \/>\n<meta property=\"og:title\" content=\"ECOVIS Bremen - Unternehmensberatung\" \/>\n<meta property=\"og:description\" content=\"Ecovis bietet umfassende Beratungsleistungen, um unsere Mandanten in allen Unternehmensphasen und bei vielf\u00e4ltigen Herausforderungen zu unterst\u00fctzen. Dazu geh\u00f6ren die strategische Planung, das Controlling sowie das Reporting.\" \/>\n<meta property=\"og:url\" content=\"https:\/\/www.ecovis.com\/bremen-rnw\/unternehmensberatung\/\" \/>\n<meta property=\"og:site_name\" content=\"Ecovis Bremen\" \/>\n<meta property=\"article:modified_time\" content=\"2025-04-11T09:02:29+00:00\" \/>\n<meta name=\"twitter:card\" content=\"summary_large_image\" \/>\n<script type=\"application\/ld+json\" class=\"yoast-schema-graph\">{\"@context\":\"https:\\\/\\\/schema.org\",\"@graph\":[{\"@type\":\"WebPage\",\"@id\":\"https:\\\/\\\/www.ecovis.com\\\/bremen-rnw\\\/unternehmensberatung\\\/\",\"url\":\"https:\\\/\\\/www.ecovis.com\\\/bremen-rnw\\\/unternehmensberatung\\\/\",\"name\":\"ECOVIS Bremen - Unternehmensberatung\",\"isPartOf\":{\"@id\":\"https:\\\/\\\/www.ecovis.com\\\/bremen-rnw\\\/#website\"},\"datePublished\":\"2025-04-11T09:01:34+00:00\",\"dateModified\":\"2025-04-11T09:02:29+00:00\",\"description\":\"Ecovis bietet umfassende Beratungsleistungen, um unsere Mandanten in allen Unternehmensphasen und bei vielf\u00e4ltigen Herausforderungen zu unterst\u00fctzen. Dazu geh\u00f6ren die strategische Planung, das Controlling sowie das Reporting.\",\"breadcrumb\":{\"@id\":\"https:\\\/\\\/www.ecovis.com\\\/bremen-rnw\\\/unternehmensberatung\\\/#breadcrumb\"},\"inLanguage\":\"de\",\"potentialAction\":[{\"@type\":\"ReadAction\",\"target\":[\"https:\\\/\\\/www.ecovis.com\\\/bremen-rnw\\\/unternehmensberatung\\\/\"]}]},{\"@type\":\"BreadcrumbList\",\"@id\":\"https:\\\/\\\/www.ecovis.com\\\/bremen-rnw\\\/unternehmensberatung\\\/#breadcrumb\",\"itemListElement\":[{\"@type\":\"ListItem\",\"position\":1,\"name\":\"Ecovis Global\",\"item\":\"https:\\\/\\\/www.ecovis.com\\\/\"},{\"@type\":\"ListItem\",\"position\":2,\"name\":\"Home\",\"item\":\"https:\\\/\\\/www.ecovis.com\\\/bremen-rnw\\\/\"},{\"@type\":\"ListItem\",\"position\":3,\"name\":\"Unternehmensberatung\"}]},{\"@type\":\"WebSite\",\"@id\":\"https:\\\/\\\/www.ecovis.com\\\/bremen-rnw\\\/#website\",\"url\":\"https:\\\/\\\/www.ecovis.com\\\/bremen-rnw\\\/\",\"name\":\"Ecovis.com\",\"description\":\"\",\"potentialAction\":[{\"@type\":\"SearchAction\",\"target\":{\"@type\":\"EntryPoint\",\"urlTemplate\":\"https:\\\/\\\/www.ecovis.com\\\/bremen-rnw\\\/?s={search_term_string}\"},\"query-input\":{\"@type\":\"PropertyValueSpecification\",\"valueRequired\":true,\"valueName\":\"search_term_string\"}}],\"inLanguage\":\"de\"}]}<\/script>\n<!-- \/ Yoast SEO plugin. -->","yoast_head_json":{"title":"ECOVIS Bremen - Unternehmensberatung","description":"Ecovis bietet umfassende Beratungsleistungen, um unsere Mandanten in allen Unternehmensphasen und bei vielf\u00e4ltigen Herausforderungen zu unterst\u00fctzen. Dazu geh\u00f6ren die strategische Planung, das Controlling sowie das Reporting.","robots":{"index":"index","follow":"follow","max-snippet":"max-snippet:-1","max-image-preview":"max-image-preview:large","max-video-preview":"max-video-preview:-1"},"canonical":"https:\/\/www.ecovis.com\/bremen-rnw\/unternehmensberatung\/","og_locale":"de_DE","og_type":"article","og_title":"ECOVIS Bremen - Unternehmensberatung","og_description":"Ecovis bietet umfassende Beratungsleistungen, um unsere Mandanten in allen Unternehmensphasen und bei vielf\u00e4ltigen Herausforderungen zu unterst\u00fctzen. Dazu geh\u00f6ren die strategische Planung, das Controlling sowie das Reporting.","og_url":"https:\/\/www.ecovis.com\/bremen-rnw\/unternehmensberatung\/","og_site_name":"Ecovis Bremen","article_modified_time":"2025-04-11T09:02:29+00:00","twitter_card":"summary_large_image","schema":{"@context":"https:\/\/schema.org","@graph":[{"@type":"WebPage","@id":"https:\/\/www.ecovis.com\/bremen-rnw\/unternehmensberatung\/","url":"https:\/\/www.ecovis.com\/bremen-rnw\/unternehmensberatung\/","name":"ECOVIS Bremen - Unternehmensberatung","isPartOf":{"@id":"https:\/\/www.ecovis.com\/bremen-rnw\/#website"},"datePublished":"2025-04-11T09:01:34+00:00","dateModified":"2025-04-11T09:02:29+00:00","description":"Ecovis bietet umfassende Beratungsleistungen, um unsere Mandanten in allen Unternehmensphasen und bei vielf\u00e4ltigen Herausforderungen zu unterst\u00fctzen. Dazu geh\u00f6ren die strategische Planung, das Controlling sowie das Reporting.","breadcrumb":{"@id":"https:\/\/www.ecovis.com\/bremen-rnw\/unternehmensberatung\/#breadcrumb"},"inLanguage":"de","potentialAction":[{"@type":"ReadAction","target":["https:\/\/www.ecovis.com\/bremen-rnw\/unternehmensberatung\/"]}]},{"@type":"BreadcrumbList","@id":"https:\/\/www.ecovis.com\/bremen-rnw\/unternehmensberatung\/#breadcrumb","itemListElement":[{"@type":"ListItem","position":1,"name":"Ecovis Global","item":"https:\/\/www.ecovis.com\/"},{"@type":"ListItem","position":2,"name":"Home","item":"https:\/\/www.ecovis.com\/bremen-rnw\/"},{"@type":"ListItem","position":3,"name":"Unternehmensberatung"}]},{"@type":"WebSite","@id":"https:\/\/www.ecovis.com\/bremen-rnw\/#website","url":"https:\/\/www.ecovis.com\/bremen-rnw\/","name":"Ecovis.com","description":"","potentialAction":[{"@type":"SearchAction","target":{"@type":"EntryPoint","urlTemplate":"https:\/\/www.ecovis.com\/bremen-rnw\/?s={search_term_string}"},"query-input":{"@type":"PropertyValueSpecification","valueRequired":true,"valueName":"search_term_string"}}],"inLanguage":"de"}]}},"_links":{"self":[{"href":"https:\/\/www.ecovis.com\/bremen-rnw\/wp-json\/wp\/v2\/pages\/4285","targetHints":{"allow":["GET"]}}],"collection":[{"href":"https:\/\/www.ecovis.com\/bremen-rnw\/wp-json\/wp\/v2\/pages"}],"about":[{"href":"https:\/\/www.ecovis.com\/bremen-rnw\/wp-json\/wp\/v2\/types\/page"}],"author":[{"embeddable":true,"href":"https:\/\/www.ecovis.com\/bremen-rnw\/wp-json\/wp\/v2\/users\/21"}],"replies":[{"embeddable":true,"href":"https:\/\/www.ecovis.com\/bremen-rnw\/wp-json\/wp\/v2\/comments?post=4285"}],"version-history":[{"count":1,"href":"https:\/\/www.ecovis.com\/bremen-rnw\/wp-json\/wp\/v2\/pages\/4285\/revisions"}],"predecessor-version":[{"id":4286,"href":"https:\/\/www.ecovis.com\/bremen-rnw\/wp-json\/wp\/v2\/pages\/4285\/revisions\/4286"}],"wp:attachment":[{"href":"https:\/\/www.ecovis.com\/bremen-rnw\/wp-json\/wp\/v2\/media?parent=4285"}],"curies":[{"name":"wp","href":"https:\/\/api.w.org\/{rel}","templated":true}]}}