{"id":725,"date":"2010-03-03T12:55:10","date_gmt":"2010-03-03T11:55:10","guid":{"rendered":"http:\/\/2010.dr-lask.de\/?page_id=6"},"modified":"2024-10-24T11:48:01","modified_gmt":"2024-10-24T09:48:01","slug":"kontakt","status":"publish","type":"page","link":"https:\/\/www.ecovis.com\/berlin-gruendung\/kontakt\/","title":{"rendered":"Kontakt in Berlin"},"content":{"rendered":"<p><iframe loading=\"lazy\" src=\"https:\/\/maps.google.com\/maps\/ms?hl=de&amp;ie=UTF8&amp;t=p&amp;msa=0&amp;msid=200507900108701869712.000465f446317c395acc1&amp;source=embed&amp;ll=52.513348,13.322554&amp;spn=0.00679,0.02399&amp;z=15&amp;output=embed\" width=\"940\" height=\"340\" frameborder=\"0\" marginwidth=\"0\" marginheight=\"0\" scrolling=\"no\"><\/iframe><\/p>\n<h1><strong>Adresse<\/strong><\/h1>\n<h2>Angaben gem. \u00a7 5 Telemediengesetz (TMG)<\/h2>\n<p><strong>ECOVIS ERP Rechtsanw\u00e4lte<\/strong><\/p>\n<p>Ernst-Reuter-Platz 10<br \/>\n10587 Berlin<br \/>\nE-Mail:\u00a0<a href=\"mailto:berlin-erp@ecovis.com\">berlin-erp@ecovis.com<\/a><br \/>\nTelefon: 030 3100088<br \/>\nFax: 030 31000895<\/p>\n<p>Steuernummer: 13\/228\/00291 beim Finanzamt Berlin Charlottenburg<br \/>\nRechtsform: Gesellschaft b\u00fcrgerlichen Rechts<br \/>\nUmsatzsteueridentifikationsnummer: DE 120 188 123<\/p>\n<h3>Die Gesellschaft wird jeweils einzeln vertreten durch:<\/h3>\n<ul>\n<li><strong>Herrn Lutz Beyermann<\/strong> (Rechtsanwalt, Fachanwalt f\u00fcr Steuerrecht, Fachanwalt f\u00fcr Handels- und Gesellschaftsrecht)<\/li>\n<li><strong>Herrn Marcus Bodem<\/strong> (Rechtsanwalt, Fachanwalt f\u00fcr Arbeitsrecht)<\/li>\n<li><strong>Herrn Prof. Dr. Steffen Lask<\/strong> (Rechtsanwalt)<\/li>\n<li><strong>Herrn Dr. Rolf Rahm<\/strong> (Rechtsanwalt)<\/li>\n<li><strong>Herrn Harald Schleicher<\/strong> (Notar, Rechtsanwalt, Fachanwalt f\u00fcr Gewerblichen Rechtsschutz)<\/li>\n<li><strong>Frau Giovanna d&#8217;Urso<\/strong> (Avvocato)<\/li>\n<\/ul>\n<p>Die gesetzliche Berufsbezeichnung \u201eRechtsanwalt\u201c sowie \u201eFachanwalt f\u00fcr Steuerrecht\u201c, \u201eFachanwalt f\u00fcr Handels- und Gesellschaftsrecht\u201c, \u201eFachanwalt f\u00fcr Arbeitsrecht\u201c und \u201eFachanwalt f\u00fcr Gewerblichen Rechtsschutz\u201c wurden in der Bundesrepublik Deutschland verliehen. Der Beruf des Rechtsanwalts unterliegt im Wesentlichen den folgenden berufsrechtlichen Regelungen:<\/p>\n<ul>\n<li>Bundesrechtsanwaltsordnung (BRAO)<\/li>\n<li>Berufsordnung der Rechtsanw\u00e4lte (BORA)<\/li>\n<li>Fachanwaltsordnung (FAO)<\/li>\n<li>Rechtsanwaltsverg\u00fctungsgesetz (RVG)<\/li>\n<li>Berufsregeln der Rechtsanw\u00e4lte der Europ\u00e4ischen Union (CCBE)<\/li>\n<\/ul>\n<p>Diese k\u00f6nnen bei der zust\u00e4ndigen Rechtsanwaltskammer eingesehen oder auf der Website der Bundesrechtsanwaltskammer unter\u00a0<a href=\"http:\/\/www.brak.de\/\" target=\"_blank\" rel=\"noopener noreferrer\">www.brak.de<\/a>\u00a0abgerufen werden.<br \/>\nDie gesetzliche Berufsbezeichnung \u201eNotar\u201c wurde in der Bundesrepublik Deutschland verliehen. Der Beruf des Notars unterliegt im Wesentlichen den folgenden berufsrechtlichen Regelungen:<\/p>\n<ul>\n<li>Bundesnotarordnung (BNotO)<\/li>\n<li>Beurkundungsgesetz (BeurkG)<\/li>\n<li>Gerichts- und Notarkostengesetz (GNotKG)<\/li>\n<li>Dienstordnung f\u00fcr Notarinnen und Notare (DONot)<\/li>\n<li>Europ\u00e4ischer Kodex des notariellen Standesrechts<\/li>\n<\/ul>\n<p>Diese k\u00f6nnen bei der zust\u00e4ndigen Notarkammer eingesehen oder auf der Website der Bundesnotarkammer unter\u00a0<a href=\"http:\/\/www.bnotk.de\/\" target=\"_blank\" rel=\"noopener noreferrer\">www.bnotk.de<\/a>\u00a0abgerufen werden.<\/p>\n<h3>Zust\u00e4ndige Aufsichtsbeh\u00f6rden:<\/h3>\n<p>Rechtsanwaltskammer Berlin<br \/>\nLittenstra\u00dfe 9<br \/>\n10179 Berlin<br \/>\nTelefon: 030 3069310<br \/>\nFax: 030 30693199<br \/>\nE-Mail:\u00a0<a href=\"mailto:info@rak-berlin.org\">info@rak-berlin.org<\/a><br \/>\nWebsite:\u00a0<a href=\"http:\/\/www.rak-berlin.de\/\" target=\"_blank\" rel=\"noopener noreferrer\">http:\/\/www.rak-berlin.de<\/a><\/p>\n<p>Notarkammer Berlin<br \/>\nLittenstra\u00dfe 10<br \/>\n10179 Berlin<br \/>\nTelefon: 030 2462900<br \/>\nTelefax: 030 24629025<br \/>\nE-Mail:\u00a0<a href=\"mailto:info@notarkammer-berlin.de\">info@notarkammer-berlin.de<\/a><br \/>\nWebsite:\u00a0<a href=\"http:\/\/www.berliner-notarkammer.de\/\" target=\"_blank\" rel=\"noopener noreferrer\">http:\/\/www.berliner-notarkammer.de<\/a><\/p>\n<h2>Haftungshinweis:<\/h2>\n<p>Die Internetpr\u00e4senz von ECOVIS ERP Rechtsanw\u00e4lte beinhaltet Links zu fremden Angeboten. Trotz sorgf\u00e4ltiger inhaltlicher Kontrolle \u00fcbernimmt ECOVIS ERP Rechtsanw\u00e4lte keine Haftung f\u00fcr die Inhalte externer Links. F\u00fcr den Inhalt der verlinkten Seiten sind ausschlie\u00dflich deren Betreiber verantwortlich.<\/p>\n<h2>Disclaimer:<\/h2>\n<p>Die Informationen auf diesen Webseiten dienen der Au\u00dfendarstellung der Kanzlei ECOVIS ERP Rechtsanw\u00e4lte. Sie stellen keine Rechtsberatung dar und k\u00f6nnen diese auch nicht ersetzen.\u00a0ECOVIS ERP Rechtsanw\u00e4lte \u00fcbernimmt keine Gew\u00e4hr f\u00fcr die Aktualit\u00e4t, Richtigkeit und Vollst\u00e4ndigkeit der auf diesen Webseiten bereitgestellten Informationen. Entsprechendes gilt f\u00fcr die Inhalte der Webseiten Dritter, auf die diese Webseiten \u00fcber Hyperlinks direkt oder indirekt verweisen und auf die\u00a0ECOVIS ERP Rechtsanw\u00e4lte keinen Einfluss hat.<\/p>\n<h3>Google Analytics<\/h3>\n<p>Diese Webseite benutzt Google Analytics, einen Webanalysedienst der Google Inc. (\u201eGoogle\u201c). Google Analytics verwendet sog. \u201eCookies\u201c, Textdateien, die auf Ihrem Computer gespeichert werden und die eine Analyse der Benutzung der Webseite durch Sie erm\u00f6glichen. Die durch den Cookie erzeugten Informationen \u00fcber Ihre Benutzung dieser Webseite (einschlie\u00dflich Ihrer IP-Adresse) werden an einen Server von Google in den USA \u00fcbertragen und dort gespeichert. Google wird diese Informationen benutzen, um Ihre Nutzung der Webseite auszuwerten, um Reports \u00fcber die Webseitenaktivit\u00e4ten f\u00fcr die Webseitenbetreiber zusammenzustellen und um weitere mit der Websitenutzung und der Internetnutzung verbundene Dienstleistungen zu erbringen. Auch wird Google diese Informationen gegebenenfalls an Dritte \u00fcbertragen, sofern dies gesetzlich vorgeschrieben oder soweit Dritte diese Daten im Auftrag von Google verarbeiten. Google wird in keinem Fall Ihre IP-Adresse mit anderen Daten von Google in Verbindung bringen. Sie k\u00f6nnen die Installation der Cookies durch eine entsprechende Einstellung Ihrer Browser Software verhindern; wir weisen Sie jedoch darauf hin, dass Sie in diesem Fall gegebenenfalls nicht s\u00e4mtliche Funktionen dieser Website vollumf\u00e4nglich nutzen k\u00f6nnen. Durch die Nutzung dieser Webseite erkl\u00e4ren Sie sich mit der Bearbeitung der \u00fcber Sie erhobenen Daten durch Google in der zuvor beschriebenen Art und Weise und zu dem zuvor benannten Zweck einverstanden.Der Erhebung und Nutzung Ihrer IP-Adresse durch Google Analytics k\u00f6nnen Sie jederzeit mit Wirkung f\u00fcr die Zukunft widersprechen. N\u00e4here Informationen hierzu finden Sie unter http:\/\/tools.google.com\/dlpage\/gaoptout?hl=de. Wir weisen Sie darauf hin, dass auf dieser Webseite Google Analytics um den Code \u201egat._anonymizeIp();\u201c erweitert wurde, um eine anonymisierte Erfassung von IP-Adressen zu gew\u00e4hrleisten.<br \/>\n(Quelle der Formulierung:\u00a0<a href=\"http:\/\/www.datenschutzbeauftragter-info.de\/\" target=\"_blank\" rel=\"noopener noreferrer\">www.datenschutzbeauftragter-info.de<\/a>)<\/p>\n","protected":false},"excerpt":{"rendered":"<p>Adresse Angaben gem. \u00a7 5 Telemediengesetz (TMG) ECOVIS ERP Rechtsanw\u00e4lte Ernst-Reuter-Platz 10 10587 Berlin E-Mail:\u00a0berlin-erp@ecovis.com Telefon: 030 3100088 Fax: 030 31000895 Steuernummer: 13\/228\/00291 beim Finanzamt Berlin Charlottenburg Rechtsform: Gesellschaft b\u00fcrgerlichen Rechts Umsatzsteueridentifikationsnummer: DE 120 188 123 Die Gesellschaft wird jeweils einzeln vertreten durch: Herrn Lutz Beyermann (Rechtsanwalt, Fachanwalt f\u00fcr Steuerrecht, Fachanwalt f\u00fcr Handels- und Gesellschaftsrecht) [&hellip;]<\/p>\n","protected":false},"author":8,"featured_media":0,"parent":0,"menu_order":99,"comment_status":"open","ping_status":"open","template":"","meta":{"_acf_changed":false,"footnotes":""},"class_list":["post-725","page","type-page","status-publish","hentry"],"acf":[],"yoast_head":"<!-- This site is optimized with the Yoast SEO plugin v27.3 - https:\/\/yoast.com\/product\/yoast-seo-wordpress\/ -->\n<title>Kontakt in Berlin - Ecovis ERP Gr\u00fcndung<\/title>\n<meta name=\"description\" content=\"Gr\u00fcnden Sie mit Ecovis ERP schnell und unkompliziert. Kontakt: Bertha-Benz-Stra\u00dfe 5, 10557 Berlin; Tel,: +49 30-22 184 880\" \/>\n<meta name=\"robots\" content=\"index, follow, max-snippet:-1, max-image-preview:large, max-video-preview:-1\" \/>\n<link rel=\"canonical\" href=\"https:\/\/www.ecovis.com\/berlin-gruendung\/kontakt\/\" \/>\n<meta property=\"og:locale\" content=\"de_DE\" \/>\n<meta property=\"og:type\" content=\"article\" \/>\n<meta property=\"og:title\" content=\"Kontakt in Berlin - Ecovis ERP Gr\u00fcndung\" \/>\n<meta property=\"og:description\" content=\"Gr\u00fcnden Sie mit Ecovis ERP schnell und unkompliziert. Kontakt: Bertha-Benz-Stra\u00dfe 5, 10557 Berlin; Tel,: +49 30-22 184 880\" \/>\n<meta property=\"og:url\" content=\"https:\/\/www.ecovis.com\/berlin-gruendung\/kontakt\/\" \/>\n<meta property=\"og:site_name\" content=\"Handels- und Gesellschaftsrecht\" \/>\n<meta property=\"article:modified_time\" content=\"2024-10-24T09:48:01+00:00\" \/>\n<meta name=\"twitter:card\" content=\"summary_large_image\" \/>\n<meta name=\"twitter:label1\" content=\"Gesch\u00e4tzte Lesezeit\" \/>\n\t<meta name=\"twitter:data1\" content=\"4\u00a0Minuten\" \/>\n<script type=\"application\/ld+json\" class=\"yoast-schema-graph\">{\"@context\":\"https:\\\/\\\/schema.org\",\"@graph\":[{\"@type\":\"WebPage\",\"@id\":\"https:\\\/\\\/www.ecovis.com\\\/berlin-gruendung\\\/kontakt\\\/\",\"url\":\"https:\\\/\\\/www.ecovis.com\\\/berlin-gruendung\\\/kontakt\\\/\",\"name\":\"Kontakt in Berlin - Ecovis ERP Gr\u00fcndung\",\"isPartOf\":{\"@id\":\"https:\\\/\\\/www.ecovis.com\\\/berlin-gruendung\\\/#website\"},\"datePublished\":\"2010-03-03T11:55:10+00:00\",\"dateModified\":\"2024-10-24T09:48:01+00:00\",\"description\":\"Gr\u00fcnden Sie mit Ecovis ERP schnell und unkompliziert. Kontakt: Bertha-Benz-Stra\u00dfe 5, 10557 Berlin; Tel,: +49 30-22 184 880\",\"breadcrumb\":{\"@id\":\"https:\\\/\\\/www.ecovis.com\\\/berlin-gruendung\\\/kontakt\\\/#breadcrumb\"},\"inLanguage\":\"de\",\"potentialAction\":[{\"@type\":\"ReadAction\",\"target\":[\"https:\\\/\\\/www.ecovis.com\\\/berlin-gruendung\\\/kontakt\\\/\"]}]},{\"@type\":\"BreadcrumbList\",\"@id\":\"https:\\\/\\\/www.ecovis.com\\\/berlin-gruendung\\\/kontakt\\\/#breadcrumb\",\"itemListElement\":[{\"@type\":\"ListItem\",\"position\":1,\"name\":\"Ecovis Global\",\"item\":\"https:\\\/\\\/www.ecovis.com\\\/\"},{\"@type\":\"ListItem\",\"position\":2,\"name\":\"Startseite\",\"item\":\"https:\\\/\\\/www.ecovis.com\\\/berlin-gruendung\\\/\"},{\"@type\":\"ListItem\",\"position\":3,\"name\":\"Kontakt in Berlin\"}]},{\"@type\":\"WebSite\",\"@id\":\"https:\\\/\\\/www.ecovis.com\\\/berlin-gruendung\\\/#website\",\"url\":\"https:\\\/\\\/www.ecovis.com\\\/berlin-gruendung\\\/\",\"name\":\"Ecovis.com\",\"description\":\"Fachanw\u00e4lte f\u00fcr Gesellschaftsrecht\",\"publisher\":{\"@id\":\"https:\\\/\\\/www.ecovis.com\\\/berlin-gruendung\\\/#organization\"},\"potentialAction\":[{\"@type\":\"SearchAction\",\"target\":{\"@type\":\"EntryPoint\",\"urlTemplate\":\"https:\\\/\\\/www.ecovis.com\\\/berlin-gruendung\\\/?s={search_term_string}\"},\"query-input\":{\"@type\":\"PropertyValueSpecification\",\"valueRequired\":true,\"valueName\":\"search_term_string\"}}],\"inLanguage\":\"de\"},{\"@type\":\"Organization\",\"@id\":\"https:\\\/\\\/www.ecovis.com\\\/berlin-gruendung\\\/#organization\",\"name\":\"Ecovis ERP Rechtsanw\u00e4lte\",\"url\":\"https:\\\/\\\/www.ecovis.com\\\/berlin-gruendung\\\/\",\"logo\":{\"@type\":\"ImageObject\",\"inLanguage\":\"de\",\"@id\":\"https:\\\/\\\/www.ecovis.com\\\/berlin-gruendung\\\/#\\\/schema\\\/logo\\\/image\\\/\",\"url\":\"https:\\\/\\\/www.ecovis.com\\\/berlin-gruendung\\\/wp-content\\\/uploads\\\/2020\\\/11\\\/33791599837791357.png\",\"contentUrl\":\"https:\\\/\\\/www.ecovis.com\\\/berlin-gruendung\\\/wp-content\\\/uploads\\\/2020\\\/11\\\/33791599837791357.png\",\"width\":1920,\"height\":511,\"caption\":\"Ecovis ERP Rechtsanw\u00e4lte\"},\"image\":{\"@id\":\"https:\\\/\\\/www.ecovis.com\\\/berlin-gruendung\\\/#\\\/schema\\\/logo\\\/image\\\/\"}}]}<\/script>\n<!-- \/ Yoast SEO plugin. -->","yoast_head_json":{"title":"Kontakt in Berlin - Ecovis ERP Gr\u00fcndung","description":"Gr\u00fcnden Sie mit Ecovis ERP schnell und unkompliziert. Kontakt: Bertha-Benz-Stra\u00dfe 5, 10557 Berlin; Tel,: +49 30-22 184 880","robots":{"index":"index","follow":"follow","max-snippet":"max-snippet:-1","max-image-preview":"max-image-preview:large","max-video-preview":"max-video-preview:-1"},"canonical":"https:\/\/www.ecovis.com\/berlin-gruendung\/kontakt\/","og_locale":"de_DE","og_type":"article","og_title":"Kontakt in Berlin - Ecovis ERP Gr\u00fcndung","og_description":"Gr\u00fcnden Sie mit Ecovis ERP schnell und unkompliziert. Kontakt: Bertha-Benz-Stra\u00dfe 5, 10557 Berlin; Tel,: +49 30-22 184 880","og_url":"https:\/\/www.ecovis.com\/berlin-gruendung\/kontakt\/","og_site_name":"Handels- und Gesellschaftsrecht","article_modified_time":"2024-10-24T09:48:01+00:00","twitter_card":"summary_large_image","twitter_misc":{"Gesch\u00e4tzte Lesezeit":"4\u00a0Minuten"},"schema":{"@context":"https:\/\/schema.org","@graph":[{"@type":"WebPage","@id":"https:\/\/www.ecovis.com\/berlin-gruendung\/kontakt\/","url":"https:\/\/www.ecovis.com\/berlin-gruendung\/kontakt\/","name":"Kontakt in Berlin - Ecovis ERP Gr\u00fcndung","isPartOf":{"@id":"https:\/\/www.ecovis.com\/berlin-gruendung\/#website"},"datePublished":"2010-03-03T11:55:10+00:00","dateModified":"2024-10-24T09:48:01+00:00","description":"Gr\u00fcnden Sie mit Ecovis ERP schnell und unkompliziert. Kontakt: Bertha-Benz-Stra\u00dfe 5, 10557 Berlin; Tel,: +49 30-22 184 880","breadcrumb":{"@id":"https:\/\/www.ecovis.com\/berlin-gruendung\/kontakt\/#breadcrumb"},"inLanguage":"de","potentialAction":[{"@type":"ReadAction","target":["https:\/\/www.ecovis.com\/berlin-gruendung\/kontakt\/"]}]},{"@type":"BreadcrumbList","@id":"https:\/\/www.ecovis.com\/berlin-gruendung\/kontakt\/#breadcrumb","itemListElement":[{"@type":"ListItem","position":1,"name":"Ecovis Global","item":"https:\/\/www.ecovis.com\/"},{"@type":"ListItem","position":2,"name":"Startseite","item":"https:\/\/www.ecovis.com\/berlin-gruendung\/"},{"@type":"ListItem","position":3,"name":"Kontakt in Berlin"}]},{"@type":"WebSite","@id":"https:\/\/www.ecovis.com\/berlin-gruendung\/#website","url":"https:\/\/www.ecovis.com\/berlin-gruendung\/","name":"Ecovis.com","description":"Fachanw\u00e4lte f\u00fcr Gesellschaftsrecht","publisher":{"@id":"https:\/\/www.ecovis.com\/berlin-gruendung\/#organization"},"potentialAction":[{"@type":"SearchAction","target":{"@type":"EntryPoint","urlTemplate":"https:\/\/www.ecovis.com\/berlin-gruendung\/?s={search_term_string}"},"query-input":{"@type":"PropertyValueSpecification","valueRequired":true,"valueName":"search_term_string"}}],"inLanguage":"de"},{"@type":"Organization","@id":"https:\/\/www.ecovis.com\/berlin-gruendung\/#organization","name":"Ecovis ERP Rechtsanw\u00e4lte","url":"https:\/\/www.ecovis.com\/berlin-gruendung\/","logo":{"@type":"ImageObject","inLanguage":"de","@id":"https:\/\/www.ecovis.com\/berlin-gruendung\/#\/schema\/logo\/image\/","url":"https:\/\/www.ecovis.com\/berlin-gruendung\/wp-content\/uploads\/2020\/11\/33791599837791357.png","contentUrl":"https:\/\/www.ecovis.com\/berlin-gruendung\/wp-content\/uploads\/2020\/11\/33791599837791357.png","width":1920,"height":511,"caption":"Ecovis ERP Rechtsanw\u00e4lte"},"image":{"@id":"https:\/\/www.ecovis.com\/berlin-gruendung\/#\/schema\/logo\/image\/"}}]}},"_links":{"self":[{"href":"https:\/\/www.ecovis.com\/berlin-gruendung\/wp-json\/wp\/v2\/pages\/725","targetHints":{"allow":["GET"]}}],"collection":[{"href":"https:\/\/www.ecovis.com\/berlin-gruendung\/wp-json\/wp\/v2\/pages"}],"about":[{"href":"https:\/\/www.ecovis.com\/berlin-gruendung\/wp-json\/wp\/v2\/types\/page"}],"author":[{"embeddable":true,"href":"https:\/\/www.ecovis.com\/berlin-gruendung\/wp-json\/wp\/v2\/users\/8"}],"replies":[{"embeddable":true,"href":"https:\/\/www.ecovis.com\/berlin-gruendung\/wp-json\/wp\/v2\/comments?post=725"}],"version-history":[{"count":4,"href":"https:\/\/www.ecovis.com\/berlin-gruendung\/wp-json\/wp\/v2\/pages\/725\/revisions"}],"predecessor-version":[{"id":6491,"href":"https:\/\/www.ecovis.com\/berlin-gruendung\/wp-json\/wp\/v2\/pages\/725\/revisions\/6491"}],"wp:attachment":[{"href":"https:\/\/www.ecovis.com\/berlin-gruendung\/wp-json\/wp\/v2\/media?parent=725"}],"curies":[{"name":"wp","href":"https:\/\/api.w.org\/{rel}","templated":true}]}}