{"id":2702,"date":"2019-10-24T10:01:43","date_gmt":"2019-10-24T08:01:43","guid":{"rendered":"https:\/\/www.ecovis.com\/berlin-gruendung\/?page_id=2702"},"modified":"2024-07-30T12:38:14","modified_gmt":"2024-07-30T10:38:14","slug":"gruendungstool","status":"publish","type":"page","link":"https:\/\/www.ecovis.com\/berlin-gruendung\/gruendungstool\/","title":{"rendered":"Gr\u00fcndungstool"},"content":{"rendered":"","protected":false},"excerpt":{"rendered":"","protected":false},"author":8,"featured_media":0,"parent":0,"menu_order":0,"comment_status":"closed","ping_status":"closed","template":"page-full-width.php","meta":{"_acf_changed":false,"footnotes":""},"class_list":["post-2702","page","type-page","status-publish","hentry"],"acf":[],"yoast_head":"<!-- This site is optimized with the Yoast SEO plugin v27.3 - https:\/\/yoast.com\/product\/yoast-seo-wordpress\/ -->\n<title>GmbH &amp; UG online gr\u00fcnden - Ecovis ERP Gr\u00fcndungstool<\/title>\n<meta name=\"description\" content=\"Gmbh oder UG gr\u00fcnden mit Anwalt. Ab 249,- EUR. Sofortiger Gesellschaftsvertrag, keine Zeit verlieren. Das Ecovis Gr\u00fcndungstool.\" \/>\n<meta name=\"robots\" content=\"index, follow, max-snippet:-1, max-image-preview:large, max-video-preview:-1\" \/>\n<link rel=\"canonical\" href=\"https:\/\/www.ecovis.com\/berlin-gruendung\/gruendungstool\/\" \/>\n<meta property=\"og:locale\" content=\"de_DE\" \/>\n<meta property=\"og:type\" content=\"article\" \/>\n<meta property=\"og:title\" content=\"GmbH &amp; UG online gr\u00fcnden - Ecovis ERP Gr\u00fcndungstool\" \/>\n<meta property=\"og:description\" content=\"Gmbh oder UG gr\u00fcnden mit Anwalt. Ab 249,- EUR. Sofortiger Gesellschaftsvertrag, keine Zeit verlieren. Das Ecovis Gr\u00fcndungstool.\" \/>\n<meta property=\"og:url\" content=\"https:\/\/www.ecovis.com\/berlin-gruendung\/gruendungstool\/\" \/>\n<meta property=\"og:site_name\" content=\"Handels- und Gesellschaftsrecht\" \/>\n<meta property=\"article:modified_time\" content=\"2024-07-30T10:38:14+00:00\" \/>\n<meta name=\"twitter:card\" content=\"summary_large_image\" \/>\n<meta name=\"twitter:label1\" content=\"Gesch\u00e4tzte Lesezeit\" \/>\n\t<meta name=\"twitter:data1\" content=\"1\u00a0Minute\" \/>\n<script type=\"application\/ld+json\" class=\"yoast-schema-graph\">{\"@context\":\"https:\\\/\\\/schema.org\",\"@graph\":[{\"@type\":\"WebPage\",\"@id\":\"https:\\\/\\\/www.ecovis.com\\\/berlin-gruendung\\\/gruendungstool\\\/\",\"url\":\"https:\\\/\\\/www.ecovis.com\\\/berlin-gruendung\\\/gruendungstool\\\/\",\"name\":\"GmbH & UG online gr\u00fcnden - Ecovis ERP Gr\u00fcndungstool\",\"isPartOf\":{\"@id\":\"https:\\\/\\\/www.ecovis.com\\\/berlin-gruendung\\\/#website\"},\"datePublished\":\"2019-10-24T08:01:43+00:00\",\"dateModified\":\"2024-07-30T10:38:14+00:00\",\"description\":\"Gmbh oder UG gr\u00fcnden mit Anwalt. Ab 249,- EUR. Sofortiger Gesellschaftsvertrag, keine Zeit verlieren. Das Ecovis Gr\u00fcndungstool.\",\"breadcrumb\":{\"@id\":\"https:\\\/\\\/www.ecovis.com\\\/berlin-gruendung\\\/gruendungstool\\\/#breadcrumb\"},\"inLanguage\":\"de\",\"potentialAction\":[{\"@type\":\"ReadAction\",\"target\":[\"https:\\\/\\\/www.ecovis.com\\\/berlin-gruendung\\\/gruendungstool\\\/\"]}]},{\"@type\":\"BreadcrumbList\",\"@id\":\"https:\\\/\\\/www.ecovis.com\\\/berlin-gruendung\\\/gruendungstool\\\/#breadcrumb\",\"itemListElement\":[{\"@type\":\"ListItem\",\"position\":1,\"name\":\"Ecovis Global\",\"item\":\"https:\\\/\\\/www.ecovis.com\\\/\"},{\"@type\":\"ListItem\",\"position\":2,\"name\":\"Startseite\",\"item\":\"https:\\\/\\\/www.ecovis.com\\\/berlin-gruendung\\\/\"},{\"@type\":\"ListItem\",\"position\":3,\"name\":\"Gr\u00fcndungstool\"}]},{\"@type\":\"WebSite\",\"@id\":\"https:\\\/\\\/www.ecovis.com\\\/berlin-gruendung\\\/#website\",\"url\":\"https:\\\/\\\/www.ecovis.com\\\/berlin-gruendung\\\/\",\"name\":\"Ecovis.com\",\"description\":\"Fachanw\u00e4lte f\u00fcr Gesellschaftsrecht\",\"publisher\":{\"@id\":\"https:\\\/\\\/www.ecovis.com\\\/berlin-gruendung\\\/#organization\"},\"potentialAction\":[{\"@type\":\"SearchAction\",\"target\":{\"@type\":\"EntryPoint\",\"urlTemplate\":\"https:\\\/\\\/www.ecovis.com\\\/berlin-gruendung\\\/?s={search_term_string}\"},\"query-input\":{\"@type\":\"PropertyValueSpecification\",\"valueRequired\":true,\"valueName\":\"search_term_string\"}}],\"inLanguage\":\"de\"},{\"@type\":\"Organization\",\"@id\":\"https:\\\/\\\/www.ecovis.com\\\/berlin-gruendung\\\/#organization\",\"name\":\"Ecovis ERP Rechtsanw\u00e4lte\",\"url\":\"https:\\\/\\\/www.ecovis.com\\\/berlin-gruendung\\\/\",\"logo\":{\"@type\":\"ImageObject\",\"inLanguage\":\"de\",\"@id\":\"https:\\\/\\\/www.ecovis.com\\\/berlin-gruendung\\\/#\\\/schema\\\/logo\\\/image\\\/\",\"url\":\"https:\\\/\\\/www.ecovis.com\\\/berlin-gruendung\\\/wp-content\\\/uploads\\\/2020\\\/11\\\/33791599837791357.png\",\"contentUrl\":\"https:\\\/\\\/www.ecovis.com\\\/berlin-gruendung\\\/wp-content\\\/uploads\\\/2020\\\/11\\\/33791599837791357.png\",\"width\":1920,\"height\":511,\"caption\":\"Ecovis ERP Rechtsanw\u00e4lte\"},\"image\":{\"@id\":\"https:\\\/\\\/www.ecovis.com\\\/berlin-gruendung\\\/#\\\/schema\\\/logo\\\/image\\\/\"}}]}<\/script>\n<!-- \/ Yoast SEO plugin. -->","yoast_head_json":{"title":"GmbH & UG online gr\u00fcnden - Ecovis ERP Gr\u00fcndungstool","description":"Gmbh oder UG gr\u00fcnden mit Anwalt. Ab 249,- EUR. Sofortiger Gesellschaftsvertrag, keine Zeit verlieren. Das Ecovis Gr\u00fcndungstool.","robots":{"index":"index","follow":"follow","max-snippet":"max-snippet:-1","max-image-preview":"max-image-preview:large","max-video-preview":"max-video-preview:-1"},"canonical":"https:\/\/www.ecovis.com\/berlin-gruendung\/gruendungstool\/","og_locale":"de_DE","og_type":"article","og_title":"GmbH & UG online gr\u00fcnden - Ecovis ERP Gr\u00fcndungstool","og_description":"Gmbh oder UG gr\u00fcnden mit Anwalt. Ab 249,- EUR. Sofortiger Gesellschaftsvertrag, keine Zeit verlieren. Das Ecovis Gr\u00fcndungstool.","og_url":"https:\/\/www.ecovis.com\/berlin-gruendung\/gruendungstool\/","og_site_name":"Handels- und Gesellschaftsrecht","article_modified_time":"2024-07-30T10:38:14+00:00","twitter_card":"summary_large_image","twitter_misc":{"Gesch\u00e4tzte Lesezeit":"1\u00a0Minute"},"schema":{"@context":"https:\/\/schema.org","@graph":[{"@type":"WebPage","@id":"https:\/\/www.ecovis.com\/berlin-gruendung\/gruendungstool\/","url":"https:\/\/www.ecovis.com\/berlin-gruendung\/gruendungstool\/","name":"GmbH & UG online gr\u00fcnden - Ecovis ERP Gr\u00fcndungstool","isPartOf":{"@id":"https:\/\/www.ecovis.com\/berlin-gruendung\/#website"},"datePublished":"2019-10-24T08:01:43+00:00","dateModified":"2024-07-30T10:38:14+00:00","description":"Gmbh oder UG gr\u00fcnden mit Anwalt. Ab 249,- EUR. Sofortiger Gesellschaftsvertrag, keine Zeit verlieren. Das Ecovis Gr\u00fcndungstool.","breadcrumb":{"@id":"https:\/\/www.ecovis.com\/berlin-gruendung\/gruendungstool\/#breadcrumb"},"inLanguage":"de","potentialAction":[{"@type":"ReadAction","target":["https:\/\/www.ecovis.com\/berlin-gruendung\/gruendungstool\/"]}]},{"@type":"BreadcrumbList","@id":"https:\/\/www.ecovis.com\/berlin-gruendung\/gruendungstool\/#breadcrumb","itemListElement":[{"@type":"ListItem","position":1,"name":"Ecovis Global","item":"https:\/\/www.ecovis.com\/"},{"@type":"ListItem","position":2,"name":"Startseite","item":"https:\/\/www.ecovis.com\/berlin-gruendung\/"},{"@type":"ListItem","position":3,"name":"Gr\u00fcndungstool"}]},{"@type":"WebSite","@id":"https:\/\/www.ecovis.com\/berlin-gruendung\/#website","url":"https:\/\/www.ecovis.com\/berlin-gruendung\/","name":"Ecovis.com","description":"Fachanw\u00e4lte f\u00fcr Gesellschaftsrecht","publisher":{"@id":"https:\/\/www.ecovis.com\/berlin-gruendung\/#organization"},"potentialAction":[{"@type":"SearchAction","target":{"@type":"EntryPoint","urlTemplate":"https:\/\/www.ecovis.com\/berlin-gruendung\/?s={search_term_string}"},"query-input":{"@type":"PropertyValueSpecification","valueRequired":true,"valueName":"search_term_string"}}],"inLanguage":"de"},{"@type":"Organization","@id":"https:\/\/www.ecovis.com\/berlin-gruendung\/#organization","name":"Ecovis ERP Rechtsanw\u00e4lte","url":"https:\/\/www.ecovis.com\/berlin-gruendung\/","logo":{"@type":"ImageObject","inLanguage":"de","@id":"https:\/\/www.ecovis.com\/berlin-gruendung\/#\/schema\/logo\/image\/","url":"https:\/\/www.ecovis.com\/berlin-gruendung\/wp-content\/uploads\/2020\/11\/33791599837791357.png","contentUrl":"https:\/\/www.ecovis.com\/berlin-gruendung\/wp-content\/uploads\/2020\/11\/33791599837791357.png","width":1920,"height":511,"caption":"Ecovis ERP Rechtsanw\u00e4lte"},"image":{"@id":"https:\/\/www.ecovis.com\/berlin-gruendung\/#\/schema\/logo\/image\/"}}]}},"_links":{"self":[{"href":"https:\/\/www.ecovis.com\/berlin-gruendung\/wp-json\/wp\/v2\/pages\/2702","targetHints":{"allow":["GET"]}}],"collection":[{"href":"https:\/\/www.ecovis.com\/berlin-gruendung\/wp-json\/wp\/v2\/pages"}],"about":[{"href":"https:\/\/www.ecovis.com\/berlin-gruendung\/wp-json\/wp\/v2\/types\/page"}],"author":[{"embeddable":true,"href":"https:\/\/www.ecovis.com\/berlin-gruendung\/wp-json\/wp\/v2\/users\/8"}],"replies":[{"embeddable":true,"href":"https:\/\/www.ecovis.com\/berlin-gruendung\/wp-json\/wp\/v2\/comments?post=2702"}],"version-history":[{"count":4,"href":"https:\/\/www.ecovis.com\/berlin-gruendung\/wp-json\/wp\/v2\/pages\/2702\/revisions"}],"predecessor-version":[{"id":6488,"href":"https:\/\/www.ecovis.com\/berlin-gruendung\/wp-json\/wp\/v2\/pages\/2702\/revisions\/6488"}],"wp:attachment":[{"href":"https:\/\/www.ecovis.com\/berlin-gruendung\/wp-json\/wp\/v2\/media?parent=2702"}],"curies":[{"name":"wp","href":"https:\/\/api.w.org\/{rel}","templated":true}]}}