{"id":2,"date":"2018-01-24T10:28:18","date_gmt":"2018-01-24T09:28:18","guid":{"rendered":"https:\/\/www.ecovis.com\/bayla-uk\/?page_id=2"},"modified":"2019-02-18T10:00:39","modified_gmt":"2019-02-18T09:00:39","slug":"startseite","status":"publish","type":"page","link":"https:\/\/www.ecovis.com\/bayla-uk\/","title":{"rendered":"Startseite"},"content":{"rendered":"<p><img loading=\"lazy\" class=\"aligncenter wp-image-99 size-full\" src=\"https:\/\/www.ecovis.com\/bayla-uk\/wp-content\/uploads\/2018\/02\/ecovis-unternehmsberater.jpg\" alt=\"\" width=\"1100\" height=\"380\" srcset=\"https:\/\/www.ecovis.com\/bayla-uk\/wp-content\/uploads\/2018\/02\/ecovis-unternehmsberater.jpg 1100w, https:\/\/www.ecovis.com\/bayla-uk\/wp-content\/uploads\/2018\/02\/ecovis-unternehmsberater-300x104.jpg 300w, https:\/\/www.ecovis.com\/bayla-uk\/wp-content\/uploads\/2018\/02\/ecovis-unternehmsberater-768x265.jpg 768w, https:\/\/www.ecovis.com\/bayla-uk\/wp-content\/uploads\/2018\/02\/ecovis-unternehmsberater-1024x354.jpg 1024w\" sizes=\"(max-width: 1100px) 100vw, 1100px\" \/><\/p>\n<a href=\"https:\/\/www.ecovis.com\/bayla-uk\/login\/\" class=\"su-button su-button-style-flat loginbtn\" style=\"color:#FFFFFF;background-color:#c1373d;border-color:#9b2c31;border-radius:0px;-moz-border-radius:0px;-webkit-border-radius:0px\" target=\"_self\"><span style=\"color:#FFFFFF;padding:6px 16px;font-size:13px;line-height:20px;border-color:#d47378;border-radius:0px;-moz-border-radius:0px;-webkit-border-radius:0px;text-shadow:none;-moz-text-shadow:none;-webkit-text-shadow:none\"><i class=\"sui sui-unlock-alt\" style=\"font-size:13px;color:#FFFFFF\"><\/i> Login<\/span><\/a>Sehr geehrte Nutzerin,\u00a0sehr geehrter Nutzer,<\/p>\n<p>Sie befinden sich auf der Internetseite der Unterst\u00fctzungskasse GmbH der BayLa-Stiftung e.V. M\u00fcnchen.<br \/>\nWir sind eine Einrichtung die unter bestimmten Voraussetzungen Hilfeleistungen f\u00fcr Mitarbeiterinnen und Mitarbeiter bzw. anspruchsberechtigten Personen in Notlagen bietet.<\/p>\n<p>Berechtigte Personen k\u00f6nnen sich \u00fcber diese Seite in den internen Bereich mit der individuellen Kennung und Passwort einloggen.<br \/>\nSollten Sie noch keine Zugangsdaten haben, so k\u00f6nnen Sie diese \u00fcber nachfolgende Kontaktdaten beantragen.<br \/>\nNach einer Pr\u00fcfung der Berechtigung zum Zutritt f\u00fcr den geschlossenen Bereich erhalten Sie Ihre pers\u00f6nlichen Zugangsdaten.<\/p>\n<p>Senden Sie uns eine Mail: <a href=\"mailto:personal@ecovis.com\">personal@ecovis.com<\/a> f\u00fcr weitere Fragen oder wenden Sie sich an Ihren <a href=\"https:\/\/www.ecovis.com\/bayla-uk\/ansprechpartner\/\">Ansprechpartner<\/a>.<\/p>\n<p>Mit freundlichen Gr\u00fc\u00dfen<\/p>\n<p><em>Ihre Unterst\u00fctzungskasse GmbH der BayLa-Stiftung e.V.<\/em><\/p>\n","protected":false},"excerpt":{"rendered":"<p>Sehr geehrte Nutzerin,\u00a0sehr geehrter Nutzer, Sie befinden sich auf der Internetseite der Unterst\u00fctzungskasse GmbH der BayLa-Stiftung e.V. M\u00fcnchen. Wir sind eine Einrichtung die unter bestimmten Voraussetzungen Hilfeleistungen f\u00fcr Mitarbeiterinnen und Mitarbeiter bzw. anspruchsberechtigten Personen in Notlagen bietet. Berechtigte Personen k\u00f6nnen sich \u00fcber diese Seite in den internen Bereich mit der individuellen Kennung und Passwort einloggen.&hellip;<\/p>\n","protected":false},"author":1,"featured_media":0,"parent":0,"menu_order":0,"comment_status":"closed","ping_status":"open","template":"page-startseite.php","meta":[],"_links":{"self":[{"href":"https:\/\/www.ecovis.com\/bayla-uk\/wp-json\/wp\/v2\/pages\/2"}],"collection":[{"href":"https:\/\/www.ecovis.com\/bayla-uk\/wp-json\/wp\/v2\/pages"}],"about":[{"href":"https:\/\/www.ecovis.com\/bayla-uk\/wp-json\/wp\/v2\/types\/page"}],"author":[{"embeddable":true,"href":"https:\/\/www.ecovis.com\/bayla-uk\/wp-json\/wp\/v2\/users\/1"}],"replies":[{"embeddable":true,"href":"https:\/\/www.ecovis.com\/bayla-uk\/wp-json\/wp\/v2\/comments?post=2"}],"version-history":[{"count":13,"href":"https:\/\/www.ecovis.com\/bayla-uk\/wp-json\/wp\/v2\/pages\/2\/revisions"}],"predecessor-version":[{"id":230,"href":"https:\/\/www.ecovis.com\/bayla-uk\/wp-json\/wp\/v2\/pages\/2\/revisions\/230"}],"wp:attachment":[{"href":"https:\/\/www.ecovis.com\/bayla-uk\/wp-json\/wp\/v2\/media?parent=2"}],"curies":[{"name":"wp","href":"https:\/\/api.w.org\/{rel}","templated":true}]}}