{"id":7444,"date":"2024-09-25T12:14:02","date_gmt":"2024-09-25T10:14:02","guid":{"rendered":"https:\/\/www.ecovis.com\/austria\/?page_id=7444"},"modified":"2025-08-19T10:57:31","modified_gmt":"2025-08-19T08:57:31","slug":"steuerberatung-aerzte","status":"publish","type":"page","link":"https:\/\/www.ecovis.com\/austria\/branchen\/steuerberatung-aerzte\/","title":{"rendered":"Steuerberatung f\u00fcr \u00c4rzte und Gesundheitswesen"},"content":{"rendered":"","protected":false},"excerpt":{"rendered":"","protected":false},"author":16,"featured_media":0,"parent":2371,"menu_order":10,"comment_status":"closed","ping_status":"closed","template":"","meta":{"_acf_changed":false,"footnotes":""},"class_list":["post-7444","page","type-page","status-publish","hentry"],"acf":[],"yoast_head":"<!-- This site is optimized with the Yoast SEO Premium plugin v27.3 (Yoast SEO v27.3) - https:\/\/yoast.com\/product\/yoast-seo-premium-wordpress\/ -->\n<title>Steuerberatung f\u00fcr \u00c4rzte in \u00d6sterreich | ECOVIS Austria<\/title>\n<meta name=\"description\" content=\"Entdecken Sie bei ECOVIS ma\u00dfgeschneiderte Steuerberatung f\u00fcr \u00c4rzte und das Gesundheitswesen in \u00d6sterreich. Kontaktieren Sie uns!\" \/>\n<meta name=\"robots\" content=\"index, follow, max-snippet:-1, max-image-preview:large, max-video-preview:-1\" \/>\n<link rel=\"canonical\" href=\"https:\/\/www.ecovis.com\/austria\/branchen\/steuerberatung-aerzte\/\" \/>\n<meta property=\"og:locale\" content=\"de_DE\" \/>\n<meta property=\"og:type\" content=\"article\" \/>\n<meta property=\"og:title\" content=\"Steuerberatung f\u00fcr \u00c4rzte in \u00d6sterreich | ECOVIS Austria\" \/>\n<meta property=\"og:description\" content=\"Entdecken Sie bei ECOVIS ma\u00dfgeschneiderte Steuerberatung f\u00fcr \u00c4rzte und das Gesundheitswesen in \u00d6sterreich. Kontaktieren Sie uns!\" \/>\n<meta property=\"og:url\" content=\"https:\/\/www.ecovis.com\/austria\/branchen\/steuerberatung-aerzte\/\" \/>\n<meta property=\"og:site_name\" content=\"ECOVIS in \u00d6sterreich\" \/>\n<meta property=\"article:publisher\" content=\"https:\/\/www.facebook.com\/ecovisaustria\/\" \/>\n<meta property=\"article:modified_time\" content=\"2025-08-19T08:57:31+00:00\" \/>\n<meta name=\"twitter:card\" content=\"summary_large_image\" \/>\n<script type=\"application\/ld+json\" class=\"yoast-schema-graph\">{\"@context\":\"https:\\\/\\\/schema.org\",\"@graph\":[{\"@type\":\"WebPage\",\"@id\":\"https:\\\/\\\/www.ecovis.com\\\/austria\\\/branchen\\\/steuerberatung-aerzte\\\/\",\"url\":\"https:\\\/\\\/www.ecovis.com\\\/austria\\\/branchen\\\/steuerberatung-aerzte\\\/\",\"name\":\"Steuerberatung f\u00fcr \u00c4rzte in \u00d6sterreich | ECOVIS Austria\",\"isPartOf\":{\"@id\":\"https:\\\/\\\/www.ecovis.com\\\/austria\\\/#website\"},\"datePublished\":\"2024-09-25T10:14:02+00:00\",\"dateModified\":\"2025-08-19T08:57:31+00:00\",\"description\":\"Entdecken Sie bei ECOVIS ma\u00dfgeschneiderte Steuerberatung f\u00fcr \u00c4rzte und das Gesundheitswesen in \u00d6sterreich. Kontaktieren Sie uns!\",\"breadcrumb\":{\"@id\":\"https:\\\/\\\/www.ecovis.com\\\/austria\\\/branchen\\\/steuerberatung-aerzte\\\/#breadcrumb\"},\"inLanguage\":\"de\",\"potentialAction\":[{\"@type\":\"ReadAction\",\"target\":[\"https:\\\/\\\/www.ecovis.com\\\/austria\\\/branchen\\\/steuerberatung-aerzte\\\/\"]}]},{\"@type\":\"BreadcrumbList\",\"@id\":\"https:\\\/\\\/www.ecovis.com\\\/austria\\\/branchen\\\/steuerberatung-aerzte\\\/#breadcrumb\",\"itemListElement\":[{\"@type\":\"ListItem\",\"position\":1,\"name\":\"Startseite\",\"item\":\"https:\\\/\\\/www.ecovis.com\\\/austria\\\/\"},{\"@type\":\"ListItem\",\"position\":2,\"name\":\"Branchen\",\"item\":\"https:\\\/\\\/www.ecovis.com\\\/austria\\\/branchen\\\/\"},{\"@type\":\"ListItem\",\"position\":3,\"name\":\"Steuerberatung f\u00fcr \u00c4rzte und Gesundheitswesen\"}]},{\"@type\":\"WebSite\",\"@id\":\"https:\\\/\\\/www.ecovis.com\\\/austria\\\/#website\",\"url\":\"https:\\\/\\\/www.ecovis.com\\\/austria\\\/\",\"name\":\"ECOVIS Austria\",\"description\":\"\",\"publisher\":{\"@id\":\"https:\\\/\\\/www.ecovis.com\\\/austria\\\/#organization\"},\"potentialAction\":[{\"@type\":\"SearchAction\",\"target\":{\"@type\":\"EntryPoint\",\"urlTemplate\":\"https:\\\/\\\/www.ecovis.com\\\/austria\\\/?s={search_term_string}\"},\"query-input\":{\"@type\":\"PropertyValueSpecification\",\"valueRequired\":true,\"valueName\":\"search_term_string\"}}],\"inLanguage\":\"de\"},{\"@type\":\"Organization\",\"@id\":\"https:\\\/\\\/www.ecovis.com\\\/austria\\\/#organization\",\"name\":\"Ecovis Austria\",\"alternateName\":\"Ecovis Austria\",\"url\":\"https:\\\/\\\/www.ecovis.com\\\/austria\\\/\",\"logo\":{\"@type\":\"ImageObject\",\"inLanguage\":\"de\",\"@id\":\"https:\\\/\\\/www.ecovis.com\\\/austria\\\/#\\\/schema\\\/logo\\\/image\\\/\",\"url\":\"https:\\\/\\\/www.ecovis.com\\\/austria\\\/wp-content\\\/uploads\\\/2025\\\/08\\\/ECOVIS_3544x843-scaled.png\",\"contentUrl\":\"https:\\\/\\\/www.ecovis.com\\\/austria\\\/wp-content\\\/uploads\\\/2025\\\/08\\\/ECOVIS_3544x843-scaled.png\",\"width\":2560,\"height\":609,\"caption\":\"Ecovis Austria\"},\"image\":{\"@id\":\"https:\\\/\\\/www.ecovis.com\\\/austria\\\/#\\\/schema\\\/logo\\\/image\\\/\"},\"sameAs\":[\"https:\\\/\\\/www.facebook.com\\\/ecovisaustria\\\/\",\"https:\\\/\\\/www.instagram.com\\\/ecovisaustria\\\/\",\"https:\\\/\\\/at.linkedin.com\\\/company\\\/ecovisaustria\"],\"email\":\"office@ecovis.at\",\"telephone\":\"+43 (1) 59922 0\",\"legalName\":\"ECOVIS Austria Wirtschaftspr\u00fcfungs- und Steuerberatungsgesellschaft m.b.H.\",\"foundingDate\":\"1982-01-01\",\"vatID\":\"ATU44137108\",\"numberOfEmployees\":{\"@type\":\"QuantitativeValue\",\"minValue\":\"51\",\"maxValue\":\"200\"},\"ownershipFundingInfo\":\"https:\\\/\\\/www.ecovis.com\\\/austria\\\/impressum\\\/\"}]}<\/script>\n<!-- \/ Yoast SEO Premium plugin. -->","yoast_head_json":{"title":"Steuerberatung f\u00fcr \u00c4rzte in \u00d6sterreich | ECOVIS Austria","description":"Entdecken Sie bei ECOVIS ma\u00dfgeschneiderte Steuerberatung f\u00fcr \u00c4rzte und das Gesundheitswesen in \u00d6sterreich. Kontaktieren Sie uns!","robots":{"index":"index","follow":"follow","max-snippet":"max-snippet:-1","max-image-preview":"max-image-preview:large","max-video-preview":"max-video-preview:-1"},"canonical":"https:\/\/www.ecovis.com\/austria\/branchen\/steuerberatung-aerzte\/","og_locale":"de_DE","og_type":"article","og_title":"Steuerberatung f\u00fcr \u00c4rzte in \u00d6sterreich | ECOVIS Austria","og_description":"Entdecken Sie bei ECOVIS ma\u00dfgeschneiderte Steuerberatung f\u00fcr \u00c4rzte und das Gesundheitswesen in \u00d6sterreich. Kontaktieren Sie uns!","og_url":"https:\/\/www.ecovis.com\/austria\/branchen\/steuerberatung-aerzte\/","og_site_name":"ECOVIS in \u00d6sterreich","article_publisher":"https:\/\/www.facebook.com\/ecovisaustria\/","article_modified_time":"2025-08-19T08:57:31+00:00","twitter_card":"summary_large_image","schema":{"@context":"https:\/\/schema.org","@graph":[{"@type":"WebPage","@id":"https:\/\/www.ecovis.com\/austria\/branchen\/steuerberatung-aerzte\/","url":"https:\/\/www.ecovis.com\/austria\/branchen\/steuerberatung-aerzte\/","name":"Steuerberatung f\u00fcr \u00c4rzte in \u00d6sterreich | ECOVIS Austria","isPartOf":{"@id":"https:\/\/www.ecovis.com\/austria\/#website"},"datePublished":"2024-09-25T10:14:02+00:00","dateModified":"2025-08-19T08:57:31+00:00","description":"Entdecken Sie bei ECOVIS ma\u00dfgeschneiderte Steuerberatung f\u00fcr \u00c4rzte und das Gesundheitswesen in \u00d6sterreich. Kontaktieren Sie uns!","breadcrumb":{"@id":"https:\/\/www.ecovis.com\/austria\/branchen\/steuerberatung-aerzte\/#breadcrumb"},"inLanguage":"de","potentialAction":[{"@type":"ReadAction","target":["https:\/\/www.ecovis.com\/austria\/branchen\/steuerberatung-aerzte\/"]}]},{"@type":"BreadcrumbList","@id":"https:\/\/www.ecovis.com\/austria\/branchen\/steuerberatung-aerzte\/#breadcrumb","itemListElement":[{"@type":"ListItem","position":1,"name":"Startseite","item":"https:\/\/www.ecovis.com\/austria\/"},{"@type":"ListItem","position":2,"name":"Branchen","item":"https:\/\/www.ecovis.com\/austria\/branchen\/"},{"@type":"ListItem","position":3,"name":"Steuerberatung f\u00fcr \u00c4rzte und Gesundheitswesen"}]},{"@type":"WebSite","@id":"https:\/\/www.ecovis.com\/austria\/#website","url":"https:\/\/www.ecovis.com\/austria\/","name":"ECOVIS Austria","description":"","publisher":{"@id":"https:\/\/www.ecovis.com\/austria\/#organization"},"potentialAction":[{"@type":"SearchAction","target":{"@type":"EntryPoint","urlTemplate":"https:\/\/www.ecovis.com\/austria\/?s={search_term_string}"},"query-input":{"@type":"PropertyValueSpecification","valueRequired":true,"valueName":"search_term_string"}}],"inLanguage":"de"},{"@type":"Organization","@id":"https:\/\/www.ecovis.com\/austria\/#organization","name":"Ecovis Austria","alternateName":"Ecovis Austria","url":"https:\/\/www.ecovis.com\/austria\/","logo":{"@type":"ImageObject","inLanguage":"de","@id":"https:\/\/www.ecovis.com\/austria\/#\/schema\/logo\/image\/","url":"https:\/\/www.ecovis.com\/austria\/wp-content\/uploads\/2025\/08\/ECOVIS_3544x843-scaled.png","contentUrl":"https:\/\/www.ecovis.com\/austria\/wp-content\/uploads\/2025\/08\/ECOVIS_3544x843-scaled.png","width":2560,"height":609,"caption":"Ecovis Austria"},"image":{"@id":"https:\/\/www.ecovis.com\/austria\/#\/schema\/logo\/image\/"},"sameAs":["https:\/\/www.facebook.com\/ecovisaustria\/","https:\/\/www.instagram.com\/ecovisaustria\/","https:\/\/at.linkedin.com\/company\/ecovisaustria"],"email":"office@ecovis.at","telephone":"+43 (1) 59922 0","legalName":"ECOVIS Austria Wirtschaftspr\u00fcfungs- und Steuerberatungsgesellschaft m.b.H.","foundingDate":"1982-01-01","vatID":"ATU44137108","numberOfEmployees":{"@type":"QuantitativeValue","minValue":"51","maxValue":"200"},"ownershipFundingInfo":"https:\/\/www.ecovis.com\/austria\/impressum\/"}]}},"_links":{"self":[{"href":"https:\/\/www.ecovis.com\/austria\/wp-json\/wp\/v2\/pages\/7444","targetHints":{"allow":["GET"]}}],"collection":[{"href":"https:\/\/www.ecovis.com\/austria\/wp-json\/wp\/v2\/pages"}],"about":[{"href":"https:\/\/www.ecovis.com\/austria\/wp-json\/wp\/v2\/types\/page"}],"author":[{"embeddable":true,"href":"https:\/\/www.ecovis.com\/austria\/wp-json\/wp\/v2\/users\/16"}],"replies":[{"embeddable":true,"href":"https:\/\/www.ecovis.com\/austria\/wp-json\/wp\/v2\/comments?post=7444"}],"version-history":[{"count":23,"href":"https:\/\/www.ecovis.com\/austria\/wp-json\/wp\/v2\/pages\/7444\/revisions"}],"predecessor-version":[{"id":7708,"href":"https:\/\/www.ecovis.com\/austria\/wp-json\/wp\/v2\/pages\/7444\/revisions\/7708"}],"up":[{"embeddable":true,"href":"https:\/\/www.ecovis.com\/austria\/wp-json\/wp\/v2\/pages\/2371"}],"wp:attachment":[{"href":"https:\/\/www.ecovis.com\/austria\/wp-json\/wp\/v2\/media?parent=7444"}],"curies":[{"name":"wp","href":"https:\/\/api.w.org\/{rel}","templated":true}]}}