{"id":7439,"date":"2024-09-25T11:57:32","date_gmt":"2024-09-25T09:57:32","guid":{"rendered":"https:\/\/www.ecovis.com\/austria\/?page_id=7439"},"modified":"2024-10-04T10:55:05","modified_gmt":"2024-10-04T08:55:05","slug":"steuerberater-startups","status":"publish","type":"page","link":"https:\/\/www.ecovis.com\/austria\/steuerberater-startups\/","title":{"rendered":"ECOVIS Austria &#8211; Der Steuerberater f\u00fcr Startups in \u00d6sterreich"},"content":{"rendered":"","protected":false},"excerpt":{"rendered":"","protected":false},"author":16,"featured_media":0,"parent":0,"menu_order":0,"comment_status":"closed","ping_status":"closed","template":"","meta":{"_acf_changed":false,"footnotes":""},"class_list":["post-7439","page","type-page","status-publish","hentry"],"acf":[],"yoast_head":"<!-- This site is optimized with the Yoast SEO Premium plugin v27.3 (Yoast SEO v27.3) - https:\/\/yoast.com\/product\/yoast-seo-premium-wordpress\/ -->\n<title>Steuerberater f\u00fcr Start-ups | ECOVIS \u00d6sterreich<\/title>\n<meta name=\"description\" content=\"Der Steuerberater f\u00fcr Startups in \u00d6sterreich \u2013 wir unterst\u00fctzen Gr\u00fcnder bei Steuern und Finanzierung. Kontaktiere uns f\u00fcr deine Erstberatung.\" \/>\n<meta name=\"robots\" content=\"index, follow, max-snippet:-1, max-image-preview:large, max-video-preview:-1\" \/>\n<link rel=\"canonical\" href=\"https:\/\/www.ecovis.com\/austria\/steuerberater-startups\/\" \/>\n<meta property=\"og:locale\" content=\"de_DE\" \/>\n<meta property=\"og:type\" content=\"article\" \/>\n<meta property=\"og:title\" content=\"Steuerberater f\u00fcr Start-ups | ECOVIS \u00d6sterreich\" \/>\n<meta property=\"og:description\" content=\"Der Steuerberater f\u00fcr Startups in \u00d6sterreich \u2013 wir unterst\u00fctzen Gr\u00fcnder bei Steuern und Finanzierung. Kontaktiere uns f\u00fcr deine Erstberatung.\" \/>\n<meta property=\"og:url\" content=\"https:\/\/www.ecovis.com\/austria\/steuerberater-startups\/\" \/>\n<meta property=\"og:site_name\" content=\"ECOVIS in \u00d6sterreich\" \/>\n<meta property=\"article:publisher\" content=\"https:\/\/www.facebook.com\/ecovisaustria\/\" \/>\n<meta property=\"article:modified_time\" content=\"2024-10-04T08:55:05+00:00\" \/>\n<meta name=\"twitter:card\" content=\"summary_large_image\" \/>\n<script type=\"application\/ld+json\" class=\"yoast-schema-graph\">{\"@context\":\"https:\\\/\\\/schema.org\",\"@graph\":[{\"@type\":\"WebPage\",\"@id\":\"https:\\\/\\\/www.ecovis.com\\\/austria\\\/steuerberater-startups\\\/\",\"url\":\"https:\\\/\\\/www.ecovis.com\\\/austria\\\/steuerberater-startups\\\/\",\"name\":\"Steuerberater f\u00fcr Start-ups | ECOVIS \u00d6sterreich\",\"isPartOf\":{\"@id\":\"https:\\\/\\\/www.ecovis.com\\\/austria\\\/#website\"},\"datePublished\":\"2024-09-25T09:57:32+00:00\",\"dateModified\":\"2024-10-04T08:55:05+00:00\",\"description\":\"Der Steuerberater f\u00fcr Startups in \u00d6sterreich \u2013 wir unterst\u00fctzen Gr\u00fcnder bei Steuern und Finanzierung. Kontaktiere uns f\u00fcr deine Erstberatung.\",\"breadcrumb\":{\"@id\":\"https:\\\/\\\/www.ecovis.com\\\/austria\\\/steuerberater-startups\\\/#breadcrumb\"},\"inLanguage\":\"de\",\"potentialAction\":[{\"@type\":\"ReadAction\",\"target\":[\"https:\\\/\\\/www.ecovis.com\\\/austria\\\/steuerberater-startups\\\/\"]}]},{\"@type\":\"BreadcrumbList\",\"@id\":\"https:\\\/\\\/www.ecovis.com\\\/austria\\\/steuerberater-startups\\\/#breadcrumb\",\"itemListElement\":[{\"@type\":\"ListItem\",\"position\":1,\"name\":\"Startseite\",\"item\":\"https:\\\/\\\/www.ecovis.com\\\/austria\\\/\"},{\"@type\":\"ListItem\",\"position\":2,\"name\":\"ECOVIS Austria &#8211; Der Steuerberater f\u00fcr Startups in \u00d6sterreich\"}]},{\"@type\":\"WebSite\",\"@id\":\"https:\\\/\\\/www.ecovis.com\\\/austria\\\/#website\",\"url\":\"https:\\\/\\\/www.ecovis.com\\\/austria\\\/\",\"name\":\"ECOVIS Austria\",\"description\":\"\",\"publisher\":{\"@id\":\"https:\\\/\\\/www.ecovis.com\\\/austria\\\/#organization\"},\"potentialAction\":[{\"@type\":\"SearchAction\",\"target\":{\"@type\":\"EntryPoint\",\"urlTemplate\":\"https:\\\/\\\/www.ecovis.com\\\/austria\\\/?s={search_term_string}\"},\"query-input\":{\"@type\":\"PropertyValueSpecification\",\"valueRequired\":true,\"valueName\":\"search_term_string\"}}],\"inLanguage\":\"de\"},{\"@type\":\"Organization\",\"@id\":\"https:\\\/\\\/www.ecovis.com\\\/austria\\\/#organization\",\"name\":\"Ecovis Austria\",\"alternateName\":\"Ecovis Austria\",\"url\":\"https:\\\/\\\/www.ecovis.com\\\/austria\\\/\",\"logo\":{\"@type\":\"ImageObject\",\"inLanguage\":\"de\",\"@id\":\"https:\\\/\\\/www.ecovis.com\\\/austria\\\/#\\\/schema\\\/logo\\\/image\\\/\",\"url\":\"https:\\\/\\\/www.ecovis.com\\\/austria\\\/wp-content\\\/uploads\\\/2025\\\/08\\\/ECOVIS_3544x843-scaled.png\",\"contentUrl\":\"https:\\\/\\\/www.ecovis.com\\\/austria\\\/wp-content\\\/uploads\\\/2025\\\/08\\\/ECOVIS_3544x843-scaled.png\",\"width\":2560,\"height\":609,\"caption\":\"Ecovis Austria\"},\"image\":{\"@id\":\"https:\\\/\\\/www.ecovis.com\\\/austria\\\/#\\\/schema\\\/logo\\\/image\\\/\"},\"sameAs\":[\"https:\\\/\\\/www.facebook.com\\\/ecovisaustria\\\/\",\"https:\\\/\\\/www.instagram.com\\\/ecovisaustria\\\/\",\"https:\\\/\\\/at.linkedin.com\\\/company\\\/ecovisaustria\"],\"email\":\"office@ecovis.at\",\"telephone\":\"+43 (1) 59922 0\",\"legalName\":\"ECOVIS Austria Wirtschaftspr\u00fcfungs- und Steuerberatungsgesellschaft m.b.H.\",\"foundingDate\":\"1982-01-01\",\"vatID\":\"ATU44137108\",\"numberOfEmployees\":{\"@type\":\"QuantitativeValue\",\"minValue\":\"51\",\"maxValue\":\"200\"},\"ownershipFundingInfo\":\"https:\\\/\\\/www.ecovis.com\\\/austria\\\/impressum\\\/\"}]}<\/script>\n<!-- \/ Yoast SEO Premium plugin. -->","yoast_head_json":{"title":"Steuerberater f\u00fcr Start-ups | ECOVIS \u00d6sterreich","description":"Der Steuerberater f\u00fcr Startups in \u00d6sterreich \u2013 wir unterst\u00fctzen Gr\u00fcnder bei Steuern und Finanzierung. Kontaktiere uns f\u00fcr deine Erstberatung.","robots":{"index":"index","follow":"follow","max-snippet":"max-snippet:-1","max-image-preview":"max-image-preview:large","max-video-preview":"max-video-preview:-1"},"canonical":"https:\/\/www.ecovis.com\/austria\/steuerberater-startups\/","og_locale":"de_DE","og_type":"article","og_title":"Steuerberater f\u00fcr Start-ups | ECOVIS \u00d6sterreich","og_description":"Der Steuerberater f\u00fcr Startups in \u00d6sterreich \u2013 wir unterst\u00fctzen Gr\u00fcnder bei Steuern und Finanzierung. Kontaktiere uns f\u00fcr deine Erstberatung.","og_url":"https:\/\/www.ecovis.com\/austria\/steuerberater-startups\/","og_site_name":"ECOVIS in \u00d6sterreich","article_publisher":"https:\/\/www.facebook.com\/ecovisaustria\/","article_modified_time":"2024-10-04T08:55:05+00:00","twitter_card":"summary_large_image","schema":{"@context":"https:\/\/schema.org","@graph":[{"@type":"WebPage","@id":"https:\/\/www.ecovis.com\/austria\/steuerberater-startups\/","url":"https:\/\/www.ecovis.com\/austria\/steuerberater-startups\/","name":"Steuerberater f\u00fcr Start-ups | ECOVIS \u00d6sterreich","isPartOf":{"@id":"https:\/\/www.ecovis.com\/austria\/#website"},"datePublished":"2024-09-25T09:57:32+00:00","dateModified":"2024-10-04T08:55:05+00:00","description":"Der Steuerberater f\u00fcr Startups in \u00d6sterreich \u2013 wir unterst\u00fctzen Gr\u00fcnder bei Steuern und Finanzierung. Kontaktiere uns f\u00fcr deine Erstberatung.","breadcrumb":{"@id":"https:\/\/www.ecovis.com\/austria\/steuerberater-startups\/#breadcrumb"},"inLanguage":"de","potentialAction":[{"@type":"ReadAction","target":["https:\/\/www.ecovis.com\/austria\/steuerberater-startups\/"]}]},{"@type":"BreadcrumbList","@id":"https:\/\/www.ecovis.com\/austria\/steuerberater-startups\/#breadcrumb","itemListElement":[{"@type":"ListItem","position":1,"name":"Startseite","item":"https:\/\/www.ecovis.com\/austria\/"},{"@type":"ListItem","position":2,"name":"ECOVIS Austria &#8211; Der Steuerberater f\u00fcr Startups in \u00d6sterreich"}]},{"@type":"WebSite","@id":"https:\/\/www.ecovis.com\/austria\/#website","url":"https:\/\/www.ecovis.com\/austria\/","name":"ECOVIS Austria","description":"","publisher":{"@id":"https:\/\/www.ecovis.com\/austria\/#organization"},"potentialAction":[{"@type":"SearchAction","target":{"@type":"EntryPoint","urlTemplate":"https:\/\/www.ecovis.com\/austria\/?s={search_term_string}"},"query-input":{"@type":"PropertyValueSpecification","valueRequired":true,"valueName":"search_term_string"}}],"inLanguage":"de"},{"@type":"Organization","@id":"https:\/\/www.ecovis.com\/austria\/#organization","name":"Ecovis Austria","alternateName":"Ecovis Austria","url":"https:\/\/www.ecovis.com\/austria\/","logo":{"@type":"ImageObject","inLanguage":"de","@id":"https:\/\/www.ecovis.com\/austria\/#\/schema\/logo\/image\/","url":"https:\/\/www.ecovis.com\/austria\/wp-content\/uploads\/2025\/08\/ECOVIS_3544x843-scaled.png","contentUrl":"https:\/\/www.ecovis.com\/austria\/wp-content\/uploads\/2025\/08\/ECOVIS_3544x843-scaled.png","width":2560,"height":609,"caption":"Ecovis Austria"},"image":{"@id":"https:\/\/www.ecovis.com\/austria\/#\/schema\/logo\/image\/"},"sameAs":["https:\/\/www.facebook.com\/ecovisaustria\/","https:\/\/www.instagram.com\/ecovisaustria\/","https:\/\/at.linkedin.com\/company\/ecovisaustria"],"email":"office@ecovis.at","telephone":"+43 (1) 59922 0","legalName":"ECOVIS Austria Wirtschaftspr\u00fcfungs- und Steuerberatungsgesellschaft m.b.H.","foundingDate":"1982-01-01","vatID":"ATU44137108","numberOfEmployees":{"@type":"QuantitativeValue","minValue":"51","maxValue":"200"},"ownershipFundingInfo":"https:\/\/www.ecovis.com\/austria\/impressum\/"}]}},"_links":{"self":[{"href":"https:\/\/www.ecovis.com\/austria\/wp-json\/wp\/v2\/pages\/7439","targetHints":{"allow":["GET"]}}],"collection":[{"href":"https:\/\/www.ecovis.com\/austria\/wp-json\/wp\/v2\/pages"}],"about":[{"href":"https:\/\/www.ecovis.com\/austria\/wp-json\/wp\/v2\/types\/page"}],"author":[{"embeddable":true,"href":"https:\/\/www.ecovis.com\/austria\/wp-json\/wp\/v2\/users\/16"}],"replies":[{"embeddable":true,"href":"https:\/\/www.ecovis.com\/austria\/wp-json\/wp\/v2\/comments?post=7439"}],"version-history":[{"count":6,"href":"https:\/\/www.ecovis.com\/austria\/wp-json\/wp\/v2\/pages\/7439\/revisions"}],"predecessor-version":[{"id":7482,"href":"https:\/\/www.ecovis.com\/austria\/wp-json\/wp\/v2\/pages\/7439\/revisions\/7482"}],"wp:attachment":[{"href":"https:\/\/www.ecovis.com\/austria\/wp-json\/wp\/v2\/media?parent=7439"}],"curies":[{"name":"wp","href":"https:\/\/api.w.org\/{rel}","templated":true}]}}