{"id":3805,"date":"2025-03-25T17:47:29","date_gmt":"2025-03-25T16:47:29","guid":{"rendered":"https:\/\/www.ecovis.com\/a25-a25-chemnitz-wws\/?page_id=3805"},"modified":"2025-04-10T16:01:27","modified_gmt":"2025-04-10T14:01:27","slug":"startseite","status":"publish","type":"page","link":"https:\/\/www.ecovis.com\/annaberg-buchholz\/","title":{"rendered":"Startseite"},"content":{"rendered":"","protected":false},"excerpt":{"rendered":"","protected":false},"author":27,"featured_media":0,"parent":0,"menu_order":0,"comment_status":"closed","ping_status":"closed","template":"services.php","meta":{"_acf_changed":false,"footnotes":""},"class_list":["post-3805","page","type-page","status-publish","hentry"],"acf":[],"yoast_head":"<!-- This site is optimized with the Yoast SEO plugin v27.2 - https:\/\/yoast.com\/product\/yoast-seo-wordpress\/ -->\n<title>Steuerberater Annaberg-Buchholz und Olbernhau \u2013 Pers\u00f6nlich gut beraten bei Ecovis<\/title>\n<meta name=\"description\" content=\"Steuerberatung in Annaberg-Buchholz und Olbernhau und Sachsen \u2013 ECOVIS bietet pers\u00f6nliche Betreuung &amp; digitale L\u00f6sungen f\u00fcr Unternehmen &amp; Privatkunden.\" \/>\n<meta name=\"robots\" content=\"index, follow, max-snippet:-1, max-image-preview:large, max-video-preview:-1\" \/>\n<link rel=\"canonical\" href=\"https:\/\/www.ecovis.com\/annaberg-buchholz\/\" \/>\n<meta property=\"og:locale\" content=\"de_DE\" \/>\n<meta property=\"og:type\" content=\"article\" \/>\n<meta property=\"og:title\" content=\"Steuerberater Annaberg-Buchholz und Olbernhau \u2013 Pers\u00f6nlich gut beraten bei Ecovis\" \/>\n<meta property=\"og:description\" content=\"Steuerberatung in Annaberg-Buchholz und Olbernhau und Sachsen \u2013 ECOVIS bietet pers\u00f6nliche Betreuung &amp; digitale L\u00f6sungen f\u00fcr Unternehmen &amp; Privatkunden.\" \/>\n<meta property=\"og:url\" content=\"https:\/\/www.ecovis.com\/annaberg-buchholz\/\" \/>\n<meta property=\"og:site_name\" content=\"Ecovis Annaberg-Buchholz und Olbernhau\" \/>\n<meta property=\"article:modified_time\" content=\"2025-04-10T14:01:27+00:00\" \/>\n<meta name=\"twitter:card\" content=\"summary_large_image\" \/>\n<script type=\"application\/ld+json\" class=\"yoast-schema-graph\">{\"@context\":\"https:\/\/schema.org\",\"@graph\":[{\"@type\":\"WebPage\",\"@id\":\"https:\/\/www.ecovis.com\/annaberg-buchholz\/\",\"url\":\"https:\/\/www.ecovis.com\/annaberg-buchholz\/\",\"name\":\"Steuerberater Annaberg-Buchholz und Olbernhau \u2013 Pers\u00f6nlich gut beraten bei Ecovis\",\"isPartOf\":{\"@id\":\"https:\/\/www.ecovis.com\/annaberg-buchholz\/#website\"},\"datePublished\":\"2025-03-25T16:47:29+00:00\",\"dateModified\":\"2025-04-10T14:01:27+00:00\",\"description\":\"Steuerberatung in Annaberg-Buchholz und Olbernhau und Sachsen \u2013 ECOVIS bietet pers\u00f6nliche Betreuung & digitale L\u00f6sungen f\u00fcr Unternehmen & Privatkunden.\",\"breadcrumb\":{\"@id\":\"https:\/\/www.ecovis.com\/annaberg-buchholz\/#breadcrumb\"},\"inLanguage\":\"de\",\"potentialAction\":[{\"@type\":\"ReadAction\",\"target\":[\"https:\/\/www.ecovis.com\/annaberg-buchholz\/\"]}]},{\"@type\":\"BreadcrumbList\",\"@id\":\"https:\/\/www.ecovis.com\/annaberg-buchholz\/#breadcrumb\",\"itemListElement\":[{\"@type\":\"ListItem\",\"position\":1,\"name\":\"Ecovis Global\",\"item\":\"https:\/\/www.ecovis.com\/\"},{\"@type\":\"ListItem\",\"position\":2,\"name\":\"Home\",\"item\":\"https:\/\/www.ecovis.com\/annaberg-buchholz\/\"},{\"@type\":\"ListItem\",\"position\":3,\"name\":\"Startseite\"}]},{\"@type\":\"WebSite\",\"@id\":\"https:\/\/www.ecovis.com\/annaberg-buchholz\/#website\",\"url\":\"https:\/\/www.ecovis.com\/annaberg-buchholz\/\",\"name\":\"Ecovis.com\",\"description\":\"\",\"potentialAction\":[{\"@type\":\"SearchAction\",\"target\":{\"@type\":\"EntryPoint\",\"urlTemplate\":\"https:\/\/www.ecovis.com\/annaberg-buchholz\/?s={search_term_string}\"},\"query-input\":{\"@type\":\"PropertyValueSpecification\",\"valueRequired\":true,\"valueName\":\"search_term_string\"}}],\"inLanguage\":\"de\"}]}<\/script>\n<!-- \/ Yoast SEO plugin. -->","yoast_head_json":{"title":"Steuerberater Annaberg-Buchholz und Olbernhau \u2013 Pers\u00f6nlich gut beraten bei Ecovis","description":"Steuerberatung in Annaberg-Buchholz und Olbernhau und Sachsen \u2013 ECOVIS bietet pers\u00f6nliche Betreuung & digitale L\u00f6sungen f\u00fcr Unternehmen & Privatkunden.","robots":{"index":"index","follow":"follow","max-snippet":"max-snippet:-1","max-image-preview":"max-image-preview:large","max-video-preview":"max-video-preview:-1"},"canonical":"https:\/\/www.ecovis.com\/annaberg-buchholz\/","og_locale":"de_DE","og_type":"article","og_title":"Steuerberater Annaberg-Buchholz und Olbernhau \u2013 Pers\u00f6nlich gut beraten bei Ecovis","og_description":"Steuerberatung in Annaberg-Buchholz und Olbernhau und Sachsen \u2013 ECOVIS bietet pers\u00f6nliche Betreuung & digitale L\u00f6sungen f\u00fcr Unternehmen & Privatkunden.","og_url":"https:\/\/www.ecovis.com\/annaberg-buchholz\/","og_site_name":"Ecovis Annaberg-Buchholz und Olbernhau","article_modified_time":"2025-04-10T14:01:27+00:00","twitter_card":"summary_large_image","schema":{"@context":"https:\/\/schema.org","@graph":[{"@type":"WebPage","@id":"https:\/\/www.ecovis.com\/annaberg-buchholz\/","url":"https:\/\/www.ecovis.com\/annaberg-buchholz\/","name":"Steuerberater Annaberg-Buchholz und Olbernhau \u2013 Pers\u00f6nlich gut beraten bei Ecovis","isPartOf":{"@id":"https:\/\/www.ecovis.com\/annaberg-buchholz\/#website"},"datePublished":"2025-03-25T16:47:29+00:00","dateModified":"2025-04-10T14:01:27+00:00","description":"Steuerberatung in Annaberg-Buchholz und Olbernhau und Sachsen \u2013 ECOVIS bietet pers\u00f6nliche Betreuung & digitale L\u00f6sungen f\u00fcr Unternehmen & Privatkunden.","breadcrumb":{"@id":"https:\/\/www.ecovis.com\/annaberg-buchholz\/#breadcrumb"},"inLanguage":"de","potentialAction":[{"@type":"ReadAction","target":["https:\/\/www.ecovis.com\/annaberg-buchholz\/"]}]},{"@type":"BreadcrumbList","@id":"https:\/\/www.ecovis.com\/annaberg-buchholz\/#breadcrumb","itemListElement":[{"@type":"ListItem","position":1,"name":"Ecovis Global","item":"https:\/\/www.ecovis.com\/"},{"@type":"ListItem","position":2,"name":"Home","item":"https:\/\/www.ecovis.com\/annaberg-buchholz\/"},{"@type":"ListItem","position":3,"name":"Startseite"}]},{"@type":"WebSite","@id":"https:\/\/www.ecovis.com\/annaberg-buchholz\/#website","url":"https:\/\/www.ecovis.com\/annaberg-buchholz\/","name":"Ecovis.com","description":"","potentialAction":[{"@type":"SearchAction","target":{"@type":"EntryPoint","urlTemplate":"https:\/\/www.ecovis.com\/annaberg-buchholz\/?s={search_term_string}"},"query-input":{"@type":"PropertyValueSpecification","valueRequired":true,"valueName":"search_term_string"}}],"inLanguage":"de"}]}},"_links":{"self":[{"href":"https:\/\/www.ecovis.com\/annaberg-buchholz\/wp-json\/wp\/v2\/pages\/3805","targetHints":{"allow":["GET"]}}],"collection":[{"href":"https:\/\/www.ecovis.com\/annaberg-buchholz\/wp-json\/wp\/v2\/pages"}],"about":[{"href":"https:\/\/www.ecovis.com\/annaberg-buchholz\/wp-json\/wp\/v2\/types\/page"}],"author":[{"embeddable":true,"href":"https:\/\/www.ecovis.com\/annaberg-buchholz\/wp-json\/wp\/v2\/users\/27"}],"replies":[{"embeddable":true,"href":"https:\/\/www.ecovis.com\/annaberg-buchholz\/wp-json\/wp\/v2\/comments?post=3805"}],"version-history":[{"count":42,"href":"https:\/\/www.ecovis.com\/annaberg-buchholz\/wp-json\/wp\/v2\/pages\/3805\/revisions"}],"predecessor-version":[{"id":4110,"href":"https:\/\/www.ecovis.com\/annaberg-buchholz\/wp-json\/wp\/v2\/pages\/3805\/revisions\/4110"}],"wp:attachment":[{"href":"https:\/\/www.ecovis.com\/annaberg-buchholz\/wp-json\/wp\/v2\/media?parent=3805"}],"curies":[{"name":"wp","href":"https:\/\/api.w.org\/{rel}","templated":true}]}}